{"id":1274,"date":"2023-12-18T07:53:30","date_gmt":"2023-12-18T06:53:30","guid":{"rendered":"https:\/\/megafitness.cl\/store\/?post_type=product&#038;p=1274"},"modified":"2024-02-12T21:52:24","modified_gmt":"2024-02-12T20:52:24","slug":"rdx-4w-saco-de-boxeo-para-ninos-robo-de-2-pies","status":"publish","type":"product","link":"https:\/\/megafitness.cl\/store\/producto\/rdx-4w-saco-de-boxeo-para-ninos-robo-de-2-pies\/","title":{"rendered":"RDX 4W Saco de Boxeo para Ni\u00f1os Robo de 2 pies"},"content":{"rendered":"<p>El saco de boxeo para ni\u00f1os RDX tiene el tama\u00f1o perfecto de 2 pies. El saco de boxeo Zero Impact G-Core cuenta con dos capas de Maya Hide, que garantizan una durabilidad y estabilidad extremas. Viene equipado con una pulpa segura que absorbe los golpes. El saco de boxeo incluye Nylostrap para colgar y un dise\u00f1o superior Zippex para asegurar el m\u00e1ximo potencial de llenado. El saco de boxeo para ni\u00f1os de alta resistencia, debidamente cosido y lleno de tejido, pesa aproximadamente de 10 a 12 kg (2 pies).<\/p>\n","protected":false},"excerpt":{"rendered":"<ul>\n<li>Saco de boxeo Zero Impact G-Core est\u00e1 hecho con dos capas de Maya Hide de alta calidad.<\/li>\n<li>Saco de 2 pies de alto (3 pies con correa) y 28 cm de di\u00e1metro, perfecto para los ni\u00f1os.<\/li>\n<li>Ofrece una incre\u00edble absorci\u00f3n de impactos e incluye una correa para colgar.<\/li>\n<li>Dise\u00f1o superior de Zippex para permitir el llenado hasta el nivel deseado<\/li>\n<\/ul>\n","protected":false},"featured_media":1275,"comment_status":"open","ping_status":"closed","template":"","meta":{"_kad_post_transparent":"default","_kad_post_title":"","_kad_post_layout":"default","_kad_post_sidebar_id":"","_kad_post_content_style":"default","_kad_post_vertical_padding":"default","_kad_post_feature":"","_kad_post_feature_position":"","_kad_post_header":false,"_kad_post_footer":false,"_kad_post_classname":""},"product_brand":[],"product_cat":[25],"product_tag":[],"class_list":{"0":"post-1274","1":"product","2":"type-product","3":"status-publish","4":"has-post-thumbnail","6":"product_cat-sacos","8":"first","9":"instock","10":"sale","11":"shipping-taxable","12":"purchasable","13":"product-type-simple","14":"entry","15":"content-bg","16":"loop-entry"},"yoast_head":"<!-- This site is optimized with the Yoast SEO plugin v27.5 - https:\/\/yoast.com\/product\/yoast-seo-wordpress\/ -->\n<title>RDX 4W Saco de Boxeo para Ni\u00f1os Robo de 2 pies | Mega Fitness | Tienda<\/title>\n<meta name=\"robots\" content=\"index, follow, max-snippet:-1, max-image-preview:large, max-video-preview:-1\" \/>\n<link rel=\"canonical\" href=\"https:\/\/megafitness.cl\/store\/producto\/rdx-4w-saco-de-boxeo-para-ninos-robo-de-2-pies\/\" \/>\n<meta property=\"og:locale\" content=\"es_ES\" \/>\n<meta property=\"og:type\" content=\"article\" \/>\n<meta property=\"og:title\" content=\"RDX 4W Saco de Boxeo para Ni\u00f1os Robo de 2 pies | Mega Fitness | Tienda\" \/>\n<meta property=\"og:description\" content=\"Saco de boxeo Zero Impact G-Core est\u00e1 hecho con dos capas de Maya Hide de alta calidad.  Saco de 2 pies de alto (3 pies con correa) y 28 cm de di\u00e1metro, perfecto para los ni\u00f1os.  Ofrece una incre\u00edble absorci\u00f3n de impactos e incluye una correa para colgar.  Dise\u00f1o superior de Zippex para permitir el llenado hasta el nivel deseado\" \/>\n<meta property=\"og:url\" content=\"https:\/\/megafitness.cl\/store\/producto\/rdx-4w-saco-de-boxeo-para-ninos-robo-de-2-pies\/\" \/>\n<meta property=\"og:site_name\" content=\"Mega Fitness | Tienda\" \/>\n<meta property=\"article:modified_time\" content=\"2024-02-12T20:52:24+00:00\" \/>\n<meta property=\"og:image\" content=\"https:\/\/megafitness.cl\/store\/wp-content\/uploads\/sites\/3\/2023\/12\/rdx-4w.webp\" \/>\n\t<meta property=\"og:image:width\" content=\"800\" \/>\n\t<meta property=\"og:image:height\" content=\"800\" \/>\n\t<meta property=\"og:image:type\" content=\"image\/webp\" \/>\n<meta name=\"twitter:card\" content=\"summary_large_image\" \/>\n<meta name=\"twitter:label1\" content=\"Tiempo de lectura\" \/>\n\t<meta name=\"twitter:data1\" content=\"1 minuto\" \/>\n<script type=\"application\/ld+json\" class=\"yoast-schema-graph\">{\"@context\":\"https:\\\/\\\/schema.org\",\"@graph\":[{\"@type\":[\"WebPage\",\"ItemPage\"],\"@id\":\"https:\\\/\\\/megafitness.cl\\\/store\\\/producto\\\/rdx-4w-saco-de-boxeo-para-ninos-robo-de-2-pies\\\/\",\"url\":\"https:\\\/\\\/megafitness.cl\\\/store\\\/producto\\\/rdx-4w-saco-de-boxeo-para-ninos-robo-de-2-pies\\\/\",\"name\":\"RDX 4W Saco de Boxeo para Ni\u00f1os Robo de 2 pies | Mega Fitness | Tienda\",\"isPartOf\":{\"@id\":\"https:\\\/\\\/megafitness.cl\\\/store\\\/#website\"},\"primaryImageOfPage\":{\"@id\":\"https:\\\/\\\/megafitness.cl\\\/store\\\/producto\\\/rdx-4w-saco-de-boxeo-para-ninos-robo-de-2-pies\\\/#primaryimage\"},\"image\":{\"@id\":\"https:\\\/\\\/megafitness.cl\\\/store\\\/producto\\\/rdx-4w-saco-de-boxeo-para-ninos-robo-de-2-pies\\\/#primaryimage\"},\"thumbnailUrl\":\"https:\\\/\\\/megafitness.cl\\\/store\\\/wp-content\\\/uploads\\\/sites\\\/3\\\/2023\\\/12\\\/rdx-4w.webp\",\"datePublished\":\"2023-12-18T06:53:30+00:00\",\"dateModified\":\"2024-02-12T20:52:24+00:00\",\"breadcrumb\":{\"@id\":\"https:\\\/\\\/megafitness.cl\\\/store\\\/producto\\\/rdx-4w-saco-de-boxeo-para-ninos-robo-de-2-pies\\\/#breadcrumb\"},\"inLanguage\":\"es\",\"potentialAction\":[{\"@type\":\"ReadAction\",\"target\":[\"https:\\\/\\\/megafitness.cl\\\/store\\\/producto\\\/rdx-4w-saco-de-boxeo-para-ninos-robo-de-2-pies\\\/\"]}]},{\"@type\":\"ImageObject\",\"inLanguage\":\"es\",\"@id\":\"https:\\\/\\\/megafitness.cl\\\/store\\\/producto\\\/rdx-4w-saco-de-boxeo-para-ninos-robo-de-2-pies\\\/#primaryimage\",\"url\":\"https:\\\/\\\/megafitness.cl\\\/store\\\/wp-content\\\/uploads\\\/sites\\\/3\\\/2023\\\/12\\\/rdx-4w.webp\",\"contentUrl\":\"https:\\\/\\\/megafitness.cl\\\/store\\\/wp-content\\\/uploads\\\/sites\\\/3\\\/2023\\\/12\\\/rdx-4w.webp\",\"width\":800,\"height\":800},{\"@type\":\"BreadcrumbList\",\"@id\":\"https:\\\/\\\/megafitness.cl\\\/store\\\/producto\\\/rdx-4w-saco-de-boxeo-para-ninos-robo-de-2-pies\\\/#breadcrumb\",\"itemListElement\":[{\"@type\":\"ListItem\",\"position\":1,\"name\":\"Portada\",\"item\":\"https:\\\/\\\/megafitness.cl\\\/store\\\/\"},{\"@type\":\"ListItem\",\"position\":2,\"name\":\"Shop\",\"item\":\"https:\\\/\\\/megafitness.cl\\\/store\\\/shop\\\/\"},{\"@type\":\"ListItem\",\"position\":3,\"name\":\"RDX 4W Saco de Boxeo para Ni\u00f1os Robo de 2 pies\"}]},{\"@type\":\"WebSite\",\"@id\":\"https:\\\/\\\/megafitness.cl\\\/store\\\/#website\",\"url\":\"https:\\\/\\\/megafitness.cl\\\/store\\\/\",\"name\":\"Mega Fitness | Tienda\",\"description\":\"Tu Gimnasio en Providencia\",\"publisher\":{\"@id\":\"https:\\\/\\\/megafitness.cl\\\/store\\\/#organization\"},\"potentialAction\":[{\"@type\":\"SearchAction\",\"target\":{\"@type\":\"EntryPoint\",\"urlTemplate\":\"https:\\\/\\\/megafitness.cl\\\/store\\\/?s={search_term_string}\"},\"query-input\":{\"@type\":\"PropertyValueSpecification\",\"valueRequired\":true,\"valueName\":\"search_term_string\"}}],\"inLanguage\":\"es\"},{\"@type\":\"Organization\",\"@id\":\"https:\\\/\\\/megafitness.cl\\\/store\\\/#organization\",\"name\":\"Mega Fitness | Tienda\",\"url\":\"https:\\\/\\\/megafitness.cl\\\/store\\\/\",\"logo\":{\"@type\":\"ImageObject\",\"inLanguage\":\"es\",\"@id\":\"https:\\\/\\\/megafitness.cl\\\/store\\\/#\\\/schema\\\/logo\\\/image\\\/\",\"url\":\"https:\\\/\\\/megafitness.cl\\\/store\\\/wp-content\\\/uploads\\\/sites\\\/3\\\/2024\\\/08\\\/megafitnessLogo1Simple.svg\",\"contentUrl\":\"https:\\\/\\\/megafitness.cl\\\/store\\\/wp-content\\\/uploads\\\/sites\\\/3\\\/2024\\\/08\\\/megafitnessLogo1Simple.svg\",\"width\":197,\"height\":27,\"caption\":\"Mega Fitness | Tienda\"},\"image\":{\"@id\":\"https:\\\/\\\/megafitness.cl\\\/store\\\/#\\\/schema\\\/logo\\\/image\\\/\"}}]}<\/script>\n<!-- \/ Yoast SEO plugin. -->","yoast_head_json":{"title":"RDX 4W Saco de Boxeo para Ni\u00f1os Robo de 2 pies | Mega Fitness | Tienda","robots":{"index":"index","follow":"follow","max-snippet":"max-snippet:-1","max-image-preview":"max-image-preview:large","max-video-preview":"max-video-preview:-1"},"canonical":"https:\/\/megafitness.cl\/store\/producto\/rdx-4w-saco-de-boxeo-para-ninos-robo-de-2-pies\/","og_locale":"es_ES","og_type":"article","og_title":"RDX 4W Saco de Boxeo para Ni\u00f1os Robo de 2 pies | Mega Fitness | Tienda","og_description":"Saco de boxeo Zero Impact G-Core est\u00e1 hecho con dos capas de Maya Hide de alta calidad.  Saco de 2 pies de alto (3 pies con correa) y 28 cm de di\u00e1metro, perfecto para los ni\u00f1os.  Ofrece una incre\u00edble absorci\u00f3n de impactos e incluye una correa para colgar.  Dise\u00f1o superior de Zippex para permitir el llenado hasta el nivel deseado","og_url":"https:\/\/megafitness.cl\/store\/producto\/rdx-4w-saco-de-boxeo-para-ninos-robo-de-2-pies\/","og_site_name":"Mega Fitness | Tienda","article_modified_time":"2024-02-12T20:52:24+00:00","og_image":[{"width":800,"height":800,"url":"https:\/\/megafitness.cl\/store\/wp-content\/uploads\/sites\/3\/2023\/12\/rdx-4w.webp","type":"image\/webp"}],"twitter_card":"summary_large_image","twitter_misc":{"Tiempo de lectura":"1 minuto"},"schema":{"@context":"https:\/\/schema.org","@graph":[{"@type":["WebPage","ItemPage"],"@id":"https:\/\/megafitness.cl\/store\/producto\/rdx-4w-saco-de-boxeo-para-ninos-robo-de-2-pies\/","url":"https:\/\/megafitness.cl\/store\/producto\/rdx-4w-saco-de-boxeo-para-ninos-robo-de-2-pies\/","name":"RDX 4W Saco de Boxeo para Ni\u00f1os Robo de 2 pies | Mega Fitness | Tienda","isPartOf":{"@id":"https:\/\/megafitness.cl\/store\/#website"},"primaryImageOfPage":{"@id":"https:\/\/megafitness.cl\/store\/producto\/rdx-4w-saco-de-boxeo-para-ninos-robo-de-2-pies\/#primaryimage"},"image":{"@id":"https:\/\/megafitness.cl\/store\/producto\/rdx-4w-saco-de-boxeo-para-ninos-robo-de-2-pies\/#primaryimage"},"thumbnailUrl":"https:\/\/megafitness.cl\/store\/wp-content\/uploads\/sites\/3\/2023\/12\/rdx-4w.webp","datePublished":"2023-12-18T06:53:30+00:00","dateModified":"2024-02-12T20:52:24+00:00","breadcrumb":{"@id":"https:\/\/megafitness.cl\/store\/producto\/rdx-4w-saco-de-boxeo-para-ninos-robo-de-2-pies\/#breadcrumb"},"inLanguage":"es","potentialAction":[{"@type":"ReadAction","target":["https:\/\/megafitness.cl\/store\/producto\/rdx-4w-saco-de-boxeo-para-ninos-robo-de-2-pies\/"]}]},{"@type":"ImageObject","inLanguage":"es","@id":"https:\/\/megafitness.cl\/store\/producto\/rdx-4w-saco-de-boxeo-para-ninos-robo-de-2-pies\/#primaryimage","url":"https:\/\/megafitness.cl\/store\/wp-content\/uploads\/sites\/3\/2023\/12\/rdx-4w.webp","contentUrl":"https:\/\/megafitness.cl\/store\/wp-content\/uploads\/sites\/3\/2023\/12\/rdx-4w.webp","width":800,"height":800},{"@type":"BreadcrumbList","@id":"https:\/\/megafitness.cl\/store\/producto\/rdx-4w-saco-de-boxeo-para-ninos-robo-de-2-pies\/#breadcrumb","itemListElement":[{"@type":"ListItem","position":1,"name":"Portada","item":"https:\/\/megafitness.cl\/store\/"},{"@type":"ListItem","position":2,"name":"Shop","item":"https:\/\/megafitness.cl\/store\/shop\/"},{"@type":"ListItem","position":3,"name":"RDX 4W Saco de Boxeo para Ni\u00f1os Robo de 2 pies"}]},{"@type":"WebSite","@id":"https:\/\/megafitness.cl\/store\/#website","url":"https:\/\/megafitness.cl\/store\/","name":"Mega Fitness | Tienda","description":"Tu Gimnasio en Providencia","publisher":{"@id":"https:\/\/megafitness.cl\/store\/#organization"},"potentialAction":[{"@type":"SearchAction","target":{"@type":"EntryPoint","urlTemplate":"https:\/\/megafitness.cl\/store\/?s={search_term_string}"},"query-input":{"@type":"PropertyValueSpecification","valueRequired":true,"valueName":"search_term_string"}}],"inLanguage":"es"},{"@type":"Organization","@id":"https:\/\/megafitness.cl\/store\/#organization","name":"Mega Fitness | Tienda","url":"https:\/\/megafitness.cl\/store\/","logo":{"@type":"ImageObject","inLanguage":"es","@id":"https:\/\/megafitness.cl\/store\/#\/schema\/logo\/image\/","url":"https:\/\/megafitness.cl\/store\/wp-content\/uploads\/sites\/3\/2024\/08\/megafitnessLogo1Simple.svg","contentUrl":"https:\/\/megafitness.cl\/store\/wp-content\/uploads\/sites\/3\/2024\/08\/megafitnessLogo1Simple.svg","width":197,"height":27,"caption":"Mega Fitness | Tienda"},"image":{"@id":"https:\/\/megafitness.cl\/store\/#\/schema\/logo\/image\/"}}]}},"_links":{"self":[{"href":"https:\/\/megafitness.cl\/store\/wp-json\/wp\/v2\/product\/1274","targetHints":{"allow":["GET"]}}],"collection":[{"href":"https:\/\/megafitness.cl\/store\/wp-json\/wp\/v2\/product"}],"about":[{"href":"https:\/\/megafitness.cl\/store\/wp-json\/wp\/v2\/types\/product"}],"replies":[{"embeddable":true,"href":"https:\/\/megafitness.cl\/store\/wp-json\/wp\/v2\/comments?post=1274"}],"wp:featuredmedia":[{"embeddable":true,"href":"https:\/\/megafitness.cl\/store\/wp-json\/wp\/v2\/media\/1275"}],"wp:attachment":[{"href":"https:\/\/megafitness.cl\/store\/wp-json\/wp\/v2\/media?parent=1274"}],"wp:term":[{"taxonomy":"product_brand","embeddable":true,"href":"https:\/\/megafitness.cl\/store\/wp-json\/wp\/v2\/product_brand?post=1274"},{"taxonomy":"product_cat","embeddable":true,"href":"https:\/\/megafitness.cl\/store\/wp-json\/wp\/v2\/product_cat?post=1274"},{"taxonomy":"product_tag","embeddable":true,"href":"https:\/\/megafitness.cl\/store\/wp-json\/wp\/v2\/product_tag?post=1274"}],"curies":[{"name":"wp","href":"https:\/\/api.w.org\/{rel}","templated":true}]}}