{"id":1278,"date":"2023-12-18T07:56:40","date_gmt":"2023-12-18T06:56:40","guid":{"rendered":"https:\/\/megafitness.cl\/store\/?post_type=product&#038;p=1278"},"modified":"2025-05-14T23:57:29","modified_gmt":"2025-05-14T21:57:29","slug":"rdx-t1-paletas-de-boxeo","status":"publish","type":"product","link":"https:\/\/megafitness.cl\/store\/producto\/rdx-t1-paletas-de-boxeo\/","title":{"rendered":"RDX T1 PALETAS DE BOXEO"},"content":{"rendered":"<p>Las paletas de piel de vaca de grano entero est\u00e1n causando furor en la industria del entrenamiento. Reduce las lesiones de mu\u00f1eca, codo y mano, ocasionadas por los ejercicios de pads constantes, por una forma de entrenamiento mucho m\u00e1s saludable y eficiente. Confeccionado y cosido a mano para ejercicios de velocidad y combinados. Las l\u00e1minas de acolchado de espuma EVA se comprimen para formar una capa gruesa de acolchado absorbente de impactos que se ocupa eficientemente de las mol\u00e9culas cargadas de fuerza. Simplemente agarra el mango y consigue que tu atleta profesional entrene con lo \u00faltimo en equipo.<\/p>\n","protected":false},"excerpt":{"rendered":"<ul>\n<li>El cuero de vaca aut\u00e9ntico de grano entero te durar\u00e1 una carrera.<\/li>\n<li>La espuma comprimida de c\u00e9lulas cerradas est\u00e1 dise\u00f1ada para ofrecer una experiencia s\u00f3lida de absorci\u00f3n de impactos que te durar\u00e1 incontables sesiones.<\/li>\n<li>El mango grueso est\u00e1 dise\u00f1ado ergon\u00f3micamente para adaptarse a las manos de forma eficiente.<\/li>\n<li>La correa de nylon s\u00f3lido de alta calidad requiere que simplemente pases el brazo y agarre las paletas para una experiencia de entrenamiento de deslizamiento cero.<\/li>\n<li>Hechos a mano y cosidos con hilos de nylon de alta calidad.<\/li>\n<\/ul>\n","protected":false},"featured_media":1279,"comment_status":"open","ping_status":"closed","template":"","meta":{"_kad_post_transparent":"default","_kad_post_title":"","_kad_post_layout":"default","_kad_post_sidebar_id":"","_kad_post_content_style":"default","_kad_post_vertical_padding":"default","_kad_post_feature":"","_kad_post_feature_position":"","_kad_post_header":false,"_kad_post_footer":false,"_kad_post_classname":""},"product_brand":[],"product_cat":[29],"product_tag":[],"class_list":{"0":"post-1278","1":"product","2":"type-product","3":"status-publish","4":"has-post-thumbnail","6":"product_cat-otros","8":"first","9":"outofstock","10":"sale","11":"shipping-taxable","12":"purchasable","13":"product-type-simple","14":"entry","15":"content-bg","16":"loop-entry"},"yoast_head":"<!-- This site is optimized with the Yoast SEO plugin v27.5 - https:\/\/yoast.com\/product\/yoast-seo-wordpress\/ -->\n<title>RDX T1 PALETAS DE BOXEO| Mega Fitness | Tienda<\/title>\n<meta name=\"robots\" content=\"index, follow, max-snippet:-1, max-image-preview:large, max-video-preview:-1\" \/>\n<link rel=\"canonical\" href=\"https:\/\/megafitness.cl\/store\/producto\/rdx-t1-paletas-de-boxeo\/\" \/>\n<meta property=\"og:locale\" content=\"es_ES\" \/>\n<meta property=\"og:type\" content=\"article\" \/>\n<meta property=\"og:title\" content=\"RDX T1 PALETAS DE BOXEO| Mega Fitness | Tienda\" \/>\n<meta property=\"og:description\" content=\"El cuero de vaca aut\u00e9ntico de grano entero te durar\u00e1 una carrera.  La espuma comprimida de c\u00e9lulas cerradas est\u00e1 dise\u00f1ada para ofrecer una experiencia s\u00f3lida de absorci\u00f3n de impactos que te durar\u00e1 incontables sesiones.  El mango grueso est\u00e1 dise\u00f1ado ergon\u00f3micamente para adaptarse a las manos de forma eficiente.  La correa de nylon s\u00f3lido de alta calidad requiere que simplemente pases el brazo y agarre las paletas para una experiencia de entrenamiento de deslizamiento cero.  Hechos a mano y cosidos con hilos de nylon de alta calidad.\" \/>\n<meta property=\"og:url\" content=\"https:\/\/megafitness.cl\/store\/producto\/rdx-t1-paletas-de-boxeo\/\" \/>\n<meta property=\"og:site_name\" content=\"Mega Fitness | Tienda\" \/>\n<meta property=\"article:modified_time\" content=\"2025-05-14T21:57:29+00:00\" \/>\n<meta property=\"og:image\" content=\"https:\/\/megafitness.cl\/store\/wp-content\/uploads\/sites\/3\/2023\/12\/rdx-paletas.webp\" \/>\n\t<meta property=\"og:image:width\" content=\"800\" \/>\n\t<meta property=\"og:image:height\" content=\"800\" \/>\n\t<meta property=\"og:image:type\" content=\"image\/webp\" \/>\n<meta name=\"twitter:card\" content=\"summary_large_image\" \/>\n<meta name=\"twitter:label1\" content=\"Tiempo de lectura\" \/>\n\t<meta name=\"twitter:data1\" content=\"1 minuto\" \/>\n<script type=\"application\/ld+json\" class=\"yoast-schema-graph\">{\"@context\":\"https:\\\/\\\/schema.org\",\"@graph\":[{\"@type\":[\"WebPage\",\"ItemPage\"],\"@id\":\"https:\\\/\\\/megafitness.cl\\\/store\\\/producto\\\/rdx-t1-paletas-de-boxeo\\\/\",\"url\":\"https:\\\/\\\/megafitness.cl\\\/store\\\/producto\\\/rdx-t1-paletas-de-boxeo\\\/\",\"name\":\"RDX T1 PALETAS DE BOXEO| Mega Fitness | Tienda\",\"isPartOf\":{\"@id\":\"https:\\\/\\\/megafitness.cl\\\/store\\\/#website\"},\"primaryImageOfPage\":{\"@id\":\"https:\\\/\\\/megafitness.cl\\\/store\\\/producto\\\/rdx-t1-paletas-de-boxeo\\\/#primaryimage\"},\"image\":{\"@id\":\"https:\\\/\\\/megafitness.cl\\\/store\\\/producto\\\/rdx-t1-paletas-de-boxeo\\\/#primaryimage\"},\"thumbnailUrl\":\"https:\\\/\\\/megafitness.cl\\\/store\\\/wp-content\\\/uploads\\\/sites\\\/3\\\/2023\\\/12\\\/rdx-paletas.webp\",\"datePublished\":\"2023-12-18T06:56:40+00:00\",\"dateModified\":\"2025-05-14T21:57:29+00:00\",\"breadcrumb\":{\"@id\":\"https:\\\/\\\/megafitness.cl\\\/store\\\/producto\\\/rdx-t1-paletas-de-boxeo\\\/#breadcrumb\"},\"inLanguage\":\"es\",\"potentialAction\":[{\"@type\":\"ReadAction\",\"target\":[\"https:\\\/\\\/megafitness.cl\\\/store\\\/producto\\\/rdx-t1-paletas-de-boxeo\\\/\"]}]},{\"@type\":\"ImageObject\",\"inLanguage\":\"es\",\"@id\":\"https:\\\/\\\/megafitness.cl\\\/store\\\/producto\\\/rdx-t1-paletas-de-boxeo\\\/#primaryimage\",\"url\":\"https:\\\/\\\/megafitness.cl\\\/store\\\/wp-content\\\/uploads\\\/sites\\\/3\\\/2023\\\/12\\\/rdx-paletas.webp\",\"contentUrl\":\"https:\\\/\\\/megafitness.cl\\\/store\\\/wp-content\\\/uploads\\\/sites\\\/3\\\/2023\\\/12\\\/rdx-paletas.webp\",\"width\":800,\"height\":800},{\"@type\":\"BreadcrumbList\",\"@id\":\"https:\\\/\\\/megafitness.cl\\\/store\\\/producto\\\/rdx-t1-paletas-de-boxeo\\\/#breadcrumb\",\"itemListElement\":[{\"@type\":\"ListItem\",\"position\":1,\"name\":\"Portada\",\"item\":\"https:\\\/\\\/megafitness.cl\\\/store\\\/\"},{\"@type\":\"ListItem\",\"position\":2,\"name\":\"Shop\",\"item\":\"https:\\\/\\\/megafitness.cl\\\/store\\\/shop\\\/\"},{\"@type\":\"ListItem\",\"position\":3,\"name\":\"RDX T1 PALETAS DE BOXEO\"}]},{\"@type\":\"WebSite\",\"@id\":\"https:\\\/\\\/megafitness.cl\\\/store\\\/#website\",\"url\":\"https:\\\/\\\/megafitness.cl\\\/store\\\/\",\"name\":\"Mega Fitness | Tienda\",\"description\":\"Tu Gimnasio en Providencia\",\"publisher\":{\"@id\":\"https:\\\/\\\/megafitness.cl\\\/store\\\/#organization\"},\"potentialAction\":[{\"@type\":\"SearchAction\",\"target\":{\"@type\":\"EntryPoint\",\"urlTemplate\":\"https:\\\/\\\/megafitness.cl\\\/store\\\/?s={search_term_string}\"},\"query-input\":{\"@type\":\"PropertyValueSpecification\",\"valueRequired\":true,\"valueName\":\"search_term_string\"}}],\"inLanguage\":\"es\"},{\"@type\":\"Organization\",\"@id\":\"https:\\\/\\\/megafitness.cl\\\/store\\\/#organization\",\"name\":\"Mega Fitness | Tienda\",\"url\":\"https:\\\/\\\/megafitness.cl\\\/store\\\/\",\"logo\":{\"@type\":\"ImageObject\",\"inLanguage\":\"es\",\"@id\":\"https:\\\/\\\/megafitness.cl\\\/store\\\/#\\\/schema\\\/logo\\\/image\\\/\",\"url\":\"https:\\\/\\\/megafitness.cl\\\/store\\\/wp-content\\\/uploads\\\/sites\\\/3\\\/2024\\\/08\\\/megafitnessLogo1Simple.svg\",\"contentUrl\":\"https:\\\/\\\/megafitness.cl\\\/store\\\/wp-content\\\/uploads\\\/sites\\\/3\\\/2024\\\/08\\\/megafitnessLogo1Simple.svg\",\"width\":197,\"height\":27,\"caption\":\"Mega Fitness | Tienda\"},\"image\":{\"@id\":\"https:\\\/\\\/megafitness.cl\\\/store\\\/#\\\/schema\\\/logo\\\/image\\\/\"}}]}<\/script>\n<!-- \/ Yoast SEO plugin. -->","yoast_head_json":{"title":"RDX T1 PALETAS DE BOXEO| Mega Fitness | Tienda","robots":{"index":"index","follow":"follow","max-snippet":"max-snippet:-1","max-image-preview":"max-image-preview:large","max-video-preview":"max-video-preview:-1"},"canonical":"https:\/\/megafitness.cl\/store\/producto\/rdx-t1-paletas-de-boxeo\/","og_locale":"es_ES","og_type":"article","og_title":"RDX T1 PALETAS DE BOXEO| Mega Fitness | Tienda","og_description":"El cuero de vaca aut\u00e9ntico de grano entero te durar\u00e1 una carrera.  La espuma comprimida de c\u00e9lulas cerradas est\u00e1 dise\u00f1ada para ofrecer una experiencia s\u00f3lida de absorci\u00f3n de impactos que te durar\u00e1 incontables sesiones.  El mango grueso est\u00e1 dise\u00f1ado ergon\u00f3micamente para adaptarse a las manos de forma eficiente.  La correa de nylon s\u00f3lido de alta calidad requiere que simplemente pases el brazo y agarre las paletas para una experiencia de entrenamiento de deslizamiento cero.  Hechos a mano y cosidos con hilos de nylon de alta calidad.","og_url":"https:\/\/megafitness.cl\/store\/producto\/rdx-t1-paletas-de-boxeo\/","og_site_name":"Mega Fitness | Tienda","article_modified_time":"2025-05-14T21:57:29+00:00","og_image":[{"width":800,"height":800,"url":"https:\/\/megafitness.cl\/store\/wp-content\/uploads\/sites\/3\/2023\/12\/rdx-paletas.webp","type":"image\/webp"}],"twitter_card":"summary_large_image","twitter_misc":{"Tiempo de lectura":"1 minuto"},"schema":{"@context":"https:\/\/schema.org","@graph":[{"@type":["WebPage","ItemPage"],"@id":"https:\/\/megafitness.cl\/store\/producto\/rdx-t1-paletas-de-boxeo\/","url":"https:\/\/megafitness.cl\/store\/producto\/rdx-t1-paletas-de-boxeo\/","name":"RDX T1 PALETAS DE BOXEO| Mega Fitness | Tienda","isPartOf":{"@id":"https:\/\/megafitness.cl\/store\/#website"},"primaryImageOfPage":{"@id":"https:\/\/megafitness.cl\/store\/producto\/rdx-t1-paletas-de-boxeo\/#primaryimage"},"image":{"@id":"https:\/\/megafitness.cl\/store\/producto\/rdx-t1-paletas-de-boxeo\/#primaryimage"},"thumbnailUrl":"https:\/\/megafitness.cl\/store\/wp-content\/uploads\/sites\/3\/2023\/12\/rdx-paletas.webp","datePublished":"2023-12-18T06:56:40+00:00","dateModified":"2025-05-14T21:57:29+00:00","breadcrumb":{"@id":"https:\/\/megafitness.cl\/store\/producto\/rdx-t1-paletas-de-boxeo\/#breadcrumb"},"inLanguage":"es","potentialAction":[{"@type":"ReadAction","target":["https:\/\/megafitness.cl\/store\/producto\/rdx-t1-paletas-de-boxeo\/"]}]},{"@type":"ImageObject","inLanguage":"es","@id":"https:\/\/megafitness.cl\/store\/producto\/rdx-t1-paletas-de-boxeo\/#primaryimage","url":"https:\/\/megafitness.cl\/store\/wp-content\/uploads\/sites\/3\/2023\/12\/rdx-paletas.webp","contentUrl":"https:\/\/megafitness.cl\/store\/wp-content\/uploads\/sites\/3\/2023\/12\/rdx-paletas.webp","width":800,"height":800},{"@type":"BreadcrumbList","@id":"https:\/\/megafitness.cl\/store\/producto\/rdx-t1-paletas-de-boxeo\/#breadcrumb","itemListElement":[{"@type":"ListItem","position":1,"name":"Portada","item":"https:\/\/megafitness.cl\/store\/"},{"@type":"ListItem","position":2,"name":"Shop","item":"https:\/\/megafitness.cl\/store\/shop\/"},{"@type":"ListItem","position":3,"name":"RDX T1 PALETAS DE BOXEO"}]},{"@type":"WebSite","@id":"https:\/\/megafitness.cl\/store\/#website","url":"https:\/\/megafitness.cl\/store\/","name":"Mega Fitness | Tienda","description":"Tu Gimnasio en Providencia","publisher":{"@id":"https:\/\/megafitness.cl\/store\/#organization"},"potentialAction":[{"@type":"SearchAction","target":{"@type":"EntryPoint","urlTemplate":"https:\/\/megafitness.cl\/store\/?s={search_term_string}"},"query-input":{"@type":"PropertyValueSpecification","valueRequired":true,"valueName":"search_term_string"}}],"inLanguage":"es"},{"@type":"Organization","@id":"https:\/\/megafitness.cl\/store\/#organization","name":"Mega Fitness | Tienda","url":"https:\/\/megafitness.cl\/store\/","logo":{"@type":"ImageObject","inLanguage":"es","@id":"https:\/\/megafitness.cl\/store\/#\/schema\/logo\/image\/","url":"https:\/\/megafitness.cl\/store\/wp-content\/uploads\/sites\/3\/2024\/08\/megafitnessLogo1Simple.svg","contentUrl":"https:\/\/megafitness.cl\/store\/wp-content\/uploads\/sites\/3\/2024\/08\/megafitnessLogo1Simple.svg","width":197,"height":27,"caption":"Mega Fitness | Tienda"},"image":{"@id":"https:\/\/megafitness.cl\/store\/#\/schema\/logo\/image\/"}}]}},"_links":{"self":[{"href":"https:\/\/megafitness.cl\/store\/wp-json\/wp\/v2\/product\/1278","targetHints":{"allow":["GET"]}}],"collection":[{"href":"https:\/\/megafitness.cl\/store\/wp-json\/wp\/v2\/product"}],"about":[{"href":"https:\/\/megafitness.cl\/store\/wp-json\/wp\/v2\/types\/product"}],"replies":[{"embeddable":true,"href":"https:\/\/megafitness.cl\/store\/wp-json\/wp\/v2\/comments?post=1278"}],"wp:featuredmedia":[{"embeddable":true,"href":"https:\/\/megafitness.cl\/store\/wp-json\/wp\/v2\/media\/1279"}],"wp:attachment":[{"href":"https:\/\/megafitness.cl\/store\/wp-json\/wp\/v2\/media?parent=1278"}],"wp:term":[{"taxonomy":"product_brand","embeddable":true,"href":"https:\/\/megafitness.cl\/store\/wp-json\/wp\/v2\/product_brand?post=1278"},{"taxonomy":"product_cat","embeddable":true,"href":"https:\/\/megafitness.cl\/store\/wp-json\/wp\/v2\/product_cat?post=1278"},{"taxonomy":"product_tag","embeddable":true,"href":"https:\/\/megafitness.cl\/store\/wp-json\/wp\/v2\/product_tag?post=1278"}],"curies":[{"name":"wp","href":"https:\/\/api.w.org\/{rel}","templated":true}]}}