{"id":1280,"date":"2023-12-18T08:17:24","date_gmt":"2023-12-18T07:17:24","guid":{"rendered":"https:\/\/megafitness.cl\/store\/?post_type=product&#038;p=1280"},"modified":"2025-03-15T03:00:28","modified_gmt":"2025-03-15T02:00:28","slug":"rdx-f10w-guantes-de-boxeo","status":"publish","type":"product","link":"https:\/\/megafitness.cl\/store\/producto\/rdx-f10w-guantes-de-boxeo\/","title":{"rendered":"RDX F10W GUANTES DE BOXEO"},"content":{"rendered":"<p>Guantes de Boxeo para Ni\u00f1os<\/p>\n<p>Consigue la combinaci\u00f3n perfecta de comodidad y rendimiento con un par de guantes de boxeo muy duraderos que proporcionan un amplio soporte para las mu\u00f1ecas y protecci\u00f3n para las manos para satisfacer todas tus necesidades de entrenamiento. El dise\u00f1o pre.curvado evita la fatiga de la mano ofreciendo una resistencia cero contra la formaci\u00f3n de golpes. El acolchado de espuma Supremo-Shock calibrado permite la cantidad perfecta de absorci\u00f3n con lo justo para proteger y acondicionar tus nudillos. Aplica toda la fuerza a tus golpes con confianza y extiende el tiempo de tu entrenamiento con saco de boxeo con una m\u00ednima o nula posibilidad de lesiones. Los agujeros de ventilaci\u00f3n estrat\u00e9gicamente colocados permiten mantener las manos frescas y ventiladas en todo momento. El cierre por contacto garantiza un ajuste seguro y permite una f\u00e1cil colocaci\u00f3n.<\/p>\n","protected":false},"excerpt":{"rendered":"<ul>\n<li>Orificios en la palma de la mano para un mejor flujo de aire y transpiraci\u00f3n.<\/li>\n<li>Acolchado de espuma Supremo-Shock proporciona una mejor absorci\u00f3n de impactos y protege los nudillos.<\/li>\n<li>Dise\u00f1o pre-curvado que reduce la fatiga de la mano y controla la forma en que las mol\u00e9culas impactadas se desplazan.<\/li>\n<li>Cierre por contacto Quick-EZ\u2122 para un ajuste perfecto y una mejor sujeci\u00f3n de la mu\u00f1eca.<\/li>\n<li>Orificios en la palma de la mano para un mejor flujo de aire y transpiraci\u00f3n.<\/li>\n<\/ul>\n","protected":false},"featured_media":1283,"comment_status":"open","ping_status":"closed","template":"","meta":{"_kad_post_transparent":"default","_kad_post_title":"","_kad_post_layout":"default","_kad_post_sidebar_id":"","_kad_post_content_style":"default","_kad_post_vertical_padding":"default","_kad_post_feature":"","_kad_post_feature_position":"","_kad_post_header":false,"_kad_post_footer":false,"_kad_post_classname":""},"product_brand":[],"product_cat":[24],"product_tag":[],"class_list":{"0":"post-1280","1":"product","2":"type-product","3":"status-publish","4":"has-post-thumbnail","6":"product_cat-guantes","8":"first","9":"instock","10":"sale","11":"shipping-taxable","12":"purchasable","13":"product-type-variable","14":"entry","15":"content-bg","16":"loop-entry"},"yoast_head":"<!-- This site is optimized with the Yoast SEO plugin v27.5 - https:\/\/yoast.com\/product\/yoast-seo-wordpress\/ -->\n<title>RDX F10W GUANTES DE BOXEO| Mega Fitness | Tienda<\/title>\n<meta name=\"robots\" content=\"index, follow, max-snippet:-1, max-image-preview:large, max-video-preview:-1\" \/>\n<link rel=\"canonical\" href=\"https:\/\/megafitness.cl\/store\/producto\/rdx-f10w-guantes-de-boxeo\/\" \/>\n<meta property=\"og:locale\" content=\"es_ES\" \/>\n<meta property=\"og:type\" content=\"article\" \/>\n<meta property=\"og:title\" content=\"RDX F10W GUANTES DE BOXEO| Mega Fitness | Tienda\" \/>\n<meta property=\"og:description\" content=\"Orificios en la palma de la mano para un mejor flujo de aire y transpiraci\u00f3n.  Acolchado de espuma Supremo-Shock proporciona una mejor absorci\u00f3n de impactos y protege los nudillos.  Dise\u00f1o pre-curvado que reduce la fatiga de la mano y controla la forma en que las mol\u00e9culas impactadas se desplazan.  Cierre por contacto Quick-EZ\u2122 para un ajuste perfecto y una mejor sujeci\u00f3n de la mu\u00f1eca.  Orificios en la palma de la mano para un mejor flujo de aire y transpiraci\u00f3n.\" \/>\n<meta property=\"og:url\" content=\"https:\/\/megafitness.cl\/store\/producto\/rdx-f10w-guantes-de-boxeo\/\" \/>\n<meta property=\"og:site_name\" content=\"Mega Fitness | Tienda\" \/>\n<meta property=\"article:modified_time\" content=\"2025-03-15T02:00:28+00:00\" \/>\n<meta property=\"og:image\" content=\"https:\/\/megafitness.cl\/store\/wp-content\/uploads\/sites\/3\/2023\/12\/guantes.webp\" \/>\n\t<meta property=\"og:image:width\" content=\"1567\" \/>\n\t<meta property=\"og:image:height\" content=\"1567\" \/>\n\t<meta property=\"og:image:type\" content=\"image\/webp\" \/>\n<meta name=\"twitter:card\" content=\"summary_large_image\" \/>\n<meta name=\"twitter:label1\" content=\"Tiempo de lectura\" \/>\n\t<meta name=\"twitter:data1\" content=\"1 minuto\" \/>\n<script type=\"application\/ld+json\" class=\"yoast-schema-graph\">{\"@context\":\"https:\\\/\\\/schema.org\",\"@graph\":[{\"@type\":[\"WebPage\",\"ItemPage\"],\"@id\":\"https:\\\/\\\/megafitness.cl\\\/store\\\/producto\\\/rdx-f10w-guantes-de-boxeo\\\/\",\"url\":\"https:\\\/\\\/megafitness.cl\\\/store\\\/producto\\\/rdx-f10w-guantes-de-boxeo\\\/\",\"name\":\"RDX F10W GUANTES DE BOXEO| Mega Fitness | Tienda\",\"isPartOf\":{\"@id\":\"https:\\\/\\\/megafitness.cl\\\/store\\\/#website\"},\"primaryImageOfPage\":{\"@id\":\"https:\\\/\\\/megafitness.cl\\\/store\\\/producto\\\/rdx-f10w-guantes-de-boxeo\\\/#primaryimage\"},\"image\":{\"@id\":\"https:\\\/\\\/megafitness.cl\\\/store\\\/producto\\\/rdx-f10w-guantes-de-boxeo\\\/#primaryimage\"},\"thumbnailUrl\":\"https:\\\/\\\/megafitness.cl\\\/store\\\/wp-content\\\/uploads\\\/sites\\\/3\\\/2023\\\/12\\\/guantes.webp\",\"datePublished\":\"2023-12-18T07:17:24+00:00\",\"dateModified\":\"2025-03-15T02:00:28+00:00\",\"breadcrumb\":{\"@id\":\"https:\\\/\\\/megafitness.cl\\\/store\\\/producto\\\/rdx-f10w-guantes-de-boxeo\\\/#breadcrumb\"},\"inLanguage\":\"es\",\"potentialAction\":[{\"@type\":\"ReadAction\",\"target\":[\"https:\\\/\\\/megafitness.cl\\\/store\\\/producto\\\/rdx-f10w-guantes-de-boxeo\\\/\"]}]},{\"@type\":\"ImageObject\",\"inLanguage\":\"es\",\"@id\":\"https:\\\/\\\/megafitness.cl\\\/store\\\/producto\\\/rdx-f10w-guantes-de-boxeo\\\/#primaryimage\",\"url\":\"https:\\\/\\\/megafitness.cl\\\/store\\\/wp-content\\\/uploads\\\/sites\\\/3\\\/2023\\\/12\\\/guantes.webp\",\"contentUrl\":\"https:\\\/\\\/megafitness.cl\\\/store\\\/wp-content\\\/uploads\\\/sites\\\/3\\\/2023\\\/12\\\/guantes.webp\",\"width\":1567,\"height\":1567},{\"@type\":\"BreadcrumbList\",\"@id\":\"https:\\\/\\\/megafitness.cl\\\/store\\\/producto\\\/rdx-f10w-guantes-de-boxeo\\\/#breadcrumb\",\"itemListElement\":[{\"@type\":\"ListItem\",\"position\":1,\"name\":\"Portada\",\"item\":\"https:\\\/\\\/megafitness.cl\\\/store\\\/\"},{\"@type\":\"ListItem\",\"position\":2,\"name\":\"Shop\",\"item\":\"https:\\\/\\\/megafitness.cl\\\/store\\\/shop\\\/\"},{\"@type\":\"ListItem\",\"position\":3,\"name\":\"RDX F10W GUANTES DE BOXEO\"}]},{\"@type\":\"WebSite\",\"@id\":\"https:\\\/\\\/megafitness.cl\\\/store\\\/#website\",\"url\":\"https:\\\/\\\/megafitness.cl\\\/store\\\/\",\"name\":\"Mega Fitness | Tienda\",\"description\":\"Tu Gimnasio en Providencia\",\"publisher\":{\"@id\":\"https:\\\/\\\/megafitness.cl\\\/store\\\/#organization\"},\"potentialAction\":[{\"@type\":\"SearchAction\",\"target\":{\"@type\":\"EntryPoint\",\"urlTemplate\":\"https:\\\/\\\/megafitness.cl\\\/store\\\/?s={search_term_string}\"},\"query-input\":{\"@type\":\"PropertyValueSpecification\",\"valueRequired\":true,\"valueName\":\"search_term_string\"}}],\"inLanguage\":\"es\"},{\"@type\":\"Organization\",\"@id\":\"https:\\\/\\\/megafitness.cl\\\/store\\\/#organization\",\"name\":\"Mega Fitness | Tienda\",\"url\":\"https:\\\/\\\/megafitness.cl\\\/store\\\/\",\"logo\":{\"@type\":\"ImageObject\",\"inLanguage\":\"es\",\"@id\":\"https:\\\/\\\/megafitness.cl\\\/store\\\/#\\\/schema\\\/logo\\\/image\\\/\",\"url\":\"https:\\\/\\\/megafitness.cl\\\/store\\\/wp-content\\\/uploads\\\/sites\\\/3\\\/2024\\\/08\\\/megafitnessLogo1Simple.svg\",\"contentUrl\":\"https:\\\/\\\/megafitness.cl\\\/store\\\/wp-content\\\/uploads\\\/sites\\\/3\\\/2024\\\/08\\\/megafitnessLogo1Simple.svg\",\"width\":197,\"height\":27,\"caption\":\"Mega Fitness | Tienda\"},\"image\":{\"@id\":\"https:\\\/\\\/megafitness.cl\\\/store\\\/#\\\/schema\\\/logo\\\/image\\\/\"}}]}<\/script>\n<!-- \/ Yoast SEO plugin. -->","yoast_head_json":{"title":"RDX F10W GUANTES DE BOXEO| Mega Fitness | Tienda","robots":{"index":"index","follow":"follow","max-snippet":"max-snippet:-1","max-image-preview":"max-image-preview:large","max-video-preview":"max-video-preview:-1"},"canonical":"https:\/\/megafitness.cl\/store\/producto\/rdx-f10w-guantes-de-boxeo\/","og_locale":"es_ES","og_type":"article","og_title":"RDX F10W GUANTES DE BOXEO| Mega Fitness | Tienda","og_description":"Orificios en la palma de la mano para un mejor flujo de aire y transpiraci\u00f3n.  Acolchado de espuma Supremo-Shock proporciona una mejor absorci\u00f3n de impactos y protege los nudillos.  Dise\u00f1o pre-curvado que reduce la fatiga de la mano y controla la forma en que las mol\u00e9culas impactadas se desplazan.  Cierre por contacto Quick-EZ\u2122 para un ajuste perfecto y una mejor sujeci\u00f3n de la mu\u00f1eca.  Orificios en la palma de la mano para un mejor flujo de aire y transpiraci\u00f3n.","og_url":"https:\/\/megafitness.cl\/store\/producto\/rdx-f10w-guantes-de-boxeo\/","og_site_name":"Mega Fitness | Tienda","article_modified_time":"2025-03-15T02:00:28+00:00","og_image":[{"width":1567,"height":1567,"url":"https:\/\/megafitness.cl\/store\/wp-content\/uploads\/sites\/3\/2023\/12\/guantes.webp","type":"image\/webp"}],"twitter_card":"summary_large_image","twitter_misc":{"Tiempo de lectura":"1 minuto"},"schema":{"@context":"https:\/\/schema.org","@graph":[{"@type":["WebPage","ItemPage"],"@id":"https:\/\/megafitness.cl\/store\/producto\/rdx-f10w-guantes-de-boxeo\/","url":"https:\/\/megafitness.cl\/store\/producto\/rdx-f10w-guantes-de-boxeo\/","name":"RDX F10W GUANTES DE BOXEO| Mega Fitness | Tienda","isPartOf":{"@id":"https:\/\/megafitness.cl\/store\/#website"},"primaryImageOfPage":{"@id":"https:\/\/megafitness.cl\/store\/producto\/rdx-f10w-guantes-de-boxeo\/#primaryimage"},"image":{"@id":"https:\/\/megafitness.cl\/store\/producto\/rdx-f10w-guantes-de-boxeo\/#primaryimage"},"thumbnailUrl":"https:\/\/megafitness.cl\/store\/wp-content\/uploads\/sites\/3\/2023\/12\/guantes.webp","datePublished":"2023-12-18T07:17:24+00:00","dateModified":"2025-03-15T02:00:28+00:00","breadcrumb":{"@id":"https:\/\/megafitness.cl\/store\/producto\/rdx-f10w-guantes-de-boxeo\/#breadcrumb"},"inLanguage":"es","potentialAction":[{"@type":"ReadAction","target":["https:\/\/megafitness.cl\/store\/producto\/rdx-f10w-guantes-de-boxeo\/"]}]},{"@type":"ImageObject","inLanguage":"es","@id":"https:\/\/megafitness.cl\/store\/producto\/rdx-f10w-guantes-de-boxeo\/#primaryimage","url":"https:\/\/megafitness.cl\/store\/wp-content\/uploads\/sites\/3\/2023\/12\/guantes.webp","contentUrl":"https:\/\/megafitness.cl\/store\/wp-content\/uploads\/sites\/3\/2023\/12\/guantes.webp","width":1567,"height":1567},{"@type":"BreadcrumbList","@id":"https:\/\/megafitness.cl\/store\/producto\/rdx-f10w-guantes-de-boxeo\/#breadcrumb","itemListElement":[{"@type":"ListItem","position":1,"name":"Portada","item":"https:\/\/megafitness.cl\/store\/"},{"@type":"ListItem","position":2,"name":"Shop","item":"https:\/\/megafitness.cl\/store\/shop\/"},{"@type":"ListItem","position":3,"name":"RDX F10W GUANTES DE BOXEO"}]},{"@type":"WebSite","@id":"https:\/\/megafitness.cl\/store\/#website","url":"https:\/\/megafitness.cl\/store\/","name":"Mega Fitness | Tienda","description":"Tu Gimnasio en Providencia","publisher":{"@id":"https:\/\/megafitness.cl\/store\/#organization"},"potentialAction":[{"@type":"SearchAction","target":{"@type":"EntryPoint","urlTemplate":"https:\/\/megafitness.cl\/store\/?s={search_term_string}"},"query-input":{"@type":"PropertyValueSpecification","valueRequired":true,"valueName":"search_term_string"}}],"inLanguage":"es"},{"@type":"Organization","@id":"https:\/\/megafitness.cl\/store\/#organization","name":"Mega Fitness | Tienda","url":"https:\/\/megafitness.cl\/store\/","logo":{"@type":"ImageObject","inLanguage":"es","@id":"https:\/\/megafitness.cl\/store\/#\/schema\/logo\/image\/","url":"https:\/\/megafitness.cl\/store\/wp-content\/uploads\/sites\/3\/2024\/08\/megafitnessLogo1Simple.svg","contentUrl":"https:\/\/megafitness.cl\/store\/wp-content\/uploads\/sites\/3\/2024\/08\/megafitnessLogo1Simple.svg","width":197,"height":27,"caption":"Mega Fitness | Tienda"},"image":{"@id":"https:\/\/megafitness.cl\/store\/#\/schema\/logo\/image\/"}}]}},"_links":{"self":[{"href":"https:\/\/megafitness.cl\/store\/wp-json\/wp\/v2\/product\/1280","targetHints":{"allow":["GET"]}}],"collection":[{"href":"https:\/\/megafitness.cl\/store\/wp-json\/wp\/v2\/product"}],"about":[{"href":"https:\/\/megafitness.cl\/store\/wp-json\/wp\/v2\/types\/product"}],"replies":[{"embeddable":true,"href":"https:\/\/megafitness.cl\/store\/wp-json\/wp\/v2\/comments?post=1280"}],"wp:featuredmedia":[{"embeddable":true,"href":"https:\/\/megafitness.cl\/store\/wp-json\/wp\/v2\/media\/1283"}],"wp:attachment":[{"href":"https:\/\/megafitness.cl\/store\/wp-json\/wp\/v2\/media?parent=1280"}],"wp:term":[{"taxonomy":"product_brand","embeddable":true,"href":"https:\/\/megafitness.cl\/store\/wp-json\/wp\/v2\/product_brand?post=1280"},{"taxonomy":"product_cat","embeddable":true,"href":"https:\/\/megafitness.cl\/store\/wp-json\/wp\/v2\/product_cat?post=1280"},{"taxonomy":"product_tag","embeddable":true,"href":"https:\/\/megafitness.cl\/store\/wp-json\/wp\/v2\/product_tag?post=1280"}],"curies":[{"name":"wp","href":"https:\/\/api.w.org\/{rel}","templated":true}]}}