{"id":1290,"date":"2023-12-18T08:24:38","date_gmt":"2023-12-18T07:24:38","guid":{"rendered":"https:\/\/megafitness.cl\/store\/?post_type=product&#038;p=1290"},"modified":"2025-04-02T19:28:14","modified_gmt":"2025-04-02T17:28:14","slug":"rdx-t3-almohadillas-de-boxeo-de-cuero","status":"publish","type":"product","link":"https:\/\/megafitness.cl\/store\/producto\/rdx-t3-almohadillas-de-boxeo-de-cuero\/","title":{"rendered":"RDX T3 Almohadillas de Boxeo de Cuero"},"content":{"rendered":"<div id=\"tab-label-specs\" class=\"data item title active\" tabindex=\"0\" role=\"tab\" aria-labeledby=\"tab-label-specs-title\" data-role=\"collapsible\" data-collapsible=\"true\" aria-controls=\"specs\" aria-selected=\"false\" aria-expanded=\"true\"><a id=\"tab-label-specs-title\" class=\"data switch\" tabindex=\"-1\" href=\"https:\/\/rdxsports.es\/zero-impact-almohadilla-de-enfoque\/#specs\" data-toggle=\"switch\">CARACTER\u00cdSTICAS<\/a><\/div>\n<div id=\"specs\" class=\"data item content\" role=\"tabpanel\" data-role=\"content\" aria-labelledby=\"tab-label-specs\" aria-hidden=\"false\">\n<ul>\n<li>Micro Compact manoplas, que mide s\u00f3lo 6 &#8216; de largo y 3,3 &#8216;de espesor<\/li>\n<li>Mano mitones del foco de tama\u00f1o para mejorar la precisi\u00f3n Costura<\/li>\n<li>Parte interior uni\u00f3n reforzada<\/li>\n<li>Cubierta exterior dise\u00f1ada para una mayor estabilidad<\/li>\n<li>Cuero-X Tecnolog\u00eda<\/li>\n<li>Proteja Aegis-X Tecnolog\u00eda<\/li>\n<li>Mango ergon\u00f3mico especial<\/li>\n<\/ul>\n<h2 class=\"page-title\"><span class=\"base\" data-ui-id=\"page-title-wrapper\">M\u00e1s informaci\u00f3n RDX T3 Almohadillas de Boxeo de Cuero<\/span><\/h2>\n<div class=\"product attribute description\">\n<div class=\"value\">\n<p>RDX Focus Pad se ha mejorado con la mejor calidad de cuero y tiene una de las mejores pastillas de enfoque disponibles en el mercado. Las almohadillas de enfoque RDX superiores son uno de los mejores disponibles en el mercado con la tecnolog\u00eda de absorci\u00f3n de choque eficaz utilizado en la fabricaci\u00f3n de este modelo actualizado para garantizar la m\u00e1xima seguridad y el aumento de la mano de enfoque que resulta en un mejor rendimiento posible de los combatientes.<\/p>\n<\/div>\n<\/div>\n<\/div>\n","protected":false},"excerpt":{"rendered":"<p>CARACTER\u00cdSTICAS Micro Compact manoplas, que mide s\u00f3lo 6 &#8216; de largo y 3,3 &#8216;de espesor Mano mitones del foco de tama\u00f1o para mejorar la precisi\u00f3n Costura Parte interior uni\u00f3n reforzada Cubierta exterior dise\u00f1ada para una mayor estabilidad Cuero-X Tecnolog\u00eda Proteja Aegis-X Tecnolog\u00eda Mango ergon\u00f3mico especial M\u00e1s informaci\u00f3n RDX T3 Almohadillas de Boxeo de Cuero RDX&#8230;<\/p>\n","protected":false},"featured_media":1291,"comment_status":"open","ping_status":"closed","template":"","meta":{"_kad_post_transparent":"default","_kad_post_title":"","_kad_post_layout":"default","_kad_post_sidebar_id":"","_kad_post_content_style":"default","_kad_post_vertical_padding":"default","_kad_post_feature":"","_kad_post_feature_position":"","_kad_post_header":false,"_kad_post_footer":false,"_kad_post_classname":""},"product_brand":[],"product_cat":[24],"product_tag":[],"class_list":{"0":"post-1290","1":"product","2":"type-product","3":"status-publish","4":"has-post-thumbnail","6":"product_cat-guantes","8":"first","9":"outofstock","10":"sale","11":"shipping-taxable","12":"purchasable","13":"product-type-simple","14":"entry","15":"content-bg","16":"loop-entry"},"yoast_head":"<!-- This site is optimized with the Yoast SEO plugin v27.5 - https:\/\/yoast.com\/product\/yoast-seo-wordpress\/ -->\n<title>RDX T3 Almohadillas de Boxeo de Cuero| Mega Fitness | Tienda<\/title>\n<meta name=\"robots\" content=\"index, follow, max-snippet:-1, max-image-preview:large, max-video-preview:-1\" \/>\n<link rel=\"canonical\" href=\"https:\/\/megafitness.cl\/store\/producto\/rdx-t3-almohadillas-de-boxeo-de-cuero\/\" \/>\n<meta property=\"og:locale\" content=\"es_ES\" \/>\n<meta property=\"og:type\" content=\"article\" \/>\n<meta property=\"og:title\" content=\"RDX T3 Almohadillas de Boxeo de Cuero| Mega Fitness | Tienda\" \/>\n<meta property=\"og:description\" content=\"CARACTER\u00cdSTICAS Micro Compact manoplas, que mide s\u00f3lo 6 &#8216; de largo y 3,3 &#8216;de espesor Mano mitones del foco de tama\u00f1o para mejorar la precisi\u00f3n Costura Parte interior uni\u00f3n reforzada Cubierta exterior dise\u00f1ada para una mayor estabilidad Cuero-X Tecnolog\u00eda Proteja Aegis-X Tecnolog\u00eda Mango ergon\u00f3mico especial M\u00e1s informaci\u00f3n RDX T3 Almohadillas de Boxeo de Cuero RDX...\" \/>\n<meta property=\"og:url\" content=\"https:\/\/megafitness.cl\/store\/producto\/rdx-t3-almohadillas-de-boxeo-de-cuero\/\" \/>\n<meta property=\"og:site_name\" content=\"Mega Fitness | Tienda\" \/>\n<meta property=\"article:modified_time\" content=\"2025-04-02T17:28:14+00:00\" \/>\n<meta property=\"og:image\" content=\"https:\/\/megafitness.cl\/store\/wp-content\/uploads\/sites\/3\/2023\/12\/almohadillas-de-boxeo.webp\" \/>\n\t<meta property=\"og:image:width\" content=\"800\" \/>\n\t<meta property=\"og:image:height\" content=\"800\" \/>\n\t<meta property=\"og:image:type\" content=\"image\/webp\" \/>\n<meta name=\"twitter:card\" content=\"summary_large_image\" \/>\n<meta name=\"twitter:label1\" content=\"Tiempo de lectura\" \/>\n\t<meta name=\"twitter:data1\" content=\"1 minuto\" \/>\n<script type=\"application\/ld+json\" class=\"yoast-schema-graph\">{\"@context\":\"https:\\\/\\\/schema.org\",\"@graph\":[{\"@type\":[\"WebPage\",\"ItemPage\"],\"@id\":\"https:\\\/\\\/megafitness.cl\\\/store\\\/producto\\\/rdx-t3-almohadillas-de-boxeo-de-cuero\\\/\",\"url\":\"https:\\\/\\\/megafitness.cl\\\/store\\\/producto\\\/rdx-t3-almohadillas-de-boxeo-de-cuero\\\/\",\"name\":\"RDX T3 Almohadillas de Boxeo de Cuero| Mega Fitness | Tienda\",\"isPartOf\":{\"@id\":\"https:\\\/\\\/megafitness.cl\\\/store\\\/#website\"},\"primaryImageOfPage\":{\"@id\":\"https:\\\/\\\/megafitness.cl\\\/store\\\/producto\\\/rdx-t3-almohadillas-de-boxeo-de-cuero\\\/#primaryimage\"},\"image\":{\"@id\":\"https:\\\/\\\/megafitness.cl\\\/store\\\/producto\\\/rdx-t3-almohadillas-de-boxeo-de-cuero\\\/#primaryimage\"},\"thumbnailUrl\":\"https:\\\/\\\/megafitness.cl\\\/store\\\/wp-content\\\/uploads\\\/sites\\\/3\\\/2023\\\/12\\\/almohadillas-de-boxeo.webp\",\"datePublished\":\"2023-12-18T07:24:38+00:00\",\"dateModified\":\"2025-04-02T17:28:14+00:00\",\"breadcrumb\":{\"@id\":\"https:\\\/\\\/megafitness.cl\\\/store\\\/producto\\\/rdx-t3-almohadillas-de-boxeo-de-cuero\\\/#breadcrumb\"},\"inLanguage\":\"es\",\"potentialAction\":[{\"@type\":\"ReadAction\",\"target\":[\"https:\\\/\\\/megafitness.cl\\\/store\\\/producto\\\/rdx-t3-almohadillas-de-boxeo-de-cuero\\\/\"]}]},{\"@type\":\"ImageObject\",\"inLanguage\":\"es\",\"@id\":\"https:\\\/\\\/megafitness.cl\\\/store\\\/producto\\\/rdx-t3-almohadillas-de-boxeo-de-cuero\\\/#primaryimage\",\"url\":\"https:\\\/\\\/megafitness.cl\\\/store\\\/wp-content\\\/uploads\\\/sites\\\/3\\\/2023\\\/12\\\/almohadillas-de-boxeo.webp\",\"contentUrl\":\"https:\\\/\\\/megafitness.cl\\\/store\\\/wp-content\\\/uploads\\\/sites\\\/3\\\/2023\\\/12\\\/almohadillas-de-boxeo.webp\",\"width\":800,\"height\":800},{\"@type\":\"BreadcrumbList\",\"@id\":\"https:\\\/\\\/megafitness.cl\\\/store\\\/producto\\\/rdx-t3-almohadillas-de-boxeo-de-cuero\\\/#breadcrumb\",\"itemListElement\":[{\"@type\":\"ListItem\",\"position\":1,\"name\":\"Portada\",\"item\":\"https:\\\/\\\/megafitness.cl\\\/store\\\/\"},{\"@type\":\"ListItem\",\"position\":2,\"name\":\"Shop\",\"item\":\"https:\\\/\\\/megafitness.cl\\\/store\\\/shop\\\/\"},{\"@type\":\"ListItem\",\"position\":3,\"name\":\"RDX T3 Almohadillas de Boxeo de Cuero\"}]},{\"@type\":\"WebSite\",\"@id\":\"https:\\\/\\\/megafitness.cl\\\/store\\\/#website\",\"url\":\"https:\\\/\\\/megafitness.cl\\\/store\\\/\",\"name\":\"Mega Fitness | Tienda\",\"description\":\"Tu Gimnasio en Providencia\",\"publisher\":{\"@id\":\"https:\\\/\\\/megafitness.cl\\\/store\\\/#organization\"},\"potentialAction\":[{\"@type\":\"SearchAction\",\"target\":{\"@type\":\"EntryPoint\",\"urlTemplate\":\"https:\\\/\\\/megafitness.cl\\\/store\\\/?s={search_term_string}\"},\"query-input\":{\"@type\":\"PropertyValueSpecification\",\"valueRequired\":true,\"valueName\":\"search_term_string\"}}],\"inLanguage\":\"es\"},{\"@type\":\"Organization\",\"@id\":\"https:\\\/\\\/megafitness.cl\\\/store\\\/#organization\",\"name\":\"Mega Fitness | Tienda\",\"url\":\"https:\\\/\\\/megafitness.cl\\\/store\\\/\",\"logo\":{\"@type\":\"ImageObject\",\"inLanguage\":\"es\",\"@id\":\"https:\\\/\\\/megafitness.cl\\\/store\\\/#\\\/schema\\\/logo\\\/image\\\/\",\"url\":\"https:\\\/\\\/megafitness.cl\\\/store\\\/wp-content\\\/uploads\\\/sites\\\/3\\\/2024\\\/08\\\/megafitnessLogo1Simple.svg\",\"contentUrl\":\"https:\\\/\\\/megafitness.cl\\\/store\\\/wp-content\\\/uploads\\\/sites\\\/3\\\/2024\\\/08\\\/megafitnessLogo1Simple.svg\",\"width\":197,\"height\":27,\"caption\":\"Mega Fitness | Tienda\"},\"image\":{\"@id\":\"https:\\\/\\\/megafitness.cl\\\/store\\\/#\\\/schema\\\/logo\\\/image\\\/\"}}]}<\/script>\n<!-- \/ Yoast SEO plugin. -->","yoast_head_json":{"title":"RDX T3 Almohadillas de Boxeo de Cuero| Mega Fitness | Tienda","robots":{"index":"index","follow":"follow","max-snippet":"max-snippet:-1","max-image-preview":"max-image-preview:large","max-video-preview":"max-video-preview:-1"},"canonical":"https:\/\/megafitness.cl\/store\/producto\/rdx-t3-almohadillas-de-boxeo-de-cuero\/","og_locale":"es_ES","og_type":"article","og_title":"RDX T3 Almohadillas de Boxeo de Cuero| Mega Fitness | Tienda","og_description":"CARACTER\u00cdSTICAS Micro Compact manoplas, que mide s\u00f3lo 6 &#8216; de largo y 3,3 &#8216;de espesor Mano mitones del foco de tama\u00f1o para mejorar la precisi\u00f3n Costura Parte interior uni\u00f3n reforzada Cubierta exterior dise\u00f1ada para una mayor estabilidad Cuero-X Tecnolog\u00eda Proteja Aegis-X Tecnolog\u00eda Mango ergon\u00f3mico especial M\u00e1s informaci\u00f3n RDX T3 Almohadillas de Boxeo de Cuero RDX...","og_url":"https:\/\/megafitness.cl\/store\/producto\/rdx-t3-almohadillas-de-boxeo-de-cuero\/","og_site_name":"Mega Fitness | Tienda","article_modified_time":"2025-04-02T17:28:14+00:00","og_image":[{"width":800,"height":800,"url":"https:\/\/megafitness.cl\/store\/wp-content\/uploads\/sites\/3\/2023\/12\/almohadillas-de-boxeo.webp","type":"image\/webp"}],"twitter_card":"summary_large_image","twitter_misc":{"Tiempo de lectura":"1 minuto"},"schema":{"@context":"https:\/\/schema.org","@graph":[{"@type":["WebPage","ItemPage"],"@id":"https:\/\/megafitness.cl\/store\/producto\/rdx-t3-almohadillas-de-boxeo-de-cuero\/","url":"https:\/\/megafitness.cl\/store\/producto\/rdx-t3-almohadillas-de-boxeo-de-cuero\/","name":"RDX T3 Almohadillas de Boxeo de Cuero| Mega Fitness | Tienda","isPartOf":{"@id":"https:\/\/megafitness.cl\/store\/#website"},"primaryImageOfPage":{"@id":"https:\/\/megafitness.cl\/store\/producto\/rdx-t3-almohadillas-de-boxeo-de-cuero\/#primaryimage"},"image":{"@id":"https:\/\/megafitness.cl\/store\/producto\/rdx-t3-almohadillas-de-boxeo-de-cuero\/#primaryimage"},"thumbnailUrl":"https:\/\/megafitness.cl\/store\/wp-content\/uploads\/sites\/3\/2023\/12\/almohadillas-de-boxeo.webp","datePublished":"2023-12-18T07:24:38+00:00","dateModified":"2025-04-02T17:28:14+00:00","breadcrumb":{"@id":"https:\/\/megafitness.cl\/store\/producto\/rdx-t3-almohadillas-de-boxeo-de-cuero\/#breadcrumb"},"inLanguage":"es","potentialAction":[{"@type":"ReadAction","target":["https:\/\/megafitness.cl\/store\/producto\/rdx-t3-almohadillas-de-boxeo-de-cuero\/"]}]},{"@type":"ImageObject","inLanguage":"es","@id":"https:\/\/megafitness.cl\/store\/producto\/rdx-t3-almohadillas-de-boxeo-de-cuero\/#primaryimage","url":"https:\/\/megafitness.cl\/store\/wp-content\/uploads\/sites\/3\/2023\/12\/almohadillas-de-boxeo.webp","contentUrl":"https:\/\/megafitness.cl\/store\/wp-content\/uploads\/sites\/3\/2023\/12\/almohadillas-de-boxeo.webp","width":800,"height":800},{"@type":"BreadcrumbList","@id":"https:\/\/megafitness.cl\/store\/producto\/rdx-t3-almohadillas-de-boxeo-de-cuero\/#breadcrumb","itemListElement":[{"@type":"ListItem","position":1,"name":"Portada","item":"https:\/\/megafitness.cl\/store\/"},{"@type":"ListItem","position":2,"name":"Shop","item":"https:\/\/megafitness.cl\/store\/shop\/"},{"@type":"ListItem","position":3,"name":"RDX T3 Almohadillas de Boxeo de Cuero"}]},{"@type":"WebSite","@id":"https:\/\/megafitness.cl\/store\/#website","url":"https:\/\/megafitness.cl\/store\/","name":"Mega Fitness | Tienda","description":"Tu Gimnasio en Providencia","publisher":{"@id":"https:\/\/megafitness.cl\/store\/#organization"},"potentialAction":[{"@type":"SearchAction","target":{"@type":"EntryPoint","urlTemplate":"https:\/\/megafitness.cl\/store\/?s={search_term_string}"},"query-input":{"@type":"PropertyValueSpecification","valueRequired":true,"valueName":"search_term_string"}}],"inLanguage":"es"},{"@type":"Organization","@id":"https:\/\/megafitness.cl\/store\/#organization","name":"Mega Fitness | Tienda","url":"https:\/\/megafitness.cl\/store\/","logo":{"@type":"ImageObject","inLanguage":"es","@id":"https:\/\/megafitness.cl\/store\/#\/schema\/logo\/image\/","url":"https:\/\/megafitness.cl\/store\/wp-content\/uploads\/sites\/3\/2024\/08\/megafitnessLogo1Simple.svg","contentUrl":"https:\/\/megafitness.cl\/store\/wp-content\/uploads\/sites\/3\/2024\/08\/megafitnessLogo1Simple.svg","width":197,"height":27,"caption":"Mega Fitness | Tienda"},"image":{"@id":"https:\/\/megafitness.cl\/store\/#\/schema\/logo\/image\/"}}]}},"_links":{"self":[{"href":"https:\/\/megafitness.cl\/store\/wp-json\/wp\/v2\/product\/1290","targetHints":{"allow":["GET"]}}],"collection":[{"href":"https:\/\/megafitness.cl\/store\/wp-json\/wp\/v2\/product"}],"about":[{"href":"https:\/\/megafitness.cl\/store\/wp-json\/wp\/v2\/types\/product"}],"replies":[{"embeddable":true,"href":"https:\/\/megafitness.cl\/store\/wp-json\/wp\/v2\/comments?post=1290"}],"wp:featuredmedia":[{"embeddable":true,"href":"https:\/\/megafitness.cl\/store\/wp-json\/wp\/v2\/media\/1291"}],"wp:attachment":[{"href":"https:\/\/megafitness.cl\/store\/wp-json\/wp\/v2\/media?parent=1290"}],"wp:term":[{"taxonomy":"product_brand","embeddable":true,"href":"https:\/\/megafitness.cl\/store\/wp-json\/wp\/v2\/product_brand?post=1290"},{"taxonomy":"product_cat","embeddable":true,"href":"https:\/\/megafitness.cl\/store\/wp-json\/wp\/v2\/product_cat?post=1290"},{"taxonomy":"product_tag","embeddable":true,"href":"https:\/\/megafitness.cl\/store\/wp-json\/wp\/v2\/product_tag?post=1290"}],"curies":[{"name":"wp","href":"https:\/\/api.w.org\/{rel}","templated":true}]}}