{"id":1299,"date":"2023-12-18T08:37:13","date_gmt":"2023-12-18T07:37:13","guid":{"rendered":"https:\/\/megafitness.cl\/store\/?post_type=product&#038;p=1299"},"modified":"2025-10-23T22:36:47","modified_gmt":"2025-10-23T20:36:47","slug":"pera-de-doble-fijacion-boxeo-rdx-b1","status":"publish","type":"product","link":"https:\/\/megafitness.cl\/store\/producto\/pera-de-doble-fijacion-boxeo-rdx-b1\/","title":{"rendered":"Pera De Doble Fijacion Boxeo Rdx B1"},"content":{"rendered":"<p class=\"ui-pdp-description__content\">M\u00e1s informaci\u00f3n RDX B1 Pera de Doble Fijaci\u00f3n de Boxeo<br \/>\nLa bola de doble fijaci\u00f3n de RDX tiene una longitud de 40,5 cm y est\u00e1 fabricada con cuero Maya Hide de alta calidad para una mayor durabilidad. La pera viene con una correa Nylostrap\u2122 de f\u00e1cil ajuste y una robusta Flexstring\u2122 para mayor fuerza y rapidez de movimiento. El paquete incluye dos anillos en S met\u00e1licos, hebilla de PVC y otras fijaciones para el montaje.<\/p>\n<p>Bola de doble fijaci\u00f3n de 40,5 cm de longitud y de cuero Maya Hide.<br \/>\nViene con una cuerda el\u00e1stica de goma para un ajuste y calibraci\u00f3n de hasta 48&#8243; (122 cm).<br \/>\nResistente Nylostrap\u2122 con facilidad de ajuste y estabilidad.<br \/>\nFlexstring\u2122 para una mayor fuerza y rapidez de movimiento.<\/p>\n<p>Producto importado<br \/>\nMarca RDX<\/p>\n","protected":false},"excerpt":{"rendered":"<p>M\u00e1s informaci\u00f3n RDX B1 Pera de Doble Fijaci\u00f3n de Boxeo La bola de doble fijaci\u00f3n de RDX tiene una longitud de 40,5 cm y est\u00e1 fabricada con cuero Maya Hide de alta calidad para una mayor durabilidad. La pera viene con una correa Nylostrap\u2122 de f\u00e1cil ajuste y una robusta Flexstring\u2122 para mayor fuerza y&#8230;<\/p>\n","protected":false},"featured_media":1914,"comment_status":"open","ping_status":"closed","template":"","meta":{"_kad_post_transparent":"default","_kad_post_title":"","_kad_post_layout":"default","_kad_post_sidebar_id":"","_kad_post_content_style":"default","_kad_post_vertical_padding":"default","_kad_post_feature":"","_kad_post_feature_position":"","_kad_post_header":false,"_kad_post_footer":false,"_kad_post_classname":""},"product_brand":[],"product_cat":[25],"product_tag":[],"class_list":{"0":"post-1299","1":"product","2":"type-product","3":"status-publish","4":"has-post-thumbnail","6":"product_cat-sacos","8":"first","9":"outofstock","10":"sale","11":"shipping-taxable","12":"purchasable","13":"product-type-simple","14":"entry","15":"content-bg","16":"loop-entry"},"yoast_head":"<!-- This site is optimized with the Yoast SEO plugin v27.4 - https:\/\/yoast.com\/product\/yoast-seo-wordpress\/ -->\n<title>Pera De Doble Fijacion Boxeo Rdx B1 | Mega Fitness | Tienda<\/title>\n<meta name=\"robots\" content=\"index, follow, max-snippet:-1, max-image-preview:large, max-video-preview:-1\" \/>\n<link rel=\"canonical\" href=\"https:\/\/megafitness.cl\/store\/producto\/pera-de-doble-fijacion-boxeo-rdx-b1\/\" \/>\n<meta property=\"og:locale\" content=\"es_ES\" \/>\n<meta property=\"og:type\" content=\"article\" \/>\n<meta property=\"og:title\" content=\"Pera De Doble Fijacion Boxeo Rdx B1 | Mega Fitness | Tienda\" \/>\n<meta property=\"og:description\" content=\"M\u00e1s informaci\u00f3n RDX B1 Pera de Doble Fijaci\u00f3n de Boxeo La bola de doble fijaci\u00f3n de RDX tiene una longitud de 40,5 cm y est\u00e1 fabricada con cuero Maya Hide de alta calidad para una mayor durabilidad. La pera viene con una correa Nylostrap\u2122 de f\u00e1cil ajuste y una robusta Flexstring\u2122 para mayor fuerza y...\" \/>\n<meta property=\"og:url\" content=\"https:\/\/megafitness.cl\/store\/producto\/pera-de-doble-fijacion-boxeo-rdx-b1\/\" \/>\n<meta property=\"og:site_name\" content=\"Mega Fitness | Tienda\" \/>\n<meta property=\"article:modified_time\" content=\"2025-10-23T20:36:47+00:00\" \/>\n<meta property=\"og:image\" content=\"https:\/\/megafitness.cl\/store\/wp-content\/uploads\/sites\/3\/2023\/12\/PERA-RDX.png\" \/>\n\t<meta property=\"og:image:width\" content=\"616\" \/>\n\t<meta property=\"og:image:height\" content=\"620\" \/>\n\t<meta property=\"og:image:type\" content=\"image\/png\" \/>\n<meta name=\"twitter:card\" content=\"summary_large_image\" \/>\n<meta name=\"twitter:label1\" content=\"Tiempo de lectura\" \/>\n\t<meta name=\"twitter:data1\" content=\"1 minuto\" \/>\n<script type=\"application\/ld+json\" class=\"yoast-schema-graph\">{\"@context\":\"https:\\\/\\\/schema.org\",\"@graph\":[{\"@type\":[\"WebPage\",\"ItemPage\"],\"@id\":\"https:\\\/\\\/megafitness.cl\\\/store\\\/producto\\\/pera-de-doble-fijacion-boxeo-rdx-b1\\\/\",\"url\":\"https:\\\/\\\/megafitness.cl\\\/store\\\/producto\\\/pera-de-doble-fijacion-boxeo-rdx-b1\\\/\",\"name\":\"Pera De Doble Fijacion Boxeo Rdx B1 | Mega Fitness | Tienda\",\"isPartOf\":{\"@id\":\"https:\\\/\\\/megafitness.cl\\\/store\\\/#website\"},\"primaryImageOfPage\":{\"@id\":\"https:\\\/\\\/megafitness.cl\\\/store\\\/producto\\\/pera-de-doble-fijacion-boxeo-rdx-b1\\\/#primaryimage\"},\"image\":{\"@id\":\"https:\\\/\\\/megafitness.cl\\\/store\\\/producto\\\/pera-de-doble-fijacion-boxeo-rdx-b1\\\/#primaryimage\"},\"thumbnailUrl\":\"https:\\\/\\\/megafitness.cl\\\/store\\\/wp-content\\\/uploads\\\/sites\\\/3\\\/2023\\\/12\\\/PERA-RDX.png\",\"datePublished\":\"2023-12-18T07:37:13+00:00\",\"dateModified\":\"2025-10-23T20:36:47+00:00\",\"breadcrumb\":{\"@id\":\"https:\\\/\\\/megafitness.cl\\\/store\\\/producto\\\/pera-de-doble-fijacion-boxeo-rdx-b1\\\/#breadcrumb\"},\"inLanguage\":\"es\",\"potentialAction\":[{\"@type\":\"ReadAction\",\"target\":[\"https:\\\/\\\/megafitness.cl\\\/store\\\/producto\\\/pera-de-doble-fijacion-boxeo-rdx-b1\\\/\"]}]},{\"@type\":\"ImageObject\",\"inLanguage\":\"es\",\"@id\":\"https:\\\/\\\/megafitness.cl\\\/store\\\/producto\\\/pera-de-doble-fijacion-boxeo-rdx-b1\\\/#primaryimage\",\"url\":\"https:\\\/\\\/megafitness.cl\\\/store\\\/wp-content\\\/uploads\\\/sites\\\/3\\\/2023\\\/12\\\/PERA-RDX.png\",\"contentUrl\":\"https:\\\/\\\/megafitness.cl\\\/store\\\/wp-content\\\/uploads\\\/sites\\\/3\\\/2023\\\/12\\\/PERA-RDX.png\",\"width\":616,\"height\":620},{\"@type\":\"BreadcrumbList\",\"@id\":\"https:\\\/\\\/megafitness.cl\\\/store\\\/producto\\\/pera-de-doble-fijacion-boxeo-rdx-b1\\\/#breadcrumb\",\"itemListElement\":[{\"@type\":\"ListItem\",\"position\":1,\"name\":\"Portada\",\"item\":\"https:\\\/\\\/megafitness.cl\\\/store\\\/\"},{\"@type\":\"ListItem\",\"position\":2,\"name\":\"Shop\",\"item\":\"https:\\\/\\\/megafitness.cl\\\/store\\\/shop\\\/\"},{\"@type\":\"ListItem\",\"position\":3,\"name\":\"Pera De Doble Fijacion Boxeo Rdx B1\"}]},{\"@type\":\"WebSite\",\"@id\":\"https:\\\/\\\/megafitness.cl\\\/store\\\/#website\",\"url\":\"https:\\\/\\\/megafitness.cl\\\/store\\\/\",\"name\":\"Mega Fitness | Tienda\",\"description\":\"Tu Gimnasio en Providencia\",\"publisher\":{\"@id\":\"https:\\\/\\\/megafitness.cl\\\/store\\\/#organization\"},\"potentialAction\":[{\"@type\":\"SearchAction\",\"target\":{\"@type\":\"EntryPoint\",\"urlTemplate\":\"https:\\\/\\\/megafitness.cl\\\/store\\\/?s={search_term_string}\"},\"query-input\":{\"@type\":\"PropertyValueSpecification\",\"valueRequired\":true,\"valueName\":\"search_term_string\"}}],\"inLanguage\":\"es\"},{\"@type\":\"Organization\",\"@id\":\"https:\\\/\\\/megafitness.cl\\\/store\\\/#organization\",\"name\":\"Mega Fitness | Tienda\",\"url\":\"https:\\\/\\\/megafitness.cl\\\/store\\\/\",\"logo\":{\"@type\":\"ImageObject\",\"inLanguage\":\"es\",\"@id\":\"https:\\\/\\\/megafitness.cl\\\/store\\\/#\\\/schema\\\/logo\\\/image\\\/\",\"url\":\"https:\\\/\\\/megafitness.cl\\\/store\\\/wp-content\\\/uploads\\\/sites\\\/3\\\/2024\\\/08\\\/megafitnessLogo1Simple.svg\",\"contentUrl\":\"https:\\\/\\\/megafitness.cl\\\/store\\\/wp-content\\\/uploads\\\/sites\\\/3\\\/2024\\\/08\\\/megafitnessLogo1Simple.svg\",\"width\":197,\"height\":27,\"caption\":\"Mega Fitness | Tienda\"},\"image\":{\"@id\":\"https:\\\/\\\/megafitness.cl\\\/store\\\/#\\\/schema\\\/logo\\\/image\\\/\"}}]}<\/script>\n<!-- \/ Yoast SEO plugin. -->","yoast_head_json":{"title":"Pera De Doble Fijacion Boxeo Rdx B1 | Mega Fitness | Tienda","robots":{"index":"index","follow":"follow","max-snippet":"max-snippet:-1","max-image-preview":"max-image-preview:large","max-video-preview":"max-video-preview:-1"},"canonical":"https:\/\/megafitness.cl\/store\/producto\/pera-de-doble-fijacion-boxeo-rdx-b1\/","og_locale":"es_ES","og_type":"article","og_title":"Pera De Doble Fijacion Boxeo Rdx B1 | Mega Fitness | Tienda","og_description":"M\u00e1s informaci\u00f3n RDX B1 Pera de Doble Fijaci\u00f3n de Boxeo La bola de doble fijaci\u00f3n de RDX tiene una longitud de 40,5 cm y est\u00e1 fabricada con cuero Maya Hide de alta calidad para una mayor durabilidad. La pera viene con una correa Nylostrap\u2122 de f\u00e1cil ajuste y una robusta Flexstring\u2122 para mayor fuerza y...","og_url":"https:\/\/megafitness.cl\/store\/producto\/pera-de-doble-fijacion-boxeo-rdx-b1\/","og_site_name":"Mega Fitness | Tienda","article_modified_time":"2025-10-23T20:36:47+00:00","og_image":[{"width":616,"height":620,"url":"https:\/\/megafitness.cl\/store\/wp-content\/uploads\/sites\/3\/2023\/12\/PERA-RDX.png","type":"image\/png"}],"twitter_card":"summary_large_image","twitter_misc":{"Tiempo de lectura":"1 minuto"},"schema":{"@context":"https:\/\/schema.org","@graph":[{"@type":["WebPage","ItemPage"],"@id":"https:\/\/megafitness.cl\/store\/producto\/pera-de-doble-fijacion-boxeo-rdx-b1\/","url":"https:\/\/megafitness.cl\/store\/producto\/pera-de-doble-fijacion-boxeo-rdx-b1\/","name":"Pera De Doble Fijacion Boxeo Rdx B1 | Mega Fitness | Tienda","isPartOf":{"@id":"https:\/\/megafitness.cl\/store\/#website"},"primaryImageOfPage":{"@id":"https:\/\/megafitness.cl\/store\/producto\/pera-de-doble-fijacion-boxeo-rdx-b1\/#primaryimage"},"image":{"@id":"https:\/\/megafitness.cl\/store\/producto\/pera-de-doble-fijacion-boxeo-rdx-b1\/#primaryimage"},"thumbnailUrl":"https:\/\/megafitness.cl\/store\/wp-content\/uploads\/sites\/3\/2023\/12\/PERA-RDX.png","datePublished":"2023-12-18T07:37:13+00:00","dateModified":"2025-10-23T20:36:47+00:00","breadcrumb":{"@id":"https:\/\/megafitness.cl\/store\/producto\/pera-de-doble-fijacion-boxeo-rdx-b1\/#breadcrumb"},"inLanguage":"es","potentialAction":[{"@type":"ReadAction","target":["https:\/\/megafitness.cl\/store\/producto\/pera-de-doble-fijacion-boxeo-rdx-b1\/"]}]},{"@type":"ImageObject","inLanguage":"es","@id":"https:\/\/megafitness.cl\/store\/producto\/pera-de-doble-fijacion-boxeo-rdx-b1\/#primaryimage","url":"https:\/\/megafitness.cl\/store\/wp-content\/uploads\/sites\/3\/2023\/12\/PERA-RDX.png","contentUrl":"https:\/\/megafitness.cl\/store\/wp-content\/uploads\/sites\/3\/2023\/12\/PERA-RDX.png","width":616,"height":620},{"@type":"BreadcrumbList","@id":"https:\/\/megafitness.cl\/store\/producto\/pera-de-doble-fijacion-boxeo-rdx-b1\/#breadcrumb","itemListElement":[{"@type":"ListItem","position":1,"name":"Portada","item":"https:\/\/megafitness.cl\/store\/"},{"@type":"ListItem","position":2,"name":"Shop","item":"https:\/\/megafitness.cl\/store\/shop\/"},{"@type":"ListItem","position":3,"name":"Pera De Doble Fijacion Boxeo Rdx B1"}]},{"@type":"WebSite","@id":"https:\/\/megafitness.cl\/store\/#website","url":"https:\/\/megafitness.cl\/store\/","name":"Mega Fitness | Tienda","description":"Tu Gimnasio en Providencia","publisher":{"@id":"https:\/\/megafitness.cl\/store\/#organization"},"potentialAction":[{"@type":"SearchAction","target":{"@type":"EntryPoint","urlTemplate":"https:\/\/megafitness.cl\/store\/?s={search_term_string}"},"query-input":{"@type":"PropertyValueSpecification","valueRequired":true,"valueName":"search_term_string"}}],"inLanguage":"es"},{"@type":"Organization","@id":"https:\/\/megafitness.cl\/store\/#organization","name":"Mega Fitness | Tienda","url":"https:\/\/megafitness.cl\/store\/","logo":{"@type":"ImageObject","inLanguage":"es","@id":"https:\/\/megafitness.cl\/store\/#\/schema\/logo\/image\/","url":"https:\/\/megafitness.cl\/store\/wp-content\/uploads\/sites\/3\/2024\/08\/megafitnessLogo1Simple.svg","contentUrl":"https:\/\/megafitness.cl\/store\/wp-content\/uploads\/sites\/3\/2024\/08\/megafitnessLogo1Simple.svg","width":197,"height":27,"caption":"Mega Fitness | Tienda"},"image":{"@id":"https:\/\/megafitness.cl\/store\/#\/schema\/logo\/image\/"}}]}},"_links":{"self":[{"href":"https:\/\/megafitness.cl\/store\/wp-json\/wp\/v2\/product\/1299","targetHints":{"allow":["GET"]}}],"collection":[{"href":"https:\/\/megafitness.cl\/store\/wp-json\/wp\/v2\/product"}],"about":[{"href":"https:\/\/megafitness.cl\/store\/wp-json\/wp\/v2\/types\/product"}],"replies":[{"embeddable":true,"href":"https:\/\/megafitness.cl\/store\/wp-json\/wp\/v2\/comments?post=1299"}],"wp:featuredmedia":[{"embeddable":true,"href":"https:\/\/megafitness.cl\/store\/wp-json\/wp\/v2\/media\/1914"}],"wp:attachment":[{"href":"https:\/\/megafitness.cl\/store\/wp-json\/wp\/v2\/media?parent=1299"}],"wp:term":[{"taxonomy":"product_brand","embeddable":true,"href":"https:\/\/megafitness.cl\/store\/wp-json\/wp\/v2\/product_brand?post=1299"},{"taxonomy":"product_cat","embeddable":true,"href":"https:\/\/megafitness.cl\/store\/wp-json\/wp\/v2\/product_cat?post=1299"},{"taxonomy":"product_tag","embeddable":true,"href":"https:\/\/megafitness.cl\/store\/wp-json\/wp\/v2\/product_tag?post=1299"}],"curies":[{"name":"wp","href":"https:\/\/api.w.org\/{rel}","templated":true}]}}