{"id":1301,"date":"2023-12-18T08:43:09","date_gmt":"2023-12-18T07:43:09","guid":{"rendered":"https:\/\/megafitness.cl\/store\/?post_type=product&#038;p=1301"},"modified":"2023-12-20T21:40:48","modified_gmt":"2023-12-20T20:40:48","slug":"rdx-set-de-pera-rapida-con-plataforma-12-piezas","status":"publish","type":"product","link":"https:\/\/megafitness.cl\/store\/producto\/rdx-set-de-pera-rapida-con-plataforma-12-piezas\/","title":{"rendered":"Rdx Set De Pera R\u00e1pida Con Plataforma 12 Piezas"},"content":{"rendered":"<p class=\"ui-pdp-description__content\">M\u00e1s informaci\u00f3n RDX Set de Pera R\u00e1pida con Plataforma 12 pzas<br \/>\nEl juego de pera r\u00e1pida de boxeo con plataforma RDX, con patente en tr\u00e1mite, es un paquete incre\u00edble para los luchadores de todo tipo de habilidades. El paquete incluye tablero MDF colgante, soporte de pared HG-Steel\u2122, pera r\u00e1pida de cuero, guantes de cuero, pernos, eslab\u00f3n giratorio tratado con Nicoat\u2122, comba para saltar, vendas de mano, tacos de pared, grippers de mano, guante colgante para el coche y llavero con forma de guante.<\/p>\n<p>Plataforma tablero MDF de 600 mm x 18 mm con r\u00f3tula de rodamiento de bolas y pintura impermeable.<br \/>\nSoporte de pared HG-Steel\u2122 con capacidad de recolocaci\u00f3n para regular la altura.<br \/>\nViene con una pera r\u00e1pida de cuero de vaca RDX, guantes de cuero, pernos y eslab\u00f3n giratorio tratado con Nicoat\u2122<br \/>\nTambi\u00e9n incluye una comba de salto, vendas de mano, tacos de pared y grippers de mano.<br \/>\nSe suministra acompa\u00f1ado de un guante para colgar en el coche y un llavero de guante.<\/p>\n","protected":false},"excerpt":{"rendered":"<p>M\u00e1s informaci\u00f3n RDX Set de Pera R\u00e1pida con Plataforma 12 pzas El juego de pera r\u00e1pida de boxeo con plataforma RDX, con patente en tr\u00e1mite, es un paquete incre\u00edble para los luchadores de todo tipo de habilidades. El paquete incluye tablero MDF colgante, soporte de pared HG-Steel\u2122, pera r\u00e1pida de cuero, guantes de cuero, pernos,&#8230;<\/p>\n","protected":false},"featured_media":1302,"comment_status":"open","ping_status":"closed","template":"","meta":{"_kad_post_transparent":"default","_kad_post_title":"","_kad_post_layout":"default","_kad_post_sidebar_id":"","_kad_post_content_style":"default","_kad_post_vertical_padding":"default","_kad_post_feature":"","_kad_post_feature_position":"","_kad_post_header":false,"_kad_post_footer":false,"_kad_post_classname":""},"product_brand":[],"product_cat":[25],"product_tag":[],"class_list":{"0":"post-1301","1":"product","2":"type-product","3":"status-publish","4":"has-post-thumbnail","6":"product_cat-sacos","8":"first","9":"outofstock","10":"sale","11":"shipping-taxable","12":"purchasable","13":"product-type-simple","14":"entry","15":"content-bg","16":"loop-entry"},"yoast_head":"<!-- This site is optimized with the Yoast SEO plugin v27.5 - https:\/\/yoast.com\/product\/yoast-seo-wordpress\/ -->\n<title>Rdx Set De Pera R\u00e1pida Con Plataforma 12 Piezas| Mega Fitness | Tienda<\/title>\n<meta name=\"robots\" content=\"index, follow, max-snippet:-1, max-image-preview:large, max-video-preview:-1\" \/>\n<link rel=\"canonical\" href=\"https:\/\/megafitness.cl\/store\/producto\/rdx-set-de-pera-rapida-con-plataforma-12-piezas\/\" \/>\n<meta property=\"og:locale\" content=\"es_ES\" \/>\n<meta property=\"og:type\" content=\"article\" \/>\n<meta property=\"og:title\" content=\"Rdx Set De Pera R\u00e1pida Con Plataforma 12 Piezas| Mega Fitness | Tienda\" \/>\n<meta property=\"og:description\" content=\"M\u00e1s informaci\u00f3n RDX Set de Pera R\u00e1pida con Plataforma 12 pzas El juego de pera r\u00e1pida de boxeo con plataforma RDX, con patente en tr\u00e1mite, es un paquete incre\u00edble para los luchadores de todo tipo de habilidades. El paquete incluye tablero MDF colgante, soporte de pared HG-Steel\u2122, pera r\u00e1pida de cuero, guantes de cuero, pernos,...\" \/>\n<meta property=\"og:url\" content=\"https:\/\/megafitness.cl\/store\/producto\/rdx-set-de-pera-rapida-con-plataforma-12-piezas\/\" \/>\n<meta property=\"og:site_name\" content=\"Mega Fitness | Tienda\" \/>\n<meta property=\"article:modified_time\" content=\"2023-12-20T20:40:48+00:00\" \/>\n<meta property=\"og:image\" content=\"https:\/\/megafitness.cl\/store\/wp-content\/uploads\/sites\/3\/2023\/12\/rdx-set-de-pera.webp\" \/>\n\t<meta property=\"og:image:width\" content=\"700\" \/>\n\t<meta property=\"og:image:height\" content=\"700\" \/>\n\t<meta property=\"og:image:type\" content=\"image\/webp\" \/>\n<meta name=\"twitter:card\" content=\"summary_large_image\" \/>\n<meta name=\"twitter:label1\" content=\"Tiempo de lectura\" \/>\n\t<meta name=\"twitter:data1\" content=\"1 minuto\" \/>\n<script type=\"application\/ld+json\" class=\"yoast-schema-graph\">{\"@context\":\"https:\\\/\\\/schema.org\",\"@graph\":[{\"@type\":[\"WebPage\",\"ItemPage\"],\"@id\":\"https:\\\/\\\/megafitness.cl\\\/store\\\/producto\\\/rdx-set-de-pera-rapida-con-plataforma-12-piezas\\\/\",\"url\":\"https:\\\/\\\/megafitness.cl\\\/store\\\/producto\\\/rdx-set-de-pera-rapida-con-plataforma-12-piezas\\\/\",\"name\":\"Rdx Set De Pera R\u00e1pida Con Plataforma 12 Piezas| Mega Fitness | Tienda\",\"isPartOf\":{\"@id\":\"https:\\\/\\\/megafitness.cl\\\/store\\\/#website\"},\"primaryImageOfPage\":{\"@id\":\"https:\\\/\\\/megafitness.cl\\\/store\\\/producto\\\/rdx-set-de-pera-rapida-con-plataforma-12-piezas\\\/#primaryimage\"},\"image\":{\"@id\":\"https:\\\/\\\/megafitness.cl\\\/store\\\/producto\\\/rdx-set-de-pera-rapida-con-plataforma-12-piezas\\\/#primaryimage\"},\"thumbnailUrl\":\"https:\\\/\\\/megafitness.cl\\\/store\\\/wp-content\\\/uploads\\\/sites\\\/3\\\/2023\\\/12\\\/rdx-set-de-pera.webp\",\"datePublished\":\"2023-12-18T07:43:09+00:00\",\"dateModified\":\"2023-12-20T20:40:48+00:00\",\"breadcrumb\":{\"@id\":\"https:\\\/\\\/megafitness.cl\\\/store\\\/producto\\\/rdx-set-de-pera-rapida-con-plataforma-12-piezas\\\/#breadcrumb\"},\"inLanguage\":\"es\",\"potentialAction\":[{\"@type\":\"ReadAction\",\"target\":[\"https:\\\/\\\/megafitness.cl\\\/store\\\/producto\\\/rdx-set-de-pera-rapida-con-plataforma-12-piezas\\\/\"]}]},{\"@type\":\"ImageObject\",\"inLanguage\":\"es\",\"@id\":\"https:\\\/\\\/megafitness.cl\\\/store\\\/producto\\\/rdx-set-de-pera-rapida-con-plataforma-12-piezas\\\/#primaryimage\",\"url\":\"https:\\\/\\\/megafitness.cl\\\/store\\\/wp-content\\\/uploads\\\/sites\\\/3\\\/2023\\\/12\\\/rdx-set-de-pera.webp\",\"contentUrl\":\"https:\\\/\\\/megafitness.cl\\\/store\\\/wp-content\\\/uploads\\\/sites\\\/3\\\/2023\\\/12\\\/rdx-set-de-pera.webp\",\"width\":700,\"height\":700},{\"@type\":\"BreadcrumbList\",\"@id\":\"https:\\\/\\\/megafitness.cl\\\/store\\\/producto\\\/rdx-set-de-pera-rapida-con-plataforma-12-piezas\\\/#breadcrumb\",\"itemListElement\":[{\"@type\":\"ListItem\",\"position\":1,\"name\":\"Portada\",\"item\":\"https:\\\/\\\/megafitness.cl\\\/store\\\/\"},{\"@type\":\"ListItem\",\"position\":2,\"name\":\"Shop\",\"item\":\"https:\\\/\\\/megafitness.cl\\\/store\\\/shop\\\/\"},{\"@type\":\"ListItem\",\"position\":3,\"name\":\"Rdx Set De Pera R\u00e1pida Con Plataforma 12 Piezas\"}]},{\"@type\":\"WebSite\",\"@id\":\"https:\\\/\\\/megafitness.cl\\\/store\\\/#website\",\"url\":\"https:\\\/\\\/megafitness.cl\\\/store\\\/\",\"name\":\"Mega Fitness | Tienda\",\"description\":\"Tu Gimnasio en Providencia\",\"publisher\":{\"@id\":\"https:\\\/\\\/megafitness.cl\\\/store\\\/#organization\"},\"potentialAction\":[{\"@type\":\"SearchAction\",\"target\":{\"@type\":\"EntryPoint\",\"urlTemplate\":\"https:\\\/\\\/megafitness.cl\\\/store\\\/?s={search_term_string}\"},\"query-input\":{\"@type\":\"PropertyValueSpecification\",\"valueRequired\":true,\"valueName\":\"search_term_string\"}}],\"inLanguage\":\"es\"},{\"@type\":\"Organization\",\"@id\":\"https:\\\/\\\/megafitness.cl\\\/store\\\/#organization\",\"name\":\"Mega Fitness | Tienda\",\"url\":\"https:\\\/\\\/megafitness.cl\\\/store\\\/\",\"logo\":{\"@type\":\"ImageObject\",\"inLanguage\":\"es\",\"@id\":\"https:\\\/\\\/megafitness.cl\\\/store\\\/#\\\/schema\\\/logo\\\/image\\\/\",\"url\":\"https:\\\/\\\/megafitness.cl\\\/store\\\/wp-content\\\/uploads\\\/sites\\\/3\\\/2024\\\/08\\\/megafitnessLogo1Simple.svg\",\"contentUrl\":\"https:\\\/\\\/megafitness.cl\\\/store\\\/wp-content\\\/uploads\\\/sites\\\/3\\\/2024\\\/08\\\/megafitnessLogo1Simple.svg\",\"width\":197,\"height\":27,\"caption\":\"Mega Fitness | Tienda\"},\"image\":{\"@id\":\"https:\\\/\\\/megafitness.cl\\\/store\\\/#\\\/schema\\\/logo\\\/image\\\/\"}}]}<\/script>\n<!-- \/ Yoast SEO plugin. -->","yoast_head_json":{"title":"Rdx Set De Pera R\u00e1pida Con Plataforma 12 Piezas| Mega Fitness | Tienda","robots":{"index":"index","follow":"follow","max-snippet":"max-snippet:-1","max-image-preview":"max-image-preview:large","max-video-preview":"max-video-preview:-1"},"canonical":"https:\/\/megafitness.cl\/store\/producto\/rdx-set-de-pera-rapida-con-plataforma-12-piezas\/","og_locale":"es_ES","og_type":"article","og_title":"Rdx Set De Pera R\u00e1pida Con Plataforma 12 Piezas| Mega Fitness | Tienda","og_description":"M\u00e1s informaci\u00f3n RDX Set de Pera R\u00e1pida con Plataforma 12 pzas El juego de pera r\u00e1pida de boxeo con plataforma RDX, con patente en tr\u00e1mite, es un paquete incre\u00edble para los luchadores de todo tipo de habilidades. El paquete incluye tablero MDF colgante, soporte de pared HG-Steel\u2122, pera r\u00e1pida de cuero, guantes de cuero, pernos,...","og_url":"https:\/\/megafitness.cl\/store\/producto\/rdx-set-de-pera-rapida-con-plataforma-12-piezas\/","og_site_name":"Mega Fitness | Tienda","article_modified_time":"2023-12-20T20:40:48+00:00","og_image":[{"width":700,"height":700,"url":"https:\/\/megafitness.cl\/store\/wp-content\/uploads\/sites\/3\/2023\/12\/rdx-set-de-pera.webp","type":"image\/webp"}],"twitter_card":"summary_large_image","twitter_misc":{"Tiempo de lectura":"1 minuto"},"schema":{"@context":"https:\/\/schema.org","@graph":[{"@type":["WebPage","ItemPage"],"@id":"https:\/\/megafitness.cl\/store\/producto\/rdx-set-de-pera-rapida-con-plataforma-12-piezas\/","url":"https:\/\/megafitness.cl\/store\/producto\/rdx-set-de-pera-rapida-con-plataforma-12-piezas\/","name":"Rdx Set De Pera R\u00e1pida Con Plataforma 12 Piezas| Mega Fitness | Tienda","isPartOf":{"@id":"https:\/\/megafitness.cl\/store\/#website"},"primaryImageOfPage":{"@id":"https:\/\/megafitness.cl\/store\/producto\/rdx-set-de-pera-rapida-con-plataforma-12-piezas\/#primaryimage"},"image":{"@id":"https:\/\/megafitness.cl\/store\/producto\/rdx-set-de-pera-rapida-con-plataforma-12-piezas\/#primaryimage"},"thumbnailUrl":"https:\/\/megafitness.cl\/store\/wp-content\/uploads\/sites\/3\/2023\/12\/rdx-set-de-pera.webp","datePublished":"2023-12-18T07:43:09+00:00","dateModified":"2023-12-20T20:40:48+00:00","breadcrumb":{"@id":"https:\/\/megafitness.cl\/store\/producto\/rdx-set-de-pera-rapida-con-plataforma-12-piezas\/#breadcrumb"},"inLanguage":"es","potentialAction":[{"@type":"ReadAction","target":["https:\/\/megafitness.cl\/store\/producto\/rdx-set-de-pera-rapida-con-plataforma-12-piezas\/"]}]},{"@type":"ImageObject","inLanguage":"es","@id":"https:\/\/megafitness.cl\/store\/producto\/rdx-set-de-pera-rapida-con-plataforma-12-piezas\/#primaryimage","url":"https:\/\/megafitness.cl\/store\/wp-content\/uploads\/sites\/3\/2023\/12\/rdx-set-de-pera.webp","contentUrl":"https:\/\/megafitness.cl\/store\/wp-content\/uploads\/sites\/3\/2023\/12\/rdx-set-de-pera.webp","width":700,"height":700},{"@type":"BreadcrumbList","@id":"https:\/\/megafitness.cl\/store\/producto\/rdx-set-de-pera-rapida-con-plataforma-12-piezas\/#breadcrumb","itemListElement":[{"@type":"ListItem","position":1,"name":"Portada","item":"https:\/\/megafitness.cl\/store\/"},{"@type":"ListItem","position":2,"name":"Shop","item":"https:\/\/megafitness.cl\/store\/shop\/"},{"@type":"ListItem","position":3,"name":"Rdx Set De Pera R\u00e1pida Con Plataforma 12 Piezas"}]},{"@type":"WebSite","@id":"https:\/\/megafitness.cl\/store\/#website","url":"https:\/\/megafitness.cl\/store\/","name":"Mega Fitness | Tienda","description":"Tu Gimnasio en Providencia","publisher":{"@id":"https:\/\/megafitness.cl\/store\/#organization"},"potentialAction":[{"@type":"SearchAction","target":{"@type":"EntryPoint","urlTemplate":"https:\/\/megafitness.cl\/store\/?s={search_term_string}"},"query-input":{"@type":"PropertyValueSpecification","valueRequired":true,"valueName":"search_term_string"}}],"inLanguage":"es"},{"@type":"Organization","@id":"https:\/\/megafitness.cl\/store\/#organization","name":"Mega Fitness | Tienda","url":"https:\/\/megafitness.cl\/store\/","logo":{"@type":"ImageObject","inLanguage":"es","@id":"https:\/\/megafitness.cl\/store\/#\/schema\/logo\/image\/","url":"https:\/\/megafitness.cl\/store\/wp-content\/uploads\/sites\/3\/2024\/08\/megafitnessLogo1Simple.svg","contentUrl":"https:\/\/megafitness.cl\/store\/wp-content\/uploads\/sites\/3\/2024\/08\/megafitnessLogo1Simple.svg","width":197,"height":27,"caption":"Mega Fitness | Tienda"},"image":{"@id":"https:\/\/megafitness.cl\/store\/#\/schema\/logo\/image\/"}}]}},"_links":{"self":[{"href":"https:\/\/megafitness.cl\/store\/wp-json\/wp\/v2\/product\/1301","targetHints":{"allow":["GET"]}}],"collection":[{"href":"https:\/\/megafitness.cl\/store\/wp-json\/wp\/v2\/product"}],"about":[{"href":"https:\/\/megafitness.cl\/store\/wp-json\/wp\/v2\/types\/product"}],"replies":[{"embeddable":true,"href":"https:\/\/megafitness.cl\/store\/wp-json\/wp\/v2\/comments?post=1301"}],"wp:featuredmedia":[{"embeddable":true,"href":"https:\/\/megafitness.cl\/store\/wp-json\/wp\/v2\/media\/1302"}],"wp:attachment":[{"href":"https:\/\/megafitness.cl\/store\/wp-json\/wp\/v2\/media?parent=1301"}],"wp:term":[{"taxonomy":"product_brand","embeddable":true,"href":"https:\/\/megafitness.cl\/store\/wp-json\/wp\/v2\/product_brand?post=1301"},{"taxonomy":"product_cat","embeddable":true,"href":"https:\/\/megafitness.cl\/store\/wp-json\/wp\/v2\/product_cat?post=1301"},{"taxonomy":"product_tag","embeddable":true,"href":"https:\/\/megafitness.cl\/store\/wp-json\/wp\/v2\/product_tag?post=1301"}],"curies":[{"name":"wp","href":"https:\/\/api.w.org\/{rel}","templated":true}]}}