{"id":1313,"date":"2023-12-18T08:57:51","date_gmt":"2023-12-18T07:57:51","guid":{"rendered":"https:\/\/megafitness.cl\/store\/?post_type=product&#038;p=1313"},"modified":"2023-12-18T12:21:46","modified_gmt":"2023-12-18T11:21:46","slug":"super-bandas-loops-elasticas-de-latex-resistencia-6-verde","status":"publish","type":"product","link":"https:\/\/megafitness.cl\/store\/producto\/super-bandas-loops-elasticas-de-latex-resistencia-6-verde\/","title":{"rendered":"S\u00faper Bandas Loops El\u00e1sticas de L\u00e1tex \u2013 Resistencia 6 Verde"},"content":{"rendered":"<p>Las bandas de resistencia, pueden formar parte de tu ejercicio durante el viaje o a\u00f1adir variedad a sus bandas habituales de resistencia. Loop puede ser utilizado para entrenamiento de velocidad y agilidad, crossfit, ejercicios de peso corporal, entrenamiento Strongman y tambi\u00e9n para el estiramientos.<\/p>\n<p>La resistencia se siente diferente? Cuando se utiliza pesas, la gravedad decide de donde viene el peso, por lo que se obtiene una mayor resistencia durante una parte del movimiento (como el repunte de un curl de b\u00edceps) que el otro (la recesi\u00f3n). Con bandas, la tensi\u00f3n es constante, lo que hace que se sienta m\u00e1s dif\u00edcil.<\/p>\n<p>Sepa c\u00f3mo usarlos. Puede ser confuso tratar de encontrar la manera de utilizar una banda. Tenga en cuenta que usted puede realizar los mismos ejercicios como lo hace con los pesos libres \u2013 la diferencia radica en el posicionamiento de la banda. Por ejemplo, usted puede estar parado en la banda y agarre las asas para flexiones de b\u00edceps o prensas de arriba. Usted puede adjuntar a una puerta y hacer jalones o pushdowns tr\u00edceps lat. Usted puede envolver la banda alrededor de un poste de ejercicios de pecho o rotaciones de hombro.<\/p>\n<p>Caracter\u00edsticas:<br \/>\n\u2013 Perfecto para agregar resistencia a los ejercicios de peso corporal.<br \/>\n\u2013 Aumenta la movilidad, la fuerza y el equilibrio muscular.<br \/>\n\u2013 Se utiliza para todo, desde levantamiento de pesas, hasta movilidad muscular, rehabilitaci\u00f3n y ejercicios de progresi\u00f3n.<br \/>\n\u2013 Combine las bandas de resistencia para un entrenamiento m\u00e1s eficiente. La combinaci\u00f3n de bandas le ofrece m\u00faltiples niveles de asistencia.<br \/>\n\u2013 S\u00faper Banda Resistencia 6 \u2013 2 MT Largo x 0,177 x 1,75\u2033 Verde (Fuerza 50 \u2013 125 Libras).<\/p>\n","protected":false},"excerpt":{"rendered":"<p>Cuando se trata de entrenamiento de la fuerza, la mayor\u00eda de nosotros se adhieren a las pesas y m\u00e1quinas habituales o que pueden aventurarse a las m\u00e1quinas de cable o de movimiento libre en el gimnasio. Lo que no se ve mucho es el trabajo con bandas de resistencia.<\/p>\n","protected":false},"featured_media":1314,"comment_status":"open","ping_status":"closed","template":"","meta":{"_kad_post_transparent":"default","_kad_post_title":"","_kad_post_layout":"default","_kad_post_sidebar_id":"","_kad_post_content_style":"default","_kad_post_vertical_padding":"default","_kad_post_feature":"","_kad_post_feature_position":"","_kad_post_header":false,"_kad_post_footer":false,"_kad_post_classname":""},"product_brand":[],"product_cat":[29],"product_tag":[],"class_list":{"0":"post-1313","1":"product","2":"type-product","3":"status-publish","4":"has-post-thumbnail","6":"product_cat-otros","8":"first","9":"instock","10":"shipping-taxable","11":"purchasable","12":"product-type-simple","13":"entry","14":"content-bg","15":"loop-entry"},"yoast_head":"<!-- This site is optimized with the Yoast SEO plugin v27.5 - https:\/\/yoast.com\/product\/yoast-seo-wordpress\/ -->\n<title>S\u00faper Bandas Loops El\u00e1sticas de L\u00e1tex \u2013 Resistencia 6 Verde| Mega Fitness | Tienda<\/title>\n<meta name=\"robots\" content=\"index, follow, max-snippet:-1, max-image-preview:large, max-video-preview:-1\" \/>\n<link rel=\"canonical\" href=\"https:\/\/megafitness.cl\/store\/producto\/super-bandas-loops-elasticas-de-latex-resistencia-6-verde\/\" \/>\n<meta property=\"og:locale\" content=\"es_ES\" \/>\n<meta property=\"og:type\" content=\"article\" \/>\n<meta property=\"og:title\" content=\"S\u00faper Bandas Loops El\u00e1sticas de L\u00e1tex \u2013 Resistencia 6 Verde| Mega Fitness | Tienda\" \/>\n<meta property=\"og:description\" content=\"Cuando se trata de entrenamiento de la fuerza, la mayor\u00eda de nosotros se adhieren a las pesas y m\u00e1quinas habituales o que pueden aventurarse a las m\u00e1quinas de cable o de movimiento libre en el gimnasio. Lo que no se ve mucho es el trabajo con bandas de resistencia.\" \/>\n<meta property=\"og:url\" content=\"https:\/\/megafitness.cl\/store\/producto\/super-bandas-loops-elasticas-de-latex-resistencia-6-verde\/\" \/>\n<meta property=\"og:site_name\" content=\"Mega Fitness | Tienda\" \/>\n<meta property=\"article:modified_time\" content=\"2023-12-18T11:21:46+00:00\" \/>\n<meta property=\"og:image\" content=\"https:\/\/megafitness.cl\/store\/wp-content\/uploads\/sites\/3\/2023\/12\/banda-verde.webp\" \/>\n\t<meta property=\"og:image:width\" content=\"1600\" \/>\n\t<meta property=\"og:image:height\" content=\"1600\" \/>\n\t<meta property=\"og:image:type\" content=\"image\/webp\" \/>\n<meta name=\"twitter:card\" content=\"summary_large_image\" \/>\n<meta name=\"twitter:label1\" content=\"Tiempo de lectura\" \/>\n\t<meta name=\"twitter:data1\" content=\"2 minutos\" \/>\n<script type=\"application\/ld+json\" class=\"yoast-schema-graph\">{\"@context\":\"https:\\\/\\\/schema.org\",\"@graph\":[{\"@type\":[\"WebPage\",\"ItemPage\"],\"@id\":\"https:\\\/\\\/megafitness.cl\\\/store\\\/producto\\\/super-bandas-loops-elasticas-de-latex-resistencia-6-verde\\\/\",\"url\":\"https:\\\/\\\/megafitness.cl\\\/store\\\/producto\\\/super-bandas-loops-elasticas-de-latex-resistencia-6-verde\\\/\",\"name\":\"S\u00faper Bandas Loops El\u00e1sticas de L\u00e1tex \u2013 Resistencia 6 Verde| Mega Fitness | Tienda\",\"isPartOf\":{\"@id\":\"https:\\\/\\\/megafitness.cl\\\/store\\\/#website\"},\"primaryImageOfPage\":{\"@id\":\"https:\\\/\\\/megafitness.cl\\\/store\\\/producto\\\/super-bandas-loops-elasticas-de-latex-resistencia-6-verde\\\/#primaryimage\"},\"image\":{\"@id\":\"https:\\\/\\\/megafitness.cl\\\/store\\\/producto\\\/super-bandas-loops-elasticas-de-latex-resistencia-6-verde\\\/#primaryimage\"},\"thumbnailUrl\":\"https:\\\/\\\/megafitness.cl\\\/store\\\/wp-content\\\/uploads\\\/sites\\\/3\\\/2023\\\/12\\\/banda-verde.webp\",\"datePublished\":\"2023-12-18T07:57:51+00:00\",\"dateModified\":\"2023-12-18T11:21:46+00:00\",\"breadcrumb\":{\"@id\":\"https:\\\/\\\/megafitness.cl\\\/store\\\/producto\\\/super-bandas-loops-elasticas-de-latex-resistencia-6-verde\\\/#breadcrumb\"},\"inLanguage\":\"es\",\"potentialAction\":[{\"@type\":\"ReadAction\",\"target\":[\"https:\\\/\\\/megafitness.cl\\\/store\\\/producto\\\/super-bandas-loops-elasticas-de-latex-resistencia-6-verde\\\/\"]}]},{\"@type\":\"ImageObject\",\"inLanguage\":\"es\",\"@id\":\"https:\\\/\\\/megafitness.cl\\\/store\\\/producto\\\/super-bandas-loops-elasticas-de-latex-resistencia-6-verde\\\/#primaryimage\",\"url\":\"https:\\\/\\\/megafitness.cl\\\/store\\\/wp-content\\\/uploads\\\/sites\\\/3\\\/2023\\\/12\\\/banda-verde.webp\",\"contentUrl\":\"https:\\\/\\\/megafitness.cl\\\/store\\\/wp-content\\\/uploads\\\/sites\\\/3\\\/2023\\\/12\\\/banda-verde.webp\",\"width\":1600,\"height\":1600},{\"@type\":\"BreadcrumbList\",\"@id\":\"https:\\\/\\\/megafitness.cl\\\/store\\\/producto\\\/super-bandas-loops-elasticas-de-latex-resistencia-6-verde\\\/#breadcrumb\",\"itemListElement\":[{\"@type\":\"ListItem\",\"position\":1,\"name\":\"Portada\",\"item\":\"https:\\\/\\\/megafitness.cl\\\/store\\\/\"},{\"@type\":\"ListItem\",\"position\":2,\"name\":\"Shop\",\"item\":\"https:\\\/\\\/megafitness.cl\\\/store\\\/shop\\\/\"},{\"@type\":\"ListItem\",\"position\":3,\"name\":\"S\u00faper Bandas Loops El\u00e1sticas de L\u00e1tex \u2013 Resistencia 6 Verde\"}]},{\"@type\":\"WebSite\",\"@id\":\"https:\\\/\\\/megafitness.cl\\\/store\\\/#website\",\"url\":\"https:\\\/\\\/megafitness.cl\\\/store\\\/\",\"name\":\"Mega Fitness | Tienda\",\"description\":\"Tu Gimnasio en Providencia\",\"publisher\":{\"@id\":\"https:\\\/\\\/megafitness.cl\\\/store\\\/#organization\"},\"potentialAction\":[{\"@type\":\"SearchAction\",\"target\":{\"@type\":\"EntryPoint\",\"urlTemplate\":\"https:\\\/\\\/megafitness.cl\\\/store\\\/?s={search_term_string}\"},\"query-input\":{\"@type\":\"PropertyValueSpecification\",\"valueRequired\":true,\"valueName\":\"search_term_string\"}}],\"inLanguage\":\"es\"},{\"@type\":\"Organization\",\"@id\":\"https:\\\/\\\/megafitness.cl\\\/store\\\/#organization\",\"name\":\"Mega Fitness | Tienda\",\"url\":\"https:\\\/\\\/megafitness.cl\\\/store\\\/\",\"logo\":{\"@type\":\"ImageObject\",\"inLanguage\":\"es\",\"@id\":\"https:\\\/\\\/megafitness.cl\\\/store\\\/#\\\/schema\\\/logo\\\/image\\\/\",\"url\":\"https:\\\/\\\/megafitness.cl\\\/store\\\/wp-content\\\/uploads\\\/sites\\\/3\\\/2024\\\/08\\\/megafitnessLogo1Simple.svg\",\"contentUrl\":\"https:\\\/\\\/megafitness.cl\\\/store\\\/wp-content\\\/uploads\\\/sites\\\/3\\\/2024\\\/08\\\/megafitnessLogo1Simple.svg\",\"width\":197,\"height\":27,\"caption\":\"Mega Fitness | Tienda\"},\"image\":{\"@id\":\"https:\\\/\\\/megafitness.cl\\\/store\\\/#\\\/schema\\\/logo\\\/image\\\/\"}}]}<\/script>\n<!-- \/ Yoast SEO plugin. -->","yoast_head_json":{"title":"S\u00faper Bandas Loops El\u00e1sticas de L\u00e1tex \u2013 Resistencia 6 Verde| Mega Fitness | Tienda","robots":{"index":"index","follow":"follow","max-snippet":"max-snippet:-1","max-image-preview":"max-image-preview:large","max-video-preview":"max-video-preview:-1"},"canonical":"https:\/\/megafitness.cl\/store\/producto\/super-bandas-loops-elasticas-de-latex-resistencia-6-verde\/","og_locale":"es_ES","og_type":"article","og_title":"S\u00faper Bandas Loops El\u00e1sticas de L\u00e1tex \u2013 Resistencia 6 Verde| Mega Fitness | Tienda","og_description":"Cuando se trata de entrenamiento de la fuerza, la mayor\u00eda de nosotros se adhieren a las pesas y m\u00e1quinas habituales o que pueden aventurarse a las m\u00e1quinas de cable o de movimiento libre en el gimnasio. Lo que no se ve mucho es el trabajo con bandas de resistencia.","og_url":"https:\/\/megafitness.cl\/store\/producto\/super-bandas-loops-elasticas-de-latex-resistencia-6-verde\/","og_site_name":"Mega Fitness | Tienda","article_modified_time":"2023-12-18T11:21:46+00:00","og_image":[{"width":1600,"height":1600,"url":"https:\/\/megafitness.cl\/store\/wp-content\/uploads\/sites\/3\/2023\/12\/banda-verde.webp","type":"image\/webp"}],"twitter_card":"summary_large_image","twitter_misc":{"Tiempo de lectura":"2 minutos"},"schema":{"@context":"https:\/\/schema.org","@graph":[{"@type":["WebPage","ItemPage"],"@id":"https:\/\/megafitness.cl\/store\/producto\/super-bandas-loops-elasticas-de-latex-resistencia-6-verde\/","url":"https:\/\/megafitness.cl\/store\/producto\/super-bandas-loops-elasticas-de-latex-resistencia-6-verde\/","name":"S\u00faper Bandas Loops El\u00e1sticas de L\u00e1tex \u2013 Resistencia 6 Verde| Mega Fitness | Tienda","isPartOf":{"@id":"https:\/\/megafitness.cl\/store\/#website"},"primaryImageOfPage":{"@id":"https:\/\/megafitness.cl\/store\/producto\/super-bandas-loops-elasticas-de-latex-resistencia-6-verde\/#primaryimage"},"image":{"@id":"https:\/\/megafitness.cl\/store\/producto\/super-bandas-loops-elasticas-de-latex-resistencia-6-verde\/#primaryimage"},"thumbnailUrl":"https:\/\/megafitness.cl\/store\/wp-content\/uploads\/sites\/3\/2023\/12\/banda-verde.webp","datePublished":"2023-12-18T07:57:51+00:00","dateModified":"2023-12-18T11:21:46+00:00","breadcrumb":{"@id":"https:\/\/megafitness.cl\/store\/producto\/super-bandas-loops-elasticas-de-latex-resistencia-6-verde\/#breadcrumb"},"inLanguage":"es","potentialAction":[{"@type":"ReadAction","target":["https:\/\/megafitness.cl\/store\/producto\/super-bandas-loops-elasticas-de-latex-resistencia-6-verde\/"]}]},{"@type":"ImageObject","inLanguage":"es","@id":"https:\/\/megafitness.cl\/store\/producto\/super-bandas-loops-elasticas-de-latex-resistencia-6-verde\/#primaryimage","url":"https:\/\/megafitness.cl\/store\/wp-content\/uploads\/sites\/3\/2023\/12\/banda-verde.webp","contentUrl":"https:\/\/megafitness.cl\/store\/wp-content\/uploads\/sites\/3\/2023\/12\/banda-verde.webp","width":1600,"height":1600},{"@type":"BreadcrumbList","@id":"https:\/\/megafitness.cl\/store\/producto\/super-bandas-loops-elasticas-de-latex-resistencia-6-verde\/#breadcrumb","itemListElement":[{"@type":"ListItem","position":1,"name":"Portada","item":"https:\/\/megafitness.cl\/store\/"},{"@type":"ListItem","position":2,"name":"Shop","item":"https:\/\/megafitness.cl\/store\/shop\/"},{"@type":"ListItem","position":3,"name":"S\u00faper Bandas Loops El\u00e1sticas de L\u00e1tex \u2013 Resistencia 6 Verde"}]},{"@type":"WebSite","@id":"https:\/\/megafitness.cl\/store\/#website","url":"https:\/\/megafitness.cl\/store\/","name":"Mega Fitness | Tienda","description":"Tu Gimnasio en Providencia","publisher":{"@id":"https:\/\/megafitness.cl\/store\/#organization"},"potentialAction":[{"@type":"SearchAction","target":{"@type":"EntryPoint","urlTemplate":"https:\/\/megafitness.cl\/store\/?s={search_term_string}"},"query-input":{"@type":"PropertyValueSpecification","valueRequired":true,"valueName":"search_term_string"}}],"inLanguage":"es"},{"@type":"Organization","@id":"https:\/\/megafitness.cl\/store\/#organization","name":"Mega Fitness | Tienda","url":"https:\/\/megafitness.cl\/store\/","logo":{"@type":"ImageObject","inLanguage":"es","@id":"https:\/\/megafitness.cl\/store\/#\/schema\/logo\/image\/","url":"https:\/\/megafitness.cl\/store\/wp-content\/uploads\/sites\/3\/2024\/08\/megafitnessLogo1Simple.svg","contentUrl":"https:\/\/megafitness.cl\/store\/wp-content\/uploads\/sites\/3\/2024\/08\/megafitnessLogo1Simple.svg","width":197,"height":27,"caption":"Mega Fitness | Tienda"},"image":{"@id":"https:\/\/megafitness.cl\/store\/#\/schema\/logo\/image\/"}}]}},"_links":{"self":[{"href":"https:\/\/megafitness.cl\/store\/wp-json\/wp\/v2\/product\/1313","targetHints":{"allow":["GET"]}}],"collection":[{"href":"https:\/\/megafitness.cl\/store\/wp-json\/wp\/v2\/product"}],"about":[{"href":"https:\/\/megafitness.cl\/store\/wp-json\/wp\/v2\/types\/product"}],"replies":[{"embeddable":true,"href":"https:\/\/megafitness.cl\/store\/wp-json\/wp\/v2\/comments?post=1313"}],"wp:featuredmedia":[{"embeddable":true,"href":"https:\/\/megafitness.cl\/store\/wp-json\/wp\/v2\/media\/1314"}],"wp:attachment":[{"href":"https:\/\/megafitness.cl\/store\/wp-json\/wp\/v2\/media?parent=1313"}],"wp:term":[{"taxonomy":"product_brand","embeddable":true,"href":"https:\/\/megafitness.cl\/store\/wp-json\/wp\/v2\/product_brand?post=1313"},{"taxonomy":"product_cat","embeddable":true,"href":"https:\/\/megafitness.cl\/store\/wp-json\/wp\/v2\/product_cat?post=1313"},{"taxonomy":"product_tag","embeddable":true,"href":"https:\/\/megafitness.cl\/store\/wp-json\/wp\/v2\/product_tag?post=1313"}],"curies":[{"name":"wp","href":"https:\/\/api.w.org\/{rel}","templated":true}]}}