{"id":1319,"date":"2023-12-18T09:10:54","date_gmt":"2023-12-18T08:10:54","guid":{"rendered":"https:\/\/megafitness.cl\/store\/?post_type=product&#038;p=1319"},"modified":"2025-06-05T22:51:03","modified_gmt":"2025-06-05T20:51:03","slug":"mancuernas-redondas-pu","status":"publish","type":"product","link":"https:\/\/megafitness.cl\/store\/producto\/mancuernas-redondas-pu\/","title":{"rendered":"Mancuernas Redondas PU"},"content":{"rendered":"<p>Caracter\u00edsticas:<br \/>\n\u2013 Material PU para entornos comerciales, alto tr\u00e1fico y rendimiento.<br \/>\n\u2013 N\u00fameros de peso grandes y f\u00e1cilmente identificables.<br \/>\n\u2013 Inoloro \u2013 PU. Ultra resistente.<br \/>\n\u2013 El poliuretano rebota menos que el caucho si se cae.<br \/>\n\u2013 El PU no se rompe, no se deshace ni se muele con el tiempo.<br \/>\n\u2013 Resistente a climas extremos de fr\u00edo y calor.<br \/>\n\u2013 Excelente resistencia al ox\u00edgeno, el ozono, la luz solar y las condiciones clim\u00e1ticas en general.<br \/>\n\u2013 Propiedades de reducci\u00f3n de ruido.<\/p>\n<p>\u00bfPor qu\u00e9 el poliuretano es mejor que el acero y el caucho?<br \/>\n\u2013 Es resistente a la abrasi\u00f3n, las piezas hechas de poliuretano con frecuencia superan a otros materiales cuando la abrasi\u00f3n severa es un factor.<br \/>\n\u2013 Se ha demostrado que es muy superior a los pl\u00e1sticos y metales de caucho en muchas aplicaciones.<br \/>\n\u2013 Es resistente a aceites y solventes, grasas y gasolina.<\/p>\n<p>Capacidad de carga<br \/>\nEl poliuretano tiene una mayor capacidad de carga que cualquier goma convencional. Debido a esta caracter\u00edstica, es un material ideal para acoplamientos pesados, de ruedas de carga, almohadillas de conformado de metal, almohadillas de choque, juntas de expansi\u00f3n y montajes de maquinaria.<\/p>\n<p>La resistencia al desgarro oscila entre 500-100 lbs \/ pulgada lineal, que es muy superior a las gomas. Como resultado, el uretano se usa a menudo como correas de transmisi\u00f3n, diafragmas, cubiertas de rollos, almohadillas de corte, juntas y revestimientos de tolva.<\/p>\n<p>Flex-Life<br \/>\nLa mayor\u00eda de las formulaciones ofrecen una vida \u00fatil extremadamente alta y se puede esperar que duren m\u00e1s que otros materiales de elast\u00f3mero.<\/p>\n","protected":false},"excerpt":{"rendered":"<p>Caracter\u00edsticas: \u2013 Material PU para entornos comerciales, alto tr\u00e1fico y rendimiento. \u2013 N\u00fameros de peso grandes y f\u00e1cilmente identificables. \u2013 Inoloro \u2013 PU. Ultra resistente. \u2013 El poliuretano rebota menos que el caucho si se cae. \u2013 El PU no se rompe, no se deshace ni se muele con el tiempo. \u2013 Resistente a climas&#8230;<\/p>\n","protected":false},"featured_media":1320,"comment_status":"open","ping_status":"closed","template":"","meta":{"_kad_post_transparent":"default","_kad_post_title":"","_kad_post_layout":"default","_kad_post_sidebar_id":"","_kad_post_content_style":"default","_kad_post_vertical_padding":"default","_kad_post_feature":"","_kad_post_feature_position":"","_kad_post_header":false,"_kad_post_footer":false,"_kad_post_classname":""},"product_brand":[],"product_cat":[26],"product_tag":[],"class_list":{"0":"post-1319","1":"product","2":"type-product","3":"status-publish","4":"has-post-thumbnail","6":"product_cat-pesas","8":"first","9":"instock","10":"shipping-taxable","11":"purchasable","12":"product-type-variable","13":"entry","14":"content-bg","15":"loop-entry"},"yoast_head":"<!-- This site is optimized with the Yoast SEO plugin v27.5 - https:\/\/yoast.com\/product\/yoast-seo-wordpress\/ -->\n<title>Mancuernas Redondas PU | Mega Fitness | Tienda<\/title>\n<meta name=\"robots\" content=\"index, follow, max-snippet:-1, max-image-preview:large, max-video-preview:-1\" \/>\n<link rel=\"canonical\" href=\"https:\/\/megafitness.cl\/store\/producto\/mancuernas-redondas-pu\/\" \/>\n<meta property=\"og:locale\" content=\"es_ES\" \/>\n<meta property=\"og:type\" content=\"article\" \/>\n<meta property=\"og:title\" content=\"Mancuernas Redondas PU | Mega Fitness | Tienda\" \/>\n<meta property=\"og:description\" content=\"Caracter\u00edsticas: \u2013 Material PU para entornos comerciales, alto tr\u00e1fico y rendimiento. \u2013 N\u00fameros de peso grandes y f\u00e1cilmente identificables. \u2013 Inoloro \u2013 PU. Ultra resistente. \u2013 El poliuretano rebota menos que el caucho si se cae. \u2013 El PU no se rompe, no se deshace ni se muele con el tiempo. \u2013 Resistente a climas...\" \/>\n<meta property=\"og:url\" content=\"https:\/\/megafitness.cl\/store\/producto\/mancuernas-redondas-pu\/\" \/>\n<meta property=\"og:site_name\" content=\"Mega Fitness | Tienda\" \/>\n<meta property=\"article:modified_time\" content=\"2025-06-05T20:51:03+00:00\" \/>\n<meta property=\"og:image\" content=\"https:\/\/megafitness.cl\/store\/wp-content\/uploads\/sites\/3\/2023\/12\/pesas.webp\" \/>\n\t<meta property=\"og:image:width\" content=\"1080\" \/>\n\t<meta property=\"og:image:height\" content=\"1080\" \/>\n\t<meta property=\"og:image:type\" content=\"image\/webp\" \/>\n<meta name=\"twitter:card\" content=\"summary_large_image\" \/>\n<meta name=\"twitter:label1\" content=\"Tiempo de lectura\" \/>\n\t<meta name=\"twitter:data1\" content=\"2 minutos\" \/>\n<script type=\"application\/ld+json\" class=\"yoast-schema-graph\">{\"@context\":\"https:\\\/\\\/schema.org\",\"@graph\":[{\"@type\":[\"WebPage\",\"ItemPage\"],\"@id\":\"https:\\\/\\\/megafitness.cl\\\/store\\\/producto\\\/mancuernas-redondas-pu\\\/\",\"url\":\"https:\\\/\\\/megafitness.cl\\\/store\\\/producto\\\/mancuernas-redondas-pu\\\/\",\"name\":\"Mancuernas Redondas PU | Mega Fitness | Tienda\",\"isPartOf\":{\"@id\":\"https:\\\/\\\/megafitness.cl\\\/store\\\/#website\"},\"primaryImageOfPage\":{\"@id\":\"https:\\\/\\\/megafitness.cl\\\/store\\\/producto\\\/mancuernas-redondas-pu\\\/#primaryimage\"},\"image\":{\"@id\":\"https:\\\/\\\/megafitness.cl\\\/store\\\/producto\\\/mancuernas-redondas-pu\\\/#primaryimage\"},\"thumbnailUrl\":\"https:\\\/\\\/megafitness.cl\\\/store\\\/wp-content\\\/uploads\\\/sites\\\/3\\\/2023\\\/12\\\/pesas.webp\",\"datePublished\":\"2023-12-18T08:10:54+00:00\",\"dateModified\":\"2025-06-05T20:51:03+00:00\",\"breadcrumb\":{\"@id\":\"https:\\\/\\\/megafitness.cl\\\/store\\\/producto\\\/mancuernas-redondas-pu\\\/#breadcrumb\"},\"inLanguage\":\"es\",\"potentialAction\":[{\"@type\":\"ReadAction\",\"target\":[\"https:\\\/\\\/megafitness.cl\\\/store\\\/producto\\\/mancuernas-redondas-pu\\\/\"]}]},{\"@type\":\"ImageObject\",\"inLanguage\":\"es\",\"@id\":\"https:\\\/\\\/megafitness.cl\\\/store\\\/producto\\\/mancuernas-redondas-pu\\\/#primaryimage\",\"url\":\"https:\\\/\\\/megafitness.cl\\\/store\\\/wp-content\\\/uploads\\\/sites\\\/3\\\/2023\\\/12\\\/pesas.webp\",\"contentUrl\":\"https:\\\/\\\/megafitness.cl\\\/store\\\/wp-content\\\/uploads\\\/sites\\\/3\\\/2023\\\/12\\\/pesas.webp\",\"width\":1080,\"height\":1080},{\"@type\":\"BreadcrumbList\",\"@id\":\"https:\\\/\\\/megafitness.cl\\\/store\\\/producto\\\/mancuernas-redondas-pu\\\/#breadcrumb\",\"itemListElement\":[{\"@type\":\"ListItem\",\"position\":1,\"name\":\"Portada\",\"item\":\"https:\\\/\\\/megafitness.cl\\\/store\\\/\"},{\"@type\":\"ListItem\",\"position\":2,\"name\":\"Shop\",\"item\":\"https:\\\/\\\/megafitness.cl\\\/store\\\/shop\\\/\"},{\"@type\":\"ListItem\",\"position\":3,\"name\":\"Mancuernas Redondas PU\"}]},{\"@type\":\"WebSite\",\"@id\":\"https:\\\/\\\/megafitness.cl\\\/store\\\/#website\",\"url\":\"https:\\\/\\\/megafitness.cl\\\/store\\\/\",\"name\":\"Mega Fitness | Tienda\",\"description\":\"Tu Gimnasio en Providencia\",\"publisher\":{\"@id\":\"https:\\\/\\\/megafitness.cl\\\/store\\\/#organization\"},\"potentialAction\":[{\"@type\":\"SearchAction\",\"target\":{\"@type\":\"EntryPoint\",\"urlTemplate\":\"https:\\\/\\\/megafitness.cl\\\/store\\\/?s={search_term_string}\"},\"query-input\":{\"@type\":\"PropertyValueSpecification\",\"valueRequired\":true,\"valueName\":\"search_term_string\"}}],\"inLanguage\":\"es\"},{\"@type\":\"Organization\",\"@id\":\"https:\\\/\\\/megafitness.cl\\\/store\\\/#organization\",\"name\":\"Mega Fitness | Tienda\",\"url\":\"https:\\\/\\\/megafitness.cl\\\/store\\\/\",\"logo\":{\"@type\":\"ImageObject\",\"inLanguage\":\"es\",\"@id\":\"https:\\\/\\\/megafitness.cl\\\/store\\\/#\\\/schema\\\/logo\\\/image\\\/\",\"url\":\"https:\\\/\\\/megafitness.cl\\\/store\\\/wp-content\\\/uploads\\\/sites\\\/3\\\/2024\\\/08\\\/megafitnessLogo1Simple.svg\",\"contentUrl\":\"https:\\\/\\\/megafitness.cl\\\/store\\\/wp-content\\\/uploads\\\/sites\\\/3\\\/2024\\\/08\\\/megafitnessLogo1Simple.svg\",\"width\":197,\"height\":27,\"caption\":\"Mega Fitness | Tienda\"},\"image\":{\"@id\":\"https:\\\/\\\/megafitness.cl\\\/store\\\/#\\\/schema\\\/logo\\\/image\\\/\"}}]}<\/script>\n<!-- \/ Yoast SEO plugin. -->","yoast_head_json":{"title":"Mancuernas Redondas PU | Mega Fitness | Tienda","robots":{"index":"index","follow":"follow","max-snippet":"max-snippet:-1","max-image-preview":"max-image-preview:large","max-video-preview":"max-video-preview:-1"},"canonical":"https:\/\/megafitness.cl\/store\/producto\/mancuernas-redondas-pu\/","og_locale":"es_ES","og_type":"article","og_title":"Mancuernas Redondas PU | Mega Fitness | Tienda","og_description":"Caracter\u00edsticas: \u2013 Material PU para entornos comerciales, alto tr\u00e1fico y rendimiento. \u2013 N\u00fameros de peso grandes y f\u00e1cilmente identificables. \u2013 Inoloro \u2013 PU. Ultra resistente. \u2013 El poliuretano rebota menos que el caucho si se cae. \u2013 El PU no se rompe, no se deshace ni se muele con el tiempo. \u2013 Resistente a climas...","og_url":"https:\/\/megafitness.cl\/store\/producto\/mancuernas-redondas-pu\/","og_site_name":"Mega Fitness | Tienda","article_modified_time":"2025-06-05T20:51:03+00:00","og_image":[{"width":1080,"height":1080,"url":"https:\/\/megafitness.cl\/store\/wp-content\/uploads\/sites\/3\/2023\/12\/pesas.webp","type":"image\/webp"}],"twitter_card":"summary_large_image","twitter_misc":{"Tiempo de lectura":"2 minutos"},"schema":{"@context":"https:\/\/schema.org","@graph":[{"@type":["WebPage","ItemPage"],"@id":"https:\/\/megafitness.cl\/store\/producto\/mancuernas-redondas-pu\/","url":"https:\/\/megafitness.cl\/store\/producto\/mancuernas-redondas-pu\/","name":"Mancuernas Redondas PU | Mega Fitness | Tienda","isPartOf":{"@id":"https:\/\/megafitness.cl\/store\/#website"},"primaryImageOfPage":{"@id":"https:\/\/megafitness.cl\/store\/producto\/mancuernas-redondas-pu\/#primaryimage"},"image":{"@id":"https:\/\/megafitness.cl\/store\/producto\/mancuernas-redondas-pu\/#primaryimage"},"thumbnailUrl":"https:\/\/megafitness.cl\/store\/wp-content\/uploads\/sites\/3\/2023\/12\/pesas.webp","datePublished":"2023-12-18T08:10:54+00:00","dateModified":"2025-06-05T20:51:03+00:00","breadcrumb":{"@id":"https:\/\/megafitness.cl\/store\/producto\/mancuernas-redondas-pu\/#breadcrumb"},"inLanguage":"es","potentialAction":[{"@type":"ReadAction","target":["https:\/\/megafitness.cl\/store\/producto\/mancuernas-redondas-pu\/"]}]},{"@type":"ImageObject","inLanguage":"es","@id":"https:\/\/megafitness.cl\/store\/producto\/mancuernas-redondas-pu\/#primaryimage","url":"https:\/\/megafitness.cl\/store\/wp-content\/uploads\/sites\/3\/2023\/12\/pesas.webp","contentUrl":"https:\/\/megafitness.cl\/store\/wp-content\/uploads\/sites\/3\/2023\/12\/pesas.webp","width":1080,"height":1080},{"@type":"BreadcrumbList","@id":"https:\/\/megafitness.cl\/store\/producto\/mancuernas-redondas-pu\/#breadcrumb","itemListElement":[{"@type":"ListItem","position":1,"name":"Portada","item":"https:\/\/megafitness.cl\/store\/"},{"@type":"ListItem","position":2,"name":"Shop","item":"https:\/\/megafitness.cl\/store\/shop\/"},{"@type":"ListItem","position":3,"name":"Mancuernas Redondas PU"}]},{"@type":"WebSite","@id":"https:\/\/megafitness.cl\/store\/#website","url":"https:\/\/megafitness.cl\/store\/","name":"Mega Fitness | Tienda","description":"Tu Gimnasio en Providencia","publisher":{"@id":"https:\/\/megafitness.cl\/store\/#organization"},"potentialAction":[{"@type":"SearchAction","target":{"@type":"EntryPoint","urlTemplate":"https:\/\/megafitness.cl\/store\/?s={search_term_string}"},"query-input":{"@type":"PropertyValueSpecification","valueRequired":true,"valueName":"search_term_string"}}],"inLanguage":"es"},{"@type":"Organization","@id":"https:\/\/megafitness.cl\/store\/#organization","name":"Mega Fitness | Tienda","url":"https:\/\/megafitness.cl\/store\/","logo":{"@type":"ImageObject","inLanguage":"es","@id":"https:\/\/megafitness.cl\/store\/#\/schema\/logo\/image\/","url":"https:\/\/megafitness.cl\/store\/wp-content\/uploads\/sites\/3\/2024\/08\/megafitnessLogo1Simple.svg","contentUrl":"https:\/\/megafitness.cl\/store\/wp-content\/uploads\/sites\/3\/2024\/08\/megafitnessLogo1Simple.svg","width":197,"height":27,"caption":"Mega Fitness | Tienda"},"image":{"@id":"https:\/\/megafitness.cl\/store\/#\/schema\/logo\/image\/"}}]}},"_links":{"self":[{"href":"https:\/\/megafitness.cl\/store\/wp-json\/wp\/v2\/product\/1319","targetHints":{"allow":["GET"]}}],"collection":[{"href":"https:\/\/megafitness.cl\/store\/wp-json\/wp\/v2\/product"}],"about":[{"href":"https:\/\/megafitness.cl\/store\/wp-json\/wp\/v2\/types\/product"}],"replies":[{"embeddable":true,"href":"https:\/\/megafitness.cl\/store\/wp-json\/wp\/v2\/comments?post=1319"}],"wp:featuredmedia":[{"embeddable":true,"href":"https:\/\/megafitness.cl\/store\/wp-json\/wp\/v2\/media\/1320"}],"wp:attachment":[{"href":"https:\/\/megafitness.cl\/store\/wp-json\/wp\/v2\/media?parent=1319"}],"wp:term":[{"taxonomy":"product_brand","embeddable":true,"href":"https:\/\/megafitness.cl\/store\/wp-json\/wp\/v2\/product_brand?post=1319"},{"taxonomy":"product_cat","embeddable":true,"href":"https:\/\/megafitness.cl\/store\/wp-json\/wp\/v2\/product_cat?post=1319"},{"taxonomy":"product_tag","embeddable":true,"href":"https:\/\/megafitness.cl\/store\/wp-json\/wp\/v2\/product_tag?post=1319"}],"curies":[{"name":"wp","href":"https:\/\/api.w.org\/{rel}","templated":true}]}}