{"id":1334,"date":"2023-12-18T09:17:09","date_gmt":"2023-12-18T08:17:09","guid":{"rendered":"https:\/\/megafitness.cl\/store\/?post_type=product&#038;p=1334"},"modified":"2024-11-29T15:03:17","modified_gmt":"2024-11-29T14:03:17","slug":"rdx-rp-vendas-de-mano-mujer-rosa","status":"publish","type":"product","link":"https:\/\/megafitness.cl\/store\/producto\/rdx-rp-vendas-de-mano-mujer-rosa\/","title":{"rendered":"RDX RP Vendas de Mano Mujer Rosa"},"content":{"rendered":"<p>Estas vendas de grosor incrementado ofrecen una mejor protecci\u00f3n en comparaci\u00f3n con el resto de vendas de MMA. Por ello, son indispensables si quieres llevar la mejor armadura debajo de tus guantes durante los entrenamientos de deportes de contacto. Se enrollan para facilitar su colocaci\u00f3n y almacenamiento, y cuentan con una presilla para el pulgar para una m\u00e1xima seguridad. Vienen en una enorme longitud de 4,5 m para un soporte inmejorable, y cuenta con una composici\u00f3n extra gruesa para proteger los huesos fr\u00e1giles ante cualquier lesi\u00f3n. Dise\u00f1ado con un ligero toque el\u00e1stico para que se adapten f\u00e1cilmente a tu mano, adem\u00e1s de un extremo con cierre por contacto para una sujeci\u00f3n segura y una comodidad \u00f3ptima.<\/p>\n","protected":false},"excerpt":{"rendered":"<p>Estas vendas de grosor incrementado ofrecen una mejor protecci\u00f3n en comparaci\u00f3n con el resto de vendas de MMA. Por ello, son indispensables si quieres llevar la mejor armadura debajo de tus guantes durante los entrenamientos de deportes de contacto. Se enrollan para facilitar su colocaci\u00f3n y almacenamiento, y cuentan con una presilla para el pulgar&#8230;<\/p>\n","protected":false},"featured_media":1335,"comment_status":"open","ping_status":"closed","template":"","meta":{"_kad_post_transparent":"default","_kad_post_title":"","_kad_post_layout":"default","_kad_post_sidebar_id":"","_kad_post_content_style":"default","_kad_post_vertical_padding":"default","_kad_post_feature":"","_kad_post_feature_position":"","_kad_post_header":false,"_kad_post_footer":false,"_kad_post_classname":""},"product_brand":[],"product_cat":[29],"product_tag":[],"class_list":{"0":"post-1334","1":"product","2":"type-product","3":"status-publish","4":"has-post-thumbnail","6":"product_cat-otros","8":"first","9":"outofstock","10":"shipping-taxable","11":"purchasable","12":"product-type-simple","13":"entry","14":"content-bg","15":"loop-entry"},"yoast_head":"<!-- This site is optimized with the Yoast SEO plugin v27.5 - https:\/\/yoast.com\/product\/yoast-seo-wordpress\/ -->\n<title>RDX RP Vendas de Mano Mujer Rosa| Mega Fitness | Tienda<\/title>\n<meta name=\"robots\" content=\"index, follow, max-snippet:-1, max-image-preview:large, max-video-preview:-1\" \/>\n<link rel=\"canonical\" href=\"https:\/\/megafitness.cl\/store\/producto\/rdx-rp-vendas-de-mano-mujer-rosa\/\" \/>\n<meta property=\"og:locale\" content=\"es_ES\" \/>\n<meta property=\"og:type\" content=\"article\" \/>\n<meta property=\"og:title\" content=\"RDX RP Vendas de Mano Mujer Rosa| Mega Fitness | Tienda\" \/>\n<meta property=\"og:description\" content=\"Estas vendas de grosor incrementado ofrecen una mejor protecci\u00f3n en comparaci\u00f3n con el resto de vendas de MMA. Por ello, son indispensables si quieres llevar la mejor armadura debajo de tus guantes durante los entrenamientos de deportes de contacto. Se enrollan para facilitar su colocaci\u00f3n y almacenamiento, y cuentan con una presilla para el pulgar...\" \/>\n<meta property=\"og:url\" content=\"https:\/\/megafitness.cl\/store\/producto\/rdx-rp-vendas-de-mano-mujer-rosa\/\" \/>\n<meta property=\"og:site_name\" content=\"Mega Fitness | Tienda\" \/>\n<meta property=\"article:modified_time\" content=\"2024-11-29T14:03:17+00:00\" \/>\n<meta property=\"og:image\" content=\"https:\/\/megafitness.cl\/store\/wp-content\/uploads\/sites\/3\/2023\/12\/cinta-rosa.webp\" \/>\n\t<meta property=\"og:image:width\" content=\"700\" \/>\n\t<meta property=\"og:image:height\" content=\"700\" \/>\n\t<meta property=\"og:image:type\" content=\"image\/webp\" \/>\n<meta name=\"twitter:card\" content=\"summary_large_image\" \/>\n<meta name=\"twitter:label1\" content=\"Tiempo de lectura\" \/>\n\t<meta name=\"twitter:data1\" content=\"1 minuto\" \/>\n<script type=\"application\/ld+json\" class=\"yoast-schema-graph\">{\"@context\":\"https:\\\/\\\/schema.org\",\"@graph\":[{\"@type\":[\"WebPage\",\"ItemPage\"],\"@id\":\"https:\\\/\\\/megafitness.cl\\\/store\\\/producto\\\/rdx-rp-vendas-de-mano-mujer-rosa\\\/\",\"url\":\"https:\\\/\\\/megafitness.cl\\\/store\\\/producto\\\/rdx-rp-vendas-de-mano-mujer-rosa\\\/\",\"name\":\"RDX RP Vendas de Mano Mujer Rosa| Mega Fitness | Tienda\",\"isPartOf\":{\"@id\":\"https:\\\/\\\/megafitness.cl\\\/store\\\/#website\"},\"primaryImageOfPage\":{\"@id\":\"https:\\\/\\\/megafitness.cl\\\/store\\\/producto\\\/rdx-rp-vendas-de-mano-mujer-rosa\\\/#primaryimage\"},\"image\":{\"@id\":\"https:\\\/\\\/megafitness.cl\\\/store\\\/producto\\\/rdx-rp-vendas-de-mano-mujer-rosa\\\/#primaryimage\"},\"thumbnailUrl\":\"https:\\\/\\\/megafitness.cl\\\/store\\\/wp-content\\\/uploads\\\/sites\\\/3\\\/2023\\\/12\\\/cinta-rosa.webp\",\"datePublished\":\"2023-12-18T08:17:09+00:00\",\"dateModified\":\"2024-11-29T14:03:17+00:00\",\"breadcrumb\":{\"@id\":\"https:\\\/\\\/megafitness.cl\\\/store\\\/producto\\\/rdx-rp-vendas-de-mano-mujer-rosa\\\/#breadcrumb\"},\"inLanguage\":\"es\",\"potentialAction\":[{\"@type\":\"ReadAction\",\"target\":[\"https:\\\/\\\/megafitness.cl\\\/store\\\/producto\\\/rdx-rp-vendas-de-mano-mujer-rosa\\\/\"]}]},{\"@type\":\"ImageObject\",\"inLanguage\":\"es\",\"@id\":\"https:\\\/\\\/megafitness.cl\\\/store\\\/producto\\\/rdx-rp-vendas-de-mano-mujer-rosa\\\/#primaryimage\",\"url\":\"https:\\\/\\\/megafitness.cl\\\/store\\\/wp-content\\\/uploads\\\/sites\\\/3\\\/2023\\\/12\\\/cinta-rosa.webp\",\"contentUrl\":\"https:\\\/\\\/megafitness.cl\\\/store\\\/wp-content\\\/uploads\\\/sites\\\/3\\\/2023\\\/12\\\/cinta-rosa.webp\",\"width\":700,\"height\":700},{\"@type\":\"BreadcrumbList\",\"@id\":\"https:\\\/\\\/megafitness.cl\\\/store\\\/producto\\\/rdx-rp-vendas-de-mano-mujer-rosa\\\/#breadcrumb\",\"itemListElement\":[{\"@type\":\"ListItem\",\"position\":1,\"name\":\"Portada\",\"item\":\"https:\\\/\\\/megafitness.cl\\\/store\\\/\"},{\"@type\":\"ListItem\",\"position\":2,\"name\":\"Shop\",\"item\":\"https:\\\/\\\/megafitness.cl\\\/store\\\/shop\\\/\"},{\"@type\":\"ListItem\",\"position\":3,\"name\":\"RDX RP Vendas de Mano Mujer Rosa\"}]},{\"@type\":\"WebSite\",\"@id\":\"https:\\\/\\\/megafitness.cl\\\/store\\\/#website\",\"url\":\"https:\\\/\\\/megafitness.cl\\\/store\\\/\",\"name\":\"Mega Fitness | Tienda\",\"description\":\"Tu Gimnasio en Providencia\",\"publisher\":{\"@id\":\"https:\\\/\\\/megafitness.cl\\\/store\\\/#organization\"},\"potentialAction\":[{\"@type\":\"SearchAction\",\"target\":{\"@type\":\"EntryPoint\",\"urlTemplate\":\"https:\\\/\\\/megafitness.cl\\\/store\\\/?s={search_term_string}\"},\"query-input\":{\"@type\":\"PropertyValueSpecification\",\"valueRequired\":true,\"valueName\":\"search_term_string\"}}],\"inLanguage\":\"es\"},{\"@type\":\"Organization\",\"@id\":\"https:\\\/\\\/megafitness.cl\\\/store\\\/#organization\",\"name\":\"Mega Fitness | Tienda\",\"url\":\"https:\\\/\\\/megafitness.cl\\\/store\\\/\",\"logo\":{\"@type\":\"ImageObject\",\"inLanguage\":\"es\",\"@id\":\"https:\\\/\\\/megafitness.cl\\\/store\\\/#\\\/schema\\\/logo\\\/image\\\/\",\"url\":\"https:\\\/\\\/megafitness.cl\\\/store\\\/wp-content\\\/uploads\\\/sites\\\/3\\\/2024\\\/08\\\/megafitnessLogo1Simple.svg\",\"contentUrl\":\"https:\\\/\\\/megafitness.cl\\\/store\\\/wp-content\\\/uploads\\\/sites\\\/3\\\/2024\\\/08\\\/megafitnessLogo1Simple.svg\",\"width\":197,\"height\":27,\"caption\":\"Mega Fitness | Tienda\"},\"image\":{\"@id\":\"https:\\\/\\\/megafitness.cl\\\/store\\\/#\\\/schema\\\/logo\\\/image\\\/\"}}]}<\/script>\n<!-- \/ Yoast SEO plugin. -->","yoast_head_json":{"title":"RDX RP Vendas de Mano Mujer Rosa| Mega Fitness | Tienda","robots":{"index":"index","follow":"follow","max-snippet":"max-snippet:-1","max-image-preview":"max-image-preview:large","max-video-preview":"max-video-preview:-1"},"canonical":"https:\/\/megafitness.cl\/store\/producto\/rdx-rp-vendas-de-mano-mujer-rosa\/","og_locale":"es_ES","og_type":"article","og_title":"RDX RP Vendas de Mano Mujer Rosa| Mega Fitness | Tienda","og_description":"Estas vendas de grosor incrementado ofrecen una mejor protecci\u00f3n en comparaci\u00f3n con el resto de vendas de MMA. Por ello, son indispensables si quieres llevar la mejor armadura debajo de tus guantes durante los entrenamientos de deportes de contacto. Se enrollan para facilitar su colocaci\u00f3n y almacenamiento, y cuentan con una presilla para el pulgar...","og_url":"https:\/\/megafitness.cl\/store\/producto\/rdx-rp-vendas-de-mano-mujer-rosa\/","og_site_name":"Mega Fitness | Tienda","article_modified_time":"2024-11-29T14:03:17+00:00","og_image":[{"width":700,"height":700,"url":"https:\/\/megafitness.cl\/store\/wp-content\/uploads\/sites\/3\/2023\/12\/cinta-rosa.webp","type":"image\/webp"}],"twitter_card":"summary_large_image","twitter_misc":{"Tiempo de lectura":"1 minuto"},"schema":{"@context":"https:\/\/schema.org","@graph":[{"@type":["WebPage","ItemPage"],"@id":"https:\/\/megafitness.cl\/store\/producto\/rdx-rp-vendas-de-mano-mujer-rosa\/","url":"https:\/\/megafitness.cl\/store\/producto\/rdx-rp-vendas-de-mano-mujer-rosa\/","name":"RDX RP Vendas de Mano Mujer Rosa| Mega Fitness | Tienda","isPartOf":{"@id":"https:\/\/megafitness.cl\/store\/#website"},"primaryImageOfPage":{"@id":"https:\/\/megafitness.cl\/store\/producto\/rdx-rp-vendas-de-mano-mujer-rosa\/#primaryimage"},"image":{"@id":"https:\/\/megafitness.cl\/store\/producto\/rdx-rp-vendas-de-mano-mujer-rosa\/#primaryimage"},"thumbnailUrl":"https:\/\/megafitness.cl\/store\/wp-content\/uploads\/sites\/3\/2023\/12\/cinta-rosa.webp","datePublished":"2023-12-18T08:17:09+00:00","dateModified":"2024-11-29T14:03:17+00:00","breadcrumb":{"@id":"https:\/\/megafitness.cl\/store\/producto\/rdx-rp-vendas-de-mano-mujer-rosa\/#breadcrumb"},"inLanguage":"es","potentialAction":[{"@type":"ReadAction","target":["https:\/\/megafitness.cl\/store\/producto\/rdx-rp-vendas-de-mano-mujer-rosa\/"]}]},{"@type":"ImageObject","inLanguage":"es","@id":"https:\/\/megafitness.cl\/store\/producto\/rdx-rp-vendas-de-mano-mujer-rosa\/#primaryimage","url":"https:\/\/megafitness.cl\/store\/wp-content\/uploads\/sites\/3\/2023\/12\/cinta-rosa.webp","contentUrl":"https:\/\/megafitness.cl\/store\/wp-content\/uploads\/sites\/3\/2023\/12\/cinta-rosa.webp","width":700,"height":700},{"@type":"BreadcrumbList","@id":"https:\/\/megafitness.cl\/store\/producto\/rdx-rp-vendas-de-mano-mujer-rosa\/#breadcrumb","itemListElement":[{"@type":"ListItem","position":1,"name":"Portada","item":"https:\/\/megafitness.cl\/store\/"},{"@type":"ListItem","position":2,"name":"Shop","item":"https:\/\/megafitness.cl\/store\/shop\/"},{"@type":"ListItem","position":3,"name":"RDX RP Vendas de Mano Mujer Rosa"}]},{"@type":"WebSite","@id":"https:\/\/megafitness.cl\/store\/#website","url":"https:\/\/megafitness.cl\/store\/","name":"Mega Fitness | Tienda","description":"Tu Gimnasio en Providencia","publisher":{"@id":"https:\/\/megafitness.cl\/store\/#organization"},"potentialAction":[{"@type":"SearchAction","target":{"@type":"EntryPoint","urlTemplate":"https:\/\/megafitness.cl\/store\/?s={search_term_string}"},"query-input":{"@type":"PropertyValueSpecification","valueRequired":true,"valueName":"search_term_string"}}],"inLanguage":"es"},{"@type":"Organization","@id":"https:\/\/megafitness.cl\/store\/#organization","name":"Mega Fitness | Tienda","url":"https:\/\/megafitness.cl\/store\/","logo":{"@type":"ImageObject","inLanguage":"es","@id":"https:\/\/megafitness.cl\/store\/#\/schema\/logo\/image\/","url":"https:\/\/megafitness.cl\/store\/wp-content\/uploads\/sites\/3\/2024\/08\/megafitnessLogo1Simple.svg","contentUrl":"https:\/\/megafitness.cl\/store\/wp-content\/uploads\/sites\/3\/2024\/08\/megafitnessLogo1Simple.svg","width":197,"height":27,"caption":"Mega Fitness | Tienda"},"image":{"@id":"https:\/\/megafitness.cl\/store\/#\/schema\/logo\/image\/"}}]}},"_links":{"self":[{"href":"https:\/\/megafitness.cl\/store\/wp-json\/wp\/v2\/product\/1334","targetHints":{"allow":["GET"]}}],"collection":[{"href":"https:\/\/megafitness.cl\/store\/wp-json\/wp\/v2\/product"}],"about":[{"href":"https:\/\/megafitness.cl\/store\/wp-json\/wp\/v2\/types\/product"}],"replies":[{"embeddable":true,"href":"https:\/\/megafitness.cl\/store\/wp-json\/wp\/v2\/comments?post=1334"}],"wp:featuredmedia":[{"embeddable":true,"href":"https:\/\/megafitness.cl\/store\/wp-json\/wp\/v2\/media\/1335"}],"wp:attachment":[{"href":"https:\/\/megafitness.cl\/store\/wp-json\/wp\/v2\/media?parent=1334"}],"wp:term":[{"taxonomy":"product_brand","embeddable":true,"href":"https:\/\/megafitness.cl\/store\/wp-json\/wp\/v2\/product_brand?post=1334"},{"taxonomy":"product_cat","embeddable":true,"href":"https:\/\/megafitness.cl\/store\/wp-json\/wp\/v2\/product_cat?post=1334"},{"taxonomy":"product_tag","embeddable":true,"href":"https:\/\/megafitness.cl\/store\/wp-json\/wp\/v2\/product_tag?post=1334"}],"curies":[{"name":"wp","href":"https:\/\/api.w.org\/{rel}","templated":true}]}}