{"id":1347,"date":"2023-12-18T09:29:34","date_gmt":"2023-12-18T08:29:34","guid":{"rendered":"https:\/\/megafitness.cl\/store\/?post_type=product&#038;p=1347"},"modified":"2023-12-18T12:12:19","modified_gmt":"2023-12-18T11:12:19","slug":"rdx-pro1-boxeo-precision-palillos","status":"publish","type":"product","link":"https:\/\/megafitness.cl\/store\/producto\/rdx-pro1-boxeo-precision-palillos\/","title":{"rendered":"RDX PRO1 Boxeo Precisi\u00f3n Palillos"},"content":{"rendered":"","protected":false},"excerpt":{"rendered":"<p>Un alivio para los entrenadores de todo el mundo. Estos bastones de enfoque te quitar\u00e1n la carga de los codos y mu\u00f1ecas y te permitir\u00e1n concentrarte puramente en el entrenamiento de tu atleta. Aprecia las ventajas, olvida los dolores. Nuestros \u00faltimos y aut\u00e9nticos bastones de cuero de enfoque profesional est\u00e1n hechos a mano y confeccionados con la circunferencia perfecta para que quepan c\u00f3modamente en las manos del entrenador. El acolchado de espuma absorbente de impactos est\u00e1 respaldado por un acolchado de EVA en el interior.<\/p>\n","protected":false},"featured_media":1364,"comment_status":"open","ping_status":"closed","template":"","meta":{"_kad_post_transparent":"default","_kad_post_title":"","_kad_post_layout":"default","_kad_post_sidebar_id":"","_kad_post_content_style":"default","_kad_post_vertical_padding":"default","_kad_post_feature":"","_kad_post_feature_position":"","_kad_post_header":false,"_kad_post_footer":false,"_kad_post_classname":""},"product_brand":[],"product_cat":[29],"product_tag":[],"class_list":{"0":"post-1347","1":"product","2":"type-product","3":"status-publish","4":"has-post-thumbnail","6":"product_cat-otros","8":"first","9":"instock","10":"sale","11":"shipping-taxable","12":"purchasable","13":"product-type-simple","14":"entry","15":"content-bg","16":"loop-entry"},"yoast_head":"<!-- This site is optimized with the Yoast SEO plugin v27.5 - https:\/\/yoast.com\/product\/yoast-seo-wordpress\/ -->\n<title>RDX PRO1 Boxeo Precisi\u00f3n Palillos| Mega Fitness | Tienda<\/title>\n<meta name=\"robots\" content=\"index, follow, max-snippet:-1, max-image-preview:large, max-video-preview:-1\" \/>\n<link rel=\"canonical\" href=\"https:\/\/megafitness.cl\/store\/producto\/rdx-pro1-boxeo-precision-palillos\/\" \/>\n<meta property=\"og:locale\" content=\"es_ES\" \/>\n<meta property=\"og:type\" content=\"article\" \/>\n<meta property=\"og:title\" content=\"RDX PRO1 Boxeo Precisi\u00f3n Palillos| Mega Fitness | Tienda\" \/>\n<meta property=\"og:description\" content=\"Un alivio para los entrenadores de todo el mundo. Estos bastones de enfoque te quitar\u00e1n la carga de los codos y mu\u00f1ecas y te permitir\u00e1n concentrarte puramente en el entrenamiento de tu atleta. Aprecia las ventajas, olvida los dolores. Nuestros \u00faltimos y aut\u00e9nticos bastones de cuero de enfoque profesional est\u00e1n hechos a mano y confeccionados con la circunferencia perfecta para que quepan c\u00f3modamente en las manos del entrenador. El acolchado de espuma absorbente de impactos est\u00e1 respaldado por un acolchado de EVA en el interior.\" \/>\n<meta property=\"og:url\" content=\"https:\/\/megafitness.cl\/store\/producto\/rdx-pro1-boxeo-precision-palillos\/\" \/>\n<meta property=\"og:site_name\" content=\"Mega Fitness | Tienda\" \/>\n<meta property=\"article:modified_time\" content=\"2023-12-18T11:12:19+00:00\" \/>\n<meta property=\"og:image\" content=\"https:\/\/megafitness.cl\/store\/wp-content\/uploads\/sites\/3\/2023\/12\/rdx-pro.webp\" \/>\n\t<meta property=\"og:image:width\" content=\"700\" \/>\n\t<meta property=\"og:image:height\" content=\"700\" \/>\n\t<meta property=\"og:image:type\" content=\"image\/webp\" \/>\n<meta name=\"twitter:card\" content=\"summary_large_image\" \/>\n<script type=\"application\/ld+json\" class=\"yoast-schema-graph\">{\"@context\":\"https:\\\/\\\/schema.org\",\"@graph\":[{\"@type\":[\"WebPage\",\"ItemPage\"],\"@id\":\"https:\\\/\\\/megafitness.cl\\\/store\\\/producto\\\/rdx-pro1-boxeo-precision-palillos\\\/\",\"url\":\"https:\\\/\\\/megafitness.cl\\\/store\\\/producto\\\/rdx-pro1-boxeo-precision-palillos\\\/\",\"name\":\"RDX PRO1 Boxeo Precisi\u00f3n Palillos| Mega Fitness | Tienda\",\"isPartOf\":{\"@id\":\"https:\\\/\\\/megafitness.cl\\\/store\\\/#website\"},\"primaryImageOfPage\":{\"@id\":\"https:\\\/\\\/megafitness.cl\\\/store\\\/producto\\\/rdx-pro1-boxeo-precision-palillos\\\/#primaryimage\"},\"image\":{\"@id\":\"https:\\\/\\\/megafitness.cl\\\/store\\\/producto\\\/rdx-pro1-boxeo-precision-palillos\\\/#primaryimage\"},\"thumbnailUrl\":\"https:\\\/\\\/megafitness.cl\\\/store\\\/wp-content\\\/uploads\\\/sites\\\/3\\\/2023\\\/12\\\/rdx-pro.webp\",\"datePublished\":\"2023-12-18T08:29:34+00:00\",\"dateModified\":\"2023-12-18T11:12:19+00:00\",\"breadcrumb\":{\"@id\":\"https:\\\/\\\/megafitness.cl\\\/store\\\/producto\\\/rdx-pro1-boxeo-precision-palillos\\\/#breadcrumb\"},\"inLanguage\":\"es\",\"potentialAction\":[{\"@type\":\"ReadAction\",\"target\":[\"https:\\\/\\\/megafitness.cl\\\/store\\\/producto\\\/rdx-pro1-boxeo-precision-palillos\\\/\"]}]},{\"@type\":\"ImageObject\",\"inLanguage\":\"es\",\"@id\":\"https:\\\/\\\/megafitness.cl\\\/store\\\/producto\\\/rdx-pro1-boxeo-precision-palillos\\\/#primaryimage\",\"url\":\"https:\\\/\\\/megafitness.cl\\\/store\\\/wp-content\\\/uploads\\\/sites\\\/3\\\/2023\\\/12\\\/rdx-pro.webp\",\"contentUrl\":\"https:\\\/\\\/megafitness.cl\\\/store\\\/wp-content\\\/uploads\\\/sites\\\/3\\\/2023\\\/12\\\/rdx-pro.webp\",\"width\":700,\"height\":700},{\"@type\":\"BreadcrumbList\",\"@id\":\"https:\\\/\\\/megafitness.cl\\\/store\\\/producto\\\/rdx-pro1-boxeo-precision-palillos\\\/#breadcrumb\",\"itemListElement\":[{\"@type\":\"ListItem\",\"position\":1,\"name\":\"Portada\",\"item\":\"https:\\\/\\\/megafitness.cl\\\/store\\\/\"},{\"@type\":\"ListItem\",\"position\":2,\"name\":\"Shop\",\"item\":\"https:\\\/\\\/megafitness.cl\\\/store\\\/shop\\\/\"},{\"@type\":\"ListItem\",\"position\":3,\"name\":\"RDX PRO1 Boxeo Precisi\u00f3n Palillos\"}]},{\"@type\":\"WebSite\",\"@id\":\"https:\\\/\\\/megafitness.cl\\\/store\\\/#website\",\"url\":\"https:\\\/\\\/megafitness.cl\\\/store\\\/\",\"name\":\"Mega Fitness | Tienda\",\"description\":\"Tu Gimnasio en Providencia\",\"publisher\":{\"@id\":\"https:\\\/\\\/megafitness.cl\\\/store\\\/#organization\"},\"potentialAction\":[{\"@type\":\"SearchAction\",\"target\":{\"@type\":\"EntryPoint\",\"urlTemplate\":\"https:\\\/\\\/megafitness.cl\\\/store\\\/?s={search_term_string}\"},\"query-input\":{\"@type\":\"PropertyValueSpecification\",\"valueRequired\":true,\"valueName\":\"search_term_string\"}}],\"inLanguage\":\"es\"},{\"@type\":\"Organization\",\"@id\":\"https:\\\/\\\/megafitness.cl\\\/store\\\/#organization\",\"name\":\"Mega Fitness | Tienda\",\"url\":\"https:\\\/\\\/megafitness.cl\\\/store\\\/\",\"logo\":{\"@type\":\"ImageObject\",\"inLanguage\":\"es\",\"@id\":\"https:\\\/\\\/megafitness.cl\\\/store\\\/#\\\/schema\\\/logo\\\/image\\\/\",\"url\":\"https:\\\/\\\/megafitness.cl\\\/store\\\/wp-content\\\/uploads\\\/sites\\\/3\\\/2024\\\/08\\\/megafitnessLogo1Simple.svg\",\"contentUrl\":\"https:\\\/\\\/megafitness.cl\\\/store\\\/wp-content\\\/uploads\\\/sites\\\/3\\\/2024\\\/08\\\/megafitnessLogo1Simple.svg\",\"width\":197,\"height\":27,\"caption\":\"Mega Fitness | Tienda\"},\"image\":{\"@id\":\"https:\\\/\\\/megafitness.cl\\\/store\\\/#\\\/schema\\\/logo\\\/image\\\/\"}}]}<\/script>\n<!-- \/ Yoast SEO plugin. -->","yoast_head_json":{"title":"RDX PRO1 Boxeo Precisi\u00f3n Palillos| Mega Fitness | Tienda","robots":{"index":"index","follow":"follow","max-snippet":"max-snippet:-1","max-image-preview":"max-image-preview:large","max-video-preview":"max-video-preview:-1"},"canonical":"https:\/\/megafitness.cl\/store\/producto\/rdx-pro1-boxeo-precision-palillos\/","og_locale":"es_ES","og_type":"article","og_title":"RDX PRO1 Boxeo Precisi\u00f3n Palillos| Mega Fitness | Tienda","og_description":"Un alivio para los entrenadores de todo el mundo. Estos bastones de enfoque te quitar\u00e1n la carga de los codos y mu\u00f1ecas y te permitir\u00e1n concentrarte puramente en el entrenamiento de tu atleta. Aprecia las ventajas, olvida los dolores. Nuestros \u00faltimos y aut\u00e9nticos bastones de cuero de enfoque profesional est\u00e1n hechos a mano y confeccionados con la circunferencia perfecta para que quepan c\u00f3modamente en las manos del entrenador. El acolchado de espuma absorbente de impactos est\u00e1 respaldado por un acolchado de EVA en el interior.","og_url":"https:\/\/megafitness.cl\/store\/producto\/rdx-pro1-boxeo-precision-palillos\/","og_site_name":"Mega Fitness | Tienda","article_modified_time":"2023-12-18T11:12:19+00:00","og_image":[{"width":700,"height":700,"url":"https:\/\/megafitness.cl\/store\/wp-content\/uploads\/sites\/3\/2023\/12\/rdx-pro.webp","type":"image\/webp"}],"twitter_card":"summary_large_image","schema":{"@context":"https:\/\/schema.org","@graph":[{"@type":["WebPage","ItemPage"],"@id":"https:\/\/megafitness.cl\/store\/producto\/rdx-pro1-boxeo-precision-palillos\/","url":"https:\/\/megafitness.cl\/store\/producto\/rdx-pro1-boxeo-precision-palillos\/","name":"RDX PRO1 Boxeo Precisi\u00f3n Palillos| Mega Fitness | Tienda","isPartOf":{"@id":"https:\/\/megafitness.cl\/store\/#website"},"primaryImageOfPage":{"@id":"https:\/\/megafitness.cl\/store\/producto\/rdx-pro1-boxeo-precision-palillos\/#primaryimage"},"image":{"@id":"https:\/\/megafitness.cl\/store\/producto\/rdx-pro1-boxeo-precision-palillos\/#primaryimage"},"thumbnailUrl":"https:\/\/megafitness.cl\/store\/wp-content\/uploads\/sites\/3\/2023\/12\/rdx-pro.webp","datePublished":"2023-12-18T08:29:34+00:00","dateModified":"2023-12-18T11:12:19+00:00","breadcrumb":{"@id":"https:\/\/megafitness.cl\/store\/producto\/rdx-pro1-boxeo-precision-palillos\/#breadcrumb"},"inLanguage":"es","potentialAction":[{"@type":"ReadAction","target":["https:\/\/megafitness.cl\/store\/producto\/rdx-pro1-boxeo-precision-palillos\/"]}]},{"@type":"ImageObject","inLanguage":"es","@id":"https:\/\/megafitness.cl\/store\/producto\/rdx-pro1-boxeo-precision-palillos\/#primaryimage","url":"https:\/\/megafitness.cl\/store\/wp-content\/uploads\/sites\/3\/2023\/12\/rdx-pro.webp","contentUrl":"https:\/\/megafitness.cl\/store\/wp-content\/uploads\/sites\/3\/2023\/12\/rdx-pro.webp","width":700,"height":700},{"@type":"BreadcrumbList","@id":"https:\/\/megafitness.cl\/store\/producto\/rdx-pro1-boxeo-precision-palillos\/#breadcrumb","itemListElement":[{"@type":"ListItem","position":1,"name":"Portada","item":"https:\/\/megafitness.cl\/store\/"},{"@type":"ListItem","position":2,"name":"Shop","item":"https:\/\/megafitness.cl\/store\/shop\/"},{"@type":"ListItem","position":3,"name":"RDX PRO1 Boxeo Precisi\u00f3n Palillos"}]},{"@type":"WebSite","@id":"https:\/\/megafitness.cl\/store\/#website","url":"https:\/\/megafitness.cl\/store\/","name":"Mega Fitness | Tienda","description":"Tu Gimnasio en Providencia","publisher":{"@id":"https:\/\/megafitness.cl\/store\/#organization"},"potentialAction":[{"@type":"SearchAction","target":{"@type":"EntryPoint","urlTemplate":"https:\/\/megafitness.cl\/store\/?s={search_term_string}"},"query-input":{"@type":"PropertyValueSpecification","valueRequired":true,"valueName":"search_term_string"}}],"inLanguage":"es"},{"@type":"Organization","@id":"https:\/\/megafitness.cl\/store\/#organization","name":"Mega Fitness | Tienda","url":"https:\/\/megafitness.cl\/store\/","logo":{"@type":"ImageObject","inLanguage":"es","@id":"https:\/\/megafitness.cl\/store\/#\/schema\/logo\/image\/","url":"https:\/\/megafitness.cl\/store\/wp-content\/uploads\/sites\/3\/2024\/08\/megafitnessLogo1Simple.svg","contentUrl":"https:\/\/megafitness.cl\/store\/wp-content\/uploads\/sites\/3\/2024\/08\/megafitnessLogo1Simple.svg","width":197,"height":27,"caption":"Mega Fitness | Tienda"},"image":{"@id":"https:\/\/megafitness.cl\/store\/#\/schema\/logo\/image\/"}}]}},"_links":{"self":[{"href":"https:\/\/megafitness.cl\/store\/wp-json\/wp\/v2\/product\/1347","targetHints":{"allow":["GET"]}}],"collection":[{"href":"https:\/\/megafitness.cl\/store\/wp-json\/wp\/v2\/product"}],"about":[{"href":"https:\/\/megafitness.cl\/store\/wp-json\/wp\/v2\/types\/product"}],"replies":[{"embeddable":true,"href":"https:\/\/megafitness.cl\/store\/wp-json\/wp\/v2\/comments?post=1347"}],"wp:featuredmedia":[{"embeddable":true,"href":"https:\/\/megafitness.cl\/store\/wp-json\/wp\/v2\/media\/1364"}],"wp:attachment":[{"href":"https:\/\/megafitness.cl\/store\/wp-json\/wp\/v2\/media?parent=1347"}],"wp:term":[{"taxonomy":"product_brand","embeddable":true,"href":"https:\/\/megafitness.cl\/store\/wp-json\/wp\/v2\/product_brand?post=1347"},{"taxonomy":"product_cat","embeddable":true,"href":"https:\/\/megafitness.cl\/store\/wp-json\/wp\/v2\/product_cat?post=1347"},{"taxonomy":"product_tag","embeddable":true,"href":"https:\/\/megafitness.cl\/store\/wp-json\/wp\/v2\/product_tag?post=1347"}],"curies":[{"name":"wp","href":"https:\/\/api.w.org\/{rel}","templated":true}]}}