{"id":1348,"date":"2023-12-18T09:41:20","date_gmt":"2023-12-18T08:41:20","guid":{"rendered":"https:\/\/megafitness.cl\/store\/?post_type=product&#038;p=1348"},"modified":"2025-11-14T22:30:01","modified_gmt":"2025-11-14T21:30:01","slug":"rdx-f7-ego-guantes-de-boxeo","status":"publish","type":"product","link":"https:\/\/megafitness.cl\/store\/producto\/rdx-f7-ego-guantes-de-boxeo\/","title":{"rendered":"RDX F7 Ego Guantes de Boxeo Verde 14OZ"},"content":{"rendered":"<p>Estos guantes de boxeo y entrenamiento son intocables en el cuadril\u00e1tero pues est\u00e1n dise\u00f1ados para la batalla y respaldados con la tecnolog\u00eda m\u00e1s avanzada. Cuentan con un forro exterior reforzado y un relleno resistente a los impactos; ambas cualidades los hacen ideales para hacer sparring o kickboxing. Est\u00e1n fabricados con cuero Maya Hide para superar los golpes m\u00e1s fuertes de tus oponentes. Con perforaciones en lugares estrat\u00e9gicos que ofrecen una m\u00e1xima ventilaci\u00f3n, eliminan el sudor y mantienen tus manos tan frescas como tu mente. Tambi\u00e9n cuentan con un cierre por contacto inteligente para una sujeci\u00f3n perfecta y un soporte de mu\u00f1ecas insuperable que ayudar\u00e1n a perfeccionar tu t\u00e9cnica. (8 oz Y 10 oz RECOMENDADOS HASTA LOS 14 A\u00d1OS)<\/p>\n","protected":false},"excerpt":{"rendered":"<ul>\n<li>Cuero Maya Hide \u2122 de larga duraci\u00f3n<\/li>\n<li>Triple l\u00e1mina de gel estabilizado Shell Shock\u2122 para una m\u00e1xima amortiguaci\u00f3n de impactos<\/li>\n<li>Sistema de ventilaci\u00f3n SSP\u2122 para la m\u00e1xima ventilaci\u00f3n de las manos<\/li>\n<li>Cierro por contacto Quick-EZ\u2122 para un ajuste perfecto y graduaci\u00f3n del tama\u00f1o<\/li>\n<li>Soporte de mu\u00f1eca para mejorar la t\u00e9cnica de golpe<\/li>\n<\/ul>\n","protected":false},"featured_media":1358,"comment_status":"open","ping_status":"closed","template":"","meta":{"_kad_post_transparent":"default","_kad_post_title":"","_kad_post_layout":"default","_kad_post_sidebar_id":"","_kad_post_content_style":"default","_kad_post_vertical_padding":"default","_kad_post_feature":"","_kad_post_feature_position":"","_kad_post_header":false,"_kad_post_footer":false,"_kad_post_classname":""},"product_brand":[],"product_cat":[24],"product_tag":[],"class_list":{"0":"post-1348","1":"product","2":"type-product","3":"status-publish","4":"has-post-thumbnail","6":"product_cat-guantes","8":"first","9":"outofstock","10":"shipping-taxable","11":"purchasable","12":"product-type-simple","13":"entry","14":"content-bg","15":"loop-entry"},"yoast_head":"<!-- This site is optimized with the Yoast SEO plugin v27.5 - https:\/\/yoast.com\/product\/yoast-seo-wordpress\/ -->\n<title>RDX F7 Ego Guantes de Boxeo Verde 14OZ | Mega Fitness | Tienda<\/title>\n<meta name=\"robots\" content=\"index, follow, max-snippet:-1, max-image-preview:large, max-video-preview:-1\" \/>\n<link rel=\"canonical\" href=\"https:\/\/megafitness.cl\/store\/producto\/rdx-f7-ego-guantes-de-boxeo\/\" \/>\n<meta property=\"og:locale\" content=\"es_ES\" \/>\n<meta property=\"og:type\" content=\"article\" \/>\n<meta property=\"og:title\" content=\"RDX F7 Ego Guantes de Boxeo Verde 14OZ | Mega Fitness | Tienda\" \/>\n<meta property=\"og:description\" content=\"Cuero Maya Hide \u2122 de larga duraci\u00f3n  Triple l\u00e1mina de gel estabilizado Shell Shock\u2122 para una m\u00e1xima amortiguaci\u00f3n de impactos  Sistema de ventilaci\u00f3n SSP\u2122 para la m\u00e1xima ventilaci\u00f3n de las manos  Cierro por contacto Quick-EZ\u2122 para un ajuste perfecto y graduaci\u00f3n del tama\u00f1o  Soporte de mu\u00f1eca para mejorar la t\u00e9cnica de golpe\" \/>\n<meta property=\"og:url\" content=\"https:\/\/megafitness.cl\/store\/producto\/rdx-f7-ego-guantes-de-boxeo\/\" \/>\n<meta property=\"og:site_name\" content=\"Mega Fitness | Tienda\" \/>\n<meta property=\"article:modified_time\" content=\"2025-11-14T21:30:01+00:00\" \/>\n<meta property=\"og:image\" content=\"https:\/\/megafitness.cl\/store\/wp-content\/uploads\/sites\/3\/2023\/12\/guante-verde-pequeno.webp\" \/>\n\t<meta property=\"og:image:width\" content=\"800\" \/>\n\t<meta property=\"og:image:height\" content=\"800\" \/>\n\t<meta property=\"og:image:type\" content=\"image\/webp\" \/>\n<meta name=\"twitter:card\" content=\"summary_large_image\" \/>\n<meta name=\"twitter:label1\" content=\"Tiempo de lectura\" \/>\n\t<meta name=\"twitter:data1\" content=\"1 minuto\" \/>\n<script type=\"application\/ld+json\" class=\"yoast-schema-graph\">{\"@context\":\"https:\\\/\\\/schema.org\",\"@graph\":[{\"@type\":[\"WebPage\",\"ItemPage\"],\"@id\":\"https:\\\/\\\/megafitness.cl\\\/store\\\/producto\\\/rdx-f7-ego-guantes-de-boxeo\\\/\",\"url\":\"https:\\\/\\\/megafitness.cl\\\/store\\\/producto\\\/rdx-f7-ego-guantes-de-boxeo\\\/\",\"name\":\"RDX F7 Ego Guantes de Boxeo Verde 14OZ | Mega Fitness | Tienda\",\"isPartOf\":{\"@id\":\"https:\\\/\\\/megafitness.cl\\\/store\\\/#website\"},\"primaryImageOfPage\":{\"@id\":\"https:\\\/\\\/megafitness.cl\\\/store\\\/producto\\\/rdx-f7-ego-guantes-de-boxeo\\\/#primaryimage\"},\"image\":{\"@id\":\"https:\\\/\\\/megafitness.cl\\\/store\\\/producto\\\/rdx-f7-ego-guantes-de-boxeo\\\/#primaryimage\"},\"thumbnailUrl\":\"https:\\\/\\\/megafitness.cl\\\/store\\\/wp-content\\\/uploads\\\/sites\\\/3\\\/2023\\\/12\\\/guante-verde-pequeno.webp\",\"datePublished\":\"2023-12-18T08:41:20+00:00\",\"dateModified\":\"2025-11-14T21:30:01+00:00\",\"breadcrumb\":{\"@id\":\"https:\\\/\\\/megafitness.cl\\\/store\\\/producto\\\/rdx-f7-ego-guantes-de-boxeo\\\/#breadcrumb\"},\"inLanguage\":\"es\",\"potentialAction\":[{\"@type\":\"ReadAction\",\"target\":[\"https:\\\/\\\/megafitness.cl\\\/store\\\/producto\\\/rdx-f7-ego-guantes-de-boxeo\\\/\"]}]},{\"@type\":\"ImageObject\",\"inLanguage\":\"es\",\"@id\":\"https:\\\/\\\/megafitness.cl\\\/store\\\/producto\\\/rdx-f7-ego-guantes-de-boxeo\\\/#primaryimage\",\"url\":\"https:\\\/\\\/megafitness.cl\\\/store\\\/wp-content\\\/uploads\\\/sites\\\/3\\\/2023\\\/12\\\/guante-verde-pequeno.webp\",\"contentUrl\":\"https:\\\/\\\/megafitness.cl\\\/store\\\/wp-content\\\/uploads\\\/sites\\\/3\\\/2023\\\/12\\\/guante-verde-pequeno.webp\",\"width\":800,\"height\":800},{\"@type\":\"BreadcrumbList\",\"@id\":\"https:\\\/\\\/megafitness.cl\\\/store\\\/producto\\\/rdx-f7-ego-guantes-de-boxeo\\\/#breadcrumb\",\"itemListElement\":[{\"@type\":\"ListItem\",\"position\":1,\"name\":\"Portada\",\"item\":\"https:\\\/\\\/megafitness.cl\\\/store\\\/\"},{\"@type\":\"ListItem\",\"position\":2,\"name\":\"Shop\",\"item\":\"https:\\\/\\\/megafitness.cl\\\/store\\\/shop\\\/\"},{\"@type\":\"ListItem\",\"position\":3,\"name\":\"RDX F7 Ego Guantes de Boxeo Verde 14OZ\"}]},{\"@type\":\"WebSite\",\"@id\":\"https:\\\/\\\/megafitness.cl\\\/store\\\/#website\",\"url\":\"https:\\\/\\\/megafitness.cl\\\/store\\\/\",\"name\":\"Mega Fitness | Tienda\",\"description\":\"Tu Gimnasio en Providencia\",\"publisher\":{\"@id\":\"https:\\\/\\\/megafitness.cl\\\/store\\\/#organization\"},\"potentialAction\":[{\"@type\":\"SearchAction\",\"target\":{\"@type\":\"EntryPoint\",\"urlTemplate\":\"https:\\\/\\\/megafitness.cl\\\/store\\\/?s={search_term_string}\"},\"query-input\":{\"@type\":\"PropertyValueSpecification\",\"valueRequired\":true,\"valueName\":\"search_term_string\"}}],\"inLanguage\":\"es\"},{\"@type\":\"Organization\",\"@id\":\"https:\\\/\\\/megafitness.cl\\\/store\\\/#organization\",\"name\":\"Mega Fitness | Tienda\",\"url\":\"https:\\\/\\\/megafitness.cl\\\/store\\\/\",\"logo\":{\"@type\":\"ImageObject\",\"inLanguage\":\"es\",\"@id\":\"https:\\\/\\\/megafitness.cl\\\/store\\\/#\\\/schema\\\/logo\\\/image\\\/\",\"url\":\"https:\\\/\\\/megafitness.cl\\\/store\\\/wp-content\\\/uploads\\\/sites\\\/3\\\/2024\\\/08\\\/megafitnessLogo1Simple.svg\",\"contentUrl\":\"https:\\\/\\\/megafitness.cl\\\/store\\\/wp-content\\\/uploads\\\/sites\\\/3\\\/2024\\\/08\\\/megafitnessLogo1Simple.svg\",\"width\":197,\"height\":27,\"caption\":\"Mega Fitness | Tienda\"},\"image\":{\"@id\":\"https:\\\/\\\/megafitness.cl\\\/store\\\/#\\\/schema\\\/logo\\\/image\\\/\"}}]}<\/script>\n<!-- \/ Yoast SEO plugin. -->","yoast_head_json":{"title":"RDX F7 Ego Guantes de Boxeo Verde 14OZ | Mega Fitness | Tienda","robots":{"index":"index","follow":"follow","max-snippet":"max-snippet:-1","max-image-preview":"max-image-preview:large","max-video-preview":"max-video-preview:-1"},"canonical":"https:\/\/megafitness.cl\/store\/producto\/rdx-f7-ego-guantes-de-boxeo\/","og_locale":"es_ES","og_type":"article","og_title":"RDX F7 Ego Guantes de Boxeo Verde 14OZ | Mega Fitness | Tienda","og_description":"Cuero Maya Hide \u2122 de larga duraci\u00f3n  Triple l\u00e1mina de gel estabilizado Shell Shock\u2122 para una m\u00e1xima amortiguaci\u00f3n de impactos  Sistema de ventilaci\u00f3n SSP\u2122 para la m\u00e1xima ventilaci\u00f3n de las manos  Cierro por contacto Quick-EZ\u2122 para un ajuste perfecto y graduaci\u00f3n del tama\u00f1o  Soporte de mu\u00f1eca para mejorar la t\u00e9cnica de golpe","og_url":"https:\/\/megafitness.cl\/store\/producto\/rdx-f7-ego-guantes-de-boxeo\/","og_site_name":"Mega Fitness | Tienda","article_modified_time":"2025-11-14T21:30:01+00:00","og_image":[{"width":800,"height":800,"url":"https:\/\/megafitness.cl\/store\/wp-content\/uploads\/sites\/3\/2023\/12\/guante-verde-pequeno.webp","type":"image\/webp"}],"twitter_card":"summary_large_image","twitter_misc":{"Tiempo de lectura":"1 minuto"},"schema":{"@context":"https:\/\/schema.org","@graph":[{"@type":["WebPage","ItemPage"],"@id":"https:\/\/megafitness.cl\/store\/producto\/rdx-f7-ego-guantes-de-boxeo\/","url":"https:\/\/megafitness.cl\/store\/producto\/rdx-f7-ego-guantes-de-boxeo\/","name":"RDX F7 Ego Guantes de Boxeo Verde 14OZ | Mega Fitness | Tienda","isPartOf":{"@id":"https:\/\/megafitness.cl\/store\/#website"},"primaryImageOfPage":{"@id":"https:\/\/megafitness.cl\/store\/producto\/rdx-f7-ego-guantes-de-boxeo\/#primaryimage"},"image":{"@id":"https:\/\/megafitness.cl\/store\/producto\/rdx-f7-ego-guantes-de-boxeo\/#primaryimage"},"thumbnailUrl":"https:\/\/megafitness.cl\/store\/wp-content\/uploads\/sites\/3\/2023\/12\/guante-verde-pequeno.webp","datePublished":"2023-12-18T08:41:20+00:00","dateModified":"2025-11-14T21:30:01+00:00","breadcrumb":{"@id":"https:\/\/megafitness.cl\/store\/producto\/rdx-f7-ego-guantes-de-boxeo\/#breadcrumb"},"inLanguage":"es","potentialAction":[{"@type":"ReadAction","target":["https:\/\/megafitness.cl\/store\/producto\/rdx-f7-ego-guantes-de-boxeo\/"]}]},{"@type":"ImageObject","inLanguage":"es","@id":"https:\/\/megafitness.cl\/store\/producto\/rdx-f7-ego-guantes-de-boxeo\/#primaryimage","url":"https:\/\/megafitness.cl\/store\/wp-content\/uploads\/sites\/3\/2023\/12\/guante-verde-pequeno.webp","contentUrl":"https:\/\/megafitness.cl\/store\/wp-content\/uploads\/sites\/3\/2023\/12\/guante-verde-pequeno.webp","width":800,"height":800},{"@type":"BreadcrumbList","@id":"https:\/\/megafitness.cl\/store\/producto\/rdx-f7-ego-guantes-de-boxeo\/#breadcrumb","itemListElement":[{"@type":"ListItem","position":1,"name":"Portada","item":"https:\/\/megafitness.cl\/store\/"},{"@type":"ListItem","position":2,"name":"Shop","item":"https:\/\/megafitness.cl\/store\/shop\/"},{"@type":"ListItem","position":3,"name":"RDX F7 Ego Guantes de Boxeo Verde 14OZ"}]},{"@type":"WebSite","@id":"https:\/\/megafitness.cl\/store\/#website","url":"https:\/\/megafitness.cl\/store\/","name":"Mega Fitness | Tienda","description":"Tu Gimnasio en Providencia","publisher":{"@id":"https:\/\/megafitness.cl\/store\/#organization"},"potentialAction":[{"@type":"SearchAction","target":{"@type":"EntryPoint","urlTemplate":"https:\/\/megafitness.cl\/store\/?s={search_term_string}"},"query-input":{"@type":"PropertyValueSpecification","valueRequired":true,"valueName":"search_term_string"}}],"inLanguage":"es"},{"@type":"Organization","@id":"https:\/\/megafitness.cl\/store\/#organization","name":"Mega Fitness | Tienda","url":"https:\/\/megafitness.cl\/store\/","logo":{"@type":"ImageObject","inLanguage":"es","@id":"https:\/\/megafitness.cl\/store\/#\/schema\/logo\/image\/","url":"https:\/\/megafitness.cl\/store\/wp-content\/uploads\/sites\/3\/2024\/08\/megafitnessLogo1Simple.svg","contentUrl":"https:\/\/megafitness.cl\/store\/wp-content\/uploads\/sites\/3\/2024\/08\/megafitnessLogo1Simple.svg","width":197,"height":27,"caption":"Mega Fitness | Tienda"},"image":{"@id":"https:\/\/megafitness.cl\/store\/#\/schema\/logo\/image\/"}}]}},"_links":{"self":[{"href":"https:\/\/megafitness.cl\/store\/wp-json\/wp\/v2\/product\/1348","targetHints":{"allow":["GET"]}}],"collection":[{"href":"https:\/\/megafitness.cl\/store\/wp-json\/wp\/v2\/product"}],"about":[{"href":"https:\/\/megafitness.cl\/store\/wp-json\/wp\/v2\/types\/product"}],"replies":[{"embeddable":true,"href":"https:\/\/megafitness.cl\/store\/wp-json\/wp\/v2\/comments?post=1348"}],"wp:featuredmedia":[{"embeddable":true,"href":"https:\/\/megafitness.cl\/store\/wp-json\/wp\/v2\/media\/1358"}],"wp:attachment":[{"href":"https:\/\/megafitness.cl\/store\/wp-json\/wp\/v2\/media?parent=1348"}],"wp:term":[{"taxonomy":"product_brand","embeddable":true,"href":"https:\/\/megafitness.cl\/store\/wp-json\/wp\/v2\/product_brand?post=1348"},{"taxonomy":"product_cat","embeddable":true,"href":"https:\/\/megafitness.cl\/store\/wp-json\/wp\/v2\/product_cat?post=1348"},{"taxonomy":"product_tag","embeddable":true,"href":"https:\/\/megafitness.cl\/store\/wp-json\/wp\/v2\/product_tag?post=1348"}],"curies":[{"name":"wp","href":"https:\/\/api.w.org\/{rel}","templated":true}]}}