{"id":1667,"date":"2024-08-02T00:18:36","date_gmt":"2024-08-01T22:18:36","guid":{"rendered":"https:\/\/megafitness.cl\/store\/?post_type=product&#038;p=1667"},"modified":"2026-04-07T00:22:49","modified_gmt":"2026-04-06T22:22:49","slug":"rdx-straps-de-muneca-para-entrenamiento-de-peso-rosa","status":"publish","type":"product","link":"https:\/\/megafitness.cl\/store\/producto\/rdx-straps-de-muneca-para-entrenamiento-de-peso-rosa\/","title":{"rendered":"RDX Straps De Mu\u00f1eca Para Entrenamiento De Peso &#8211; Rosa"},"content":{"rendered":"<p>Las mu\u00f1equeras de entrenamiento con pesas RDX Training est\u00e1n hechas para proteger sus mu\u00f1ecas de presiones extremas y lesiones mientras mejoran su forma durante los entrenamientos en el gimnasio y las sesiones de levantamiento de pesas. La combinaci\u00f3n \u00fanica de el\u00e1stico y algod\u00f3n de alta calidad permite propiedades de absorci\u00f3n del sudor y m\u00e1xima comodidad durante esos levantamientos extenuantes. Disfrute de un agarre m\u00e1s fuerte, una mu\u00f1eca m\u00e1s segura y una envoltura f\u00e1cilmente ajustable para todas sus necesidades de levantamiento.<\/p>\n<p>Incluye almohadilla para la mu\u00f1eca Grip Flex: crea tracci\u00f3n entre la mano y la barra<br \/>\nConfeccionado en algod\u00f3n de alta calidad: resistente, duradero y ayuda a absorber el sudor.<br \/>\n20,5 de largo, 1,5 de ancho: cabe c\u00f3modamente en la palma de la mano<br \/>\nPropiedades que absorben el sudor: la mezcla el\u00e1stica y de algod\u00f3n ayuda a mantener el agarre lo m\u00e1s seco posible<br \/>\nDise\u00f1o exclusivo para un agarre fuerte<\/p>\n<table class=\"andes-table\">\n<tbody class=\"andes-table__body\">\n<tr class=\"andes-table__row ui-vpp-striped-specs__row\">\n<th class=\"andes-table__header andes-table__header--left ui-vpp-striped-specs__row__column ui-vpp-striped-specs__row__column--id\" scope=\"row\">\n<div class=\"andes-table__header__container\">Largo x Ancho<\/div>\n<\/th>\n<td id=\":R55tit6l9im:\" class=\"andes-table__column andes-table__column--left andes-table__column--vertical-align-center ui-vpp-striped-specs__row__column\"><span id=\":R55tit6l9im:-value\" class=\"andes-table__column--value\">20.5 \u00bb x 1.5 \u00bb (Pulgadas)<\/span><\/td>\n<\/tr>\n<\/tbody>\n<\/table>\n","protected":false},"excerpt":{"rendered":"<p>Las mu\u00f1equeras de entrenamiento con pesas RDX Training est\u00e1n hechas para proteger sus mu\u00f1ecas de presiones extremas y lesiones mientras mejoran su forma durante los entrenamientos en el gimnasio y las sesiones de levantamiento de pesas. La combinaci\u00f3n \u00fanica de el\u00e1stico y algod\u00f3n de alta calidad permite propiedades de absorci\u00f3n del sudor y m\u00e1xima comodidad&#8230;<\/p>\n","protected":false},"featured_media":1668,"comment_status":"open","ping_status":"closed","template":"","meta":{"_kad_post_transparent":"default","_kad_post_title":"","_kad_post_layout":"default","_kad_post_sidebar_id":"","_kad_post_content_style":"default","_kad_post_vertical_padding":"default","_kad_post_feature":"","_kad_post_feature_position":"","_kad_post_header":false,"_kad_post_footer":false,"_kad_post_classname":""},"product_brand":[],"product_cat":[29],"product_tag":[],"class_list":{"0":"post-1667","1":"product","2":"type-product","3":"status-publish","4":"has-post-thumbnail","6":"product_cat-otros","8":"first","9":"instock","10":"shipping-taxable","11":"purchasable","12":"product-type-simple","13":"entry","14":"content-bg","15":"loop-entry"},"yoast_head":"<!-- This site is optimized with the Yoast SEO plugin v27.5 - https:\/\/yoast.com\/product\/yoast-seo-wordpress\/ -->\n<title>RDX Straps De Mu\u00f1eca Para Entrenamiento De Peso - Rosa | Mega Fitness | Tienda<\/title>\n<meta name=\"robots\" content=\"index, follow, max-snippet:-1, max-image-preview:large, max-video-preview:-1\" \/>\n<link rel=\"canonical\" href=\"https:\/\/megafitness.cl\/store\/producto\/rdx-straps-de-muneca-para-entrenamiento-de-peso-rosa\/\" \/>\n<meta property=\"og:locale\" content=\"es_ES\" \/>\n<meta property=\"og:type\" content=\"article\" \/>\n<meta property=\"og:title\" content=\"RDX Straps De Mu\u00f1eca Para Entrenamiento De Peso - Rosa | Mega Fitness | Tienda\" \/>\n<meta property=\"og:description\" content=\"Las mu\u00f1equeras de entrenamiento con pesas RDX Training est\u00e1n hechas para proteger sus mu\u00f1ecas de presiones extremas y lesiones mientras mejoran su forma durante los entrenamientos en el gimnasio y las sesiones de levantamiento de pesas. La combinaci\u00f3n \u00fanica de el\u00e1stico y algod\u00f3n de alta calidad permite propiedades de absorci\u00f3n del sudor y m\u00e1xima comodidad...\" \/>\n<meta property=\"og:url\" content=\"https:\/\/megafitness.cl\/store\/producto\/rdx-straps-de-muneca-para-entrenamiento-de-peso-rosa\/\" \/>\n<meta property=\"og:site_name\" content=\"Mega Fitness | Tienda\" \/>\n<meta property=\"article:modified_time\" content=\"2026-04-06T22:22:49+00:00\" \/>\n<meta property=\"og:image\" content=\"https:\/\/megafitness.cl\/store\/wp-content\/uploads\/sites\/3\/2024\/08\/rdx_w1_weight_training_wrist_straps_pink_2__1_329d15ac-627c-4fa5-a6fa-cdc1e648741e_960x_crop_center.webp\" \/>\n\t<meta property=\"og:image:width\" content=\"800\" \/>\n\t<meta property=\"og:image:height\" content=\"800\" \/>\n\t<meta property=\"og:image:type\" content=\"image\/webp\" \/>\n<meta name=\"twitter:card\" content=\"summary_large_image\" \/>\n<meta name=\"twitter:label1\" content=\"Tiempo de lectura\" \/>\n\t<meta name=\"twitter:data1\" content=\"1 minuto\" \/>\n<script type=\"application\/ld+json\" class=\"yoast-schema-graph\">{\"@context\":\"https:\\\/\\\/schema.org\",\"@graph\":[{\"@type\":[\"WebPage\",\"ItemPage\"],\"@id\":\"https:\\\/\\\/megafitness.cl\\\/store\\\/producto\\\/rdx-straps-de-muneca-para-entrenamiento-de-peso-rosa\\\/\",\"url\":\"https:\\\/\\\/megafitness.cl\\\/store\\\/producto\\\/rdx-straps-de-muneca-para-entrenamiento-de-peso-rosa\\\/\",\"name\":\"RDX Straps De Mu\u00f1eca Para Entrenamiento De Peso - Rosa | Mega Fitness | Tienda\",\"isPartOf\":{\"@id\":\"https:\\\/\\\/megafitness.cl\\\/store\\\/#website\"},\"primaryImageOfPage\":{\"@id\":\"https:\\\/\\\/megafitness.cl\\\/store\\\/producto\\\/rdx-straps-de-muneca-para-entrenamiento-de-peso-rosa\\\/#primaryimage\"},\"image\":{\"@id\":\"https:\\\/\\\/megafitness.cl\\\/store\\\/producto\\\/rdx-straps-de-muneca-para-entrenamiento-de-peso-rosa\\\/#primaryimage\"},\"thumbnailUrl\":\"https:\\\/\\\/megafitness.cl\\\/store\\\/wp-content\\\/uploads\\\/sites\\\/3\\\/2024\\\/08\\\/rdx_w1_weight_training_wrist_straps_pink_2__1_329d15ac-627c-4fa5-a6fa-cdc1e648741e_960x_crop_center.webp\",\"datePublished\":\"2024-08-01T22:18:36+00:00\",\"dateModified\":\"2026-04-06T22:22:49+00:00\",\"breadcrumb\":{\"@id\":\"https:\\\/\\\/megafitness.cl\\\/store\\\/producto\\\/rdx-straps-de-muneca-para-entrenamiento-de-peso-rosa\\\/#breadcrumb\"},\"inLanguage\":\"es\",\"potentialAction\":[{\"@type\":\"ReadAction\",\"target\":[\"https:\\\/\\\/megafitness.cl\\\/store\\\/producto\\\/rdx-straps-de-muneca-para-entrenamiento-de-peso-rosa\\\/\"]}]},{\"@type\":\"ImageObject\",\"inLanguage\":\"es\",\"@id\":\"https:\\\/\\\/megafitness.cl\\\/store\\\/producto\\\/rdx-straps-de-muneca-para-entrenamiento-de-peso-rosa\\\/#primaryimage\",\"url\":\"https:\\\/\\\/megafitness.cl\\\/store\\\/wp-content\\\/uploads\\\/sites\\\/3\\\/2024\\\/08\\\/rdx_w1_weight_training_wrist_straps_pink_2__1_329d15ac-627c-4fa5-a6fa-cdc1e648741e_960x_crop_center.webp\",\"contentUrl\":\"https:\\\/\\\/megafitness.cl\\\/store\\\/wp-content\\\/uploads\\\/sites\\\/3\\\/2024\\\/08\\\/rdx_w1_weight_training_wrist_straps_pink_2__1_329d15ac-627c-4fa5-a6fa-cdc1e648741e_960x_crop_center.webp\",\"width\":800,\"height\":800},{\"@type\":\"BreadcrumbList\",\"@id\":\"https:\\\/\\\/megafitness.cl\\\/store\\\/producto\\\/rdx-straps-de-muneca-para-entrenamiento-de-peso-rosa\\\/#breadcrumb\",\"itemListElement\":[{\"@type\":\"ListItem\",\"position\":1,\"name\":\"Portada\",\"item\":\"https:\\\/\\\/megafitness.cl\\\/store\\\/\"},{\"@type\":\"ListItem\",\"position\":2,\"name\":\"Shop\",\"item\":\"https:\\\/\\\/megafitness.cl\\\/store\\\/shop\\\/\"},{\"@type\":\"ListItem\",\"position\":3,\"name\":\"RDX Straps De Mu\u00f1eca Para Entrenamiento De Peso &#8211; Rosa\"}]},{\"@type\":\"WebSite\",\"@id\":\"https:\\\/\\\/megafitness.cl\\\/store\\\/#website\",\"url\":\"https:\\\/\\\/megafitness.cl\\\/store\\\/\",\"name\":\"Mega Fitness | Tienda\",\"description\":\"Tu Gimnasio en Providencia\",\"publisher\":{\"@id\":\"https:\\\/\\\/megafitness.cl\\\/store\\\/#organization\"},\"potentialAction\":[{\"@type\":\"SearchAction\",\"target\":{\"@type\":\"EntryPoint\",\"urlTemplate\":\"https:\\\/\\\/megafitness.cl\\\/store\\\/?s={search_term_string}\"},\"query-input\":{\"@type\":\"PropertyValueSpecification\",\"valueRequired\":true,\"valueName\":\"search_term_string\"}}],\"inLanguage\":\"es\"},{\"@type\":\"Organization\",\"@id\":\"https:\\\/\\\/megafitness.cl\\\/store\\\/#organization\",\"name\":\"Mega Fitness | Tienda\",\"url\":\"https:\\\/\\\/megafitness.cl\\\/store\\\/\",\"logo\":{\"@type\":\"ImageObject\",\"inLanguage\":\"es\",\"@id\":\"https:\\\/\\\/megafitness.cl\\\/store\\\/#\\\/schema\\\/logo\\\/image\\\/\",\"url\":\"https:\\\/\\\/megafitness.cl\\\/store\\\/wp-content\\\/uploads\\\/sites\\\/3\\\/2024\\\/08\\\/megafitnessLogo1Simple.svg\",\"contentUrl\":\"https:\\\/\\\/megafitness.cl\\\/store\\\/wp-content\\\/uploads\\\/sites\\\/3\\\/2024\\\/08\\\/megafitnessLogo1Simple.svg\",\"width\":197,\"height\":27,\"caption\":\"Mega Fitness | Tienda\"},\"image\":{\"@id\":\"https:\\\/\\\/megafitness.cl\\\/store\\\/#\\\/schema\\\/logo\\\/image\\\/\"}}]}<\/script>\n<!-- \/ Yoast SEO plugin. -->","yoast_head_json":{"title":"RDX Straps De Mu\u00f1eca Para Entrenamiento De Peso - Rosa | Mega Fitness | Tienda","robots":{"index":"index","follow":"follow","max-snippet":"max-snippet:-1","max-image-preview":"max-image-preview:large","max-video-preview":"max-video-preview:-1"},"canonical":"https:\/\/megafitness.cl\/store\/producto\/rdx-straps-de-muneca-para-entrenamiento-de-peso-rosa\/","og_locale":"es_ES","og_type":"article","og_title":"RDX Straps De Mu\u00f1eca Para Entrenamiento De Peso - Rosa | Mega Fitness | Tienda","og_description":"Las mu\u00f1equeras de entrenamiento con pesas RDX Training est\u00e1n hechas para proteger sus mu\u00f1ecas de presiones extremas y lesiones mientras mejoran su forma durante los entrenamientos en el gimnasio y las sesiones de levantamiento de pesas. La combinaci\u00f3n \u00fanica de el\u00e1stico y algod\u00f3n de alta calidad permite propiedades de absorci\u00f3n del sudor y m\u00e1xima comodidad...","og_url":"https:\/\/megafitness.cl\/store\/producto\/rdx-straps-de-muneca-para-entrenamiento-de-peso-rosa\/","og_site_name":"Mega Fitness | Tienda","article_modified_time":"2026-04-06T22:22:49+00:00","og_image":[{"width":800,"height":800,"url":"https:\/\/megafitness.cl\/store\/wp-content\/uploads\/sites\/3\/2024\/08\/rdx_w1_weight_training_wrist_straps_pink_2__1_329d15ac-627c-4fa5-a6fa-cdc1e648741e_960x_crop_center.webp","type":"image\/webp"}],"twitter_card":"summary_large_image","twitter_misc":{"Tiempo de lectura":"1 minuto"},"schema":{"@context":"https:\/\/schema.org","@graph":[{"@type":["WebPage","ItemPage"],"@id":"https:\/\/megafitness.cl\/store\/producto\/rdx-straps-de-muneca-para-entrenamiento-de-peso-rosa\/","url":"https:\/\/megafitness.cl\/store\/producto\/rdx-straps-de-muneca-para-entrenamiento-de-peso-rosa\/","name":"RDX Straps De Mu\u00f1eca Para Entrenamiento De Peso - Rosa | Mega Fitness | Tienda","isPartOf":{"@id":"https:\/\/megafitness.cl\/store\/#website"},"primaryImageOfPage":{"@id":"https:\/\/megafitness.cl\/store\/producto\/rdx-straps-de-muneca-para-entrenamiento-de-peso-rosa\/#primaryimage"},"image":{"@id":"https:\/\/megafitness.cl\/store\/producto\/rdx-straps-de-muneca-para-entrenamiento-de-peso-rosa\/#primaryimage"},"thumbnailUrl":"https:\/\/megafitness.cl\/store\/wp-content\/uploads\/sites\/3\/2024\/08\/rdx_w1_weight_training_wrist_straps_pink_2__1_329d15ac-627c-4fa5-a6fa-cdc1e648741e_960x_crop_center.webp","datePublished":"2024-08-01T22:18:36+00:00","dateModified":"2026-04-06T22:22:49+00:00","breadcrumb":{"@id":"https:\/\/megafitness.cl\/store\/producto\/rdx-straps-de-muneca-para-entrenamiento-de-peso-rosa\/#breadcrumb"},"inLanguage":"es","potentialAction":[{"@type":"ReadAction","target":["https:\/\/megafitness.cl\/store\/producto\/rdx-straps-de-muneca-para-entrenamiento-de-peso-rosa\/"]}]},{"@type":"ImageObject","inLanguage":"es","@id":"https:\/\/megafitness.cl\/store\/producto\/rdx-straps-de-muneca-para-entrenamiento-de-peso-rosa\/#primaryimage","url":"https:\/\/megafitness.cl\/store\/wp-content\/uploads\/sites\/3\/2024\/08\/rdx_w1_weight_training_wrist_straps_pink_2__1_329d15ac-627c-4fa5-a6fa-cdc1e648741e_960x_crop_center.webp","contentUrl":"https:\/\/megafitness.cl\/store\/wp-content\/uploads\/sites\/3\/2024\/08\/rdx_w1_weight_training_wrist_straps_pink_2__1_329d15ac-627c-4fa5-a6fa-cdc1e648741e_960x_crop_center.webp","width":800,"height":800},{"@type":"BreadcrumbList","@id":"https:\/\/megafitness.cl\/store\/producto\/rdx-straps-de-muneca-para-entrenamiento-de-peso-rosa\/#breadcrumb","itemListElement":[{"@type":"ListItem","position":1,"name":"Portada","item":"https:\/\/megafitness.cl\/store\/"},{"@type":"ListItem","position":2,"name":"Shop","item":"https:\/\/megafitness.cl\/store\/shop\/"},{"@type":"ListItem","position":3,"name":"RDX Straps De Mu\u00f1eca Para Entrenamiento De Peso &#8211; Rosa"}]},{"@type":"WebSite","@id":"https:\/\/megafitness.cl\/store\/#website","url":"https:\/\/megafitness.cl\/store\/","name":"Mega Fitness | Tienda","description":"Tu Gimnasio en Providencia","publisher":{"@id":"https:\/\/megafitness.cl\/store\/#organization"},"potentialAction":[{"@type":"SearchAction","target":{"@type":"EntryPoint","urlTemplate":"https:\/\/megafitness.cl\/store\/?s={search_term_string}"},"query-input":{"@type":"PropertyValueSpecification","valueRequired":true,"valueName":"search_term_string"}}],"inLanguage":"es"},{"@type":"Organization","@id":"https:\/\/megafitness.cl\/store\/#organization","name":"Mega Fitness | Tienda","url":"https:\/\/megafitness.cl\/store\/","logo":{"@type":"ImageObject","inLanguage":"es","@id":"https:\/\/megafitness.cl\/store\/#\/schema\/logo\/image\/","url":"https:\/\/megafitness.cl\/store\/wp-content\/uploads\/sites\/3\/2024\/08\/megafitnessLogo1Simple.svg","contentUrl":"https:\/\/megafitness.cl\/store\/wp-content\/uploads\/sites\/3\/2024\/08\/megafitnessLogo1Simple.svg","width":197,"height":27,"caption":"Mega Fitness | Tienda"},"image":{"@id":"https:\/\/megafitness.cl\/store\/#\/schema\/logo\/image\/"}}]}},"_links":{"self":[{"href":"https:\/\/megafitness.cl\/store\/wp-json\/wp\/v2\/product\/1667","targetHints":{"allow":["GET"]}}],"collection":[{"href":"https:\/\/megafitness.cl\/store\/wp-json\/wp\/v2\/product"}],"about":[{"href":"https:\/\/megafitness.cl\/store\/wp-json\/wp\/v2\/types\/product"}],"replies":[{"embeddable":true,"href":"https:\/\/megafitness.cl\/store\/wp-json\/wp\/v2\/comments?post=1667"}],"wp:featuredmedia":[{"embeddable":true,"href":"https:\/\/megafitness.cl\/store\/wp-json\/wp\/v2\/media\/1668"}],"wp:attachment":[{"href":"https:\/\/megafitness.cl\/store\/wp-json\/wp\/v2\/media?parent=1667"}],"wp:term":[{"taxonomy":"product_brand","embeddable":true,"href":"https:\/\/megafitness.cl\/store\/wp-json\/wp\/v2\/product_brand?post=1667"},{"taxonomy":"product_cat","embeddable":true,"href":"https:\/\/megafitness.cl\/store\/wp-json\/wp\/v2\/product_cat?post=1667"},{"taxonomy":"product_tag","embeddable":true,"href":"https:\/\/megafitness.cl\/store\/wp-json\/wp\/v2\/product_tag?post=1667"}],"curies":[{"name":"wp","href":"https:\/\/api.w.org\/{rel}","templated":true}]}}