{"id":1672,"date":"2024-08-02T00:25:40","date_gmt":"2024-08-01T22:25:40","guid":{"rendered":"https:\/\/megafitness.cl\/store\/?post_type=product&#038;p=1672"},"modified":"2024-10-01T15:31:20","modified_gmt":"2024-10-01T13:31:20","slug":"rdx-cinturon-levantamiento-de-peso-negro-4-pulgadas-talla-l","status":"publish","type":"product","link":"https:\/\/megafitness.cl\/store\/producto\/rdx-cinturon-levantamiento-de-peso-negro-4-pulgadas-talla-l\/","title":{"rendered":"RDX Cintur\u00f3n Levantamiento De Peso &#8211; Negro 4 Pulgadas &#8211; Talla L"},"content":{"rendered":"<p>Siente el poder con este amplio cintur\u00f3n de soporte para la espalda para levantamiento de pesas, confeccionado en aut\u00e9ntica piel de ante de vaca para un dise\u00f1o resistente que dura y dura. El acolchado de fibra de carbono amortiguar\u00e1 tu espalda perfectamente, la amplia cobertura garantiza que tengas apoyo tanto para el abdomen como para la espalda cuando lo necesites, el forro dise\u00f1ado por expertos eliminar\u00e1 el sudor para mantenerte agradable y seco, mientras que la hebilla dura como las u\u00f1as te proteger\u00e1. le brinda un ajuste seguro cuando levanta o apila. Este cintur\u00f3n es lo suficientemente s\u00f3lido como para funcionar bajo cualquier presi\u00f3n, pero nunca compromete la comodidad.<\/p>\n<p>Fabricado con aut\u00e9ntica piel de vacuno para mayor durabilidad y resistencia.<br \/>\nAcolchado especial de fibra de carbono para mejorar el soporte y reducir el estr\u00e9s.<br \/>\nCintur\u00f3n de potencia de 4 anchos para una cobertura perfecta de la espalda y el abdomen durante el entrenamiento<br \/>\nForro interior QD-1 con control de la humedad para mantenerte seco y saludable<br \/>\nHebilla de rodillo de doble punta con doble costura avanzada para un ajuste seguro<\/p>\n","protected":false},"excerpt":{"rendered":"<p>Siente el poder con este amplio cintur\u00f3n de soporte para la espalda para levantamiento de pesas, confeccionado en aut\u00e9ntica piel de ante de vaca para un dise\u00f1o resistente que dura y dura. El acolchado de fibra de carbono amortiguar\u00e1 tu espalda perfectamente, la amplia cobertura garantiza que tengas apoyo tanto para el abdomen como para&#8230;<\/p>\n","protected":false},"featured_media":1674,"comment_status":"open","ping_status":"closed","template":"","meta":{"_kad_post_transparent":"default","_kad_post_title":"","_kad_post_layout":"default","_kad_post_sidebar_id":"","_kad_post_content_style":"default","_kad_post_vertical_padding":"default","_kad_post_feature":"","_kad_post_feature_position":"","_kad_post_header":false,"_kad_post_footer":false,"_kad_post_classname":""},"product_brand":[],"product_cat":[29],"product_tag":[],"class_list":{"0":"post-1672","1":"product","2":"type-product","3":"status-publish","4":"has-post-thumbnail","6":"product_cat-otros","8":"first","9":"outofstock","10":"shipping-taxable","11":"purchasable","12":"product-type-simple","13":"entry","14":"content-bg","15":"loop-entry"},"yoast_head":"<!-- This site is optimized with the Yoast SEO plugin v27.5 - https:\/\/yoast.com\/product\/yoast-seo-wordpress\/ -->\n<title>RDX Cintur\u00f3n Levantamiento De Peso - Negro 4 Pulgadas - Talla L | Mega Fitness | Tienda<\/title>\n<meta name=\"robots\" content=\"index, follow, max-snippet:-1, max-image-preview:large, max-video-preview:-1\" \/>\n<link rel=\"canonical\" href=\"https:\/\/megafitness.cl\/store\/producto\/rdx-cinturon-levantamiento-de-peso-negro-4-pulgadas-talla-l\/\" \/>\n<meta property=\"og:locale\" content=\"es_ES\" \/>\n<meta property=\"og:type\" content=\"article\" \/>\n<meta property=\"og:title\" content=\"RDX Cintur\u00f3n Levantamiento De Peso - Negro 4 Pulgadas - Talla L | Mega Fitness | Tienda\" \/>\n<meta property=\"og:description\" content=\"Siente el poder con este amplio cintur\u00f3n de soporte para la espalda para levantamiento de pesas, confeccionado en aut\u00e9ntica piel de ante de vaca para un dise\u00f1o resistente que dura y dura. El acolchado de fibra de carbono amortiguar\u00e1 tu espalda perfectamente, la amplia cobertura garantiza que tengas apoyo tanto para el abdomen como para...\" \/>\n<meta property=\"og:url\" content=\"https:\/\/megafitness.cl\/store\/producto\/rdx-cinturon-levantamiento-de-peso-negro-4-pulgadas-talla-l\/\" \/>\n<meta property=\"og:site_name\" content=\"Mega Fitness | Tienda\" \/>\n<meta property=\"article:modified_time\" content=\"2024-10-01T13:31:20+00:00\" \/>\n<meta property=\"og:image\" content=\"https:\/\/megafitness.cl\/store\/wp-content\/uploads\/sites\/3\/2024\/08\/rdx_4_inch_leather_weightlifting_gym_belt_5_68836ed9-b398-4ec6-9be2-996b5bd1646a_640x_crop_center.webp\" \/>\n\t<meta property=\"og:image:width\" content=\"640\" \/>\n\t<meta property=\"og:image:height\" content=\"640\" \/>\n\t<meta property=\"og:image:type\" content=\"image\/webp\" \/>\n<meta name=\"twitter:card\" content=\"summary_large_image\" \/>\n<meta name=\"twitter:label1\" content=\"Tiempo de lectura\" \/>\n\t<meta name=\"twitter:data1\" content=\"2 minutos\" \/>\n<script type=\"application\/ld+json\" class=\"yoast-schema-graph\">{\"@context\":\"https:\\\/\\\/schema.org\",\"@graph\":[{\"@type\":[\"WebPage\",\"ItemPage\"],\"@id\":\"https:\\\/\\\/megafitness.cl\\\/store\\\/producto\\\/rdx-cinturon-levantamiento-de-peso-negro-4-pulgadas-talla-l\\\/\",\"url\":\"https:\\\/\\\/megafitness.cl\\\/store\\\/producto\\\/rdx-cinturon-levantamiento-de-peso-negro-4-pulgadas-talla-l\\\/\",\"name\":\"RDX Cintur\u00f3n Levantamiento De Peso - Negro 4 Pulgadas - Talla L | Mega Fitness | Tienda\",\"isPartOf\":{\"@id\":\"https:\\\/\\\/megafitness.cl\\\/store\\\/#website\"},\"primaryImageOfPage\":{\"@id\":\"https:\\\/\\\/megafitness.cl\\\/store\\\/producto\\\/rdx-cinturon-levantamiento-de-peso-negro-4-pulgadas-talla-l\\\/#primaryimage\"},\"image\":{\"@id\":\"https:\\\/\\\/megafitness.cl\\\/store\\\/producto\\\/rdx-cinturon-levantamiento-de-peso-negro-4-pulgadas-talla-l\\\/#primaryimage\"},\"thumbnailUrl\":\"https:\\\/\\\/megafitness.cl\\\/store\\\/wp-content\\\/uploads\\\/sites\\\/3\\\/2024\\\/08\\\/rdx_4_inch_leather_weightlifting_gym_belt_5_68836ed9-b398-4ec6-9be2-996b5bd1646a_640x_crop_center.webp\",\"datePublished\":\"2024-08-01T22:25:40+00:00\",\"dateModified\":\"2024-10-01T13:31:20+00:00\",\"breadcrumb\":{\"@id\":\"https:\\\/\\\/megafitness.cl\\\/store\\\/producto\\\/rdx-cinturon-levantamiento-de-peso-negro-4-pulgadas-talla-l\\\/#breadcrumb\"},\"inLanguage\":\"es\",\"potentialAction\":[{\"@type\":\"ReadAction\",\"target\":[\"https:\\\/\\\/megafitness.cl\\\/store\\\/producto\\\/rdx-cinturon-levantamiento-de-peso-negro-4-pulgadas-talla-l\\\/\"]}]},{\"@type\":\"ImageObject\",\"inLanguage\":\"es\",\"@id\":\"https:\\\/\\\/megafitness.cl\\\/store\\\/producto\\\/rdx-cinturon-levantamiento-de-peso-negro-4-pulgadas-talla-l\\\/#primaryimage\",\"url\":\"https:\\\/\\\/megafitness.cl\\\/store\\\/wp-content\\\/uploads\\\/sites\\\/3\\\/2024\\\/08\\\/rdx_4_inch_leather_weightlifting_gym_belt_5_68836ed9-b398-4ec6-9be2-996b5bd1646a_640x_crop_center.webp\",\"contentUrl\":\"https:\\\/\\\/megafitness.cl\\\/store\\\/wp-content\\\/uploads\\\/sites\\\/3\\\/2024\\\/08\\\/rdx_4_inch_leather_weightlifting_gym_belt_5_68836ed9-b398-4ec6-9be2-996b5bd1646a_640x_crop_center.webp\",\"width\":640,\"height\":640},{\"@type\":\"BreadcrumbList\",\"@id\":\"https:\\\/\\\/megafitness.cl\\\/store\\\/producto\\\/rdx-cinturon-levantamiento-de-peso-negro-4-pulgadas-talla-l\\\/#breadcrumb\",\"itemListElement\":[{\"@type\":\"ListItem\",\"position\":1,\"name\":\"Portada\",\"item\":\"https:\\\/\\\/megafitness.cl\\\/store\\\/\"},{\"@type\":\"ListItem\",\"position\":2,\"name\":\"Shop\",\"item\":\"https:\\\/\\\/megafitness.cl\\\/store\\\/shop\\\/\"},{\"@type\":\"ListItem\",\"position\":3,\"name\":\"RDX Cintur\u00f3n Levantamiento De Peso &#8211; Negro 4 Pulgadas &#8211; Talla L\"}]},{\"@type\":\"WebSite\",\"@id\":\"https:\\\/\\\/megafitness.cl\\\/store\\\/#website\",\"url\":\"https:\\\/\\\/megafitness.cl\\\/store\\\/\",\"name\":\"Mega Fitness | Tienda\",\"description\":\"Tu Gimnasio en Providencia\",\"publisher\":{\"@id\":\"https:\\\/\\\/megafitness.cl\\\/store\\\/#organization\"},\"potentialAction\":[{\"@type\":\"SearchAction\",\"target\":{\"@type\":\"EntryPoint\",\"urlTemplate\":\"https:\\\/\\\/megafitness.cl\\\/store\\\/?s={search_term_string}\"},\"query-input\":{\"@type\":\"PropertyValueSpecification\",\"valueRequired\":true,\"valueName\":\"search_term_string\"}}],\"inLanguage\":\"es\"},{\"@type\":\"Organization\",\"@id\":\"https:\\\/\\\/megafitness.cl\\\/store\\\/#organization\",\"name\":\"Mega Fitness | Tienda\",\"url\":\"https:\\\/\\\/megafitness.cl\\\/store\\\/\",\"logo\":{\"@type\":\"ImageObject\",\"inLanguage\":\"es\",\"@id\":\"https:\\\/\\\/megafitness.cl\\\/store\\\/#\\\/schema\\\/logo\\\/image\\\/\",\"url\":\"https:\\\/\\\/megafitness.cl\\\/store\\\/wp-content\\\/uploads\\\/sites\\\/3\\\/2024\\\/08\\\/megafitnessLogo1Simple.svg\",\"contentUrl\":\"https:\\\/\\\/megafitness.cl\\\/store\\\/wp-content\\\/uploads\\\/sites\\\/3\\\/2024\\\/08\\\/megafitnessLogo1Simple.svg\",\"width\":197,\"height\":27,\"caption\":\"Mega Fitness | Tienda\"},\"image\":{\"@id\":\"https:\\\/\\\/megafitness.cl\\\/store\\\/#\\\/schema\\\/logo\\\/image\\\/\"}}]}<\/script>\n<!-- \/ Yoast SEO plugin. -->","yoast_head_json":{"title":"RDX Cintur\u00f3n Levantamiento De Peso - Negro 4 Pulgadas - Talla L | Mega Fitness | Tienda","robots":{"index":"index","follow":"follow","max-snippet":"max-snippet:-1","max-image-preview":"max-image-preview:large","max-video-preview":"max-video-preview:-1"},"canonical":"https:\/\/megafitness.cl\/store\/producto\/rdx-cinturon-levantamiento-de-peso-negro-4-pulgadas-talla-l\/","og_locale":"es_ES","og_type":"article","og_title":"RDX Cintur\u00f3n Levantamiento De Peso - Negro 4 Pulgadas - Talla L | Mega Fitness | Tienda","og_description":"Siente el poder con este amplio cintur\u00f3n de soporte para la espalda para levantamiento de pesas, confeccionado en aut\u00e9ntica piel de ante de vaca para un dise\u00f1o resistente que dura y dura. El acolchado de fibra de carbono amortiguar\u00e1 tu espalda perfectamente, la amplia cobertura garantiza que tengas apoyo tanto para el abdomen como para...","og_url":"https:\/\/megafitness.cl\/store\/producto\/rdx-cinturon-levantamiento-de-peso-negro-4-pulgadas-talla-l\/","og_site_name":"Mega Fitness | Tienda","article_modified_time":"2024-10-01T13:31:20+00:00","og_image":[{"width":640,"height":640,"url":"https:\/\/megafitness.cl\/store\/wp-content\/uploads\/sites\/3\/2024\/08\/rdx_4_inch_leather_weightlifting_gym_belt_5_68836ed9-b398-4ec6-9be2-996b5bd1646a_640x_crop_center.webp","type":"image\/webp"}],"twitter_card":"summary_large_image","twitter_misc":{"Tiempo de lectura":"2 minutos"},"schema":{"@context":"https:\/\/schema.org","@graph":[{"@type":["WebPage","ItemPage"],"@id":"https:\/\/megafitness.cl\/store\/producto\/rdx-cinturon-levantamiento-de-peso-negro-4-pulgadas-talla-l\/","url":"https:\/\/megafitness.cl\/store\/producto\/rdx-cinturon-levantamiento-de-peso-negro-4-pulgadas-talla-l\/","name":"RDX Cintur\u00f3n Levantamiento De Peso - Negro 4 Pulgadas - Talla L | Mega Fitness | Tienda","isPartOf":{"@id":"https:\/\/megafitness.cl\/store\/#website"},"primaryImageOfPage":{"@id":"https:\/\/megafitness.cl\/store\/producto\/rdx-cinturon-levantamiento-de-peso-negro-4-pulgadas-talla-l\/#primaryimage"},"image":{"@id":"https:\/\/megafitness.cl\/store\/producto\/rdx-cinturon-levantamiento-de-peso-negro-4-pulgadas-talla-l\/#primaryimage"},"thumbnailUrl":"https:\/\/megafitness.cl\/store\/wp-content\/uploads\/sites\/3\/2024\/08\/rdx_4_inch_leather_weightlifting_gym_belt_5_68836ed9-b398-4ec6-9be2-996b5bd1646a_640x_crop_center.webp","datePublished":"2024-08-01T22:25:40+00:00","dateModified":"2024-10-01T13:31:20+00:00","breadcrumb":{"@id":"https:\/\/megafitness.cl\/store\/producto\/rdx-cinturon-levantamiento-de-peso-negro-4-pulgadas-talla-l\/#breadcrumb"},"inLanguage":"es","potentialAction":[{"@type":"ReadAction","target":["https:\/\/megafitness.cl\/store\/producto\/rdx-cinturon-levantamiento-de-peso-negro-4-pulgadas-talla-l\/"]}]},{"@type":"ImageObject","inLanguage":"es","@id":"https:\/\/megafitness.cl\/store\/producto\/rdx-cinturon-levantamiento-de-peso-negro-4-pulgadas-talla-l\/#primaryimage","url":"https:\/\/megafitness.cl\/store\/wp-content\/uploads\/sites\/3\/2024\/08\/rdx_4_inch_leather_weightlifting_gym_belt_5_68836ed9-b398-4ec6-9be2-996b5bd1646a_640x_crop_center.webp","contentUrl":"https:\/\/megafitness.cl\/store\/wp-content\/uploads\/sites\/3\/2024\/08\/rdx_4_inch_leather_weightlifting_gym_belt_5_68836ed9-b398-4ec6-9be2-996b5bd1646a_640x_crop_center.webp","width":640,"height":640},{"@type":"BreadcrumbList","@id":"https:\/\/megafitness.cl\/store\/producto\/rdx-cinturon-levantamiento-de-peso-negro-4-pulgadas-talla-l\/#breadcrumb","itemListElement":[{"@type":"ListItem","position":1,"name":"Portada","item":"https:\/\/megafitness.cl\/store\/"},{"@type":"ListItem","position":2,"name":"Shop","item":"https:\/\/megafitness.cl\/store\/shop\/"},{"@type":"ListItem","position":3,"name":"RDX Cintur\u00f3n Levantamiento De Peso &#8211; Negro 4 Pulgadas &#8211; Talla L"}]},{"@type":"WebSite","@id":"https:\/\/megafitness.cl\/store\/#website","url":"https:\/\/megafitness.cl\/store\/","name":"Mega Fitness | Tienda","description":"Tu Gimnasio en Providencia","publisher":{"@id":"https:\/\/megafitness.cl\/store\/#organization"},"potentialAction":[{"@type":"SearchAction","target":{"@type":"EntryPoint","urlTemplate":"https:\/\/megafitness.cl\/store\/?s={search_term_string}"},"query-input":{"@type":"PropertyValueSpecification","valueRequired":true,"valueName":"search_term_string"}}],"inLanguage":"es"},{"@type":"Organization","@id":"https:\/\/megafitness.cl\/store\/#organization","name":"Mega Fitness | Tienda","url":"https:\/\/megafitness.cl\/store\/","logo":{"@type":"ImageObject","inLanguage":"es","@id":"https:\/\/megafitness.cl\/store\/#\/schema\/logo\/image\/","url":"https:\/\/megafitness.cl\/store\/wp-content\/uploads\/sites\/3\/2024\/08\/megafitnessLogo1Simple.svg","contentUrl":"https:\/\/megafitness.cl\/store\/wp-content\/uploads\/sites\/3\/2024\/08\/megafitnessLogo1Simple.svg","width":197,"height":27,"caption":"Mega Fitness | Tienda"},"image":{"@id":"https:\/\/megafitness.cl\/store\/#\/schema\/logo\/image\/"}}]}},"_links":{"self":[{"href":"https:\/\/megafitness.cl\/store\/wp-json\/wp\/v2\/product\/1672","targetHints":{"allow":["GET"]}}],"collection":[{"href":"https:\/\/megafitness.cl\/store\/wp-json\/wp\/v2\/product"}],"about":[{"href":"https:\/\/megafitness.cl\/store\/wp-json\/wp\/v2\/types\/product"}],"replies":[{"embeddable":true,"href":"https:\/\/megafitness.cl\/store\/wp-json\/wp\/v2\/comments?post=1672"}],"wp:featuredmedia":[{"embeddable":true,"href":"https:\/\/megafitness.cl\/store\/wp-json\/wp\/v2\/media\/1674"}],"wp:attachment":[{"href":"https:\/\/megafitness.cl\/store\/wp-json\/wp\/v2\/media?parent=1672"}],"wp:term":[{"taxonomy":"product_brand","embeddable":true,"href":"https:\/\/megafitness.cl\/store\/wp-json\/wp\/v2\/product_brand?post=1672"},{"taxonomy":"product_cat","embeddable":true,"href":"https:\/\/megafitness.cl\/store\/wp-json\/wp\/v2\/product_cat?post=1672"},{"taxonomy":"product_tag","embeddable":true,"href":"https:\/\/megafitness.cl\/store\/wp-json\/wp\/v2\/product_tag?post=1672"}],"curies":[{"name":"wp","href":"https:\/\/api.w.org\/{rel}","templated":true}]}}