{"id":1683,"date":"2024-08-02T00:33:42","date_gmt":"2024-08-01T22:33:42","guid":{"rendered":"https:\/\/megafitness.cl\/store\/?post_type=product&#038;p=1683"},"modified":"2025-07-02T21:13:56","modified_gmt":"2025-07-02T19:13:56","slug":"rdx-arnes-de-cuello-para-levantamiento-de-peso-negro","status":"publish","type":"product","link":"https:\/\/megafitness.cl\/store\/producto\/rdx-arnes-de-cuello-para-levantamiento-de-peso-negro\/","title":{"rendered":"RDX Arn\u00e9s De Cuello Para Levantamiento De Peso &#8211; Negro +"},"content":{"rendered":"<p>El arn\u00e9s para el cuello RDX est\u00e1 dise\u00f1ado para ejercicios \u00f3ptimos de cuello y espalda. Un producto esencial tanto para las artes marciales mixtas como para el boxeo, donde los golpes de conmoci\u00f3n pueden sacudir el sistema nervioso, esto le permite desarrollar los m\u00fasculos necesarios para evitar que dicho da\u00f1o le afecte. El arn\u00e9s para la cabeza le ayuda espec\u00edficamente a trabajar los m\u00fasculos romboides y trapecio a diferencia de cualquier otro equipo de desarrollo de fuerza. El arn\u00e9s para el cuello le permite replicar los efectos del entrenamiento con pesas, con un potencial de carga ilimitado de peso recto que es f\u00e1cil de rastrear en el cuello y la espalda. Adem\u00e1s, el arn\u00e9s para el cuello se utiliza a menudo para fomentar o solucionar problemas de postura o reducir las posibilidades de da\u00f1os derivados de una mala postura.<\/p>\n<p>4 pestillos con anilla en D: fabricados para ajustar y maniobrar en diferentes longitudes<br \/>\nCadena de acero HG de 35 pulgadas (90 cm): acero ajustable y extremadamente duradero, para mayor versatilidad en longitud y uso.<br \/>\nCosturas de nailon\/neopreno de grado industrial: para mayor resistencia, comodidad y para garantizar un uso duradero.<br \/>\nCorreas ajustables en tres direcciones: para garantizar un rendimiento estable y seguro durante todo el entrenamiento\/ejercicio\/entrenamiento.<br \/>\nAcolchado debajo de la barbilla y sobre la cabeza: para mayor comodidad y para mantener el equipo anclado alrededor de la cabeza.<\/p>\n","protected":false},"excerpt":{"rendered":"<p>El arn\u00e9s para el cuello RDX est\u00e1 dise\u00f1ado para ejercicios \u00f3ptimos de cuello y espalda. Un producto esencial tanto para las artes marciales mixtas como para el boxeo, donde los golpes de conmoci\u00f3n pueden sacudir el sistema nervioso, esto le permite desarrollar los m\u00fasculos necesarios para evitar que dicho da\u00f1o le afecte. El arn\u00e9s para&#8230;<\/p>\n","protected":false},"featured_media":1684,"comment_status":"open","ping_status":"closed","template":"","meta":{"_kad_post_transparent":"default","_kad_post_title":"","_kad_post_layout":"default","_kad_post_sidebar_id":"","_kad_post_content_style":"default","_kad_post_vertical_padding":"default","_kad_post_feature":"","_kad_post_feature_position":"","_kad_post_header":false,"_kad_post_footer":false,"_kad_post_classname":""},"product_brand":[],"product_cat":[29],"product_tag":[],"class_list":{"0":"post-1683","1":"product","2":"type-product","3":"status-publish","4":"has-post-thumbnail","6":"product_cat-otros","8":"first","9":"outofstock","10":"shipping-taxable","11":"purchasable","12":"product-type-simple","13":"entry","14":"content-bg","15":"loop-entry"},"yoast_head":"<!-- This site is optimized with the Yoast SEO plugin v27.4 - https:\/\/yoast.com\/product\/yoast-seo-wordpress\/ -->\n<title>RDX Arn\u00e9s De Cuello Para Levantamiento De Peso - Negro + | Mega Fitness | Tienda<\/title>\n<meta name=\"robots\" content=\"index, follow, max-snippet:-1, max-image-preview:large, max-video-preview:-1\" \/>\n<link rel=\"canonical\" href=\"https:\/\/megafitness.cl\/store\/producto\/rdx-arnes-de-cuello-para-levantamiento-de-peso-negro\/\" \/>\n<meta property=\"og:locale\" content=\"es_ES\" \/>\n<meta property=\"og:type\" content=\"article\" \/>\n<meta property=\"og:title\" content=\"RDX Arn\u00e9s De Cuello Para Levantamiento De Peso - Negro + | Mega Fitness | Tienda\" \/>\n<meta property=\"og:description\" content=\"El arn\u00e9s para el cuello RDX est\u00e1 dise\u00f1ado para ejercicios \u00f3ptimos de cuello y espalda. Un producto esencial tanto para las artes marciales mixtas como para el boxeo, donde los golpes de conmoci\u00f3n pueden sacudir el sistema nervioso, esto le permite desarrollar los m\u00fasculos necesarios para evitar que dicho da\u00f1o le afecte. El arn\u00e9s para...\" \/>\n<meta property=\"og:url\" content=\"https:\/\/megafitness.cl\/store\/producto\/rdx-arnes-de-cuello-para-levantamiento-de-peso-negro\/\" \/>\n<meta property=\"og:site_name\" content=\"Mega Fitness | Tienda\" \/>\n<meta property=\"article:modified_time\" content=\"2025-07-02T19:13:56+00:00\" \/>\n<meta property=\"og:image\" content=\"https:\/\/megafitness.cl\/store\/wp-content\/uploads\/sites\/3\/2024\/08\/rdx_h2_black_neck_harness_for_weight_lifting_strengthening_exercises_1_81825991-c4c0-4feb-ae68-c858c8d97790_640x_crop_center.webp\" \/>\n\t<meta property=\"og:image:width\" content=\"640\" \/>\n\t<meta property=\"og:image:height\" content=\"707\" \/>\n\t<meta property=\"og:image:type\" content=\"image\/webp\" \/>\n<meta name=\"twitter:card\" content=\"summary_large_image\" \/>\n<meta name=\"twitter:label1\" content=\"Tiempo de lectura\" \/>\n\t<meta name=\"twitter:data1\" content=\"2 minutos\" \/>\n<script type=\"application\/ld+json\" class=\"yoast-schema-graph\">{\"@context\":\"https:\\\/\\\/schema.org\",\"@graph\":[{\"@type\":[\"WebPage\",\"ItemPage\"],\"@id\":\"https:\\\/\\\/megafitness.cl\\\/store\\\/producto\\\/rdx-arnes-de-cuello-para-levantamiento-de-peso-negro\\\/\",\"url\":\"https:\\\/\\\/megafitness.cl\\\/store\\\/producto\\\/rdx-arnes-de-cuello-para-levantamiento-de-peso-negro\\\/\",\"name\":\"RDX Arn\u00e9s De Cuello Para Levantamiento De Peso - Negro + | Mega Fitness | Tienda\",\"isPartOf\":{\"@id\":\"https:\\\/\\\/megafitness.cl\\\/store\\\/#website\"},\"primaryImageOfPage\":{\"@id\":\"https:\\\/\\\/megafitness.cl\\\/store\\\/producto\\\/rdx-arnes-de-cuello-para-levantamiento-de-peso-negro\\\/#primaryimage\"},\"image\":{\"@id\":\"https:\\\/\\\/megafitness.cl\\\/store\\\/producto\\\/rdx-arnes-de-cuello-para-levantamiento-de-peso-negro\\\/#primaryimage\"},\"thumbnailUrl\":\"https:\\\/\\\/megafitness.cl\\\/store\\\/wp-content\\\/uploads\\\/sites\\\/3\\\/2024\\\/08\\\/rdx_h2_black_neck_harness_for_weight_lifting_strengthening_exercises_1_81825991-c4c0-4feb-ae68-c858c8d97790_640x_crop_center.webp\",\"datePublished\":\"2024-08-01T22:33:42+00:00\",\"dateModified\":\"2025-07-02T19:13:56+00:00\",\"breadcrumb\":{\"@id\":\"https:\\\/\\\/megafitness.cl\\\/store\\\/producto\\\/rdx-arnes-de-cuello-para-levantamiento-de-peso-negro\\\/#breadcrumb\"},\"inLanguage\":\"es\",\"potentialAction\":[{\"@type\":\"ReadAction\",\"target\":[\"https:\\\/\\\/megafitness.cl\\\/store\\\/producto\\\/rdx-arnes-de-cuello-para-levantamiento-de-peso-negro\\\/\"]}]},{\"@type\":\"ImageObject\",\"inLanguage\":\"es\",\"@id\":\"https:\\\/\\\/megafitness.cl\\\/store\\\/producto\\\/rdx-arnes-de-cuello-para-levantamiento-de-peso-negro\\\/#primaryimage\",\"url\":\"https:\\\/\\\/megafitness.cl\\\/store\\\/wp-content\\\/uploads\\\/sites\\\/3\\\/2024\\\/08\\\/rdx_h2_black_neck_harness_for_weight_lifting_strengthening_exercises_1_81825991-c4c0-4feb-ae68-c858c8d97790_640x_crop_center.webp\",\"contentUrl\":\"https:\\\/\\\/megafitness.cl\\\/store\\\/wp-content\\\/uploads\\\/sites\\\/3\\\/2024\\\/08\\\/rdx_h2_black_neck_harness_for_weight_lifting_strengthening_exercises_1_81825991-c4c0-4feb-ae68-c858c8d97790_640x_crop_center.webp\",\"width\":640,\"height\":707},{\"@type\":\"BreadcrumbList\",\"@id\":\"https:\\\/\\\/megafitness.cl\\\/store\\\/producto\\\/rdx-arnes-de-cuello-para-levantamiento-de-peso-negro\\\/#breadcrumb\",\"itemListElement\":[{\"@type\":\"ListItem\",\"position\":1,\"name\":\"Portada\",\"item\":\"https:\\\/\\\/megafitness.cl\\\/store\\\/\"},{\"@type\":\"ListItem\",\"position\":2,\"name\":\"Shop\",\"item\":\"https:\\\/\\\/megafitness.cl\\\/store\\\/shop\\\/\"},{\"@type\":\"ListItem\",\"position\":3,\"name\":\"RDX Arn\u00e9s De Cuello Para Levantamiento De Peso &#8211; Negro +\"}]},{\"@type\":\"WebSite\",\"@id\":\"https:\\\/\\\/megafitness.cl\\\/store\\\/#website\",\"url\":\"https:\\\/\\\/megafitness.cl\\\/store\\\/\",\"name\":\"Mega Fitness | Tienda\",\"description\":\"Tu Gimnasio en Providencia\",\"publisher\":{\"@id\":\"https:\\\/\\\/megafitness.cl\\\/store\\\/#organization\"},\"potentialAction\":[{\"@type\":\"SearchAction\",\"target\":{\"@type\":\"EntryPoint\",\"urlTemplate\":\"https:\\\/\\\/megafitness.cl\\\/store\\\/?s={search_term_string}\"},\"query-input\":{\"@type\":\"PropertyValueSpecification\",\"valueRequired\":true,\"valueName\":\"search_term_string\"}}],\"inLanguage\":\"es\"},{\"@type\":\"Organization\",\"@id\":\"https:\\\/\\\/megafitness.cl\\\/store\\\/#organization\",\"name\":\"Mega Fitness | Tienda\",\"url\":\"https:\\\/\\\/megafitness.cl\\\/store\\\/\",\"logo\":{\"@type\":\"ImageObject\",\"inLanguage\":\"es\",\"@id\":\"https:\\\/\\\/megafitness.cl\\\/store\\\/#\\\/schema\\\/logo\\\/image\\\/\",\"url\":\"https:\\\/\\\/megafitness.cl\\\/store\\\/wp-content\\\/uploads\\\/sites\\\/3\\\/2024\\\/08\\\/megafitnessLogo1Simple.svg\",\"contentUrl\":\"https:\\\/\\\/megafitness.cl\\\/store\\\/wp-content\\\/uploads\\\/sites\\\/3\\\/2024\\\/08\\\/megafitnessLogo1Simple.svg\",\"width\":197,\"height\":27,\"caption\":\"Mega Fitness | Tienda\"},\"image\":{\"@id\":\"https:\\\/\\\/megafitness.cl\\\/store\\\/#\\\/schema\\\/logo\\\/image\\\/\"}}]}<\/script>\n<!-- \/ Yoast SEO plugin. -->","yoast_head_json":{"title":"RDX Arn\u00e9s De Cuello Para Levantamiento De Peso - Negro + | Mega Fitness | Tienda","robots":{"index":"index","follow":"follow","max-snippet":"max-snippet:-1","max-image-preview":"max-image-preview:large","max-video-preview":"max-video-preview:-1"},"canonical":"https:\/\/megafitness.cl\/store\/producto\/rdx-arnes-de-cuello-para-levantamiento-de-peso-negro\/","og_locale":"es_ES","og_type":"article","og_title":"RDX Arn\u00e9s De Cuello Para Levantamiento De Peso - Negro + | Mega Fitness | Tienda","og_description":"El arn\u00e9s para el cuello RDX est\u00e1 dise\u00f1ado para ejercicios \u00f3ptimos de cuello y espalda. Un producto esencial tanto para las artes marciales mixtas como para el boxeo, donde los golpes de conmoci\u00f3n pueden sacudir el sistema nervioso, esto le permite desarrollar los m\u00fasculos necesarios para evitar que dicho da\u00f1o le afecte. El arn\u00e9s para...","og_url":"https:\/\/megafitness.cl\/store\/producto\/rdx-arnes-de-cuello-para-levantamiento-de-peso-negro\/","og_site_name":"Mega Fitness | Tienda","article_modified_time":"2025-07-02T19:13:56+00:00","og_image":[{"width":640,"height":707,"url":"https:\/\/megafitness.cl\/store\/wp-content\/uploads\/sites\/3\/2024\/08\/rdx_h2_black_neck_harness_for_weight_lifting_strengthening_exercises_1_81825991-c4c0-4feb-ae68-c858c8d97790_640x_crop_center.webp","type":"image\/webp"}],"twitter_card":"summary_large_image","twitter_misc":{"Tiempo de lectura":"2 minutos"},"schema":{"@context":"https:\/\/schema.org","@graph":[{"@type":["WebPage","ItemPage"],"@id":"https:\/\/megafitness.cl\/store\/producto\/rdx-arnes-de-cuello-para-levantamiento-de-peso-negro\/","url":"https:\/\/megafitness.cl\/store\/producto\/rdx-arnes-de-cuello-para-levantamiento-de-peso-negro\/","name":"RDX Arn\u00e9s De Cuello Para Levantamiento De Peso - Negro + | Mega Fitness | Tienda","isPartOf":{"@id":"https:\/\/megafitness.cl\/store\/#website"},"primaryImageOfPage":{"@id":"https:\/\/megafitness.cl\/store\/producto\/rdx-arnes-de-cuello-para-levantamiento-de-peso-negro\/#primaryimage"},"image":{"@id":"https:\/\/megafitness.cl\/store\/producto\/rdx-arnes-de-cuello-para-levantamiento-de-peso-negro\/#primaryimage"},"thumbnailUrl":"https:\/\/megafitness.cl\/store\/wp-content\/uploads\/sites\/3\/2024\/08\/rdx_h2_black_neck_harness_for_weight_lifting_strengthening_exercises_1_81825991-c4c0-4feb-ae68-c858c8d97790_640x_crop_center.webp","datePublished":"2024-08-01T22:33:42+00:00","dateModified":"2025-07-02T19:13:56+00:00","breadcrumb":{"@id":"https:\/\/megafitness.cl\/store\/producto\/rdx-arnes-de-cuello-para-levantamiento-de-peso-negro\/#breadcrumb"},"inLanguage":"es","potentialAction":[{"@type":"ReadAction","target":["https:\/\/megafitness.cl\/store\/producto\/rdx-arnes-de-cuello-para-levantamiento-de-peso-negro\/"]}]},{"@type":"ImageObject","inLanguage":"es","@id":"https:\/\/megafitness.cl\/store\/producto\/rdx-arnes-de-cuello-para-levantamiento-de-peso-negro\/#primaryimage","url":"https:\/\/megafitness.cl\/store\/wp-content\/uploads\/sites\/3\/2024\/08\/rdx_h2_black_neck_harness_for_weight_lifting_strengthening_exercises_1_81825991-c4c0-4feb-ae68-c858c8d97790_640x_crop_center.webp","contentUrl":"https:\/\/megafitness.cl\/store\/wp-content\/uploads\/sites\/3\/2024\/08\/rdx_h2_black_neck_harness_for_weight_lifting_strengthening_exercises_1_81825991-c4c0-4feb-ae68-c858c8d97790_640x_crop_center.webp","width":640,"height":707},{"@type":"BreadcrumbList","@id":"https:\/\/megafitness.cl\/store\/producto\/rdx-arnes-de-cuello-para-levantamiento-de-peso-negro\/#breadcrumb","itemListElement":[{"@type":"ListItem","position":1,"name":"Portada","item":"https:\/\/megafitness.cl\/store\/"},{"@type":"ListItem","position":2,"name":"Shop","item":"https:\/\/megafitness.cl\/store\/shop\/"},{"@type":"ListItem","position":3,"name":"RDX Arn\u00e9s De Cuello Para Levantamiento De Peso &#8211; Negro +"}]},{"@type":"WebSite","@id":"https:\/\/megafitness.cl\/store\/#website","url":"https:\/\/megafitness.cl\/store\/","name":"Mega Fitness | Tienda","description":"Tu Gimnasio en Providencia","publisher":{"@id":"https:\/\/megafitness.cl\/store\/#organization"},"potentialAction":[{"@type":"SearchAction","target":{"@type":"EntryPoint","urlTemplate":"https:\/\/megafitness.cl\/store\/?s={search_term_string}"},"query-input":{"@type":"PropertyValueSpecification","valueRequired":true,"valueName":"search_term_string"}}],"inLanguage":"es"},{"@type":"Organization","@id":"https:\/\/megafitness.cl\/store\/#organization","name":"Mega Fitness | Tienda","url":"https:\/\/megafitness.cl\/store\/","logo":{"@type":"ImageObject","inLanguage":"es","@id":"https:\/\/megafitness.cl\/store\/#\/schema\/logo\/image\/","url":"https:\/\/megafitness.cl\/store\/wp-content\/uploads\/sites\/3\/2024\/08\/megafitnessLogo1Simple.svg","contentUrl":"https:\/\/megafitness.cl\/store\/wp-content\/uploads\/sites\/3\/2024\/08\/megafitnessLogo1Simple.svg","width":197,"height":27,"caption":"Mega Fitness | Tienda"},"image":{"@id":"https:\/\/megafitness.cl\/store\/#\/schema\/logo\/image\/"}}]}},"_links":{"self":[{"href":"https:\/\/megafitness.cl\/store\/wp-json\/wp\/v2\/product\/1683","targetHints":{"allow":["GET"]}}],"collection":[{"href":"https:\/\/megafitness.cl\/store\/wp-json\/wp\/v2\/product"}],"about":[{"href":"https:\/\/megafitness.cl\/store\/wp-json\/wp\/v2\/types\/product"}],"replies":[{"embeddable":true,"href":"https:\/\/megafitness.cl\/store\/wp-json\/wp\/v2\/comments?post=1683"}],"wp:featuredmedia":[{"embeddable":true,"href":"https:\/\/megafitness.cl\/store\/wp-json\/wp\/v2\/media\/1684"}],"wp:attachment":[{"href":"https:\/\/megafitness.cl\/store\/wp-json\/wp\/v2\/media?parent=1683"}],"wp:term":[{"taxonomy":"product_brand","embeddable":true,"href":"https:\/\/megafitness.cl\/store\/wp-json\/wp\/v2\/product_brand?post=1683"},{"taxonomy":"product_cat","embeddable":true,"href":"https:\/\/megafitness.cl\/store\/wp-json\/wp\/v2\/product_cat?post=1683"},{"taxonomy":"product_tag","embeddable":true,"href":"https:\/\/megafitness.cl\/store\/wp-json\/wp\/v2\/product_tag?post=1683"}],"curies":[{"name":"wp","href":"https:\/\/api.w.org\/{rel}","templated":true}]}}