{"id":1694,"date":"2024-08-07T00:23:56","date_gmt":"2024-08-06T22:23:56","guid":{"rendered":"https:\/\/megafitness.cl\/store\/?post_type=product&#038;p=1694"},"modified":"2026-04-07T18:18:23","modified_gmt":"2026-04-07T16:18:23","slug":"rdx-venda-de-rodilla-k4-rojo","status":"publish","type":"product","link":"https:\/\/megafitness.cl\/store\/producto\/rdx-venda-de-rodilla-k4-rojo\/","title":{"rendered":"RDX Venda de Rodilla K4 Rojo +"},"content":{"rendered":"<p>Los guerreros del gimnasio saben que las rodillas siempre son vulnerables a sufrir da\u00f1os. As\u00ed que abr\u00f3chate y mejora tu juego con nuestras rodilleras el\u00e1sticas: el soporte de rodilla ideal para mejorar tu t\u00e9cnica mientras te proteges de lesiones. Respaldado con una ingeniosa tecnolog\u00eda de gel, este protector de rodilla aniquilar\u00e1 por completo los golpes. El forro repelente a la humedad expulsar\u00e1 el sudor para mantenerte seco bajo presi\u00f3n. Y el dise\u00f1o de la correa el\u00e1stica le brindar\u00e1 control total de la comodidad, el ajuste y el soporte para cada rodilla. Para colmo, el dise\u00f1o precurvado seguir\u00e1 su silueta natural, brind\u00e1ndole el m\u00e1ximo movimiento con cada levantamiento. Acreditado por la Asociaci\u00f3n de levantamiento de pesas de los Estados Unidos (USPA) y la Liga internacional de levantamiento de pesas (IPL), aprobado y reconocido por World Congreso de Powerlifting y Comit\u00e9 Global de Powerlifting<\/p>\n<ul>\n<li>Tecnolog\u00eda Shell Shock GEL\u2122 para anular con \u00e9xito el impacto y prevenir lesiones<\/li>\n<li>Quick EZ Hook and Loop permite ponerlo y quitarlo f\u00e1cilmente despu\u00e9s de los entrenamientos, adem\u00e1s de ofrecer un nivel ajustable de compresi\u00f3n para mayor comodidad y funcionalidad.<\/li>\n<li>Anat\u00f3micamente curvado para seguir la forma natural de su pierna y proporcionar un ajuste \u00f3ptimo<\/li>\n<li>Correa de dise\u00f1o exclusivo para una seguridad y amortiguaci\u00f3n inmejorables para el \u00e1rea de la rodilla<\/li>\n<li>Forro inteligente con capacidad de absorci\u00f3n de humedad para mantenerte seco y libre de sudor<\/li>\n<li>El\u00e1stico f\u00e1cilmente ajustable para mayores niveles de comodidad y soporte durante los entrenamientos<\/li>\n<\/ul>\n","protected":false},"excerpt":{"rendered":"<p>Los guerreros del gimnasio saben que las rodillas siempre son vulnerables a sufrir da\u00f1os. As\u00ed que abr\u00f3chate y mejora tu juego con nuestras rodilleras el\u00e1sticas: el soporte de rodilla ideal para mejorar tu t\u00e9cnica mientras te proteges de lesiones. Respaldado con una ingeniosa tecnolog\u00eda de gel, este protector de rodilla aniquilar\u00e1 por completo los golpes&#8230;.<\/p>\n","protected":false},"featured_media":1695,"comment_status":"open","ping_status":"closed","template":"","meta":{"_kad_post_transparent":"default","_kad_post_title":"","_kad_post_layout":"default","_kad_post_sidebar_id":"","_kad_post_content_style":"default","_kad_post_vertical_padding":"default","_kad_post_feature":"","_kad_post_feature_position":"","_kad_post_header":false,"_kad_post_footer":false,"_kad_post_classname":""},"product_brand":[],"product_cat":[29],"product_tag":[],"class_list":{"0":"post-1694","1":"product","2":"type-product","3":"status-publish","4":"has-post-thumbnail","6":"product_cat-otros","8":"first","9":"outofstock","10":"shipping-taxable","11":"purchasable","12":"product-type-simple","13":"entry","14":"content-bg","15":"loop-entry"},"yoast_head":"<!-- This site is optimized with the Yoast SEO plugin v27.5 - https:\/\/yoast.com\/product\/yoast-seo-wordpress\/ -->\n<title>RDX Venda de Rodilla K4 Rojo + | Mega Fitness | Tienda<\/title>\n<meta name=\"robots\" content=\"index, follow, max-snippet:-1, max-image-preview:large, max-video-preview:-1\" \/>\n<link rel=\"canonical\" href=\"https:\/\/megafitness.cl\/store\/producto\/rdx-venda-de-rodilla-k4-rojo\/\" \/>\n<meta property=\"og:locale\" content=\"es_ES\" \/>\n<meta property=\"og:type\" content=\"article\" \/>\n<meta property=\"og:title\" content=\"RDX Venda de Rodilla K4 Rojo + | Mega Fitness | Tienda\" \/>\n<meta property=\"og:description\" content=\"Los guerreros del gimnasio saben que las rodillas siempre son vulnerables a sufrir da\u00f1os. As\u00ed que abr\u00f3chate y mejora tu juego con nuestras rodilleras el\u00e1sticas: el soporte de rodilla ideal para mejorar tu t\u00e9cnica mientras te proteges de lesiones. Respaldado con una ingeniosa tecnolog\u00eda de gel, este protector de rodilla aniquilar\u00e1 por completo los golpes....\" \/>\n<meta property=\"og:url\" content=\"https:\/\/megafitness.cl\/store\/producto\/rdx-venda-de-rodilla-k4-rojo\/\" \/>\n<meta property=\"og:site_name\" content=\"Mega Fitness | Tienda\" \/>\n<meta property=\"article:modified_time\" content=\"2026-04-07T16:18:23+00:00\" \/>\n<meta property=\"og:image\" content=\"https:\/\/megafitness.cl\/store\/wp-content\/uploads\/sites\/3\/2024\/08\/RDXWAH-K4R_1.jpg.webp\" \/>\n\t<meta property=\"og:image:width\" content=\"600\" \/>\n\t<meta property=\"og:image:height\" content=\"600\" \/>\n\t<meta property=\"og:image:type\" content=\"image\/webp\" \/>\n<meta name=\"twitter:card\" content=\"summary_large_image\" \/>\n<meta name=\"twitter:label1\" content=\"Tiempo de lectura\" \/>\n\t<meta name=\"twitter:data1\" content=\"2 minutos\" \/>\n<script type=\"application\/ld+json\" class=\"yoast-schema-graph\">{\"@context\":\"https:\\\/\\\/schema.org\",\"@graph\":[{\"@type\":[\"WebPage\",\"ItemPage\"],\"@id\":\"https:\\\/\\\/megafitness.cl\\\/store\\\/producto\\\/rdx-venda-de-rodilla-k4-rojo\\\/\",\"url\":\"https:\\\/\\\/megafitness.cl\\\/store\\\/producto\\\/rdx-venda-de-rodilla-k4-rojo\\\/\",\"name\":\"RDX Venda de Rodilla K4 Rojo + | Mega Fitness | Tienda\",\"isPartOf\":{\"@id\":\"https:\\\/\\\/megafitness.cl\\\/store\\\/#website\"},\"primaryImageOfPage\":{\"@id\":\"https:\\\/\\\/megafitness.cl\\\/store\\\/producto\\\/rdx-venda-de-rodilla-k4-rojo\\\/#primaryimage\"},\"image\":{\"@id\":\"https:\\\/\\\/megafitness.cl\\\/store\\\/producto\\\/rdx-venda-de-rodilla-k4-rojo\\\/#primaryimage\"},\"thumbnailUrl\":\"https:\\\/\\\/megafitness.cl\\\/store\\\/wp-content\\\/uploads\\\/sites\\\/3\\\/2024\\\/08\\\/RDXWAH-K4R_1.jpg.webp\",\"datePublished\":\"2024-08-06T22:23:56+00:00\",\"dateModified\":\"2026-04-07T16:18:23+00:00\",\"breadcrumb\":{\"@id\":\"https:\\\/\\\/megafitness.cl\\\/store\\\/producto\\\/rdx-venda-de-rodilla-k4-rojo\\\/#breadcrumb\"},\"inLanguage\":\"es\",\"potentialAction\":[{\"@type\":\"ReadAction\",\"target\":[\"https:\\\/\\\/megafitness.cl\\\/store\\\/producto\\\/rdx-venda-de-rodilla-k4-rojo\\\/\"]}]},{\"@type\":\"ImageObject\",\"inLanguage\":\"es\",\"@id\":\"https:\\\/\\\/megafitness.cl\\\/store\\\/producto\\\/rdx-venda-de-rodilla-k4-rojo\\\/#primaryimage\",\"url\":\"https:\\\/\\\/megafitness.cl\\\/store\\\/wp-content\\\/uploads\\\/sites\\\/3\\\/2024\\\/08\\\/RDXWAH-K4R_1.jpg.webp\",\"contentUrl\":\"https:\\\/\\\/megafitness.cl\\\/store\\\/wp-content\\\/uploads\\\/sites\\\/3\\\/2024\\\/08\\\/RDXWAH-K4R_1.jpg.webp\",\"width\":600,\"height\":600},{\"@type\":\"BreadcrumbList\",\"@id\":\"https:\\\/\\\/megafitness.cl\\\/store\\\/producto\\\/rdx-venda-de-rodilla-k4-rojo\\\/#breadcrumb\",\"itemListElement\":[{\"@type\":\"ListItem\",\"position\":1,\"name\":\"Portada\",\"item\":\"https:\\\/\\\/megafitness.cl\\\/store\\\/\"},{\"@type\":\"ListItem\",\"position\":2,\"name\":\"Shop\",\"item\":\"https:\\\/\\\/megafitness.cl\\\/store\\\/shop\\\/\"},{\"@type\":\"ListItem\",\"position\":3,\"name\":\"RDX Venda de Rodilla K4 Rojo +\"}]},{\"@type\":\"WebSite\",\"@id\":\"https:\\\/\\\/megafitness.cl\\\/store\\\/#website\",\"url\":\"https:\\\/\\\/megafitness.cl\\\/store\\\/\",\"name\":\"Mega Fitness | Tienda\",\"description\":\"Tu Gimnasio en Providencia\",\"publisher\":{\"@id\":\"https:\\\/\\\/megafitness.cl\\\/store\\\/#organization\"},\"potentialAction\":[{\"@type\":\"SearchAction\",\"target\":{\"@type\":\"EntryPoint\",\"urlTemplate\":\"https:\\\/\\\/megafitness.cl\\\/store\\\/?s={search_term_string}\"},\"query-input\":{\"@type\":\"PropertyValueSpecification\",\"valueRequired\":true,\"valueName\":\"search_term_string\"}}],\"inLanguage\":\"es\"},{\"@type\":\"Organization\",\"@id\":\"https:\\\/\\\/megafitness.cl\\\/store\\\/#organization\",\"name\":\"Mega Fitness | Tienda\",\"url\":\"https:\\\/\\\/megafitness.cl\\\/store\\\/\",\"logo\":{\"@type\":\"ImageObject\",\"inLanguage\":\"es\",\"@id\":\"https:\\\/\\\/megafitness.cl\\\/store\\\/#\\\/schema\\\/logo\\\/image\\\/\",\"url\":\"https:\\\/\\\/megafitness.cl\\\/store\\\/wp-content\\\/uploads\\\/sites\\\/3\\\/2024\\\/08\\\/megafitnessLogo1Simple.svg\",\"contentUrl\":\"https:\\\/\\\/megafitness.cl\\\/store\\\/wp-content\\\/uploads\\\/sites\\\/3\\\/2024\\\/08\\\/megafitnessLogo1Simple.svg\",\"width\":197,\"height\":27,\"caption\":\"Mega Fitness | Tienda\"},\"image\":{\"@id\":\"https:\\\/\\\/megafitness.cl\\\/store\\\/#\\\/schema\\\/logo\\\/image\\\/\"}}]}<\/script>\n<!-- \/ Yoast SEO plugin. -->","yoast_head_json":{"title":"RDX Venda de Rodilla K4 Rojo + | Mega Fitness | Tienda","robots":{"index":"index","follow":"follow","max-snippet":"max-snippet:-1","max-image-preview":"max-image-preview:large","max-video-preview":"max-video-preview:-1"},"canonical":"https:\/\/megafitness.cl\/store\/producto\/rdx-venda-de-rodilla-k4-rojo\/","og_locale":"es_ES","og_type":"article","og_title":"RDX Venda de Rodilla K4 Rojo + | Mega Fitness | Tienda","og_description":"Los guerreros del gimnasio saben que las rodillas siempre son vulnerables a sufrir da\u00f1os. As\u00ed que abr\u00f3chate y mejora tu juego con nuestras rodilleras el\u00e1sticas: el soporte de rodilla ideal para mejorar tu t\u00e9cnica mientras te proteges de lesiones. Respaldado con una ingeniosa tecnolog\u00eda de gel, este protector de rodilla aniquilar\u00e1 por completo los golpes....","og_url":"https:\/\/megafitness.cl\/store\/producto\/rdx-venda-de-rodilla-k4-rojo\/","og_site_name":"Mega Fitness | Tienda","article_modified_time":"2026-04-07T16:18:23+00:00","og_image":[{"width":600,"height":600,"url":"https:\/\/megafitness.cl\/store\/wp-content\/uploads\/sites\/3\/2024\/08\/RDXWAH-K4R_1.jpg.webp","type":"image\/webp"}],"twitter_card":"summary_large_image","twitter_misc":{"Tiempo de lectura":"2 minutos"},"schema":{"@context":"https:\/\/schema.org","@graph":[{"@type":["WebPage","ItemPage"],"@id":"https:\/\/megafitness.cl\/store\/producto\/rdx-venda-de-rodilla-k4-rojo\/","url":"https:\/\/megafitness.cl\/store\/producto\/rdx-venda-de-rodilla-k4-rojo\/","name":"RDX Venda de Rodilla K4 Rojo + | Mega Fitness | Tienda","isPartOf":{"@id":"https:\/\/megafitness.cl\/store\/#website"},"primaryImageOfPage":{"@id":"https:\/\/megafitness.cl\/store\/producto\/rdx-venda-de-rodilla-k4-rojo\/#primaryimage"},"image":{"@id":"https:\/\/megafitness.cl\/store\/producto\/rdx-venda-de-rodilla-k4-rojo\/#primaryimage"},"thumbnailUrl":"https:\/\/megafitness.cl\/store\/wp-content\/uploads\/sites\/3\/2024\/08\/RDXWAH-K4R_1.jpg.webp","datePublished":"2024-08-06T22:23:56+00:00","dateModified":"2026-04-07T16:18:23+00:00","breadcrumb":{"@id":"https:\/\/megafitness.cl\/store\/producto\/rdx-venda-de-rodilla-k4-rojo\/#breadcrumb"},"inLanguage":"es","potentialAction":[{"@type":"ReadAction","target":["https:\/\/megafitness.cl\/store\/producto\/rdx-venda-de-rodilla-k4-rojo\/"]}]},{"@type":"ImageObject","inLanguage":"es","@id":"https:\/\/megafitness.cl\/store\/producto\/rdx-venda-de-rodilla-k4-rojo\/#primaryimage","url":"https:\/\/megafitness.cl\/store\/wp-content\/uploads\/sites\/3\/2024\/08\/RDXWAH-K4R_1.jpg.webp","contentUrl":"https:\/\/megafitness.cl\/store\/wp-content\/uploads\/sites\/3\/2024\/08\/RDXWAH-K4R_1.jpg.webp","width":600,"height":600},{"@type":"BreadcrumbList","@id":"https:\/\/megafitness.cl\/store\/producto\/rdx-venda-de-rodilla-k4-rojo\/#breadcrumb","itemListElement":[{"@type":"ListItem","position":1,"name":"Portada","item":"https:\/\/megafitness.cl\/store\/"},{"@type":"ListItem","position":2,"name":"Shop","item":"https:\/\/megafitness.cl\/store\/shop\/"},{"@type":"ListItem","position":3,"name":"RDX Venda de Rodilla K4 Rojo +"}]},{"@type":"WebSite","@id":"https:\/\/megafitness.cl\/store\/#website","url":"https:\/\/megafitness.cl\/store\/","name":"Mega Fitness | Tienda","description":"Tu Gimnasio en Providencia","publisher":{"@id":"https:\/\/megafitness.cl\/store\/#organization"},"potentialAction":[{"@type":"SearchAction","target":{"@type":"EntryPoint","urlTemplate":"https:\/\/megafitness.cl\/store\/?s={search_term_string}"},"query-input":{"@type":"PropertyValueSpecification","valueRequired":true,"valueName":"search_term_string"}}],"inLanguage":"es"},{"@type":"Organization","@id":"https:\/\/megafitness.cl\/store\/#organization","name":"Mega Fitness | Tienda","url":"https:\/\/megafitness.cl\/store\/","logo":{"@type":"ImageObject","inLanguage":"es","@id":"https:\/\/megafitness.cl\/store\/#\/schema\/logo\/image\/","url":"https:\/\/megafitness.cl\/store\/wp-content\/uploads\/sites\/3\/2024\/08\/megafitnessLogo1Simple.svg","contentUrl":"https:\/\/megafitness.cl\/store\/wp-content\/uploads\/sites\/3\/2024\/08\/megafitnessLogo1Simple.svg","width":197,"height":27,"caption":"Mega Fitness | Tienda"},"image":{"@id":"https:\/\/megafitness.cl\/store\/#\/schema\/logo\/image\/"}}]}},"_links":{"self":[{"href":"https:\/\/megafitness.cl\/store\/wp-json\/wp\/v2\/product\/1694","targetHints":{"allow":["GET"]}}],"collection":[{"href":"https:\/\/megafitness.cl\/store\/wp-json\/wp\/v2\/product"}],"about":[{"href":"https:\/\/megafitness.cl\/store\/wp-json\/wp\/v2\/types\/product"}],"replies":[{"embeddable":true,"href":"https:\/\/megafitness.cl\/store\/wp-json\/wp\/v2\/comments?post=1694"}],"wp:featuredmedia":[{"embeddable":true,"href":"https:\/\/megafitness.cl\/store\/wp-json\/wp\/v2\/media\/1695"}],"wp:attachment":[{"href":"https:\/\/megafitness.cl\/store\/wp-json\/wp\/v2\/media?parent=1694"}],"wp:term":[{"taxonomy":"product_brand","embeddable":true,"href":"https:\/\/megafitness.cl\/store\/wp-json\/wp\/v2\/product_brand?post=1694"},{"taxonomy":"product_cat","embeddable":true,"href":"https:\/\/megafitness.cl\/store\/wp-json\/wp\/v2\/product_cat?post=1694"},{"taxonomy":"product_tag","embeddable":true,"href":"https:\/\/megafitness.cl\/store\/wp-json\/wp\/v2\/product_tag?post=1694"}],"curies":[{"name":"wp","href":"https:\/\/api.w.org\/{rel}","templated":true}]}}