{"id":1698,"date":"2024-08-07T00:56:16","date_gmt":"2024-08-06T22:56:16","guid":{"rendered":"https:\/\/megafitness.cl\/store\/?post_type=product&#038;p=1698"},"modified":"2025-08-04T20:36:41","modified_gmt":"2025-08-04T18:36:41","slug":"rdx-guantes-de-boxeo-aura-plus-t17-dorados","status":"publish","type":"product","link":"https:\/\/megafitness.cl\/store\/producto\/rdx-guantes-de-boxeo-aura-plus-t17-dorados\/","title":{"rendered":"RDX Guantes de Boxeo &#8211; Aura Plus T-17 &#8211; Dorados &#8211; 16 OZ"},"content":{"rendered":"<p>Los guantes de boxeo Aura Plus T-17 de RDX est\u00e1n confeccionados con cuero Maya Hide duradero y Kalix Skin, con forro de tela satinada para mayor comodidad y transpirabilidad. El molde de tecnolog\u00eda Membrane Grid 3 (MG-3) es una combinaci\u00f3n de m\u00faltiples capas de acolchado que garantiza una seguridad y protecci\u00f3n \u00f3ptimas, mientras que el acolchado Max-Shock, Equilibrium FOAM + Sponge X en el pu\u00f1o dispersa los impactos de manera efectiva. Las correas con cierre de gancho y bucle Quick-EZ ofrecen un ajuste f\u00e1cil de usar. Disponible en varios tama\u00f1os para un ajuste perfecto.<\/p>\n<p>&nbsp;<\/p>\n<p>Maya Hide, cuero Kalix Skin para una durabilidad excepcional<\/p>\n<p>Forro de tela satinada para mayor comodidad y transpirabilidad.<\/p>\n<p>Molde Membrane Grid 3 (MG-3), una combinaci\u00f3n de m\u00faltiples capas de acolchado para una seguridad y protecci\u00f3n \u00f3ptimas<\/p>\n<p>Acolchado Max-Shock, Equilibrium FOAM + Sponge X en el pu\u00f1o para una dispersi\u00f3n eficaz del impacto.<\/p>\n<p>Correas con cierre de gancho y bucle Quick-EZ para facilitar su uso y ajuste<\/p>\n<p>&nbsp;<\/p>\n","protected":false},"excerpt":{"rendered":"<p>Los guantes de boxeo Aura Plus T-17 de RDX est\u00e1n confeccionados con cuero Maya Hide duradero y Kalix Skin, con forro de tela satinada para mayor comodidad y transpirabilidad. El molde de tecnolog\u00eda Membrane Grid 3 (MG-3) es una combinaci\u00f3n de m\u00faltiples capas de acolchado que garantiza una seguridad y protecci\u00f3n \u00f3ptimas, mientras que el&#8230;<\/p>\n","protected":false},"featured_media":1699,"comment_status":"open","ping_status":"closed","template":"","meta":{"_kad_post_transparent":"default","_kad_post_title":"","_kad_post_layout":"default","_kad_post_sidebar_id":"","_kad_post_content_style":"default","_kad_post_vertical_padding":"default","_kad_post_feature":"","_kad_post_feature_position":"","_kad_post_header":false,"_kad_post_footer":false,"_kad_post_classname":""},"product_brand":[],"product_cat":[24],"product_tag":[],"class_list":{"0":"post-1698","1":"product","2":"type-product","3":"status-publish","4":"has-post-thumbnail","6":"product_cat-guantes","8":"first","9":"outofstock","10":"shipping-taxable","11":"purchasable","12":"product-type-simple","13":"entry","14":"content-bg","15":"loop-entry"},"yoast_head":"<!-- This site is optimized with the Yoast SEO plugin v27.4 - https:\/\/yoast.com\/product\/yoast-seo-wordpress\/ -->\n<title>RDX Guantes de Boxeo - Aura Plus T-17 - Dorados - 16 OZ | Mega Fitness | Tienda<\/title>\n<meta name=\"robots\" content=\"index, follow, max-snippet:-1, max-image-preview:large, max-video-preview:-1\" \/>\n<link rel=\"canonical\" href=\"https:\/\/megafitness.cl\/store\/producto\/rdx-guantes-de-boxeo-aura-plus-t17-dorados\/\" \/>\n<meta property=\"og:locale\" content=\"es_ES\" \/>\n<meta property=\"og:type\" content=\"article\" \/>\n<meta property=\"og:title\" content=\"RDX Guantes de Boxeo - Aura Plus T-17 - Dorados - 16 OZ | Mega Fitness | Tienda\" \/>\n<meta property=\"og:description\" content=\"Los guantes de boxeo Aura Plus T-17 de RDX est\u00e1n confeccionados con cuero Maya Hide duradero y Kalix Skin, con forro de tela satinada para mayor comodidad y transpirabilidad. El molde de tecnolog\u00eda Membrane Grid 3 (MG-3) es una combinaci\u00f3n de m\u00faltiples capas de acolchado que garantiza una seguridad y protecci\u00f3n \u00f3ptimas, mientras que el...\" \/>\n<meta property=\"og:url\" content=\"https:\/\/megafitness.cl\/store\/producto\/rdx-guantes-de-boxeo-aura-plus-t17-dorados\/\" \/>\n<meta property=\"og:site_name\" content=\"Mega Fitness | Tienda\" \/>\n<meta property=\"article:modified_time\" content=\"2025-08-04T18:36:41+00:00\" \/>\n<meta property=\"og:image\" content=\"https:\/\/megafitness.cl\/store\/wp-content\/uploads\/sites\/3\/2024\/08\/boxing_glove_t17_29-08-2023_618_golden_4_37771156-43c6-429e-ad24-4207cbf7bef7_960x_crop_center.webp\" \/>\n\t<meta property=\"og:image:width\" content=\"800\" \/>\n\t<meta property=\"og:image:height\" content=\"800\" \/>\n\t<meta property=\"og:image:type\" content=\"image\/webp\" \/>\n<meta name=\"twitter:card\" content=\"summary_large_image\" \/>\n<meta name=\"twitter:label1\" content=\"Tiempo de lectura\" \/>\n\t<meta name=\"twitter:data1\" content=\"1 minuto\" \/>\n<script type=\"application\/ld+json\" class=\"yoast-schema-graph\">{\"@context\":\"https:\\\/\\\/schema.org\",\"@graph\":[{\"@type\":[\"WebPage\",\"ItemPage\"],\"@id\":\"https:\\\/\\\/megafitness.cl\\\/store\\\/producto\\\/rdx-guantes-de-boxeo-aura-plus-t17-dorados\\\/\",\"url\":\"https:\\\/\\\/megafitness.cl\\\/store\\\/producto\\\/rdx-guantes-de-boxeo-aura-plus-t17-dorados\\\/\",\"name\":\"RDX Guantes de Boxeo - Aura Plus T-17 - Dorados - 16 OZ | Mega Fitness | Tienda\",\"isPartOf\":{\"@id\":\"https:\\\/\\\/megafitness.cl\\\/store\\\/#website\"},\"primaryImageOfPage\":{\"@id\":\"https:\\\/\\\/megafitness.cl\\\/store\\\/producto\\\/rdx-guantes-de-boxeo-aura-plus-t17-dorados\\\/#primaryimage\"},\"image\":{\"@id\":\"https:\\\/\\\/megafitness.cl\\\/store\\\/producto\\\/rdx-guantes-de-boxeo-aura-plus-t17-dorados\\\/#primaryimage\"},\"thumbnailUrl\":\"https:\\\/\\\/megafitness.cl\\\/store\\\/wp-content\\\/uploads\\\/sites\\\/3\\\/2024\\\/08\\\/boxing_glove_t17_29-08-2023_618_golden_4_37771156-43c6-429e-ad24-4207cbf7bef7_960x_crop_center.webp\",\"datePublished\":\"2024-08-06T22:56:16+00:00\",\"dateModified\":\"2025-08-04T18:36:41+00:00\",\"breadcrumb\":{\"@id\":\"https:\\\/\\\/megafitness.cl\\\/store\\\/producto\\\/rdx-guantes-de-boxeo-aura-plus-t17-dorados\\\/#breadcrumb\"},\"inLanguage\":\"es\",\"potentialAction\":[{\"@type\":\"ReadAction\",\"target\":[\"https:\\\/\\\/megafitness.cl\\\/store\\\/producto\\\/rdx-guantes-de-boxeo-aura-plus-t17-dorados\\\/\"]}]},{\"@type\":\"ImageObject\",\"inLanguage\":\"es\",\"@id\":\"https:\\\/\\\/megafitness.cl\\\/store\\\/producto\\\/rdx-guantes-de-boxeo-aura-plus-t17-dorados\\\/#primaryimage\",\"url\":\"https:\\\/\\\/megafitness.cl\\\/store\\\/wp-content\\\/uploads\\\/sites\\\/3\\\/2024\\\/08\\\/boxing_glove_t17_29-08-2023_618_golden_4_37771156-43c6-429e-ad24-4207cbf7bef7_960x_crop_center.webp\",\"contentUrl\":\"https:\\\/\\\/megafitness.cl\\\/store\\\/wp-content\\\/uploads\\\/sites\\\/3\\\/2024\\\/08\\\/boxing_glove_t17_29-08-2023_618_golden_4_37771156-43c6-429e-ad24-4207cbf7bef7_960x_crop_center.webp\",\"width\":800,\"height\":800},{\"@type\":\"BreadcrumbList\",\"@id\":\"https:\\\/\\\/megafitness.cl\\\/store\\\/producto\\\/rdx-guantes-de-boxeo-aura-plus-t17-dorados\\\/#breadcrumb\",\"itemListElement\":[{\"@type\":\"ListItem\",\"position\":1,\"name\":\"Portada\",\"item\":\"https:\\\/\\\/megafitness.cl\\\/store\\\/\"},{\"@type\":\"ListItem\",\"position\":2,\"name\":\"Shop\",\"item\":\"https:\\\/\\\/megafitness.cl\\\/store\\\/shop\\\/\"},{\"@type\":\"ListItem\",\"position\":3,\"name\":\"RDX Guantes de Boxeo &#8211; Aura Plus T-17 &#8211; Dorados &#8211; 16 OZ\"}]},{\"@type\":\"WebSite\",\"@id\":\"https:\\\/\\\/megafitness.cl\\\/store\\\/#website\",\"url\":\"https:\\\/\\\/megafitness.cl\\\/store\\\/\",\"name\":\"Mega Fitness | Tienda\",\"description\":\"Tu Gimnasio en Providencia\",\"publisher\":{\"@id\":\"https:\\\/\\\/megafitness.cl\\\/store\\\/#organization\"},\"potentialAction\":[{\"@type\":\"SearchAction\",\"target\":{\"@type\":\"EntryPoint\",\"urlTemplate\":\"https:\\\/\\\/megafitness.cl\\\/store\\\/?s={search_term_string}\"},\"query-input\":{\"@type\":\"PropertyValueSpecification\",\"valueRequired\":true,\"valueName\":\"search_term_string\"}}],\"inLanguage\":\"es\"},{\"@type\":\"Organization\",\"@id\":\"https:\\\/\\\/megafitness.cl\\\/store\\\/#organization\",\"name\":\"Mega Fitness | Tienda\",\"url\":\"https:\\\/\\\/megafitness.cl\\\/store\\\/\",\"logo\":{\"@type\":\"ImageObject\",\"inLanguage\":\"es\",\"@id\":\"https:\\\/\\\/megafitness.cl\\\/store\\\/#\\\/schema\\\/logo\\\/image\\\/\",\"url\":\"https:\\\/\\\/megafitness.cl\\\/store\\\/wp-content\\\/uploads\\\/sites\\\/3\\\/2024\\\/08\\\/megafitnessLogo1Simple.svg\",\"contentUrl\":\"https:\\\/\\\/megafitness.cl\\\/store\\\/wp-content\\\/uploads\\\/sites\\\/3\\\/2024\\\/08\\\/megafitnessLogo1Simple.svg\",\"width\":197,\"height\":27,\"caption\":\"Mega Fitness | Tienda\"},\"image\":{\"@id\":\"https:\\\/\\\/megafitness.cl\\\/store\\\/#\\\/schema\\\/logo\\\/image\\\/\"}}]}<\/script>\n<!-- \/ Yoast SEO plugin. -->","yoast_head_json":{"title":"RDX Guantes de Boxeo - Aura Plus T-17 - Dorados - 16 OZ | Mega Fitness | Tienda","robots":{"index":"index","follow":"follow","max-snippet":"max-snippet:-1","max-image-preview":"max-image-preview:large","max-video-preview":"max-video-preview:-1"},"canonical":"https:\/\/megafitness.cl\/store\/producto\/rdx-guantes-de-boxeo-aura-plus-t17-dorados\/","og_locale":"es_ES","og_type":"article","og_title":"RDX Guantes de Boxeo - Aura Plus T-17 - Dorados - 16 OZ | Mega Fitness | Tienda","og_description":"Los guantes de boxeo Aura Plus T-17 de RDX est\u00e1n confeccionados con cuero Maya Hide duradero y Kalix Skin, con forro de tela satinada para mayor comodidad y transpirabilidad. El molde de tecnolog\u00eda Membrane Grid 3 (MG-3) es una combinaci\u00f3n de m\u00faltiples capas de acolchado que garantiza una seguridad y protecci\u00f3n \u00f3ptimas, mientras que el...","og_url":"https:\/\/megafitness.cl\/store\/producto\/rdx-guantes-de-boxeo-aura-plus-t17-dorados\/","og_site_name":"Mega Fitness | Tienda","article_modified_time":"2025-08-04T18:36:41+00:00","og_image":[{"width":800,"height":800,"url":"https:\/\/megafitness.cl\/store\/wp-content\/uploads\/sites\/3\/2024\/08\/boxing_glove_t17_29-08-2023_618_golden_4_37771156-43c6-429e-ad24-4207cbf7bef7_960x_crop_center.webp","type":"image\/webp"}],"twitter_card":"summary_large_image","twitter_misc":{"Tiempo de lectura":"1 minuto"},"schema":{"@context":"https:\/\/schema.org","@graph":[{"@type":["WebPage","ItemPage"],"@id":"https:\/\/megafitness.cl\/store\/producto\/rdx-guantes-de-boxeo-aura-plus-t17-dorados\/","url":"https:\/\/megafitness.cl\/store\/producto\/rdx-guantes-de-boxeo-aura-plus-t17-dorados\/","name":"RDX Guantes de Boxeo - Aura Plus T-17 - Dorados - 16 OZ | Mega Fitness | Tienda","isPartOf":{"@id":"https:\/\/megafitness.cl\/store\/#website"},"primaryImageOfPage":{"@id":"https:\/\/megafitness.cl\/store\/producto\/rdx-guantes-de-boxeo-aura-plus-t17-dorados\/#primaryimage"},"image":{"@id":"https:\/\/megafitness.cl\/store\/producto\/rdx-guantes-de-boxeo-aura-plus-t17-dorados\/#primaryimage"},"thumbnailUrl":"https:\/\/megafitness.cl\/store\/wp-content\/uploads\/sites\/3\/2024\/08\/boxing_glove_t17_29-08-2023_618_golden_4_37771156-43c6-429e-ad24-4207cbf7bef7_960x_crop_center.webp","datePublished":"2024-08-06T22:56:16+00:00","dateModified":"2025-08-04T18:36:41+00:00","breadcrumb":{"@id":"https:\/\/megafitness.cl\/store\/producto\/rdx-guantes-de-boxeo-aura-plus-t17-dorados\/#breadcrumb"},"inLanguage":"es","potentialAction":[{"@type":"ReadAction","target":["https:\/\/megafitness.cl\/store\/producto\/rdx-guantes-de-boxeo-aura-plus-t17-dorados\/"]}]},{"@type":"ImageObject","inLanguage":"es","@id":"https:\/\/megafitness.cl\/store\/producto\/rdx-guantes-de-boxeo-aura-plus-t17-dorados\/#primaryimage","url":"https:\/\/megafitness.cl\/store\/wp-content\/uploads\/sites\/3\/2024\/08\/boxing_glove_t17_29-08-2023_618_golden_4_37771156-43c6-429e-ad24-4207cbf7bef7_960x_crop_center.webp","contentUrl":"https:\/\/megafitness.cl\/store\/wp-content\/uploads\/sites\/3\/2024\/08\/boxing_glove_t17_29-08-2023_618_golden_4_37771156-43c6-429e-ad24-4207cbf7bef7_960x_crop_center.webp","width":800,"height":800},{"@type":"BreadcrumbList","@id":"https:\/\/megafitness.cl\/store\/producto\/rdx-guantes-de-boxeo-aura-plus-t17-dorados\/#breadcrumb","itemListElement":[{"@type":"ListItem","position":1,"name":"Portada","item":"https:\/\/megafitness.cl\/store\/"},{"@type":"ListItem","position":2,"name":"Shop","item":"https:\/\/megafitness.cl\/store\/shop\/"},{"@type":"ListItem","position":3,"name":"RDX Guantes de Boxeo &#8211; Aura Plus T-17 &#8211; Dorados &#8211; 16 OZ"}]},{"@type":"WebSite","@id":"https:\/\/megafitness.cl\/store\/#website","url":"https:\/\/megafitness.cl\/store\/","name":"Mega Fitness | Tienda","description":"Tu Gimnasio en Providencia","publisher":{"@id":"https:\/\/megafitness.cl\/store\/#organization"},"potentialAction":[{"@type":"SearchAction","target":{"@type":"EntryPoint","urlTemplate":"https:\/\/megafitness.cl\/store\/?s={search_term_string}"},"query-input":{"@type":"PropertyValueSpecification","valueRequired":true,"valueName":"search_term_string"}}],"inLanguage":"es"},{"@type":"Organization","@id":"https:\/\/megafitness.cl\/store\/#organization","name":"Mega Fitness | Tienda","url":"https:\/\/megafitness.cl\/store\/","logo":{"@type":"ImageObject","inLanguage":"es","@id":"https:\/\/megafitness.cl\/store\/#\/schema\/logo\/image\/","url":"https:\/\/megafitness.cl\/store\/wp-content\/uploads\/sites\/3\/2024\/08\/megafitnessLogo1Simple.svg","contentUrl":"https:\/\/megafitness.cl\/store\/wp-content\/uploads\/sites\/3\/2024\/08\/megafitnessLogo1Simple.svg","width":197,"height":27,"caption":"Mega Fitness | Tienda"},"image":{"@id":"https:\/\/megafitness.cl\/store\/#\/schema\/logo\/image\/"}}]}},"_links":{"self":[{"href":"https:\/\/megafitness.cl\/store\/wp-json\/wp\/v2\/product\/1698","targetHints":{"allow":["GET"]}}],"collection":[{"href":"https:\/\/megafitness.cl\/store\/wp-json\/wp\/v2\/product"}],"about":[{"href":"https:\/\/megafitness.cl\/store\/wp-json\/wp\/v2\/types\/product"}],"replies":[{"embeddable":true,"href":"https:\/\/megafitness.cl\/store\/wp-json\/wp\/v2\/comments?post=1698"}],"wp:featuredmedia":[{"embeddable":true,"href":"https:\/\/megafitness.cl\/store\/wp-json\/wp\/v2\/media\/1699"}],"wp:attachment":[{"href":"https:\/\/megafitness.cl\/store\/wp-json\/wp\/v2\/media?parent=1698"}],"wp:term":[{"taxonomy":"product_brand","embeddable":true,"href":"https:\/\/megafitness.cl\/store\/wp-json\/wp\/v2\/product_brand?post=1698"},{"taxonomy":"product_cat","embeddable":true,"href":"https:\/\/megafitness.cl\/store\/wp-json\/wp\/v2\/product_cat?post=1698"},{"taxonomy":"product_tag","embeddable":true,"href":"https:\/\/megafitness.cl\/store\/wp-json\/wp\/v2\/product_tag?post=1698"}],"curies":[{"name":"wp","href":"https:\/\/api.w.org\/{rel}","templated":true}]}}