{"id":1715,"date":"2024-08-09T19:07:25","date_gmt":"2024-08-09T17:07:25","guid":{"rendered":"https:\/\/megafitness.cl\/store\/?post_type=product&#038;p=1715"},"modified":"2025-06-24T01:05:48","modified_gmt":"2025-06-23T23:05:48","slug":"rdx-venda-levantamiento-de-peso-soporte-de-muneca-w4-rosa-talla-s","status":"publish","type":"product","link":"https:\/\/megafitness.cl\/store\/producto\/rdx-venda-levantamiento-de-peso-soporte-de-muneca-w4-rosa-talla-s\/","title":{"rendered":"RDX Venda Levantamiento de Peso &#8211; Soporte de Mu\u00f1eca &#8211; W4 &#8211; Rosa &#8211; Talla S"},"content":{"rendered":"<p>Mant\u00e9ngase motivado; Sigue superando tus l\u00edmites y levanta m\u00e1s peso con un soporte impecable. C\u00f3modas, seguras y reconocidas por la Liga Internacional de levantamiento de pesas (IPL) y la Asociaci\u00f3n de levantamiento de pesas de los Estados Unidos (USPA), estas mu\u00f1equeras profesionales para levantamiento de pesas elevan su rendimiento, permiti\u00e9ndole concentrarse en ganancias \u00f3ptimas mientras nos deja a nosotros encargarnos del resto. Una envoltura extra ancha proporciona el m\u00e1ximo soporte para la mu\u00f1eca para reducir el estr\u00e9s, mientras que el gancho y bucle de longitud extendida estabiliza la mu\u00f1eca para evitar lesiones. El material grueso de mezcla de algod\u00f3n y eglantina proporciona longevidad y sirve como mu\u00f1equera de compresi\u00f3n t\u00e9rmica que alivia el dolor. Los bucles de goma antideslizantes mejoran el agarre para que obtengas una mejor forma ya sea que est\u00e9s haciendo press de banca, tirones o peso muerto.<\/p>\n<p>&nbsp;<\/p>\n<p>Hecho de material de mezcla de algod\u00f3n y eglantina resistente para mayor durabilidad.<\/p>\n<p>Mu\u00f1equeras extra anchas y de longitud extendida para un soporte excepcional y una comodidad excelente.<\/p>\n<p>Presilla para el pulgar para un agarre firme y gancho y bucle ajustables para un ajuste seguro<\/p>\n<p>Par de mu\u00f1equeras disponibles en talla \u00fanica.<\/p>\n<p>Correas avanzadas de la serie Pro para levantamiento<\/p>\n","protected":false},"excerpt":{"rendered":"<p>Mant\u00e9ngase motivado; Sigue superando tus l\u00edmites y levanta m\u00e1s peso con un soporte impecable. C\u00f3modas, seguras y reconocidas por la Liga Internacional de levantamiento de pesas (IPL) y la Asociaci\u00f3n de levantamiento de pesas de los Estados Unidos (USPA), estas mu\u00f1equeras profesionales para levantamiento de pesas elevan su rendimiento, permiti\u00e9ndole concentrarse en ganancias \u00f3ptimas mientras&#8230;<\/p>\n","protected":false},"featured_media":1716,"comment_status":"open","ping_status":"closed","template":"","meta":{"_kad_post_transparent":"default","_kad_post_title":"","_kad_post_layout":"default","_kad_post_sidebar_id":"","_kad_post_content_style":"default","_kad_post_vertical_padding":"default","_kad_post_feature":"","_kad_post_feature_position":"","_kad_post_header":false,"_kad_post_footer":false,"_kad_post_classname":""},"product_brand":[],"product_cat":[29],"product_tag":[],"class_list":{"0":"post-1715","1":"product","2":"type-product","3":"status-publish","4":"has-post-thumbnail","6":"product_cat-otros","8":"first","9":"outofstock","10":"shipping-taxable","11":"purchasable","12":"product-type-simple","13":"entry","14":"content-bg","15":"loop-entry"},"yoast_head":"<!-- This site is optimized with the Yoast SEO plugin v27.4 - https:\/\/yoast.com\/product\/yoast-seo-wordpress\/ -->\n<title>RDX Venda Levantamiento de Peso - Soporte de Mu\u00f1eca - W4 - Rosa - Talla S | Mega Fitness | Tienda<\/title>\n<meta name=\"robots\" content=\"index, follow, max-snippet:-1, max-image-preview:large, max-video-preview:-1\" \/>\n<link rel=\"canonical\" href=\"https:\/\/megafitness.cl\/store\/producto\/rdx-venda-levantamiento-de-peso-soporte-de-muneca-w4-rosa-talla-s\/\" \/>\n<meta property=\"og:locale\" content=\"es_ES\" \/>\n<meta property=\"og:type\" content=\"article\" \/>\n<meta property=\"og:title\" content=\"RDX Venda Levantamiento de Peso - Soporte de Mu\u00f1eca - W4 - Rosa - Talla S | Mega Fitness | Tienda\" \/>\n<meta property=\"og:description\" content=\"Mant\u00e9ngase motivado; Sigue superando tus l\u00edmites y levanta m\u00e1s peso con un soporte impecable. C\u00f3modas, seguras y reconocidas por la Liga Internacional de levantamiento de pesas (IPL) y la Asociaci\u00f3n de levantamiento de pesas de los Estados Unidos (USPA), estas mu\u00f1equeras profesionales para levantamiento de pesas elevan su rendimiento, permiti\u00e9ndole concentrarse en ganancias \u00f3ptimas mientras...\" \/>\n<meta property=\"og:url\" content=\"https:\/\/megafitness.cl\/store\/producto\/rdx-venda-levantamiento-de-peso-soporte-de-muneca-w4-rosa-talla-s\/\" \/>\n<meta property=\"og:site_name\" content=\"Mega Fitness | Tienda\" \/>\n<meta property=\"article:modified_time\" content=\"2025-06-23T23:05:48+00:00\" \/>\n<meta property=\"og:image\" content=\"https:\/\/megafitness.cl\/store\/wp-content\/uploads\/sites\/3\/2024\/08\/rdx-w4-wrist-support-pink_5__1_8ee43b85-403d-40da-b0d6-c42260877cf6_960x_crop_center.webp\" \/>\n\t<meta property=\"og:image:width\" content=\"800\" \/>\n\t<meta property=\"og:image:height\" content=\"800\" \/>\n\t<meta property=\"og:image:type\" content=\"image\/webp\" \/>\n<meta name=\"twitter:card\" content=\"summary_large_image\" \/>\n<meta name=\"twitter:label1\" content=\"Tiempo de lectura\" \/>\n\t<meta name=\"twitter:data1\" content=\"2 minutos\" \/>\n<script type=\"application\/ld+json\" class=\"yoast-schema-graph\">{\"@context\":\"https:\\\/\\\/schema.org\",\"@graph\":[{\"@type\":[\"WebPage\",\"ItemPage\"],\"@id\":\"https:\\\/\\\/megafitness.cl\\\/store\\\/producto\\\/rdx-venda-levantamiento-de-peso-soporte-de-muneca-w4-rosa-talla-s\\\/\",\"url\":\"https:\\\/\\\/megafitness.cl\\\/store\\\/producto\\\/rdx-venda-levantamiento-de-peso-soporte-de-muneca-w4-rosa-talla-s\\\/\",\"name\":\"RDX Venda Levantamiento de Peso - Soporte de Mu\u00f1eca - W4 - Rosa - Talla S | Mega Fitness | Tienda\",\"isPartOf\":{\"@id\":\"https:\\\/\\\/megafitness.cl\\\/store\\\/#website\"},\"primaryImageOfPage\":{\"@id\":\"https:\\\/\\\/megafitness.cl\\\/store\\\/producto\\\/rdx-venda-levantamiento-de-peso-soporte-de-muneca-w4-rosa-talla-s\\\/#primaryimage\"},\"image\":{\"@id\":\"https:\\\/\\\/megafitness.cl\\\/store\\\/producto\\\/rdx-venda-levantamiento-de-peso-soporte-de-muneca-w4-rosa-talla-s\\\/#primaryimage\"},\"thumbnailUrl\":\"https:\\\/\\\/megafitness.cl\\\/store\\\/wp-content\\\/uploads\\\/sites\\\/3\\\/2024\\\/08\\\/rdx-w4-wrist-support-pink_5__1_8ee43b85-403d-40da-b0d6-c42260877cf6_960x_crop_center.webp\",\"datePublished\":\"2024-08-09T17:07:25+00:00\",\"dateModified\":\"2025-06-23T23:05:48+00:00\",\"breadcrumb\":{\"@id\":\"https:\\\/\\\/megafitness.cl\\\/store\\\/producto\\\/rdx-venda-levantamiento-de-peso-soporte-de-muneca-w4-rosa-talla-s\\\/#breadcrumb\"},\"inLanguage\":\"es\",\"potentialAction\":[{\"@type\":\"ReadAction\",\"target\":[\"https:\\\/\\\/megafitness.cl\\\/store\\\/producto\\\/rdx-venda-levantamiento-de-peso-soporte-de-muneca-w4-rosa-talla-s\\\/\"]}]},{\"@type\":\"ImageObject\",\"inLanguage\":\"es\",\"@id\":\"https:\\\/\\\/megafitness.cl\\\/store\\\/producto\\\/rdx-venda-levantamiento-de-peso-soporte-de-muneca-w4-rosa-talla-s\\\/#primaryimage\",\"url\":\"https:\\\/\\\/megafitness.cl\\\/store\\\/wp-content\\\/uploads\\\/sites\\\/3\\\/2024\\\/08\\\/rdx-w4-wrist-support-pink_5__1_8ee43b85-403d-40da-b0d6-c42260877cf6_960x_crop_center.webp\",\"contentUrl\":\"https:\\\/\\\/megafitness.cl\\\/store\\\/wp-content\\\/uploads\\\/sites\\\/3\\\/2024\\\/08\\\/rdx-w4-wrist-support-pink_5__1_8ee43b85-403d-40da-b0d6-c42260877cf6_960x_crop_center.webp\",\"width\":800,\"height\":800},{\"@type\":\"BreadcrumbList\",\"@id\":\"https:\\\/\\\/megafitness.cl\\\/store\\\/producto\\\/rdx-venda-levantamiento-de-peso-soporte-de-muneca-w4-rosa-talla-s\\\/#breadcrumb\",\"itemListElement\":[{\"@type\":\"ListItem\",\"position\":1,\"name\":\"Portada\",\"item\":\"https:\\\/\\\/megafitness.cl\\\/store\\\/\"},{\"@type\":\"ListItem\",\"position\":2,\"name\":\"Shop\",\"item\":\"https:\\\/\\\/megafitness.cl\\\/store\\\/shop\\\/\"},{\"@type\":\"ListItem\",\"position\":3,\"name\":\"RDX Venda Levantamiento de Peso &#8211; Soporte de Mu\u00f1eca &#8211; W4 &#8211; Rosa &#8211; Talla S\"}]},{\"@type\":\"WebSite\",\"@id\":\"https:\\\/\\\/megafitness.cl\\\/store\\\/#website\",\"url\":\"https:\\\/\\\/megafitness.cl\\\/store\\\/\",\"name\":\"Mega Fitness | Tienda\",\"description\":\"Tu Gimnasio en Providencia\",\"publisher\":{\"@id\":\"https:\\\/\\\/megafitness.cl\\\/store\\\/#organization\"},\"potentialAction\":[{\"@type\":\"SearchAction\",\"target\":{\"@type\":\"EntryPoint\",\"urlTemplate\":\"https:\\\/\\\/megafitness.cl\\\/store\\\/?s={search_term_string}\"},\"query-input\":{\"@type\":\"PropertyValueSpecification\",\"valueRequired\":true,\"valueName\":\"search_term_string\"}}],\"inLanguage\":\"es\"},{\"@type\":\"Organization\",\"@id\":\"https:\\\/\\\/megafitness.cl\\\/store\\\/#organization\",\"name\":\"Mega Fitness | Tienda\",\"url\":\"https:\\\/\\\/megafitness.cl\\\/store\\\/\",\"logo\":{\"@type\":\"ImageObject\",\"inLanguage\":\"es\",\"@id\":\"https:\\\/\\\/megafitness.cl\\\/store\\\/#\\\/schema\\\/logo\\\/image\\\/\",\"url\":\"https:\\\/\\\/megafitness.cl\\\/store\\\/wp-content\\\/uploads\\\/sites\\\/3\\\/2024\\\/08\\\/megafitnessLogo1Simple.svg\",\"contentUrl\":\"https:\\\/\\\/megafitness.cl\\\/store\\\/wp-content\\\/uploads\\\/sites\\\/3\\\/2024\\\/08\\\/megafitnessLogo1Simple.svg\",\"width\":197,\"height\":27,\"caption\":\"Mega Fitness | Tienda\"},\"image\":{\"@id\":\"https:\\\/\\\/megafitness.cl\\\/store\\\/#\\\/schema\\\/logo\\\/image\\\/\"}}]}<\/script>\n<!-- \/ Yoast SEO plugin. -->","yoast_head_json":{"title":"RDX Venda Levantamiento de Peso - Soporte de Mu\u00f1eca - W4 - Rosa - Talla S | Mega Fitness | Tienda","robots":{"index":"index","follow":"follow","max-snippet":"max-snippet:-1","max-image-preview":"max-image-preview:large","max-video-preview":"max-video-preview:-1"},"canonical":"https:\/\/megafitness.cl\/store\/producto\/rdx-venda-levantamiento-de-peso-soporte-de-muneca-w4-rosa-talla-s\/","og_locale":"es_ES","og_type":"article","og_title":"RDX Venda Levantamiento de Peso - Soporte de Mu\u00f1eca - W4 - Rosa - Talla S | Mega Fitness | Tienda","og_description":"Mant\u00e9ngase motivado; Sigue superando tus l\u00edmites y levanta m\u00e1s peso con un soporte impecable. C\u00f3modas, seguras y reconocidas por la Liga Internacional de levantamiento de pesas (IPL) y la Asociaci\u00f3n de levantamiento de pesas de los Estados Unidos (USPA), estas mu\u00f1equeras profesionales para levantamiento de pesas elevan su rendimiento, permiti\u00e9ndole concentrarse en ganancias \u00f3ptimas mientras...","og_url":"https:\/\/megafitness.cl\/store\/producto\/rdx-venda-levantamiento-de-peso-soporte-de-muneca-w4-rosa-talla-s\/","og_site_name":"Mega Fitness | Tienda","article_modified_time":"2025-06-23T23:05:48+00:00","og_image":[{"width":800,"height":800,"url":"https:\/\/megafitness.cl\/store\/wp-content\/uploads\/sites\/3\/2024\/08\/rdx-w4-wrist-support-pink_5__1_8ee43b85-403d-40da-b0d6-c42260877cf6_960x_crop_center.webp","type":"image\/webp"}],"twitter_card":"summary_large_image","twitter_misc":{"Tiempo de lectura":"2 minutos"},"schema":{"@context":"https:\/\/schema.org","@graph":[{"@type":["WebPage","ItemPage"],"@id":"https:\/\/megafitness.cl\/store\/producto\/rdx-venda-levantamiento-de-peso-soporte-de-muneca-w4-rosa-talla-s\/","url":"https:\/\/megafitness.cl\/store\/producto\/rdx-venda-levantamiento-de-peso-soporte-de-muneca-w4-rosa-talla-s\/","name":"RDX Venda Levantamiento de Peso - Soporte de Mu\u00f1eca - W4 - Rosa - Talla S | Mega Fitness | Tienda","isPartOf":{"@id":"https:\/\/megafitness.cl\/store\/#website"},"primaryImageOfPage":{"@id":"https:\/\/megafitness.cl\/store\/producto\/rdx-venda-levantamiento-de-peso-soporte-de-muneca-w4-rosa-talla-s\/#primaryimage"},"image":{"@id":"https:\/\/megafitness.cl\/store\/producto\/rdx-venda-levantamiento-de-peso-soporte-de-muneca-w4-rosa-talla-s\/#primaryimage"},"thumbnailUrl":"https:\/\/megafitness.cl\/store\/wp-content\/uploads\/sites\/3\/2024\/08\/rdx-w4-wrist-support-pink_5__1_8ee43b85-403d-40da-b0d6-c42260877cf6_960x_crop_center.webp","datePublished":"2024-08-09T17:07:25+00:00","dateModified":"2025-06-23T23:05:48+00:00","breadcrumb":{"@id":"https:\/\/megafitness.cl\/store\/producto\/rdx-venda-levantamiento-de-peso-soporte-de-muneca-w4-rosa-talla-s\/#breadcrumb"},"inLanguage":"es","potentialAction":[{"@type":"ReadAction","target":["https:\/\/megafitness.cl\/store\/producto\/rdx-venda-levantamiento-de-peso-soporte-de-muneca-w4-rosa-talla-s\/"]}]},{"@type":"ImageObject","inLanguage":"es","@id":"https:\/\/megafitness.cl\/store\/producto\/rdx-venda-levantamiento-de-peso-soporte-de-muneca-w4-rosa-talla-s\/#primaryimage","url":"https:\/\/megafitness.cl\/store\/wp-content\/uploads\/sites\/3\/2024\/08\/rdx-w4-wrist-support-pink_5__1_8ee43b85-403d-40da-b0d6-c42260877cf6_960x_crop_center.webp","contentUrl":"https:\/\/megafitness.cl\/store\/wp-content\/uploads\/sites\/3\/2024\/08\/rdx-w4-wrist-support-pink_5__1_8ee43b85-403d-40da-b0d6-c42260877cf6_960x_crop_center.webp","width":800,"height":800},{"@type":"BreadcrumbList","@id":"https:\/\/megafitness.cl\/store\/producto\/rdx-venda-levantamiento-de-peso-soporte-de-muneca-w4-rosa-talla-s\/#breadcrumb","itemListElement":[{"@type":"ListItem","position":1,"name":"Portada","item":"https:\/\/megafitness.cl\/store\/"},{"@type":"ListItem","position":2,"name":"Shop","item":"https:\/\/megafitness.cl\/store\/shop\/"},{"@type":"ListItem","position":3,"name":"RDX Venda Levantamiento de Peso &#8211; Soporte de Mu\u00f1eca &#8211; W4 &#8211; Rosa &#8211; Talla S"}]},{"@type":"WebSite","@id":"https:\/\/megafitness.cl\/store\/#website","url":"https:\/\/megafitness.cl\/store\/","name":"Mega Fitness | Tienda","description":"Tu Gimnasio en Providencia","publisher":{"@id":"https:\/\/megafitness.cl\/store\/#organization"},"potentialAction":[{"@type":"SearchAction","target":{"@type":"EntryPoint","urlTemplate":"https:\/\/megafitness.cl\/store\/?s={search_term_string}"},"query-input":{"@type":"PropertyValueSpecification","valueRequired":true,"valueName":"search_term_string"}}],"inLanguage":"es"},{"@type":"Organization","@id":"https:\/\/megafitness.cl\/store\/#organization","name":"Mega Fitness | Tienda","url":"https:\/\/megafitness.cl\/store\/","logo":{"@type":"ImageObject","inLanguage":"es","@id":"https:\/\/megafitness.cl\/store\/#\/schema\/logo\/image\/","url":"https:\/\/megafitness.cl\/store\/wp-content\/uploads\/sites\/3\/2024\/08\/megafitnessLogo1Simple.svg","contentUrl":"https:\/\/megafitness.cl\/store\/wp-content\/uploads\/sites\/3\/2024\/08\/megafitnessLogo1Simple.svg","width":197,"height":27,"caption":"Mega Fitness | Tienda"},"image":{"@id":"https:\/\/megafitness.cl\/store\/#\/schema\/logo\/image\/"}}]}},"_links":{"self":[{"href":"https:\/\/megafitness.cl\/store\/wp-json\/wp\/v2\/product\/1715","targetHints":{"allow":["GET"]}}],"collection":[{"href":"https:\/\/megafitness.cl\/store\/wp-json\/wp\/v2\/product"}],"about":[{"href":"https:\/\/megafitness.cl\/store\/wp-json\/wp\/v2\/types\/product"}],"replies":[{"embeddable":true,"href":"https:\/\/megafitness.cl\/store\/wp-json\/wp\/v2\/comments?post=1715"}],"wp:featuredmedia":[{"embeddable":true,"href":"https:\/\/megafitness.cl\/store\/wp-json\/wp\/v2\/media\/1716"}],"wp:attachment":[{"href":"https:\/\/megafitness.cl\/store\/wp-json\/wp\/v2\/media?parent=1715"}],"wp:term":[{"taxonomy":"product_brand","embeddable":true,"href":"https:\/\/megafitness.cl\/store\/wp-json\/wp\/v2\/product_brand?post=1715"},{"taxonomy":"product_cat","embeddable":true,"href":"https:\/\/megafitness.cl\/store\/wp-json\/wp\/v2\/product_cat?post=1715"},{"taxonomy":"product_tag","embeddable":true,"href":"https:\/\/megafitness.cl\/store\/wp-json\/wp\/v2\/product_tag?post=1715"}],"curies":[{"name":"wp","href":"https:\/\/api.w.org\/{rel}","templated":true}]}}