{"id":1745,"date":"2024-08-09T22:42:55","date_gmt":"2024-08-09T20:42:55","guid":{"rendered":"https:\/\/megafitness.cl\/store\/?post_type=product&#038;p=1745"},"modified":"2025-11-09T23:03:37","modified_gmt":"2025-11-09T22:03:37","slug":"rdx-rodillera-mma-negro-blanco-talla","status":"publish","type":"product","link":"https:\/\/megafitness.cl\/store\/producto\/rdx-rodillera-mma-negro-blanco-talla\/","title":{"rendered":"RDX Rodillera MMA &#8211; Negro\/Blanco &#8211; Talla M"},"content":{"rendered":"<p>Certificadas y aprobadas, las rodilleras RDX MMA ofrecen seguridad de primer nivel con certificaci\u00f3n CE y aprobaci\u00f3n SATRA. Confeccionados con tejido exterior el\u00e1stico 100 % poli\u00e9ster con certificaci\u00f3n OEKO-TEX, garantizan comodidad con un forro QD1 que absorbe la humedad. El coj\u00edn acolchado de espuma y EVA en relieve absorbe los impactos de alto impacto mientras distribuye el peso de manera uniforme para reducir la tensi\u00f3n en las rodillas. Su dise\u00f1o de seguridad segmentado de 4 v\u00edas ofrece flexibilidad y durabilidad. El cierre de velcro Quick-EZ y la tira de tela el\u00e1stica en la parte superior los hacen ajustables, y la estructura de anillo abierto garantiza la transpirabilidad. Vendidas por pares, nuestras rodilleras est\u00e1n disponibles en varios colores y tama\u00f1os elegantes. Perfecto para MMA, voleibol, k\u00e1rate, yoga, baloncesto y lucha libre. \u00a1Mejora tu juego con las rodilleras RDX MMA!<\/p>\n<p>&nbsp;<\/p>\n<p>Certificaci\u00f3n CE internacional y aprobaci\u00f3n SATRA<\/p>\n<p>Capa exterior con certificaci\u00f3n OEKO-TEX 100<\/p>\n<p>Forro QD1 para comodidad que absorbe la humedad.<\/p>\n<p>Coj\u00edn acolchado de EVA para absorci\u00f3n de impactos.<\/p>\n<p>Innovador dise\u00f1o de seguridad segmentado de 4 v\u00edas<\/p>\n<p>Tira de cierre de velcro Quick-EZ en la parte superior para un ajuste perfecto<\/p>\n<p>Estructura de anillo abierto para transpirabilidad.<\/p>\n<p>Disponible en varios colores y tama\u00f1os.<\/p>\n<p>Adecuado para MMA, voleibol, k\u00e1rate, yoga, baloncesto y lucha libre.<\/p>\n","protected":false},"excerpt":{"rendered":"<p>Certificadas y aprobadas, las rodilleras RDX MMA ofrecen seguridad de primer nivel con certificaci\u00f3n CE y aprobaci\u00f3n SATRA. Confeccionados con tejido exterior el\u00e1stico 100 % poli\u00e9ster con certificaci\u00f3n OEKO-TEX, garantizan comodidad con un forro QD1 que absorbe la humedad. El coj\u00edn acolchado de espuma y EVA en relieve absorbe los impactos de alto impacto mientras&#8230;<\/p>\n","protected":false},"featured_media":1746,"comment_status":"open","ping_status":"closed","template":"","meta":{"_kad_post_transparent":"default","_kad_post_title":"","_kad_post_layout":"default","_kad_post_sidebar_id":"","_kad_post_content_style":"default","_kad_post_vertical_padding":"default","_kad_post_feature":"","_kad_post_feature_position":"","_kad_post_header":false,"_kad_post_footer":false,"_kad_post_classname":""},"product_brand":[],"product_cat":[29],"product_tag":[],"class_list":{"0":"post-1745","1":"product","2":"type-product","3":"status-publish","4":"has-post-thumbnail","6":"product_cat-otros","8":"first","9":"outofstock","10":"shipping-taxable","11":"purchasable","12":"product-type-simple","13":"entry","14":"content-bg","15":"loop-entry"},"yoast_head":"<!-- This site is optimized with the Yoast SEO plugin v27.5 - https:\/\/yoast.com\/product\/yoast-seo-wordpress\/ -->\n<title>RDX Rodillera MMA - Negro\/Blanco - Talla M | Mega Fitness | Tienda<\/title>\n<meta name=\"robots\" content=\"index, follow, max-snippet:-1, max-image-preview:large, max-video-preview:-1\" \/>\n<link rel=\"canonical\" href=\"https:\/\/megafitness.cl\/store\/producto\/rdx-rodillera-mma-negro-blanco-talla\/\" \/>\n<meta property=\"og:locale\" content=\"es_ES\" \/>\n<meta property=\"og:type\" content=\"article\" \/>\n<meta property=\"og:title\" content=\"RDX Rodillera MMA - Negro\/Blanco - Talla M | Mega Fitness | Tienda\" \/>\n<meta property=\"og:description\" content=\"Certificadas y aprobadas, las rodilleras RDX MMA ofrecen seguridad de primer nivel con certificaci\u00f3n CE y aprobaci\u00f3n SATRA. Confeccionados con tejido exterior el\u00e1stico 100 % poli\u00e9ster con certificaci\u00f3n OEKO-TEX, garantizan comodidad con un forro QD1 que absorbe la humedad. El coj\u00edn acolchado de espuma y EVA en relieve absorbe los impactos de alto impacto mientras...\" \/>\n<meta property=\"og:url\" content=\"https:\/\/megafitness.cl\/store\/producto\/rdx-rodillera-mma-negro-blanco-talla\/\" \/>\n<meta property=\"og:site_name\" content=\"Mega Fitness | Tienda\" \/>\n<meta property=\"article:modified_time\" content=\"2025-11-09T22:03:37+00:00\" \/>\n<meta property=\"og:image\" content=\"https:\/\/megafitness.cl\/store\/wp-content\/uploads\/sites\/3\/2024\/08\/rdx_hosiery_knee_foam_k5_black_white_1_07e5bc56-d844-44db-a399-fe18fefb5faa_640x_crop_center.jpg\" \/>\n\t<meta property=\"og:image:width\" content=\"640\" \/>\n\t<meta property=\"og:image:height\" content=\"640\" \/>\n\t<meta property=\"og:image:type\" content=\"image\/jpeg\" \/>\n<meta name=\"twitter:card\" content=\"summary_large_image\" \/>\n<meta name=\"twitter:label1\" content=\"Tiempo de lectura\" \/>\n\t<meta name=\"twitter:data1\" content=\"2 minutos\" \/>\n<script type=\"application\/ld+json\" class=\"yoast-schema-graph\">{\"@context\":\"https:\\\/\\\/schema.org\",\"@graph\":[{\"@type\":[\"WebPage\",\"ItemPage\"],\"@id\":\"https:\\\/\\\/megafitness.cl\\\/store\\\/producto\\\/rdx-rodillera-mma-negro-blanco-talla\\\/\",\"url\":\"https:\\\/\\\/megafitness.cl\\\/store\\\/producto\\\/rdx-rodillera-mma-negro-blanco-talla\\\/\",\"name\":\"RDX Rodillera MMA - Negro\\\/Blanco - Talla M | Mega Fitness | Tienda\",\"isPartOf\":{\"@id\":\"https:\\\/\\\/megafitness.cl\\\/store\\\/#website\"},\"primaryImageOfPage\":{\"@id\":\"https:\\\/\\\/megafitness.cl\\\/store\\\/producto\\\/rdx-rodillera-mma-negro-blanco-talla\\\/#primaryimage\"},\"image\":{\"@id\":\"https:\\\/\\\/megafitness.cl\\\/store\\\/producto\\\/rdx-rodillera-mma-negro-blanco-talla\\\/#primaryimage\"},\"thumbnailUrl\":\"https:\\\/\\\/megafitness.cl\\\/store\\\/wp-content\\\/uploads\\\/sites\\\/3\\\/2024\\\/08\\\/rdx_hosiery_knee_foam_k5_black_white_1_07e5bc56-d844-44db-a399-fe18fefb5faa_640x_crop_center.jpg\",\"datePublished\":\"2024-08-09T20:42:55+00:00\",\"dateModified\":\"2025-11-09T22:03:37+00:00\",\"breadcrumb\":{\"@id\":\"https:\\\/\\\/megafitness.cl\\\/store\\\/producto\\\/rdx-rodillera-mma-negro-blanco-talla\\\/#breadcrumb\"},\"inLanguage\":\"es\",\"potentialAction\":[{\"@type\":\"ReadAction\",\"target\":[\"https:\\\/\\\/megafitness.cl\\\/store\\\/producto\\\/rdx-rodillera-mma-negro-blanco-talla\\\/\"]}]},{\"@type\":\"ImageObject\",\"inLanguage\":\"es\",\"@id\":\"https:\\\/\\\/megafitness.cl\\\/store\\\/producto\\\/rdx-rodillera-mma-negro-blanco-talla\\\/#primaryimage\",\"url\":\"https:\\\/\\\/megafitness.cl\\\/store\\\/wp-content\\\/uploads\\\/sites\\\/3\\\/2024\\\/08\\\/rdx_hosiery_knee_foam_k5_black_white_1_07e5bc56-d844-44db-a399-fe18fefb5faa_640x_crop_center.jpg\",\"contentUrl\":\"https:\\\/\\\/megafitness.cl\\\/store\\\/wp-content\\\/uploads\\\/sites\\\/3\\\/2024\\\/08\\\/rdx_hosiery_knee_foam_k5_black_white_1_07e5bc56-d844-44db-a399-fe18fefb5faa_640x_crop_center.jpg\",\"width\":640,\"height\":640},{\"@type\":\"BreadcrumbList\",\"@id\":\"https:\\\/\\\/megafitness.cl\\\/store\\\/producto\\\/rdx-rodillera-mma-negro-blanco-talla\\\/#breadcrumb\",\"itemListElement\":[{\"@type\":\"ListItem\",\"position\":1,\"name\":\"Portada\",\"item\":\"https:\\\/\\\/megafitness.cl\\\/store\\\/\"},{\"@type\":\"ListItem\",\"position\":2,\"name\":\"Shop\",\"item\":\"https:\\\/\\\/megafitness.cl\\\/store\\\/shop\\\/\"},{\"@type\":\"ListItem\",\"position\":3,\"name\":\"RDX Rodillera MMA &#8211; Negro\\\/Blanco &#8211; Talla M\"}]},{\"@type\":\"WebSite\",\"@id\":\"https:\\\/\\\/megafitness.cl\\\/store\\\/#website\",\"url\":\"https:\\\/\\\/megafitness.cl\\\/store\\\/\",\"name\":\"Mega Fitness | Tienda\",\"description\":\"Tu Gimnasio en Providencia\",\"publisher\":{\"@id\":\"https:\\\/\\\/megafitness.cl\\\/store\\\/#organization\"},\"potentialAction\":[{\"@type\":\"SearchAction\",\"target\":{\"@type\":\"EntryPoint\",\"urlTemplate\":\"https:\\\/\\\/megafitness.cl\\\/store\\\/?s={search_term_string}\"},\"query-input\":{\"@type\":\"PropertyValueSpecification\",\"valueRequired\":true,\"valueName\":\"search_term_string\"}}],\"inLanguage\":\"es\"},{\"@type\":\"Organization\",\"@id\":\"https:\\\/\\\/megafitness.cl\\\/store\\\/#organization\",\"name\":\"Mega Fitness | Tienda\",\"url\":\"https:\\\/\\\/megafitness.cl\\\/store\\\/\",\"logo\":{\"@type\":\"ImageObject\",\"inLanguage\":\"es\",\"@id\":\"https:\\\/\\\/megafitness.cl\\\/store\\\/#\\\/schema\\\/logo\\\/image\\\/\",\"url\":\"https:\\\/\\\/megafitness.cl\\\/store\\\/wp-content\\\/uploads\\\/sites\\\/3\\\/2024\\\/08\\\/megafitnessLogo1Simple.svg\",\"contentUrl\":\"https:\\\/\\\/megafitness.cl\\\/store\\\/wp-content\\\/uploads\\\/sites\\\/3\\\/2024\\\/08\\\/megafitnessLogo1Simple.svg\",\"width\":197,\"height\":27,\"caption\":\"Mega Fitness | Tienda\"},\"image\":{\"@id\":\"https:\\\/\\\/megafitness.cl\\\/store\\\/#\\\/schema\\\/logo\\\/image\\\/\"}}]}<\/script>\n<!-- \/ Yoast SEO plugin. -->","yoast_head_json":{"title":"RDX Rodillera MMA - Negro\/Blanco - Talla M | Mega Fitness | Tienda","robots":{"index":"index","follow":"follow","max-snippet":"max-snippet:-1","max-image-preview":"max-image-preview:large","max-video-preview":"max-video-preview:-1"},"canonical":"https:\/\/megafitness.cl\/store\/producto\/rdx-rodillera-mma-negro-blanco-talla\/","og_locale":"es_ES","og_type":"article","og_title":"RDX Rodillera MMA - Negro\/Blanco - Talla M | Mega Fitness | Tienda","og_description":"Certificadas y aprobadas, las rodilleras RDX MMA ofrecen seguridad de primer nivel con certificaci\u00f3n CE y aprobaci\u00f3n SATRA. Confeccionados con tejido exterior el\u00e1stico 100 % poli\u00e9ster con certificaci\u00f3n OEKO-TEX, garantizan comodidad con un forro QD1 que absorbe la humedad. El coj\u00edn acolchado de espuma y EVA en relieve absorbe los impactos de alto impacto mientras...","og_url":"https:\/\/megafitness.cl\/store\/producto\/rdx-rodillera-mma-negro-blanco-talla\/","og_site_name":"Mega Fitness | Tienda","article_modified_time":"2025-11-09T22:03:37+00:00","og_image":[{"width":640,"height":640,"url":"https:\/\/megafitness.cl\/store\/wp-content\/uploads\/sites\/3\/2024\/08\/rdx_hosiery_knee_foam_k5_black_white_1_07e5bc56-d844-44db-a399-fe18fefb5faa_640x_crop_center.jpg","type":"image\/jpeg"}],"twitter_card":"summary_large_image","twitter_misc":{"Tiempo de lectura":"2 minutos"},"schema":{"@context":"https:\/\/schema.org","@graph":[{"@type":["WebPage","ItemPage"],"@id":"https:\/\/megafitness.cl\/store\/producto\/rdx-rodillera-mma-negro-blanco-talla\/","url":"https:\/\/megafitness.cl\/store\/producto\/rdx-rodillera-mma-negro-blanco-talla\/","name":"RDX Rodillera MMA - Negro\/Blanco - Talla M | Mega Fitness | Tienda","isPartOf":{"@id":"https:\/\/megafitness.cl\/store\/#website"},"primaryImageOfPage":{"@id":"https:\/\/megafitness.cl\/store\/producto\/rdx-rodillera-mma-negro-blanco-talla\/#primaryimage"},"image":{"@id":"https:\/\/megafitness.cl\/store\/producto\/rdx-rodillera-mma-negro-blanco-talla\/#primaryimage"},"thumbnailUrl":"https:\/\/megafitness.cl\/store\/wp-content\/uploads\/sites\/3\/2024\/08\/rdx_hosiery_knee_foam_k5_black_white_1_07e5bc56-d844-44db-a399-fe18fefb5faa_640x_crop_center.jpg","datePublished":"2024-08-09T20:42:55+00:00","dateModified":"2025-11-09T22:03:37+00:00","breadcrumb":{"@id":"https:\/\/megafitness.cl\/store\/producto\/rdx-rodillera-mma-negro-blanco-talla\/#breadcrumb"},"inLanguage":"es","potentialAction":[{"@type":"ReadAction","target":["https:\/\/megafitness.cl\/store\/producto\/rdx-rodillera-mma-negro-blanco-talla\/"]}]},{"@type":"ImageObject","inLanguage":"es","@id":"https:\/\/megafitness.cl\/store\/producto\/rdx-rodillera-mma-negro-blanco-talla\/#primaryimage","url":"https:\/\/megafitness.cl\/store\/wp-content\/uploads\/sites\/3\/2024\/08\/rdx_hosiery_knee_foam_k5_black_white_1_07e5bc56-d844-44db-a399-fe18fefb5faa_640x_crop_center.jpg","contentUrl":"https:\/\/megafitness.cl\/store\/wp-content\/uploads\/sites\/3\/2024\/08\/rdx_hosiery_knee_foam_k5_black_white_1_07e5bc56-d844-44db-a399-fe18fefb5faa_640x_crop_center.jpg","width":640,"height":640},{"@type":"BreadcrumbList","@id":"https:\/\/megafitness.cl\/store\/producto\/rdx-rodillera-mma-negro-blanco-talla\/#breadcrumb","itemListElement":[{"@type":"ListItem","position":1,"name":"Portada","item":"https:\/\/megafitness.cl\/store\/"},{"@type":"ListItem","position":2,"name":"Shop","item":"https:\/\/megafitness.cl\/store\/shop\/"},{"@type":"ListItem","position":3,"name":"RDX Rodillera MMA &#8211; Negro\/Blanco &#8211; Talla M"}]},{"@type":"WebSite","@id":"https:\/\/megafitness.cl\/store\/#website","url":"https:\/\/megafitness.cl\/store\/","name":"Mega Fitness | Tienda","description":"Tu Gimnasio en Providencia","publisher":{"@id":"https:\/\/megafitness.cl\/store\/#organization"},"potentialAction":[{"@type":"SearchAction","target":{"@type":"EntryPoint","urlTemplate":"https:\/\/megafitness.cl\/store\/?s={search_term_string}"},"query-input":{"@type":"PropertyValueSpecification","valueRequired":true,"valueName":"search_term_string"}}],"inLanguage":"es"},{"@type":"Organization","@id":"https:\/\/megafitness.cl\/store\/#organization","name":"Mega Fitness | Tienda","url":"https:\/\/megafitness.cl\/store\/","logo":{"@type":"ImageObject","inLanguage":"es","@id":"https:\/\/megafitness.cl\/store\/#\/schema\/logo\/image\/","url":"https:\/\/megafitness.cl\/store\/wp-content\/uploads\/sites\/3\/2024\/08\/megafitnessLogo1Simple.svg","contentUrl":"https:\/\/megafitness.cl\/store\/wp-content\/uploads\/sites\/3\/2024\/08\/megafitnessLogo1Simple.svg","width":197,"height":27,"caption":"Mega Fitness | Tienda"},"image":{"@id":"https:\/\/megafitness.cl\/store\/#\/schema\/logo\/image\/"}}]}},"_links":{"self":[{"href":"https:\/\/megafitness.cl\/store\/wp-json\/wp\/v2\/product\/1745","targetHints":{"allow":["GET"]}}],"collection":[{"href":"https:\/\/megafitness.cl\/store\/wp-json\/wp\/v2\/product"}],"about":[{"href":"https:\/\/megafitness.cl\/store\/wp-json\/wp\/v2\/types\/product"}],"replies":[{"embeddable":true,"href":"https:\/\/megafitness.cl\/store\/wp-json\/wp\/v2\/comments?post=1745"}],"wp:featuredmedia":[{"embeddable":true,"href":"https:\/\/megafitness.cl\/store\/wp-json\/wp\/v2\/media\/1746"}],"wp:attachment":[{"href":"https:\/\/megafitness.cl\/store\/wp-json\/wp\/v2\/media?parent=1745"}],"wp:term":[{"taxonomy":"product_brand","embeddable":true,"href":"https:\/\/megafitness.cl\/store\/wp-json\/wp\/v2\/product_brand?post=1745"},{"taxonomy":"product_cat","embeddable":true,"href":"https:\/\/megafitness.cl\/store\/wp-json\/wp\/v2\/product_cat?post=1745"},{"taxonomy":"product_tag","embeddable":true,"href":"https:\/\/megafitness.cl\/store\/wp-json\/wp\/v2\/product_tag?post=1745"}],"curies":[{"name":"wp","href":"https:\/\/api.w.org\/{rel}","templated":true}]}}