{"id":1751,"date":"2024-08-09T23:04:40","date_gmt":"2024-08-09T21:04:40","guid":{"rendered":"https:\/\/megafitness.cl\/store\/?post_type=product&#038;p=1751"},"modified":"2024-08-09T23:04:40","modified_gmt":"2024-08-09T21:04:40","slug":"rdx-protector-gel-canillera-peso-liviano-mma-rojo-l","status":"publish","type":"product","link":"https:\/\/megafitness.cl\/store\/producto\/rdx-protector-gel-canillera-peso-liviano-mma-rojo-l\/","title":{"rendered":"RDX Protector Gel Canillera -Peso Liviano MMA &#8211; Rojo L"},"content":{"rendered":"<p>Estas espinilleras de alta gama han sido sometidas a rigurosas pruebas. Para que puedas combatir con confianza y entrenar con la m\u00e1xima protecci\u00f3n para tus piernas. Fabricada con un material ligero, esta espinillera no te pesar\u00e1. Construido con una capa de espuma, este empeine de espinilla disipar\u00e1 el impacto antes de que llegue cerca de la espinilla. Con gel integrado para mayor protecci\u00f3n y amortiguaci\u00f3n, forro que controla la humedad para ventilar y mantener la piel seca, adem\u00e1s de un el\u00e1stico especial para brindarte el ajuste perfecto. Una armadura ligera para las piernas que te mantendr\u00e1 \u00e1gil ante los oponentes. Certificado CE por SATRA TECHNOLOGY. FEDERAZIONE ITALIANA GRAPPLING ARTES MARCIALES MIXTAS (FIGMMA) Aprobado<\/p>\n<p>Acolchado Supremo-Shock Foam\u2122 y tejido de fibra de carbono para absorber y distribuir el impacto.<br \/>\nCapas integradas Shell Shock GEL\u2122 para resistir golpes y golpes de alta intensidad.<br \/>\nTecnolog\u00eda MMT\u2122 que absorbe la humedad para un mejor rendimiento y una sensaci\u00f3n de frescura<br \/>\nEl\u00e1stico Ayz-F\u2122 para un ajuste ce\u00f1ido y cero movimiento al pelear<br \/>\nCertificado CE por SATRA TECNOLOG\u00cdA<br \/>\nFEDERAZIONE ITALIANA GRAPPLING ARTES MARCIALES MIXTAS (FIGMMA) Aprobado<br \/>\nAprobado por EMMAA.<br \/>\nCertificado OEKO-TEX\u00ae Standard 100<\/p>\n","protected":false},"excerpt":{"rendered":"<p>Estas espinilleras de alta gama han sido sometidas a rigurosas pruebas. Para que puedas combatir con confianza y entrenar con la m\u00e1xima protecci\u00f3n para tus piernas. Fabricada con un material ligero, esta espinillera no te pesar\u00e1. Construido con una capa de espuma, este empeine de espinilla disipar\u00e1 el impacto antes de que llegue cerca de&#8230;<\/p>\n","protected":false},"featured_media":1752,"comment_status":"open","ping_status":"closed","template":"","meta":{"_kad_post_transparent":"default","_kad_post_title":"","_kad_post_layout":"default","_kad_post_sidebar_id":"","_kad_post_content_style":"default","_kad_post_vertical_padding":"default","_kad_post_feature":"","_kad_post_feature_position":"","_kad_post_header":false,"_kad_post_footer":false,"_kad_post_classname":""},"product_brand":[],"product_cat":[29],"product_tag":[],"class_list":{"0":"post-1751","1":"product","2":"type-product","3":"status-publish","4":"has-post-thumbnail","6":"product_cat-otros","8":"first","9":"instock","10":"shipping-taxable","11":"purchasable","12":"product-type-simple","13":"entry","14":"content-bg","15":"loop-entry"},"yoast_head":"<!-- This site is optimized with the Yoast SEO plugin v27.5 - https:\/\/yoast.com\/product\/yoast-seo-wordpress\/ -->\n<title>RDX Protector Gel Canillera -Peso Liviano MMA - Rojo L | Mega Fitness | Tienda<\/title>\n<meta name=\"robots\" content=\"index, follow, max-snippet:-1, max-image-preview:large, max-video-preview:-1\" \/>\n<link rel=\"canonical\" href=\"https:\/\/megafitness.cl\/store\/producto\/rdx-protector-gel-canillera-peso-liviano-mma-rojo-l\/\" \/>\n<meta property=\"og:locale\" content=\"es_ES\" \/>\n<meta property=\"og:type\" content=\"article\" \/>\n<meta property=\"og:title\" content=\"RDX Protector Gel Canillera -Peso Liviano MMA - Rojo L | Mega Fitness | Tienda\" \/>\n<meta property=\"og:description\" content=\"Estas espinilleras de alta gama han sido sometidas a rigurosas pruebas. Para que puedas combatir con confianza y entrenar con la m\u00e1xima protecci\u00f3n para tus piernas. Fabricada con un material ligero, esta espinillera no te pesar\u00e1. Construido con una capa de espuma, este empeine de espinilla disipar\u00e1 el impacto antes de que llegue cerca de...\" \/>\n<meta property=\"og:url\" content=\"https:\/\/megafitness.cl\/store\/producto\/rdx-protector-gel-canillera-peso-liviano-mma-rojo-l\/\" \/>\n<meta property=\"og:site_name\" content=\"Mega Fitness | Tienda\" \/>\n<meta property=\"og:image\" content=\"https:\/\/megafitness.cl\/store\/wp-content\/uploads\/sites\/3\/2024\/08\/si_mma_shin_instep_guards_9_d3c0161e-e19c-4f4a-9ee6-357fb98918b1_960x_crop_center.webp\" \/>\n\t<meta property=\"og:image:width\" content=\"800\" \/>\n\t<meta property=\"og:image:height\" content=\"800\" \/>\n\t<meta property=\"og:image:type\" content=\"image\/webp\" \/>\n<meta name=\"twitter:card\" content=\"summary_large_image\" \/>\n<meta name=\"twitter:label1\" content=\"Tiempo de lectura\" \/>\n\t<meta name=\"twitter:data1\" content=\"2 minutos\" \/>\n<script type=\"application\/ld+json\" class=\"yoast-schema-graph\">{\"@context\":\"https:\\\/\\\/schema.org\",\"@graph\":[{\"@type\":[\"WebPage\",\"ItemPage\"],\"@id\":\"https:\\\/\\\/megafitness.cl\\\/store\\\/producto\\\/rdx-protector-gel-canillera-peso-liviano-mma-rojo-l\\\/\",\"url\":\"https:\\\/\\\/megafitness.cl\\\/store\\\/producto\\\/rdx-protector-gel-canillera-peso-liviano-mma-rojo-l\\\/\",\"name\":\"RDX Protector Gel Canillera -Peso Liviano MMA - Rojo L | Mega Fitness | Tienda\",\"isPartOf\":{\"@id\":\"https:\\\/\\\/megafitness.cl\\\/store\\\/#website\"},\"primaryImageOfPage\":{\"@id\":\"https:\\\/\\\/megafitness.cl\\\/store\\\/producto\\\/rdx-protector-gel-canillera-peso-liviano-mma-rojo-l\\\/#primaryimage\"},\"image\":{\"@id\":\"https:\\\/\\\/megafitness.cl\\\/store\\\/producto\\\/rdx-protector-gel-canillera-peso-liviano-mma-rojo-l\\\/#primaryimage\"},\"thumbnailUrl\":\"https:\\\/\\\/megafitness.cl\\\/store\\\/wp-content\\\/uploads\\\/sites\\\/3\\\/2024\\\/08\\\/si_mma_shin_instep_guards_9_d3c0161e-e19c-4f4a-9ee6-357fb98918b1_960x_crop_center.webp\",\"datePublished\":\"2024-08-09T21:04:40+00:00\",\"breadcrumb\":{\"@id\":\"https:\\\/\\\/megafitness.cl\\\/store\\\/producto\\\/rdx-protector-gel-canillera-peso-liviano-mma-rojo-l\\\/#breadcrumb\"},\"inLanguage\":\"es\",\"potentialAction\":[{\"@type\":\"ReadAction\",\"target\":[\"https:\\\/\\\/megafitness.cl\\\/store\\\/producto\\\/rdx-protector-gel-canillera-peso-liviano-mma-rojo-l\\\/\"]}]},{\"@type\":\"ImageObject\",\"inLanguage\":\"es\",\"@id\":\"https:\\\/\\\/megafitness.cl\\\/store\\\/producto\\\/rdx-protector-gel-canillera-peso-liviano-mma-rojo-l\\\/#primaryimage\",\"url\":\"https:\\\/\\\/megafitness.cl\\\/store\\\/wp-content\\\/uploads\\\/sites\\\/3\\\/2024\\\/08\\\/si_mma_shin_instep_guards_9_d3c0161e-e19c-4f4a-9ee6-357fb98918b1_960x_crop_center.webp\",\"contentUrl\":\"https:\\\/\\\/megafitness.cl\\\/store\\\/wp-content\\\/uploads\\\/sites\\\/3\\\/2024\\\/08\\\/si_mma_shin_instep_guards_9_d3c0161e-e19c-4f4a-9ee6-357fb98918b1_960x_crop_center.webp\",\"width\":800,\"height\":800},{\"@type\":\"BreadcrumbList\",\"@id\":\"https:\\\/\\\/megafitness.cl\\\/store\\\/producto\\\/rdx-protector-gel-canillera-peso-liviano-mma-rojo-l\\\/#breadcrumb\",\"itemListElement\":[{\"@type\":\"ListItem\",\"position\":1,\"name\":\"Portada\",\"item\":\"https:\\\/\\\/megafitness.cl\\\/store\\\/\"},{\"@type\":\"ListItem\",\"position\":2,\"name\":\"Shop\",\"item\":\"https:\\\/\\\/megafitness.cl\\\/store\\\/shop\\\/\"},{\"@type\":\"ListItem\",\"position\":3,\"name\":\"RDX Protector Gel Canillera -Peso Liviano MMA &#8211; Rojo L\"}]},{\"@type\":\"WebSite\",\"@id\":\"https:\\\/\\\/megafitness.cl\\\/store\\\/#website\",\"url\":\"https:\\\/\\\/megafitness.cl\\\/store\\\/\",\"name\":\"Mega Fitness | Tienda\",\"description\":\"Tu Gimnasio en Providencia\",\"publisher\":{\"@id\":\"https:\\\/\\\/megafitness.cl\\\/store\\\/#organization\"},\"potentialAction\":[{\"@type\":\"SearchAction\",\"target\":{\"@type\":\"EntryPoint\",\"urlTemplate\":\"https:\\\/\\\/megafitness.cl\\\/store\\\/?s={search_term_string}\"},\"query-input\":{\"@type\":\"PropertyValueSpecification\",\"valueRequired\":true,\"valueName\":\"search_term_string\"}}],\"inLanguage\":\"es\"},{\"@type\":\"Organization\",\"@id\":\"https:\\\/\\\/megafitness.cl\\\/store\\\/#organization\",\"name\":\"Mega Fitness | Tienda\",\"url\":\"https:\\\/\\\/megafitness.cl\\\/store\\\/\",\"logo\":{\"@type\":\"ImageObject\",\"inLanguage\":\"es\",\"@id\":\"https:\\\/\\\/megafitness.cl\\\/store\\\/#\\\/schema\\\/logo\\\/image\\\/\",\"url\":\"https:\\\/\\\/megafitness.cl\\\/store\\\/wp-content\\\/uploads\\\/sites\\\/3\\\/2024\\\/08\\\/megafitnessLogo1Simple.svg\",\"contentUrl\":\"https:\\\/\\\/megafitness.cl\\\/store\\\/wp-content\\\/uploads\\\/sites\\\/3\\\/2024\\\/08\\\/megafitnessLogo1Simple.svg\",\"width\":197,\"height\":27,\"caption\":\"Mega Fitness | Tienda\"},\"image\":{\"@id\":\"https:\\\/\\\/megafitness.cl\\\/store\\\/#\\\/schema\\\/logo\\\/image\\\/\"}}]}<\/script>\n<!-- \/ Yoast SEO plugin. -->","yoast_head_json":{"title":"RDX Protector Gel Canillera -Peso Liviano MMA - Rojo L | Mega Fitness | Tienda","robots":{"index":"index","follow":"follow","max-snippet":"max-snippet:-1","max-image-preview":"max-image-preview:large","max-video-preview":"max-video-preview:-1"},"canonical":"https:\/\/megafitness.cl\/store\/producto\/rdx-protector-gel-canillera-peso-liviano-mma-rojo-l\/","og_locale":"es_ES","og_type":"article","og_title":"RDX Protector Gel Canillera -Peso Liviano MMA - Rojo L | Mega Fitness | Tienda","og_description":"Estas espinilleras de alta gama han sido sometidas a rigurosas pruebas. Para que puedas combatir con confianza y entrenar con la m\u00e1xima protecci\u00f3n para tus piernas. Fabricada con un material ligero, esta espinillera no te pesar\u00e1. Construido con una capa de espuma, este empeine de espinilla disipar\u00e1 el impacto antes de que llegue cerca de...","og_url":"https:\/\/megafitness.cl\/store\/producto\/rdx-protector-gel-canillera-peso-liviano-mma-rojo-l\/","og_site_name":"Mega Fitness | Tienda","og_image":[{"width":800,"height":800,"url":"https:\/\/megafitness.cl\/store\/wp-content\/uploads\/sites\/3\/2024\/08\/si_mma_shin_instep_guards_9_d3c0161e-e19c-4f4a-9ee6-357fb98918b1_960x_crop_center.webp","type":"image\/webp"}],"twitter_card":"summary_large_image","twitter_misc":{"Tiempo de lectura":"2 minutos"},"schema":{"@context":"https:\/\/schema.org","@graph":[{"@type":["WebPage","ItemPage"],"@id":"https:\/\/megafitness.cl\/store\/producto\/rdx-protector-gel-canillera-peso-liviano-mma-rojo-l\/","url":"https:\/\/megafitness.cl\/store\/producto\/rdx-protector-gel-canillera-peso-liviano-mma-rojo-l\/","name":"RDX Protector Gel Canillera -Peso Liviano MMA - Rojo L | Mega Fitness | Tienda","isPartOf":{"@id":"https:\/\/megafitness.cl\/store\/#website"},"primaryImageOfPage":{"@id":"https:\/\/megafitness.cl\/store\/producto\/rdx-protector-gel-canillera-peso-liviano-mma-rojo-l\/#primaryimage"},"image":{"@id":"https:\/\/megafitness.cl\/store\/producto\/rdx-protector-gel-canillera-peso-liviano-mma-rojo-l\/#primaryimage"},"thumbnailUrl":"https:\/\/megafitness.cl\/store\/wp-content\/uploads\/sites\/3\/2024\/08\/si_mma_shin_instep_guards_9_d3c0161e-e19c-4f4a-9ee6-357fb98918b1_960x_crop_center.webp","datePublished":"2024-08-09T21:04:40+00:00","breadcrumb":{"@id":"https:\/\/megafitness.cl\/store\/producto\/rdx-protector-gel-canillera-peso-liviano-mma-rojo-l\/#breadcrumb"},"inLanguage":"es","potentialAction":[{"@type":"ReadAction","target":["https:\/\/megafitness.cl\/store\/producto\/rdx-protector-gel-canillera-peso-liviano-mma-rojo-l\/"]}]},{"@type":"ImageObject","inLanguage":"es","@id":"https:\/\/megafitness.cl\/store\/producto\/rdx-protector-gel-canillera-peso-liviano-mma-rojo-l\/#primaryimage","url":"https:\/\/megafitness.cl\/store\/wp-content\/uploads\/sites\/3\/2024\/08\/si_mma_shin_instep_guards_9_d3c0161e-e19c-4f4a-9ee6-357fb98918b1_960x_crop_center.webp","contentUrl":"https:\/\/megafitness.cl\/store\/wp-content\/uploads\/sites\/3\/2024\/08\/si_mma_shin_instep_guards_9_d3c0161e-e19c-4f4a-9ee6-357fb98918b1_960x_crop_center.webp","width":800,"height":800},{"@type":"BreadcrumbList","@id":"https:\/\/megafitness.cl\/store\/producto\/rdx-protector-gel-canillera-peso-liviano-mma-rojo-l\/#breadcrumb","itemListElement":[{"@type":"ListItem","position":1,"name":"Portada","item":"https:\/\/megafitness.cl\/store\/"},{"@type":"ListItem","position":2,"name":"Shop","item":"https:\/\/megafitness.cl\/store\/shop\/"},{"@type":"ListItem","position":3,"name":"RDX Protector Gel Canillera -Peso Liviano MMA &#8211; Rojo L"}]},{"@type":"WebSite","@id":"https:\/\/megafitness.cl\/store\/#website","url":"https:\/\/megafitness.cl\/store\/","name":"Mega Fitness | Tienda","description":"Tu Gimnasio en Providencia","publisher":{"@id":"https:\/\/megafitness.cl\/store\/#organization"},"potentialAction":[{"@type":"SearchAction","target":{"@type":"EntryPoint","urlTemplate":"https:\/\/megafitness.cl\/store\/?s={search_term_string}"},"query-input":{"@type":"PropertyValueSpecification","valueRequired":true,"valueName":"search_term_string"}}],"inLanguage":"es"},{"@type":"Organization","@id":"https:\/\/megafitness.cl\/store\/#organization","name":"Mega Fitness | Tienda","url":"https:\/\/megafitness.cl\/store\/","logo":{"@type":"ImageObject","inLanguage":"es","@id":"https:\/\/megafitness.cl\/store\/#\/schema\/logo\/image\/","url":"https:\/\/megafitness.cl\/store\/wp-content\/uploads\/sites\/3\/2024\/08\/megafitnessLogo1Simple.svg","contentUrl":"https:\/\/megafitness.cl\/store\/wp-content\/uploads\/sites\/3\/2024\/08\/megafitnessLogo1Simple.svg","width":197,"height":27,"caption":"Mega Fitness | Tienda"},"image":{"@id":"https:\/\/megafitness.cl\/store\/#\/schema\/logo\/image\/"}}]}},"_links":{"self":[{"href":"https:\/\/megafitness.cl\/store\/wp-json\/wp\/v2\/product\/1751","targetHints":{"allow":["GET"]}}],"collection":[{"href":"https:\/\/megafitness.cl\/store\/wp-json\/wp\/v2\/product"}],"about":[{"href":"https:\/\/megafitness.cl\/store\/wp-json\/wp\/v2\/types\/product"}],"replies":[{"embeddable":true,"href":"https:\/\/megafitness.cl\/store\/wp-json\/wp\/v2\/comments?post=1751"}],"wp:featuredmedia":[{"embeddable":true,"href":"https:\/\/megafitness.cl\/store\/wp-json\/wp\/v2\/media\/1752"}],"wp:attachment":[{"href":"https:\/\/megafitness.cl\/store\/wp-json\/wp\/v2\/media?parent=1751"}],"wp:term":[{"taxonomy":"product_brand","embeddable":true,"href":"https:\/\/megafitness.cl\/store\/wp-json\/wp\/v2\/product_brand?post=1751"},{"taxonomy":"product_cat","embeddable":true,"href":"https:\/\/megafitness.cl\/store\/wp-json\/wp\/v2\/product_cat?post=1751"},{"taxonomy":"product_tag","embeddable":true,"href":"https:\/\/megafitness.cl\/store\/wp-json\/wp\/v2\/product_tag?post=1751"}],"curies":[{"name":"wp","href":"https:\/\/api.w.org\/{rel}","templated":true}]}}