{"id":1802,"date":"2024-08-14T21:49:12","date_gmt":"2024-08-14T19:49:12","guid":{"rendered":"https:\/\/megafitness.cl\/store\/?post_type=product&#038;p=1802"},"modified":"2024-08-14T21:49:12","modified_gmt":"2024-08-14T19:49:12","slug":"rdx-casco-aura-plus-t-17-negro-rojo-talla-s","status":"publish","type":"product","link":"https:\/\/megafitness.cl\/store\/producto\/rdx-casco-aura-plus-t-17-negro-rojo-talla-s\/","title":{"rendered":"RDX Casco Aura Plus T-17 &#8211; Negro\/Rojo &#8211; Talla S"},"content":{"rendered":"<p>Presentamos el HEAD GUARD AURA PLUS T-17, dise\u00f1ado para una protecci\u00f3n impecable de la cabeza. Ofrece defensa y comodidad excepcionales para deportes de combate y entrenamiento con exterior de cuero Kalix Skin-Maya Hide\u2122, lo que garantiza una durabilidad inigualable. La fusi\u00f3n de la l\u00e1mina DenZo Tron, la l\u00e1mina EVA-LUTION\u2122 y el acolchado Sponge X proporciona una protecci\u00f3n firme contra golpes potentes. Mant\u00e9ngase seco con el forro interior de tela Dazzle compatible con REACH que absorbe el sudor. La correa de cierre de velcro Quick EZ garantiza una sujeci\u00f3n y ajuste sin esfuerzo. Respaldado por las certificaciones CE y UKCA.<\/p>\n<p>Certificado CE y UKCA<br \/>\nExterior de cuero Kalix Skin-Maya Hide\u2122 para una durabilidad inigualable<br \/>\nDise\u00f1ado para ofrecer una visibilidad \u00f3ptima al usuario.<br \/>\nCanales auditivos con amplio acolchado para una defensa confiable<br \/>\nForro interior de tejido Dazzle compatible con REACH para mayor transpirabilidad.<br \/>\nCierre de velcro Quick-EZ para un ajuste sin esfuerzo<\/p>\n","protected":false},"excerpt":{"rendered":"<p>Presentamos el HEAD GUARD AURA PLUS T-17, dise\u00f1ado para una protecci\u00f3n impecable de la cabeza. Ofrece defensa y comodidad excepcionales para deportes de combate y entrenamiento con exterior de cuero Kalix Skin-Maya Hide\u2122, lo que garantiza una durabilidad inigualable. La fusi\u00f3n de la l\u00e1mina DenZo Tron, la l\u00e1mina EVA-LUTION\u2122 y el acolchado Sponge X proporciona&#8230;<\/p>\n","protected":false},"featured_media":1803,"comment_status":"open","ping_status":"closed","template":"","meta":{"_kad_post_transparent":"default","_kad_post_title":"","_kad_post_layout":"default","_kad_post_sidebar_id":"","_kad_post_content_style":"default","_kad_post_vertical_padding":"default","_kad_post_feature":"","_kad_post_feature_position":"","_kad_post_header":false,"_kad_post_footer":false,"_kad_post_classname":""},"product_brand":[],"product_cat":[29],"product_tag":[],"class_list":{"0":"post-1802","1":"product","2":"type-product","3":"status-publish","4":"has-post-thumbnail","6":"product_cat-otros","8":"first","9":"instock","10":"shipping-taxable","11":"purchasable","12":"product-type-simple","13":"entry","14":"content-bg","15":"loop-entry"},"yoast_head":"<!-- This site is optimized with the Yoast SEO plugin v27.5 - https:\/\/yoast.com\/product\/yoast-seo-wordpress\/ -->\n<title>RDX Casco Aura Plus T-17 - Negro\/Rojo - Talla S | Mega Fitness | Tienda<\/title>\n<meta name=\"robots\" content=\"index, follow, max-snippet:-1, max-image-preview:large, max-video-preview:-1\" \/>\n<link rel=\"canonical\" href=\"https:\/\/megafitness.cl\/store\/producto\/rdx-casco-aura-plus-t-17-negro-rojo-talla-s\/\" \/>\n<meta property=\"og:locale\" content=\"es_ES\" \/>\n<meta property=\"og:type\" content=\"article\" \/>\n<meta property=\"og:title\" content=\"RDX Casco Aura Plus T-17 - Negro\/Rojo - Talla S | Mega Fitness | Tienda\" \/>\n<meta property=\"og:description\" content=\"Presentamos el HEAD GUARD AURA PLUS T-17, dise\u00f1ado para una protecci\u00f3n impecable de la cabeza. Ofrece defensa y comodidad excepcionales para deportes de combate y entrenamiento con exterior de cuero Kalix Skin-Maya Hide\u2122, lo que garantiza una durabilidad inigualable. La fusi\u00f3n de la l\u00e1mina DenZo Tron, la l\u00e1mina EVA-LUTION\u2122 y el acolchado Sponge X proporciona...\" \/>\n<meta property=\"og:url\" content=\"https:\/\/megafitness.cl\/store\/producto\/rdx-casco-aura-plus-t-17-negro-rojo-talla-s\/\" \/>\n<meta property=\"og:site_name\" content=\"Mega Fitness | Tienda\" \/>\n<meta property=\"og:image\" content=\"https:\/\/megafitness.cl\/store\/wp-content\/uploads\/sites\/3\/2024\/08\/rdx_head_guard_aura_plus_t-17_red_2_47pm_1_c5e61cf1-ed16-444a-97df-048410a1d0ac_960x_crop_center.webp\" \/>\n\t<meta property=\"og:image:width\" content=\"800\" \/>\n\t<meta property=\"og:image:height\" content=\"800\" \/>\n\t<meta property=\"og:image:type\" content=\"image\/webp\" \/>\n<meta name=\"twitter:card\" content=\"summary_large_image\" \/>\n<meta name=\"twitter:label1\" content=\"Tiempo de lectura\" \/>\n\t<meta name=\"twitter:data1\" content=\"1 minuto\" \/>\n<script type=\"application\/ld+json\" class=\"yoast-schema-graph\">{\"@context\":\"https:\\\/\\\/schema.org\",\"@graph\":[{\"@type\":[\"WebPage\",\"ItemPage\"],\"@id\":\"https:\\\/\\\/megafitness.cl\\\/store\\\/producto\\\/rdx-casco-aura-plus-t-17-negro-rojo-talla-s\\\/\",\"url\":\"https:\\\/\\\/megafitness.cl\\\/store\\\/producto\\\/rdx-casco-aura-plus-t-17-negro-rojo-talla-s\\\/\",\"name\":\"RDX Casco Aura Plus T-17 - Negro\\\/Rojo - Talla S | Mega Fitness | Tienda\",\"isPartOf\":{\"@id\":\"https:\\\/\\\/megafitness.cl\\\/store\\\/#website\"},\"primaryImageOfPage\":{\"@id\":\"https:\\\/\\\/megafitness.cl\\\/store\\\/producto\\\/rdx-casco-aura-plus-t-17-negro-rojo-talla-s\\\/#primaryimage\"},\"image\":{\"@id\":\"https:\\\/\\\/megafitness.cl\\\/store\\\/producto\\\/rdx-casco-aura-plus-t-17-negro-rojo-talla-s\\\/#primaryimage\"},\"thumbnailUrl\":\"https:\\\/\\\/megafitness.cl\\\/store\\\/wp-content\\\/uploads\\\/sites\\\/3\\\/2024\\\/08\\\/rdx_head_guard_aura_plus_t-17_red_2_47pm_1_c5e61cf1-ed16-444a-97df-048410a1d0ac_960x_crop_center.webp\",\"datePublished\":\"2024-08-14T19:49:12+00:00\",\"breadcrumb\":{\"@id\":\"https:\\\/\\\/megafitness.cl\\\/store\\\/producto\\\/rdx-casco-aura-plus-t-17-negro-rojo-talla-s\\\/#breadcrumb\"},\"inLanguage\":\"es\",\"potentialAction\":[{\"@type\":\"ReadAction\",\"target\":[\"https:\\\/\\\/megafitness.cl\\\/store\\\/producto\\\/rdx-casco-aura-plus-t-17-negro-rojo-talla-s\\\/\"]}]},{\"@type\":\"ImageObject\",\"inLanguage\":\"es\",\"@id\":\"https:\\\/\\\/megafitness.cl\\\/store\\\/producto\\\/rdx-casco-aura-plus-t-17-negro-rojo-talla-s\\\/#primaryimage\",\"url\":\"https:\\\/\\\/megafitness.cl\\\/store\\\/wp-content\\\/uploads\\\/sites\\\/3\\\/2024\\\/08\\\/rdx_head_guard_aura_plus_t-17_red_2_47pm_1_c5e61cf1-ed16-444a-97df-048410a1d0ac_960x_crop_center.webp\",\"contentUrl\":\"https:\\\/\\\/megafitness.cl\\\/store\\\/wp-content\\\/uploads\\\/sites\\\/3\\\/2024\\\/08\\\/rdx_head_guard_aura_plus_t-17_red_2_47pm_1_c5e61cf1-ed16-444a-97df-048410a1d0ac_960x_crop_center.webp\",\"width\":800,\"height\":800},{\"@type\":\"BreadcrumbList\",\"@id\":\"https:\\\/\\\/megafitness.cl\\\/store\\\/producto\\\/rdx-casco-aura-plus-t-17-negro-rojo-talla-s\\\/#breadcrumb\",\"itemListElement\":[{\"@type\":\"ListItem\",\"position\":1,\"name\":\"Portada\",\"item\":\"https:\\\/\\\/megafitness.cl\\\/store\\\/\"},{\"@type\":\"ListItem\",\"position\":2,\"name\":\"Shop\",\"item\":\"https:\\\/\\\/megafitness.cl\\\/store\\\/shop\\\/\"},{\"@type\":\"ListItem\",\"position\":3,\"name\":\"RDX Casco Aura Plus T-17 &#8211; Negro\\\/Rojo &#8211; Talla S\"}]},{\"@type\":\"WebSite\",\"@id\":\"https:\\\/\\\/megafitness.cl\\\/store\\\/#website\",\"url\":\"https:\\\/\\\/megafitness.cl\\\/store\\\/\",\"name\":\"Mega Fitness | Tienda\",\"description\":\"Tu Gimnasio en Providencia\",\"publisher\":{\"@id\":\"https:\\\/\\\/megafitness.cl\\\/store\\\/#organization\"},\"potentialAction\":[{\"@type\":\"SearchAction\",\"target\":{\"@type\":\"EntryPoint\",\"urlTemplate\":\"https:\\\/\\\/megafitness.cl\\\/store\\\/?s={search_term_string}\"},\"query-input\":{\"@type\":\"PropertyValueSpecification\",\"valueRequired\":true,\"valueName\":\"search_term_string\"}}],\"inLanguage\":\"es\"},{\"@type\":\"Organization\",\"@id\":\"https:\\\/\\\/megafitness.cl\\\/store\\\/#organization\",\"name\":\"Mega Fitness | Tienda\",\"url\":\"https:\\\/\\\/megafitness.cl\\\/store\\\/\",\"logo\":{\"@type\":\"ImageObject\",\"inLanguage\":\"es\",\"@id\":\"https:\\\/\\\/megafitness.cl\\\/store\\\/#\\\/schema\\\/logo\\\/image\\\/\",\"url\":\"https:\\\/\\\/megafitness.cl\\\/store\\\/wp-content\\\/uploads\\\/sites\\\/3\\\/2024\\\/08\\\/megafitnessLogo1Simple.svg\",\"contentUrl\":\"https:\\\/\\\/megafitness.cl\\\/store\\\/wp-content\\\/uploads\\\/sites\\\/3\\\/2024\\\/08\\\/megafitnessLogo1Simple.svg\",\"width\":197,\"height\":27,\"caption\":\"Mega Fitness | Tienda\"},\"image\":{\"@id\":\"https:\\\/\\\/megafitness.cl\\\/store\\\/#\\\/schema\\\/logo\\\/image\\\/\"}}]}<\/script>\n<!-- \/ Yoast SEO plugin. -->","yoast_head_json":{"title":"RDX Casco Aura Plus T-17 - Negro\/Rojo - Talla S | Mega Fitness | Tienda","robots":{"index":"index","follow":"follow","max-snippet":"max-snippet:-1","max-image-preview":"max-image-preview:large","max-video-preview":"max-video-preview:-1"},"canonical":"https:\/\/megafitness.cl\/store\/producto\/rdx-casco-aura-plus-t-17-negro-rojo-talla-s\/","og_locale":"es_ES","og_type":"article","og_title":"RDX Casco Aura Plus T-17 - Negro\/Rojo - Talla S | Mega Fitness | Tienda","og_description":"Presentamos el HEAD GUARD AURA PLUS T-17, dise\u00f1ado para una protecci\u00f3n impecable de la cabeza. Ofrece defensa y comodidad excepcionales para deportes de combate y entrenamiento con exterior de cuero Kalix Skin-Maya Hide\u2122, lo que garantiza una durabilidad inigualable. La fusi\u00f3n de la l\u00e1mina DenZo Tron, la l\u00e1mina EVA-LUTION\u2122 y el acolchado Sponge X proporciona...","og_url":"https:\/\/megafitness.cl\/store\/producto\/rdx-casco-aura-plus-t-17-negro-rojo-talla-s\/","og_site_name":"Mega Fitness | Tienda","og_image":[{"width":800,"height":800,"url":"https:\/\/megafitness.cl\/store\/wp-content\/uploads\/sites\/3\/2024\/08\/rdx_head_guard_aura_plus_t-17_red_2_47pm_1_c5e61cf1-ed16-444a-97df-048410a1d0ac_960x_crop_center.webp","type":"image\/webp"}],"twitter_card":"summary_large_image","twitter_misc":{"Tiempo de lectura":"1 minuto"},"schema":{"@context":"https:\/\/schema.org","@graph":[{"@type":["WebPage","ItemPage"],"@id":"https:\/\/megafitness.cl\/store\/producto\/rdx-casco-aura-plus-t-17-negro-rojo-talla-s\/","url":"https:\/\/megafitness.cl\/store\/producto\/rdx-casco-aura-plus-t-17-negro-rojo-talla-s\/","name":"RDX Casco Aura Plus T-17 - Negro\/Rojo - Talla S | Mega Fitness | Tienda","isPartOf":{"@id":"https:\/\/megafitness.cl\/store\/#website"},"primaryImageOfPage":{"@id":"https:\/\/megafitness.cl\/store\/producto\/rdx-casco-aura-plus-t-17-negro-rojo-talla-s\/#primaryimage"},"image":{"@id":"https:\/\/megafitness.cl\/store\/producto\/rdx-casco-aura-plus-t-17-negro-rojo-talla-s\/#primaryimage"},"thumbnailUrl":"https:\/\/megafitness.cl\/store\/wp-content\/uploads\/sites\/3\/2024\/08\/rdx_head_guard_aura_plus_t-17_red_2_47pm_1_c5e61cf1-ed16-444a-97df-048410a1d0ac_960x_crop_center.webp","datePublished":"2024-08-14T19:49:12+00:00","breadcrumb":{"@id":"https:\/\/megafitness.cl\/store\/producto\/rdx-casco-aura-plus-t-17-negro-rojo-talla-s\/#breadcrumb"},"inLanguage":"es","potentialAction":[{"@type":"ReadAction","target":["https:\/\/megafitness.cl\/store\/producto\/rdx-casco-aura-plus-t-17-negro-rojo-talla-s\/"]}]},{"@type":"ImageObject","inLanguage":"es","@id":"https:\/\/megafitness.cl\/store\/producto\/rdx-casco-aura-plus-t-17-negro-rojo-talla-s\/#primaryimage","url":"https:\/\/megafitness.cl\/store\/wp-content\/uploads\/sites\/3\/2024\/08\/rdx_head_guard_aura_plus_t-17_red_2_47pm_1_c5e61cf1-ed16-444a-97df-048410a1d0ac_960x_crop_center.webp","contentUrl":"https:\/\/megafitness.cl\/store\/wp-content\/uploads\/sites\/3\/2024\/08\/rdx_head_guard_aura_plus_t-17_red_2_47pm_1_c5e61cf1-ed16-444a-97df-048410a1d0ac_960x_crop_center.webp","width":800,"height":800},{"@type":"BreadcrumbList","@id":"https:\/\/megafitness.cl\/store\/producto\/rdx-casco-aura-plus-t-17-negro-rojo-talla-s\/#breadcrumb","itemListElement":[{"@type":"ListItem","position":1,"name":"Portada","item":"https:\/\/megafitness.cl\/store\/"},{"@type":"ListItem","position":2,"name":"Shop","item":"https:\/\/megafitness.cl\/store\/shop\/"},{"@type":"ListItem","position":3,"name":"RDX Casco Aura Plus T-17 &#8211; Negro\/Rojo &#8211; Talla S"}]},{"@type":"WebSite","@id":"https:\/\/megafitness.cl\/store\/#website","url":"https:\/\/megafitness.cl\/store\/","name":"Mega Fitness | Tienda","description":"Tu Gimnasio en Providencia","publisher":{"@id":"https:\/\/megafitness.cl\/store\/#organization"},"potentialAction":[{"@type":"SearchAction","target":{"@type":"EntryPoint","urlTemplate":"https:\/\/megafitness.cl\/store\/?s={search_term_string}"},"query-input":{"@type":"PropertyValueSpecification","valueRequired":true,"valueName":"search_term_string"}}],"inLanguage":"es"},{"@type":"Organization","@id":"https:\/\/megafitness.cl\/store\/#organization","name":"Mega Fitness | Tienda","url":"https:\/\/megafitness.cl\/store\/","logo":{"@type":"ImageObject","inLanguage":"es","@id":"https:\/\/megafitness.cl\/store\/#\/schema\/logo\/image\/","url":"https:\/\/megafitness.cl\/store\/wp-content\/uploads\/sites\/3\/2024\/08\/megafitnessLogo1Simple.svg","contentUrl":"https:\/\/megafitness.cl\/store\/wp-content\/uploads\/sites\/3\/2024\/08\/megafitnessLogo1Simple.svg","width":197,"height":27,"caption":"Mega Fitness | Tienda"},"image":{"@id":"https:\/\/megafitness.cl\/store\/#\/schema\/logo\/image\/"}}]}},"_links":{"self":[{"href":"https:\/\/megafitness.cl\/store\/wp-json\/wp\/v2\/product\/1802","targetHints":{"allow":["GET"]}}],"collection":[{"href":"https:\/\/megafitness.cl\/store\/wp-json\/wp\/v2\/product"}],"about":[{"href":"https:\/\/megafitness.cl\/store\/wp-json\/wp\/v2\/types\/product"}],"replies":[{"embeddable":true,"href":"https:\/\/megafitness.cl\/store\/wp-json\/wp\/v2\/comments?post=1802"}],"wp:featuredmedia":[{"embeddable":true,"href":"https:\/\/megafitness.cl\/store\/wp-json\/wp\/v2\/media\/1803"}],"wp:attachment":[{"href":"https:\/\/megafitness.cl\/store\/wp-json\/wp\/v2\/media?parent=1802"}],"wp:term":[{"taxonomy":"product_brand","embeddable":true,"href":"https:\/\/megafitness.cl\/store\/wp-json\/wp\/v2\/product_brand?post=1802"},{"taxonomy":"product_cat","embeddable":true,"href":"https:\/\/megafitness.cl\/store\/wp-json\/wp\/v2\/product_cat?post=1802"},{"taxonomy":"product_tag","embeddable":true,"href":"https:\/\/megafitness.cl\/store\/wp-json\/wp\/v2\/product_tag?post=1802"}],"curies":[{"name":"wp","href":"https:\/\/api.w.org\/{rel}","templated":true}]}}