{"id":1817,"date":"2024-08-14T22:42:52","date_gmt":"2024-08-14T20:42:52","guid":{"rendered":"https:\/\/megafitness.cl\/store\/?post_type=product&#038;p=1817"},"modified":"2025-12-08T00:49:15","modified_gmt":"2025-12-07T23:49:15","slug":"rdx-guantes-de-boxeo-fl6-floral-08oz","status":"publish","type":"product","link":"https:\/\/megafitness.cl\/store\/producto\/rdx-guantes-de-boxeo-fl6-floral-08oz\/","title":{"rendered":"RDX Guantes de Boxeo FL6 Floral \u2013 8oz"},"content":{"rendered":"<p>Los guantes de boxeo de fauna ligeros m\u00e1s feroces y r\u00e1pidos del mercado. Los guantes de boxeo FL-6 representan delicadeza y precisi\u00f3n en cada golpe manteniendo una est\u00e9tica elegante. Desde la dureza del acolchado interno hasta el Flora Skin y el cuero Maya Hide externo, todo en este guante est\u00e1 dise\u00f1ado para dar en el blanco de forma natural en cada golpe. tiempo. La durabilidad de estos guantes Membrane Grid 1 (MG-1) es incomparable, brindando tanto protecci\u00f3n contra golpes a trav\u00e9s de sus espumas multicapa hasta la Hoja Calibrada de Difusi\u00f3n de Impacto. Tanto para agarre como para transpirabilidad, los orificios perforados y el agarre Denzotron brindan un rendimiento asegurado.<\/p>\n<p>El dise\u00f1o de cuero Maya Hide Flora Skin los convierte en los guantes m\u00e1s naturales del mercado.<br \/>\nSatin Fabric ofrece un interior suave pero absorbente y la barra Denzotron proporciona agarre.<br \/>\nMembrane Grid 1 (MG-1), una tecnolog\u00eda de acolchado multicapa que distribuye durabilidad y resistencia a los golpes.<br \/>\nESPUMA Polygonal Fusion para proteger el pulgar y laminaci\u00f3n satinada para absorci\u00f3n y transpirabilidad.<br \/>\nPu\u00f1os con correa de velcro Quick-EZ para mantener los guantes seguros envueltos en l\u00e1minas calibradas de difusi\u00f3n de impacto y acolchado Sponge X.<\/p>\n","protected":false},"excerpt":{"rendered":"<p>Los guantes de boxeo de fauna ligeros m\u00e1s feroces y r\u00e1pidos del mercado. Los guantes de boxeo FL-6 representan delicadeza y precisi\u00f3n en cada golpe manteniendo una est\u00e9tica elegante. Desde la dureza del acolchado interno hasta el Flora Skin y el cuero Maya Hide externo, todo en este guante est\u00e1 dise\u00f1ado para dar en el&#8230;<\/p>\n","protected":false},"featured_media":1818,"comment_status":"open","ping_status":"closed","template":"","meta":{"_kad_post_transparent":"default","_kad_post_title":"","_kad_post_layout":"default","_kad_post_sidebar_id":"","_kad_post_content_style":"default","_kad_post_vertical_padding":"default","_kad_post_feature":"","_kad_post_feature_position":"","_kad_post_header":false,"_kad_post_footer":false,"_kad_post_classname":""},"product_brand":[],"product_cat":[24],"product_tag":[],"class_list":{"0":"post-1817","1":"product","2":"type-product","3":"status-publish","4":"has-post-thumbnail","6":"product_cat-guantes","8":"first","9":"instock","10":"shipping-taxable","11":"purchasable","12":"product-type-simple","13":"entry","14":"content-bg","15":"loop-entry"},"yoast_head":"<!-- This site is optimized with the Yoast SEO plugin v27.5 - https:\/\/yoast.com\/product\/yoast-seo-wordpress\/ -->\n<title>RDX Guantes de Boxeo FL6 Floral \u2013 8oz | Mega Fitness | Tienda<\/title>\n<meta name=\"robots\" content=\"index, follow, max-snippet:-1, max-image-preview:large, max-video-preview:-1\" \/>\n<link rel=\"canonical\" href=\"https:\/\/megafitness.cl\/store\/producto\/rdx-guantes-de-boxeo-fl6-floral-08oz\/\" \/>\n<meta property=\"og:locale\" content=\"es_ES\" \/>\n<meta property=\"og:type\" content=\"article\" \/>\n<meta property=\"og:title\" content=\"RDX Guantes de Boxeo FL6 Floral \u2013 8oz | Mega Fitness | Tienda\" \/>\n<meta property=\"og:description\" content=\"Los guantes de boxeo de fauna ligeros m\u00e1s feroces y r\u00e1pidos del mercado. Los guantes de boxeo FL-6 representan delicadeza y precisi\u00f3n en cada golpe manteniendo una est\u00e9tica elegante. Desde la dureza del acolchado interno hasta el Flora Skin y el cuero Maya Hide externo, todo en este guante est\u00e1 dise\u00f1ado para dar en el...\" \/>\n<meta property=\"og:url\" content=\"https:\/\/megafitness.cl\/store\/producto\/rdx-guantes-de-boxeo-fl6-floral-08oz\/\" \/>\n<meta property=\"og:site_name\" content=\"Mega Fitness | Tienda\" \/>\n<meta property=\"article:modified_time\" content=\"2025-12-07T23:49:15+00:00\" \/>\n<meta property=\"og:image\" content=\"https:\/\/megafitness.cl\/store\/wp-content\/uploads\/sites\/3\/2024\/08\/rdx_fl6_floral_boxing_gloves_1_9b0e9fba-8686-41d5-ad15-1465b4d85f87_960x_crop_center.webp\" \/>\n\t<meta property=\"og:image:width\" content=\"800\" \/>\n\t<meta property=\"og:image:height\" content=\"800\" \/>\n\t<meta property=\"og:image:type\" content=\"image\/webp\" \/>\n<meta name=\"twitter:card\" content=\"summary_large_image\" \/>\n<meta name=\"twitter:label1\" content=\"Tiempo de lectura\" \/>\n\t<meta name=\"twitter:data1\" content=\"2 minutos\" \/>\n<script type=\"application\/ld+json\" class=\"yoast-schema-graph\">{\"@context\":\"https:\\\/\\\/schema.org\",\"@graph\":[{\"@type\":[\"WebPage\",\"ItemPage\"],\"@id\":\"https:\\\/\\\/megafitness.cl\\\/store\\\/producto\\\/rdx-guantes-de-boxeo-fl6-floral-08oz\\\/\",\"url\":\"https:\\\/\\\/megafitness.cl\\\/store\\\/producto\\\/rdx-guantes-de-boxeo-fl6-floral-08oz\\\/\",\"name\":\"RDX Guantes de Boxeo FL6 Floral \u2013 8oz | Mega Fitness | Tienda\",\"isPartOf\":{\"@id\":\"https:\\\/\\\/megafitness.cl\\\/store\\\/#website\"},\"primaryImageOfPage\":{\"@id\":\"https:\\\/\\\/megafitness.cl\\\/store\\\/producto\\\/rdx-guantes-de-boxeo-fl6-floral-08oz\\\/#primaryimage\"},\"image\":{\"@id\":\"https:\\\/\\\/megafitness.cl\\\/store\\\/producto\\\/rdx-guantes-de-boxeo-fl6-floral-08oz\\\/#primaryimage\"},\"thumbnailUrl\":\"https:\\\/\\\/megafitness.cl\\\/store\\\/wp-content\\\/uploads\\\/sites\\\/3\\\/2024\\\/08\\\/rdx_fl6_floral_boxing_gloves_1_9b0e9fba-8686-41d5-ad15-1465b4d85f87_960x_crop_center.webp\",\"datePublished\":\"2024-08-14T20:42:52+00:00\",\"dateModified\":\"2025-12-07T23:49:15+00:00\",\"breadcrumb\":{\"@id\":\"https:\\\/\\\/megafitness.cl\\\/store\\\/producto\\\/rdx-guantes-de-boxeo-fl6-floral-08oz\\\/#breadcrumb\"},\"inLanguage\":\"es\",\"potentialAction\":[{\"@type\":\"ReadAction\",\"target\":[\"https:\\\/\\\/megafitness.cl\\\/store\\\/producto\\\/rdx-guantes-de-boxeo-fl6-floral-08oz\\\/\"]}]},{\"@type\":\"ImageObject\",\"inLanguage\":\"es\",\"@id\":\"https:\\\/\\\/megafitness.cl\\\/store\\\/producto\\\/rdx-guantes-de-boxeo-fl6-floral-08oz\\\/#primaryimage\",\"url\":\"https:\\\/\\\/megafitness.cl\\\/store\\\/wp-content\\\/uploads\\\/sites\\\/3\\\/2024\\\/08\\\/rdx_fl6_floral_boxing_gloves_1_9b0e9fba-8686-41d5-ad15-1465b4d85f87_960x_crop_center.webp\",\"contentUrl\":\"https:\\\/\\\/megafitness.cl\\\/store\\\/wp-content\\\/uploads\\\/sites\\\/3\\\/2024\\\/08\\\/rdx_fl6_floral_boxing_gloves_1_9b0e9fba-8686-41d5-ad15-1465b4d85f87_960x_crop_center.webp\",\"width\":800,\"height\":800},{\"@type\":\"BreadcrumbList\",\"@id\":\"https:\\\/\\\/megafitness.cl\\\/store\\\/producto\\\/rdx-guantes-de-boxeo-fl6-floral-08oz\\\/#breadcrumb\",\"itemListElement\":[{\"@type\":\"ListItem\",\"position\":1,\"name\":\"Portada\",\"item\":\"https:\\\/\\\/megafitness.cl\\\/store\\\/\"},{\"@type\":\"ListItem\",\"position\":2,\"name\":\"Shop\",\"item\":\"https:\\\/\\\/megafitness.cl\\\/store\\\/shop\\\/\"},{\"@type\":\"ListItem\",\"position\":3,\"name\":\"RDX Guantes de Boxeo FL6 Floral \u2013 8oz\"}]},{\"@type\":\"WebSite\",\"@id\":\"https:\\\/\\\/megafitness.cl\\\/store\\\/#website\",\"url\":\"https:\\\/\\\/megafitness.cl\\\/store\\\/\",\"name\":\"Mega Fitness | Tienda\",\"description\":\"Tu Gimnasio en Providencia\",\"publisher\":{\"@id\":\"https:\\\/\\\/megafitness.cl\\\/store\\\/#organization\"},\"potentialAction\":[{\"@type\":\"SearchAction\",\"target\":{\"@type\":\"EntryPoint\",\"urlTemplate\":\"https:\\\/\\\/megafitness.cl\\\/store\\\/?s={search_term_string}\"},\"query-input\":{\"@type\":\"PropertyValueSpecification\",\"valueRequired\":true,\"valueName\":\"search_term_string\"}}],\"inLanguage\":\"es\"},{\"@type\":\"Organization\",\"@id\":\"https:\\\/\\\/megafitness.cl\\\/store\\\/#organization\",\"name\":\"Mega Fitness | Tienda\",\"url\":\"https:\\\/\\\/megafitness.cl\\\/store\\\/\",\"logo\":{\"@type\":\"ImageObject\",\"inLanguage\":\"es\",\"@id\":\"https:\\\/\\\/megafitness.cl\\\/store\\\/#\\\/schema\\\/logo\\\/image\\\/\",\"url\":\"https:\\\/\\\/megafitness.cl\\\/store\\\/wp-content\\\/uploads\\\/sites\\\/3\\\/2024\\\/08\\\/megafitnessLogo1Simple.svg\",\"contentUrl\":\"https:\\\/\\\/megafitness.cl\\\/store\\\/wp-content\\\/uploads\\\/sites\\\/3\\\/2024\\\/08\\\/megafitnessLogo1Simple.svg\",\"width\":197,\"height\":27,\"caption\":\"Mega Fitness | Tienda\"},\"image\":{\"@id\":\"https:\\\/\\\/megafitness.cl\\\/store\\\/#\\\/schema\\\/logo\\\/image\\\/\"}}]}<\/script>\n<!-- \/ Yoast SEO plugin. -->","yoast_head_json":{"title":"RDX Guantes de Boxeo FL6 Floral \u2013 8oz | Mega Fitness | Tienda","robots":{"index":"index","follow":"follow","max-snippet":"max-snippet:-1","max-image-preview":"max-image-preview:large","max-video-preview":"max-video-preview:-1"},"canonical":"https:\/\/megafitness.cl\/store\/producto\/rdx-guantes-de-boxeo-fl6-floral-08oz\/","og_locale":"es_ES","og_type":"article","og_title":"RDX Guantes de Boxeo FL6 Floral \u2013 8oz | Mega Fitness | Tienda","og_description":"Los guantes de boxeo de fauna ligeros m\u00e1s feroces y r\u00e1pidos del mercado. Los guantes de boxeo FL-6 representan delicadeza y precisi\u00f3n en cada golpe manteniendo una est\u00e9tica elegante. Desde la dureza del acolchado interno hasta el Flora Skin y el cuero Maya Hide externo, todo en este guante est\u00e1 dise\u00f1ado para dar en el...","og_url":"https:\/\/megafitness.cl\/store\/producto\/rdx-guantes-de-boxeo-fl6-floral-08oz\/","og_site_name":"Mega Fitness | Tienda","article_modified_time":"2025-12-07T23:49:15+00:00","og_image":[{"width":800,"height":800,"url":"https:\/\/megafitness.cl\/store\/wp-content\/uploads\/sites\/3\/2024\/08\/rdx_fl6_floral_boxing_gloves_1_9b0e9fba-8686-41d5-ad15-1465b4d85f87_960x_crop_center.webp","type":"image\/webp"}],"twitter_card":"summary_large_image","twitter_misc":{"Tiempo de lectura":"2 minutos"},"schema":{"@context":"https:\/\/schema.org","@graph":[{"@type":["WebPage","ItemPage"],"@id":"https:\/\/megafitness.cl\/store\/producto\/rdx-guantes-de-boxeo-fl6-floral-08oz\/","url":"https:\/\/megafitness.cl\/store\/producto\/rdx-guantes-de-boxeo-fl6-floral-08oz\/","name":"RDX Guantes de Boxeo FL6 Floral \u2013 8oz | Mega Fitness | Tienda","isPartOf":{"@id":"https:\/\/megafitness.cl\/store\/#website"},"primaryImageOfPage":{"@id":"https:\/\/megafitness.cl\/store\/producto\/rdx-guantes-de-boxeo-fl6-floral-08oz\/#primaryimage"},"image":{"@id":"https:\/\/megafitness.cl\/store\/producto\/rdx-guantes-de-boxeo-fl6-floral-08oz\/#primaryimage"},"thumbnailUrl":"https:\/\/megafitness.cl\/store\/wp-content\/uploads\/sites\/3\/2024\/08\/rdx_fl6_floral_boxing_gloves_1_9b0e9fba-8686-41d5-ad15-1465b4d85f87_960x_crop_center.webp","datePublished":"2024-08-14T20:42:52+00:00","dateModified":"2025-12-07T23:49:15+00:00","breadcrumb":{"@id":"https:\/\/megafitness.cl\/store\/producto\/rdx-guantes-de-boxeo-fl6-floral-08oz\/#breadcrumb"},"inLanguage":"es","potentialAction":[{"@type":"ReadAction","target":["https:\/\/megafitness.cl\/store\/producto\/rdx-guantes-de-boxeo-fl6-floral-08oz\/"]}]},{"@type":"ImageObject","inLanguage":"es","@id":"https:\/\/megafitness.cl\/store\/producto\/rdx-guantes-de-boxeo-fl6-floral-08oz\/#primaryimage","url":"https:\/\/megafitness.cl\/store\/wp-content\/uploads\/sites\/3\/2024\/08\/rdx_fl6_floral_boxing_gloves_1_9b0e9fba-8686-41d5-ad15-1465b4d85f87_960x_crop_center.webp","contentUrl":"https:\/\/megafitness.cl\/store\/wp-content\/uploads\/sites\/3\/2024\/08\/rdx_fl6_floral_boxing_gloves_1_9b0e9fba-8686-41d5-ad15-1465b4d85f87_960x_crop_center.webp","width":800,"height":800},{"@type":"BreadcrumbList","@id":"https:\/\/megafitness.cl\/store\/producto\/rdx-guantes-de-boxeo-fl6-floral-08oz\/#breadcrumb","itemListElement":[{"@type":"ListItem","position":1,"name":"Portada","item":"https:\/\/megafitness.cl\/store\/"},{"@type":"ListItem","position":2,"name":"Shop","item":"https:\/\/megafitness.cl\/store\/shop\/"},{"@type":"ListItem","position":3,"name":"RDX Guantes de Boxeo FL6 Floral \u2013 8oz"}]},{"@type":"WebSite","@id":"https:\/\/megafitness.cl\/store\/#website","url":"https:\/\/megafitness.cl\/store\/","name":"Mega Fitness | Tienda","description":"Tu Gimnasio en Providencia","publisher":{"@id":"https:\/\/megafitness.cl\/store\/#organization"},"potentialAction":[{"@type":"SearchAction","target":{"@type":"EntryPoint","urlTemplate":"https:\/\/megafitness.cl\/store\/?s={search_term_string}"},"query-input":{"@type":"PropertyValueSpecification","valueRequired":true,"valueName":"search_term_string"}}],"inLanguage":"es"},{"@type":"Organization","@id":"https:\/\/megafitness.cl\/store\/#organization","name":"Mega Fitness | Tienda","url":"https:\/\/megafitness.cl\/store\/","logo":{"@type":"ImageObject","inLanguage":"es","@id":"https:\/\/megafitness.cl\/store\/#\/schema\/logo\/image\/","url":"https:\/\/megafitness.cl\/store\/wp-content\/uploads\/sites\/3\/2024\/08\/megafitnessLogo1Simple.svg","contentUrl":"https:\/\/megafitness.cl\/store\/wp-content\/uploads\/sites\/3\/2024\/08\/megafitnessLogo1Simple.svg","width":197,"height":27,"caption":"Mega Fitness | Tienda"},"image":{"@id":"https:\/\/megafitness.cl\/store\/#\/schema\/logo\/image\/"}}]}},"_links":{"self":[{"href":"https:\/\/megafitness.cl\/store\/wp-json\/wp\/v2\/product\/1817","targetHints":{"allow":["GET"]}}],"collection":[{"href":"https:\/\/megafitness.cl\/store\/wp-json\/wp\/v2\/product"}],"about":[{"href":"https:\/\/megafitness.cl\/store\/wp-json\/wp\/v2\/types\/product"}],"replies":[{"embeddable":true,"href":"https:\/\/megafitness.cl\/store\/wp-json\/wp\/v2\/comments?post=1817"}],"wp:featuredmedia":[{"embeddable":true,"href":"https:\/\/megafitness.cl\/store\/wp-json\/wp\/v2\/media\/1818"}],"wp:attachment":[{"href":"https:\/\/megafitness.cl\/store\/wp-json\/wp\/v2\/media?parent=1817"}],"wp:term":[{"taxonomy":"product_brand","embeddable":true,"href":"https:\/\/megafitness.cl\/store\/wp-json\/wp\/v2\/product_brand?post=1817"},{"taxonomy":"product_cat","embeddable":true,"href":"https:\/\/megafitness.cl\/store\/wp-json\/wp\/v2\/product_cat?post=1817"},{"taxonomy":"product_tag","embeddable":true,"href":"https:\/\/megafitness.cl\/store\/wp-json\/wp\/v2\/product_tag?post=1817"}],"curies":[{"name":"wp","href":"https:\/\/api.w.org\/{rel}","templated":true}]}}