{"id":1836,"date":"2024-08-29T22:46:50","date_gmt":"2024-08-29T20:46:50","guid":{"rendered":"https:\/\/megafitness.cl\/store\/?post_type=product&#038;p=1836"},"modified":"2024-10-28T12:33:17","modified_gmt":"2024-10-28T11:33:17","slug":"rdx-cinturon-de-cuero-levantamiento-de-peso-4-pulgada-talla-m","status":"publish","type":"product","link":"https:\/\/megafitness.cl\/store\/producto\/rdx-cinturon-de-cuero-levantamiento-de-peso-4-pulgada-talla-m\/","title":{"rendered":"RDX Cinturon de Cuero Levantamiento de Peso 4 Pulgada &#8211; Talla M"},"content":{"rendered":"<p>Este cintur\u00f3n de levantamiento de pesas de cuero con hebilla de palanca es esencial tanto para levantadores de pesas como para hombres y mujeres fuertes y crossfitters. Con 4 pulgadas de ancho y hecho de cuero Nubuck incre\u00edblemente resistente y duradero, este producto est\u00e1 dise\u00f1ado para aquellos que buscan hacer una declaraci\u00f3n con puro poder. Fabricado con materiales de alta calidad, proporciona la comodidad y funcionalidad necesarias para que los atletas aficionados y profesionales destaquen en su juego. Este cintur\u00f3n de entrenamiento certificado internacionalmente cuenta con un cierre de palanca avanzado que sirve como caracter\u00edstica confiable para que todos los levantadores se concentren en sus objetivos. Este producto est\u00e1 acreditado por la Asociaci\u00f3n de levantamiento de pesas de los Estados Unidos (USPA) y la Liga internacional de levantamiento de pesas (IPL), aprobado y reconocido por el Congreso Mundial de levantamiento de pesas y el Comit\u00e9 global de levantamiento de pesas.<\/p>\n<p>Cuero nobuck para extrema dureza y retenci\u00f3n de forma.<br \/>\nCierre de palanca avanzado dise\u00f1ado por RDX para una confiabilidad inigualable<br \/>\nDise\u00f1o firme pero c\u00f3modo para que levantes con seguridad y t\u00e9cnica garantizadas.<\/p>\n","protected":false},"excerpt":{"rendered":"<p>Este cintur\u00f3n de levantamiento de pesas de cuero con hebilla de palanca es esencial tanto para levantadores de pesas como para hombres y mujeres fuertes y crossfitters. Con 4 pulgadas de ancho y hecho de cuero Nubuck incre\u00edblemente resistente y duradero, este producto est\u00e1 dise\u00f1ado para aquellos que buscan hacer una declaraci\u00f3n con puro poder&#8230;.<\/p>\n","protected":false},"featured_media":1837,"comment_status":"open","ping_status":"closed","template":"","meta":{"_kad_post_transparent":"default","_kad_post_title":"","_kad_post_layout":"default","_kad_post_sidebar_id":"","_kad_post_content_style":"default","_kad_post_vertical_padding":"default","_kad_post_feature":"","_kad_post_feature_position":"","_kad_post_header":false,"_kad_post_footer":false,"_kad_post_classname":""},"product_brand":[],"product_cat":[29],"product_tag":[],"class_list":{"0":"post-1836","1":"product","2":"type-product","3":"status-publish","4":"has-post-thumbnail","6":"product_cat-otros","8":"first","9":"outofstock","10":"shipping-taxable","11":"purchasable","12":"product-type-simple","13":"entry","14":"content-bg","15":"loop-entry"},"yoast_head":"<!-- This site is optimized with the Yoast SEO plugin v27.4 - https:\/\/yoast.com\/product\/yoast-seo-wordpress\/ -->\n<title>RDX Cinturon de Cuero Levantamiento de Peso 4 Pulgada - Talla M | Mega Fitness | Tienda<\/title>\n<meta name=\"robots\" content=\"index, follow, max-snippet:-1, max-image-preview:large, max-video-preview:-1\" \/>\n<link rel=\"canonical\" href=\"https:\/\/megafitness.cl\/store\/producto\/rdx-cinturon-de-cuero-levantamiento-de-peso-4-pulgada-talla-m\/\" \/>\n<meta property=\"og:locale\" content=\"es_ES\" \/>\n<meta property=\"og:type\" content=\"article\" \/>\n<meta property=\"og:title\" content=\"RDX Cinturon de Cuero Levantamiento de Peso 4 Pulgada - Talla M | Mega Fitness | Tienda\" \/>\n<meta property=\"og:description\" content=\"Este cintur\u00f3n de levantamiento de pesas de cuero con hebilla de palanca es esencial tanto para levantadores de pesas como para hombres y mujeres fuertes y crossfitters. Con 4 pulgadas de ancho y hecho de cuero Nubuck incre\u00edblemente resistente y duradero, este producto est\u00e1 dise\u00f1ado para aquellos que buscan hacer una declaraci\u00f3n con puro poder....\" \/>\n<meta property=\"og:url\" content=\"https:\/\/megafitness.cl\/store\/producto\/rdx-cinturon-de-cuero-levantamiento-de-peso-4-pulgada-talla-m\/\" \/>\n<meta property=\"og:site_name\" content=\"Mega Fitness | Tienda\" \/>\n<meta property=\"article:modified_time\" content=\"2024-10-28T11:33:17+00:00\" \/>\n<meta property=\"og:image\" content=\"https:\/\/megafitness.cl\/store\/wp-content\/uploads\/sites\/3\/2024\/08\/black-brown-4-inch-weight-lifting-belt_6__1_be2235c4-5112-4dbb-997c-37079d8c84b6_960x_crop_center.jpg\" \/>\n\t<meta property=\"og:image:width\" content=\"800\" \/>\n\t<meta property=\"og:image:height\" content=\"800\" \/>\n\t<meta property=\"og:image:type\" content=\"image\/jpeg\" \/>\n<meta name=\"twitter:card\" content=\"summary_large_image\" \/>\n<meta name=\"twitter:label1\" content=\"Tiempo de lectura\" \/>\n\t<meta name=\"twitter:data1\" content=\"1 minuto\" \/>\n<script type=\"application\/ld+json\" class=\"yoast-schema-graph\">{\"@context\":\"https:\\\/\\\/schema.org\",\"@graph\":[{\"@type\":[\"WebPage\",\"ItemPage\"],\"@id\":\"https:\\\/\\\/megafitness.cl\\\/store\\\/producto\\\/rdx-cinturon-de-cuero-levantamiento-de-peso-4-pulgada-talla-m\\\/\",\"url\":\"https:\\\/\\\/megafitness.cl\\\/store\\\/producto\\\/rdx-cinturon-de-cuero-levantamiento-de-peso-4-pulgada-talla-m\\\/\",\"name\":\"RDX Cinturon de Cuero Levantamiento de Peso 4 Pulgada - Talla M | Mega Fitness | Tienda\",\"isPartOf\":{\"@id\":\"https:\\\/\\\/megafitness.cl\\\/store\\\/#website\"},\"primaryImageOfPage\":{\"@id\":\"https:\\\/\\\/megafitness.cl\\\/store\\\/producto\\\/rdx-cinturon-de-cuero-levantamiento-de-peso-4-pulgada-talla-m\\\/#primaryimage\"},\"image\":{\"@id\":\"https:\\\/\\\/megafitness.cl\\\/store\\\/producto\\\/rdx-cinturon-de-cuero-levantamiento-de-peso-4-pulgada-talla-m\\\/#primaryimage\"},\"thumbnailUrl\":\"https:\\\/\\\/megafitness.cl\\\/store\\\/wp-content\\\/uploads\\\/sites\\\/3\\\/2024\\\/08\\\/black-brown-4-inch-weight-lifting-belt_6__1_be2235c4-5112-4dbb-997c-37079d8c84b6_960x_crop_center.jpg\",\"datePublished\":\"2024-08-29T20:46:50+00:00\",\"dateModified\":\"2024-10-28T11:33:17+00:00\",\"breadcrumb\":{\"@id\":\"https:\\\/\\\/megafitness.cl\\\/store\\\/producto\\\/rdx-cinturon-de-cuero-levantamiento-de-peso-4-pulgada-talla-m\\\/#breadcrumb\"},\"inLanguage\":\"es\",\"potentialAction\":[{\"@type\":\"ReadAction\",\"target\":[\"https:\\\/\\\/megafitness.cl\\\/store\\\/producto\\\/rdx-cinturon-de-cuero-levantamiento-de-peso-4-pulgada-talla-m\\\/\"]}]},{\"@type\":\"ImageObject\",\"inLanguage\":\"es\",\"@id\":\"https:\\\/\\\/megafitness.cl\\\/store\\\/producto\\\/rdx-cinturon-de-cuero-levantamiento-de-peso-4-pulgada-talla-m\\\/#primaryimage\",\"url\":\"https:\\\/\\\/megafitness.cl\\\/store\\\/wp-content\\\/uploads\\\/sites\\\/3\\\/2024\\\/08\\\/black-brown-4-inch-weight-lifting-belt_6__1_be2235c4-5112-4dbb-997c-37079d8c84b6_960x_crop_center.jpg\",\"contentUrl\":\"https:\\\/\\\/megafitness.cl\\\/store\\\/wp-content\\\/uploads\\\/sites\\\/3\\\/2024\\\/08\\\/black-brown-4-inch-weight-lifting-belt_6__1_be2235c4-5112-4dbb-997c-37079d8c84b6_960x_crop_center.jpg\",\"width\":800,\"height\":800},{\"@type\":\"BreadcrumbList\",\"@id\":\"https:\\\/\\\/megafitness.cl\\\/store\\\/producto\\\/rdx-cinturon-de-cuero-levantamiento-de-peso-4-pulgada-talla-m\\\/#breadcrumb\",\"itemListElement\":[{\"@type\":\"ListItem\",\"position\":1,\"name\":\"Portada\",\"item\":\"https:\\\/\\\/megafitness.cl\\\/store\\\/\"},{\"@type\":\"ListItem\",\"position\":2,\"name\":\"Shop\",\"item\":\"https:\\\/\\\/megafitness.cl\\\/store\\\/shop\\\/\"},{\"@type\":\"ListItem\",\"position\":3,\"name\":\"RDX Cinturon de Cuero Levantamiento de Peso 4 Pulgada &#8211; Talla M\"}]},{\"@type\":\"WebSite\",\"@id\":\"https:\\\/\\\/megafitness.cl\\\/store\\\/#website\",\"url\":\"https:\\\/\\\/megafitness.cl\\\/store\\\/\",\"name\":\"Mega Fitness | Tienda\",\"description\":\"Tu Gimnasio en Providencia\",\"publisher\":{\"@id\":\"https:\\\/\\\/megafitness.cl\\\/store\\\/#organization\"},\"potentialAction\":[{\"@type\":\"SearchAction\",\"target\":{\"@type\":\"EntryPoint\",\"urlTemplate\":\"https:\\\/\\\/megafitness.cl\\\/store\\\/?s={search_term_string}\"},\"query-input\":{\"@type\":\"PropertyValueSpecification\",\"valueRequired\":true,\"valueName\":\"search_term_string\"}}],\"inLanguage\":\"es\"},{\"@type\":\"Organization\",\"@id\":\"https:\\\/\\\/megafitness.cl\\\/store\\\/#organization\",\"name\":\"Mega Fitness | Tienda\",\"url\":\"https:\\\/\\\/megafitness.cl\\\/store\\\/\",\"logo\":{\"@type\":\"ImageObject\",\"inLanguage\":\"es\",\"@id\":\"https:\\\/\\\/megafitness.cl\\\/store\\\/#\\\/schema\\\/logo\\\/image\\\/\",\"url\":\"https:\\\/\\\/megafitness.cl\\\/store\\\/wp-content\\\/uploads\\\/sites\\\/3\\\/2024\\\/08\\\/megafitnessLogo1Simple.svg\",\"contentUrl\":\"https:\\\/\\\/megafitness.cl\\\/store\\\/wp-content\\\/uploads\\\/sites\\\/3\\\/2024\\\/08\\\/megafitnessLogo1Simple.svg\",\"width\":197,\"height\":27,\"caption\":\"Mega Fitness | Tienda\"},\"image\":{\"@id\":\"https:\\\/\\\/megafitness.cl\\\/store\\\/#\\\/schema\\\/logo\\\/image\\\/\"}}]}<\/script>\n<!-- \/ Yoast SEO plugin. -->","yoast_head_json":{"title":"RDX Cinturon de Cuero Levantamiento de Peso 4 Pulgada - Talla M | Mega Fitness | Tienda","robots":{"index":"index","follow":"follow","max-snippet":"max-snippet:-1","max-image-preview":"max-image-preview:large","max-video-preview":"max-video-preview:-1"},"canonical":"https:\/\/megafitness.cl\/store\/producto\/rdx-cinturon-de-cuero-levantamiento-de-peso-4-pulgada-talla-m\/","og_locale":"es_ES","og_type":"article","og_title":"RDX Cinturon de Cuero Levantamiento de Peso 4 Pulgada - Talla M | Mega Fitness | Tienda","og_description":"Este cintur\u00f3n de levantamiento de pesas de cuero con hebilla de palanca es esencial tanto para levantadores de pesas como para hombres y mujeres fuertes y crossfitters. Con 4 pulgadas de ancho y hecho de cuero Nubuck incre\u00edblemente resistente y duradero, este producto est\u00e1 dise\u00f1ado para aquellos que buscan hacer una declaraci\u00f3n con puro poder....","og_url":"https:\/\/megafitness.cl\/store\/producto\/rdx-cinturon-de-cuero-levantamiento-de-peso-4-pulgada-talla-m\/","og_site_name":"Mega Fitness | Tienda","article_modified_time":"2024-10-28T11:33:17+00:00","og_image":[{"width":800,"height":800,"url":"https:\/\/megafitness.cl\/store\/wp-content\/uploads\/sites\/3\/2024\/08\/black-brown-4-inch-weight-lifting-belt_6__1_be2235c4-5112-4dbb-997c-37079d8c84b6_960x_crop_center.jpg","type":"image\/jpeg"}],"twitter_card":"summary_large_image","twitter_misc":{"Tiempo de lectura":"1 minuto"},"schema":{"@context":"https:\/\/schema.org","@graph":[{"@type":["WebPage","ItemPage"],"@id":"https:\/\/megafitness.cl\/store\/producto\/rdx-cinturon-de-cuero-levantamiento-de-peso-4-pulgada-talla-m\/","url":"https:\/\/megafitness.cl\/store\/producto\/rdx-cinturon-de-cuero-levantamiento-de-peso-4-pulgada-talla-m\/","name":"RDX Cinturon de Cuero Levantamiento de Peso 4 Pulgada - Talla M | Mega Fitness | Tienda","isPartOf":{"@id":"https:\/\/megafitness.cl\/store\/#website"},"primaryImageOfPage":{"@id":"https:\/\/megafitness.cl\/store\/producto\/rdx-cinturon-de-cuero-levantamiento-de-peso-4-pulgada-talla-m\/#primaryimage"},"image":{"@id":"https:\/\/megafitness.cl\/store\/producto\/rdx-cinturon-de-cuero-levantamiento-de-peso-4-pulgada-talla-m\/#primaryimage"},"thumbnailUrl":"https:\/\/megafitness.cl\/store\/wp-content\/uploads\/sites\/3\/2024\/08\/black-brown-4-inch-weight-lifting-belt_6__1_be2235c4-5112-4dbb-997c-37079d8c84b6_960x_crop_center.jpg","datePublished":"2024-08-29T20:46:50+00:00","dateModified":"2024-10-28T11:33:17+00:00","breadcrumb":{"@id":"https:\/\/megafitness.cl\/store\/producto\/rdx-cinturon-de-cuero-levantamiento-de-peso-4-pulgada-talla-m\/#breadcrumb"},"inLanguage":"es","potentialAction":[{"@type":"ReadAction","target":["https:\/\/megafitness.cl\/store\/producto\/rdx-cinturon-de-cuero-levantamiento-de-peso-4-pulgada-talla-m\/"]}]},{"@type":"ImageObject","inLanguage":"es","@id":"https:\/\/megafitness.cl\/store\/producto\/rdx-cinturon-de-cuero-levantamiento-de-peso-4-pulgada-talla-m\/#primaryimage","url":"https:\/\/megafitness.cl\/store\/wp-content\/uploads\/sites\/3\/2024\/08\/black-brown-4-inch-weight-lifting-belt_6__1_be2235c4-5112-4dbb-997c-37079d8c84b6_960x_crop_center.jpg","contentUrl":"https:\/\/megafitness.cl\/store\/wp-content\/uploads\/sites\/3\/2024\/08\/black-brown-4-inch-weight-lifting-belt_6__1_be2235c4-5112-4dbb-997c-37079d8c84b6_960x_crop_center.jpg","width":800,"height":800},{"@type":"BreadcrumbList","@id":"https:\/\/megafitness.cl\/store\/producto\/rdx-cinturon-de-cuero-levantamiento-de-peso-4-pulgada-talla-m\/#breadcrumb","itemListElement":[{"@type":"ListItem","position":1,"name":"Portada","item":"https:\/\/megafitness.cl\/store\/"},{"@type":"ListItem","position":2,"name":"Shop","item":"https:\/\/megafitness.cl\/store\/shop\/"},{"@type":"ListItem","position":3,"name":"RDX Cinturon de Cuero Levantamiento de Peso 4 Pulgada &#8211; Talla M"}]},{"@type":"WebSite","@id":"https:\/\/megafitness.cl\/store\/#website","url":"https:\/\/megafitness.cl\/store\/","name":"Mega Fitness | Tienda","description":"Tu Gimnasio en Providencia","publisher":{"@id":"https:\/\/megafitness.cl\/store\/#organization"},"potentialAction":[{"@type":"SearchAction","target":{"@type":"EntryPoint","urlTemplate":"https:\/\/megafitness.cl\/store\/?s={search_term_string}"},"query-input":{"@type":"PropertyValueSpecification","valueRequired":true,"valueName":"search_term_string"}}],"inLanguage":"es"},{"@type":"Organization","@id":"https:\/\/megafitness.cl\/store\/#organization","name":"Mega Fitness | Tienda","url":"https:\/\/megafitness.cl\/store\/","logo":{"@type":"ImageObject","inLanguage":"es","@id":"https:\/\/megafitness.cl\/store\/#\/schema\/logo\/image\/","url":"https:\/\/megafitness.cl\/store\/wp-content\/uploads\/sites\/3\/2024\/08\/megafitnessLogo1Simple.svg","contentUrl":"https:\/\/megafitness.cl\/store\/wp-content\/uploads\/sites\/3\/2024\/08\/megafitnessLogo1Simple.svg","width":197,"height":27,"caption":"Mega Fitness | Tienda"},"image":{"@id":"https:\/\/megafitness.cl\/store\/#\/schema\/logo\/image\/"}}]}},"_links":{"self":[{"href":"https:\/\/megafitness.cl\/store\/wp-json\/wp\/v2\/product\/1836","targetHints":{"allow":["GET"]}}],"collection":[{"href":"https:\/\/megafitness.cl\/store\/wp-json\/wp\/v2\/product"}],"about":[{"href":"https:\/\/megafitness.cl\/store\/wp-json\/wp\/v2\/types\/product"}],"replies":[{"embeddable":true,"href":"https:\/\/megafitness.cl\/store\/wp-json\/wp\/v2\/comments?post=1836"}],"wp:featuredmedia":[{"embeddable":true,"href":"https:\/\/megafitness.cl\/store\/wp-json\/wp\/v2\/media\/1837"}],"wp:attachment":[{"href":"https:\/\/megafitness.cl\/store\/wp-json\/wp\/v2\/media?parent=1836"}],"wp:term":[{"taxonomy":"product_brand","embeddable":true,"href":"https:\/\/megafitness.cl\/store\/wp-json\/wp\/v2\/product_brand?post=1836"},{"taxonomy":"product_cat","embeddable":true,"href":"https:\/\/megafitness.cl\/store\/wp-json\/wp\/v2\/product_cat?post=1836"},{"taxonomy":"product_tag","embeddable":true,"href":"https:\/\/megafitness.cl\/store\/wp-json\/wp\/v2\/product_tag?post=1836"}],"curies":[{"name":"wp","href":"https:\/\/api.w.org\/{rel}","templated":true}]}}