{"id":1885,"date":"2024-11-12T22:46:09","date_gmt":"2024-11-12T21:46:09","guid":{"rendered":"https:\/\/megafitness.cl\/store\/?post_type=product&#038;p=1885"},"modified":"2025-01-31T17:08:03","modified_gmt":"2025-01-31T16:08:03","slug":"rdx-thai-kick-pad-curvo-t1","status":"publish","type":"product","link":"https:\/\/megafitness.cl\/store\/producto\/rdx-thai-kick-pad-curvo-t1\/","title":{"rendered":"RDX Thai Kick Pad Curvo T1"},"content":{"rendered":"<p>Si est\u00e1s buscando almohadillas de entrenamiento o patadas de Muay Thai que puedan soportar sesiones con los compa\u00f1eros de entrenamiento m\u00e1s despiadados, esta almohadilla tailandesa curvada y acolchada te brindar\u00e1 la protecci\u00f3n perfecta. Hecha para protegerte contra patadas de empuje, patadas de swing y golpes de rodilla durante el entrenamiento, esta almohadilla te mantendr\u00e1 seguro mientras afinas tu postura. Un forro de gel y espuma disipa las ondas de choque de cada golpe, un dise\u00f1o curvo fomenta la mejor forma y una correa ajustable le brinda un ajuste ce\u00f1ido adem\u00e1s de protecci\u00f3n para la mu\u00f1eca durante el entrenamiento. Se vende como un solo art\u00edculo y est\u00e1 hecho con la piel maya m\u00e1s fuerte, el cuero que existe.<\/p>\n<p>Confeccionado con piel de maya, piel que puede soportar los entrenamientos m\u00e1s duros<br \/>\nForro GEL EFFICAX, combinado con espuma Supremo-Shock, para la absorci\u00f3n de impactos y la protecci\u00f3n<br \/>\nDise\u00f1o curvo para fomentar la forma adecuada y soportar fuertes golpes<br \/>\nEstructura de espuma moldeada para amortiguar y dispersar los impactos<br \/>\nCierre de velcro Quick-EZ para un ajuste perfecto y una f\u00e1cil aplicaci\u00f3n<\/p>\n","protected":false},"excerpt":{"rendered":"<p>Si est\u00e1s buscando almohadillas de entrenamiento o patadas de Muay Thai que puedan soportar sesiones con los compa\u00f1eros de entrenamiento m\u00e1s despiadados, esta almohadilla tailandesa curvada y acolchada te brindar\u00e1 la protecci\u00f3n perfecta. Hecha para protegerte contra patadas de empuje, patadas de swing y golpes de rodilla durante el entrenamiento, esta almohadilla te mantendr\u00e1 seguro&#8230;<\/p>\n","protected":false},"featured_media":1886,"comment_status":"open","ping_status":"closed","template":"","meta":{"_kad_post_transparent":"default","_kad_post_title":"","_kad_post_layout":"default","_kad_post_sidebar_id":"","_kad_post_content_style":"default","_kad_post_vertical_padding":"default","_kad_post_feature":"","_kad_post_feature_position":"","_kad_post_header":false,"_kad_post_footer":false,"_kad_post_classname":""},"product_brand":[],"product_cat":[29],"product_tag":[],"class_list":{"0":"post-1885","1":"product","2":"type-product","3":"status-publish","4":"has-post-thumbnail","6":"product_cat-otros","8":"first","9":"outofstock","10":"shipping-taxable","11":"purchasable","12":"product-type-simple","13":"entry","14":"content-bg","15":"loop-entry"},"yoast_head":"<!-- This site is optimized with the Yoast SEO plugin v27.5 - https:\/\/yoast.com\/product\/yoast-seo-wordpress\/ -->\n<title>RDX Thai Kick Pad Curvo T1 | Mega Fitness | Tienda<\/title>\n<meta name=\"robots\" content=\"index, follow, max-snippet:-1, max-image-preview:large, max-video-preview:-1\" \/>\n<link rel=\"canonical\" href=\"https:\/\/megafitness.cl\/store\/producto\/rdx-thai-kick-pad-curvo-t1\/\" \/>\n<meta property=\"og:locale\" content=\"es_ES\" \/>\n<meta property=\"og:type\" content=\"article\" \/>\n<meta property=\"og:title\" content=\"RDX Thai Kick Pad Curvo T1 | Mega Fitness | Tienda\" \/>\n<meta property=\"og:description\" content=\"Si est\u00e1s buscando almohadillas de entrenamiento o patadas de Muay Thai que puedan soportar sesiones con los compa\u00f1eros de entrenamiento m\u00e1s despiadados, esta almohadilla tailandesa curvada y acolchada te brindar\u00e1 la protecci\u00f3n perfecta. Hecha para protegerte contra patadas de empuje, patadas de swing y golpes de rodilla durante el entrenamiento, esta almohadilla te mantendr\u00e1 seguro...\" \/>\n<meta property=\"og:url\" content=\"https:\/\/megafitness.cl\/store\/producto\/rdx-thai-kick-pad-curvo-t1\/\" \/>\n<meta property=\"og:site_name\" content=\"Mega Fitness | Tienda\" \/>\n<meta property=\"article:modified_time\" content=\"2025-01-31T16:08:03+00:00\" \/>\n<meta property=\"og:image\" content=\"https:\/\/megafitness.cl\/store\/wp-content\/uploads\/sites\/3\/2024\/11\/dsc_6035_9fd89d8b-c104-463e-b9f6-9c4b07a8481e_960x_crop_center.webp\" \/>\n\t<meta property=\"og:image:width\" content=\"800\" \/>\n\t<meta property=\"og:image:height\" content=\"800\" \/>\n\t<meta property=\"og:image:type\" content=\"image\/webp\" \/>\n<meta name=\"twitter:card\" content=\"summary_large_image\" \/>\n<meta name=\"twitter:label1\" content=\"Tiempo de lectura\" \/>\n\t<meta name=\"twitter:data1\" content=\"1 minuto\" \/>\n<script type=\"application\/ld+json\" class=\"yoast-schema-graph\">{\"@context\":\"https:\\\/\\\/schema.org\",\"@graph\":[{\"@type\":[\"WebPage\",\"ItemPage\"],\"@id\":\"https:\\\/\\\/megafitness.cl\\\/store\\\/producto\\\/rdx-thai-kick-pad-curvo-t1\\\/\",\"url\":\"https:\\\/\\\/megafitness.cl\\\/store\\\/producto\\\/rdx-thai-kick-pad-curvo-t1\\\/\",\"name\":\"RDX Thai Kick Pad Curvo T1 | Mega Fitness | Tienda\",\"isPartOf\":{\"@id\":\"https:\\\/\\\/megafitness.cl\\\/store\\\/#website\"},\"primaryImageOfPage\":{\"@id\":\"https:\\\/\\\/megafitness.cl\\\/store\\\/producto\\\/rdx-thai-kick-pad-curvo-t1\\\/#primaryimage\"},\"image\":{\"@id\":\"https:\\\/\\\/megafitness.cl\\\/store\\\/producto\\\/rdx-thai-kick-pad-curvo-t1\\\/#primaryimage\"},\"thumbnailUrl\":\"https:\\\/\\\/megafitness.cl\\\/store\\\/wp-content\\\/uploads\\\/sites\\\/3\\\/2024\\\/11\\\/dsc_6035_9fd89d8b-c104-463e-b9f6-9c4b07a8481e_960x_crop_center.webp\",\"datePublished\":\"2024-11-12T21:46:09+00:00\",\"dateModified\":\"2025-01-31T16:08:03+00:00\",\"breadcrumb\":{\"@id\":\"https:\\\/\\\/megafitness.cl\\\/store\\\/producto\\\/rdx-thai-kick-pad-curvo-t1\\\/#breadcrumb\"},\"inLanguage\":\"es\",\"potentialAction\":[{\"@type\":\"ReadAction\",\"target\":[\"https:\\\/\\\/megafitness.cl\\\/store\\\/producto\\\/rdx-thai-kick-pad-curvo-t1\\\/\"]}]},{\"@type\":\"ImageObject\",\"inLanguage\":\"es\",\"@id\":\"https:\\\/\\\/megafitness.cl\\\/store\\\/producto\\\/rdx-thai-kick-pad-curvo-t1\\\/#primaryimage\",\"url\":\"https:\\\/\\\/megafitness.cl\\\/store\\\/wp-content\\\/uploads\\\/sites\\\/3\\\/2024\\\/11\\\/dsc_6035_9fd89d8b-c104-463e-b9f6-9c4b07a8481e_960x_crop_center.webp\",\"contentUrl\":\"https:\\\/\\\/megafitness.cl\\\/store\\\/wp-content\\\/uploads\\\/sites\\\/3\\\/2024\\\/11\\\/dsc_6035_9fd89d8b-c104-463e-b9f6-9c4b07a8481e_960x_crop_center.webp\",\"width\":800,\"height\":800},{\"@type\":\"BreadcrumbList\",\"@id\":\"https:\\\/\\\/megafitness.cl\\\/store\\\/producto\\\/rdx-thai-kick-pad-curvo-t1\\\/#breadcrumb\",\"itemListElement\":[{\"@type\":\"ListItem\",\"position\":1,\"name\":\"Portada\",\"item\":\"https:\\\/\\\/megafitness.cl\\\/store\\\/\"},{\"@type\":\"ListItem\",\"position\":2,\"name\":\"Shop\",\"item\":\"https:\\\/\\\/megafitness.cl\\\/store\\\/shop\\\/\"},{\"@type\":\"ListItem\",\"position\":3,\"name\":\"RDX Thai Kick Pad Curvo T1\"}]},{\"@type\":\"WebSite\",\"@id\":\"https:\\\/\\\/megafitness.cl\\\/store\\\/#website\",\"url\":\"https:\\\/\\\/megafitness.cl\\\/store\\\/\",\"name\":\"Mega Fitness | Tienda\",\"description\":\"Tu Gimnasio en Providencia\",\"publisher\":{\"@id\":\"https:\\\/\\\/megafitness.cl\\\/store\\\/#organization\"},\"potentialAction\":[{\"@type\":\"SearchAction\",\"target\":{\"@type\":\"EntryPoint\",\"urlTemplate\":\"https:\\\/\\\/megafitness.cl\\\/store\\\/?s={search_term_string}\"},\"query-input\":{\"@type\":\"PropertyValueSpecification\",\"valueRequired\":true,\"valueName\":\"search_term_string\"}}],\"inLanguage\":\"es\"},{\"@type\":\"Organization\",\"@id\":\"https:\\\/\\\/megafitness.cl\\\/store\\\/#organization\",\"name\":\"Mega Fitness | Tienda\",\"url\":\"https:\\\/\\\/megafitness.cl\\\/store\\\/\",\"logo\":{\"@type\":\"ImageObject\",\"inLanguage\":\"es\",\"@id\":\"https:\\\/\\\/megafitness.cl\\\/store\\\/#\\\/schema\\\/logo\\\/image\\\/\",\"url\":\"https:\\\/\\\/megafitness.cl\\\/store\\\/wp-content\\\/uploads\\\/sites\\\/3\\\/2024\\\/08\\\/megafitnessLogo1Simple.svg\",\"contentUrl\":\"https:\\\/\\\/megafitness.cl\\\/store\\\/wp-content\\\/uploads\\\/sites\\\/3\\\/2024\\\/08\\\/megafitnessLogo1Simple.svg\",\"width\":197,\"height\":27,\"caption\":\"Mega Fitness | Tienda\"},\"image\":{\"@id\":\"https:\\\/\\\/megafitness.cl\\\/store\\\/#\\\/schema\\\/logo\\\/image\\\/\"}}]}<\/script>\n<!-- \/ Yoast SEO plugin. -->","yoast_head_json":{"title":"RDX Thai Kick Pad Curvo T1 | Mega Fitness | Tienda","robots":{"index":"index","follow":"follow","max-snippet":"max-snippet:-1","max-image-preview":"max-image-preview:large","max-video-preview":"max-video-preview:-1"},"canonical":"https:\/\/megafitness.cl\/store\/producto\/rdx-thai-kick-pad-curvo-t1\/","og_locale":"es_ES","og_type":"article","og_title":"RDX Thai Kick Pad Curvo T1 | Mega Fitness | Tienda","og_description":"Si est\u00e1s buscando almohadillas de entrenamiento o patadas de Muay Thai que puedan soportar sesiones con los compa\u00f1eros de entrenamiento m\u00e1s despiadados, esta almohadilla tailandesa curvada y acolchada te brindar\u00e1 la protecci\u00f3n perfecta. Hecha para protegerte contra patadas de empuje, patadas de swing y golpes de rodilla durante el entrenamiento, esta almohadilla te mantendr\u00e1 seguro...","og_url":"https:\/\/megafitness.cl\/store\/producto\/rdx-thai-kick-pad-curvo-t1\/","og_site_name":"Mega Fitness | Tienda","article_modified_time":"2025-01-31T16:08:03+00:00","og_image":[{"width":800,"height":800,"url":"https:\/\/megafitness.cl\/store\/wp-content\/uploads\/sites\/3\/2024\/11\/dsc_6035_9fd89d8b-c104-463e-b9f6-9c4b07a8481e_960x_crop_center.webp","type":"image\/webp"}],"twitter_card":"summary_large_image","twitter_misc":{"Tiempo de lectura":"1 minuto"},"schema":{"@context":"https:\/\/schema.org","@graph":[{"@type":["WebPage","ItemPage"],"@id":"https:\/\/megafitness.cl\/store\/producto\/rdx-thai-kick-pad-curvo-t1\/","url":"https:\/\/megafitness.cl\/store\/producto\/rdx-thai-kick-pad-curvo-t1\/","name":"RDX Thai Kick Pad Curvo T1 | Mega Fitness | Tienda","isPartOf":{"@id":"https:\/\/megafitness.cl\/store\/#website"},"primaryImageOfPage":{"@id":"https:\/\/megafitness.cl\/store\/producto\/rdx-thai-kick-pad-curvo-t1\/#primaryimage"},"image":{"@id":"https:\/\/megafitness.cl\/store\/producto\/rdx-thai-kick-pad-curvo-t1\/#primaryimage"},"thumbnailUrl":"https:\/\/megafitness.cl\/store\/wp-content\/uploads\/sites\/3\/2024\/11\/dsc_6035_9fd89d8b-c104-463e-b9f6-9c4b07a8481e_960x_crop_center.webp","datePublished":"2024-11-12T21:46:09+00:00","dateModified":"2025-01-31T16:08:03+00:00","breadcrumb":{"@id":"https:\/\/megafitness.cl\/store\/producto\/rdx-thai-kick-pad-curvo-t1\/#breadcrumb"},"inLanguage":"es","potentialAction":[{"@type":"ReadAction","target":["https:\/\/megafitness.cl\/store\/producto\/rdx-thai-kick-pad-curvo-t1\/"]}]},{"@type":"ImageObject","inLanguage":"es","@id":"https:\/\/megafitness.cl\/store\/producto\/rdx-thai-kick-pad-curvo-t1\/#primaryimage","url":"https:\/\/megafitness.cl\/store\/wp-content\/uploads\/sites\/3\/2024\/11\/dsc_6035_9fd89d8b-c104-463e-b9f6-9c4b07a8481e_960x_crop_center.webp","contentUrl":"https:\/\/megafitness.cl\/store\/wp-content\/uploads\/sites\/3\/2024\/11\/dsc_6035_9fd89d8b-c104-463e-b9f6-9c4b07a8481e_960x_crop_center.webp","width":800,"height":800},{"@type":"BreadcrumbList","@id":"https:\/\/megafitness.cl\/store\/producto\/rdx-thai-kick-pad-curvo-t1\/#breadcrumb","itemListElement":[{"@type":"ListItem","position":1,"name":"Portada","item":"https:\/\/megafitness.cl\/store\/"},{"@type":"ListItem","position":2,"name":"Shop","item":"https:\/\/megafitness.cl\/store\/shop\/"},{"@type":"ListItem","position":3,"name":"RDX Thai Kick Pad Curvo T1"}]},{"@type":"WebSite","@id":"https:\/\/megafitness.cl\/store\/#website","url":"https:\/\/megafitness.cl\/store\/","name":"Mega Fitness | Tienda","description":"Tu Gimnasio en Providencia","publisher":{"@id":"https:\/\/megafitness.cl\/store\/#organization"},"potentialAction":[{"@type":"SearchAction","target":{"@type":"EntryPoint","urlTemplate":"https:\/\/megafitness.cl\/store\/?s={search_term_string}"},"query-input":{"@type":"PropertyValueSpecification","valueRequired":true,"valueName":"search_term_string"}}],"inLanguage":"es"},{"@type":"Organization","@id":"https:\/\/megafitness.cl\/store\/#organization","name":"Mega Fitness | Tienda","url":"https:\/\/megafitness.cl\/store\/","logo":{"@type":"ImageObject","inLanguage":"es","@id":"https:\/\/megafitness.cl\/store\/#\/schema\/logo\/image\/","url":"https:\/\/megafitness.cl\/store\/wp-content\/uploads\/sites\/3\/2024\/08\/megafitnessLogo1Simple.svg","contentUrl":"https:\/\/megafitness.cl\/store\/wp-content\/uploads\/sites\/3\/2024\/08\/megafitnessLogo1Simple.svg","width":197,"height":27,"caption":"Mega Fitness | Tienda"},"image":{"@id":"https:\/\/megafitness.cl\/store\/#\/schema\/logo\/image\/"}}]}},"_links":{"self":[{"href":"https:\/\/megafitness.cl\/store\/wp-json\/wp\/v2\/product\/1885","targetHints":{"allow":["GET"]}}],"collection":[{"href":"https:\/\/megafitness.cl\/store\/wp-json\/wp\/v2\/product"}],"about":[{"href":"https:\/\/megafitness.cl\/store\/wp-json\/wp\/v2\/types\/product"}],"replies":[{"embeddable":true,"href":"https:\/\/megafitness.cl\/store\/wp-json\/wp\/v2\/comments?post=1885"}],"wp:featuredmedia":[{"embeddable":true,"href":"https:\/\/megafitness.cl\/store\/wp-json\/wp\/v2\/media\/1886"}],"wp:attachment":[{"href":"https:\/\/megafitness.cl\/store\/wp-json\/wp\/v2\/media?parent=1885"}],"wp:term":[{"taxonomy":"product_brand","embeddable":true,"href":"https:\/\/megafitness.cl\/store\/wp-json\/wp\/v2\/product_brand?post=1885"},{"taxonomy":"product_cat","embeddable":true,"href":"https:\/\/megafitness.cl\/store\/wp-json\/wp\/v2\/product_cat?post=1885"},{"taxonomy":"product_tag","embeddable":true,"href":"https:\/\/megafitness.cl\/store\/wp-json\/wp\/v2\/product_tag?post=1885"}],"curies":[{"name":"wp","href":"https:\/\/api.w.org\/{rel}","templated":true}]}}