{"id":1906,"date":"2024-12-18T16:07:12","date_gmt":"2024-12-18T15:07:12","guid":{"rendered":"https:\/\/megafitness.cl\/store\/?post_type=product&#038;p=1906"},"modified":"2025-08-28T23:36:14","modified_gmt":"2025-08-28T21:36:14","slug":"saco-de-boxeo-rdx-x1-negro-4-pies","status":"publish","type":"product","link":"https:\/\/megafitness.cl\/store\/producto\/saco-de-boxeo-rdx-x1-negro-4-pies\/","title":{"rendered":"Saco De Boxeo Rdx X1 &#8211; Negro 4 Pies"},"content":{"rendered":"<p>RDX Presenta ahora saco de arena de \u00e9lite calidad con caracter\u00edsticas mejoradas para permitir dominio ideal y resistencia. La bolsa cil\u00edndrica que est\u00e1 destinado a ser golpeado por los alumnos est\u00e1 disponible ahora con una mejor funcionalidad. Ponche RDX Superior Bolsa no s\u00f3lo puede soportar los entrenamientos m\u00e1s duros pero permite la dispersi\u00f3n fuerza maximizada tambi\u00e9n.Los pesos de los sacos de boxeo prellenados son los siguientes.<\/p>\n<p>Saco de boxeo prellenado de 4 pies: Aprox. 18 &#8211; 20 KG (Capacidad m\u00e1xima de llenado: 40-50 KG)<\/p>\n<p>Servicio Pesado 45cm de ancho Sistema Bolsa de boxeo ancla<br \/>\nFuncionalidad de reducci\u00f3n de oscilaci\u00f3n<br \/>\nCuero-X Tecnolog\u00eda , Cierre atado Zip<br \/>\nCadenas de alta calidad incluido<\/p>\n<p>NOTA : NO INCLUYE RELLENO.<\/p>\n","protected":false},"excerpt":{"rendered":"<p>RDX Presenta ahora saco de arena de \u00e9lite calidad con caracter\u00edsticas mejoradas para permitir dominio ideal y resistencia. La bolsa cil\u00edndrica que est\u00e1 destinado a ser golpeado por los alumnos est\u00e1 disponible ahora con una mejor funcionalidad. Ponche RDX Superior Bolsa no s\u00f3lo puede soportar los entrenamientos m\u00e1s duros pero permite la dispersi\u00f3n fuerza maximizada&#8230;<\/p>\n","protected":false},"featured_media":1907,"comment_status":"open","ping_status":"closed","template":"","meta":{"_kad_post_transparent":"default","_kad_post_title":"","_kad_post_layout":"default","_kad_post_sidebar_id":"","_kad_post_content_style":"default","_kad_post_vertical_padding":"default","_kad_post_feature":"","_kad_post_feature_position":"","_kad_post_header":false,"_kad_post_footer":false,"_kad_post_classname":""},"product_brand":[],"product_cat":[25],"product_tag":[],"class_list":{"0":"post-1906","1":"product","2":"type-product","3":"status-publish","4":"has-post-thumbnail","6":"product_cat-sacos","8":"first","9":"instock","10":"shipping-taxable","11":"purchasable","12":"product-type-simple","13":"entry","14":"content-bg","15":"loop-entry"},"yoast_head":"<!-- This site is optimized with the Yoast SEO plugin v27.5 - https:\/\/yoast.com\/product\/yoast-seo-wordpress\/ -->\n<title>Saco De Boxeo Rdx X1 - Negro 4 Pies | Mega Fitness | Tienda<\/title>\n<meta name=\"robots\" content=\"index, follow, max-snippet:-1, max-image-preview:large, max-video-preview:-1\" \/>\n<link rel=\"canonical\" href=\"https:\/\/megafitness.cl\/store\/producto\/saco-de-boxeo-rdx-x1-negro-4-pies\/\" \/>\n<meta property=\"og:locale\" content=\"es_ES\" \/>\n<meta property=\"og:type\" content=\"article\" \/>\n<meta property=\"og:title\" content=\"Saco De Boxeo Rdx X1 - Negro 4 Pies | Mega Fitness | Tienda\" \/>\n<meta property=\"og:description\" content=\"RDX Presenta ahora saco de arena de \u00e9lite calidad con caracter\u00edsticas mejoradas para permitir dominio ideal y resistencia. La bolsa cil\u00edndrica que est\u00e1 destinado a ser golpeado por los alumnos est\u00e1 disponible ahora con una mejor funcionalidad. Ponche RDX Superior Bolsa no s\u00f3lo puede soportar los entrenamientos m\u00e1s duros pero permite la dispersi\u00f3n fuerza maximizada...\" \/>\n<meta property=\"og:url\" content=\"https:\/\/megafitness.cl\/store\/producto\/saco-de-boxeo-rdx-x1-negro-4-pies\/\" \/>\n<meta property=\"og:site_name\" content=\"Mega Fitness | Tienda\" \/>\n<meta property=\"article:modified_time\" content=\"2025-08-28T21:36:14+00:00\" \/>\n<meta property=\"og:image\" content=\"https:\/\/megafitness.cl\/store\/wp-content\/uploads\/sites\/3\/2024\/12\/4pc-black-red-silver-punching-bag-with-mitts_10_d521b8b6-66f3-4156-8dbb-8bf5bb4fcddf_640x_crop_center.webp\" \/>\n\t<meta property=\"og:image:width\" content=\"640\" \/>\n\t<meta property=\"og:image:height\" content=\"640\" \/>\n\t<meta property=\"og:image:type\" content=\"image\/webp\" \/>\n<meta name=\"twitter:card\" content=\"summary_large_image\" \/>\n<meta name=\"twitter:label1\" content=\"Tiempo de lectura\" \/>\n\t<meta name=\"twitter:data1\" content=\"2 minutos\" \/>\n<script type=\"application\/ld+json\" class=\"yoast-schema-graph\">{\"@context\":\"https:\\\/\\\/schema.org\",\"@graph\":[{\"@type\":[\"WebPage\",\"ItemPage\"],\"@id\":\"https:\\\/\\\/megafitness.cl\\\/store\\\/producto\\\/saco-de-boxeo-rdx-x1-negro-4-pies\\\/\",\"url\":\"https:\\\/\\\/megafitness.cl\\\/store\\\/producto\\\/saco-de-boxeo-rdx-x1-negro-4-pies\\\/\",\"name\":\"Saco De Boxeo Rdx X1 - Negro 4 Pies | Mega Fitness | Tienda\",\"isPartOf\":{\"@id\":\"https:\\\/\\\/megafitness.cl\\\/store\\\/#website\"},\"primaryImageOfPage\":{\"@id\":\"https:\\\/\\\/megafitness.cl\\\/store\\\/producto\\\/saco-de-boxeo-rdx-x1-negro-4-pies\\\/#primaryimage\"},\"image\":{\"@id\":\"https:\\\/\\\/megafitness.cl\\\/store\\\/producto\\\/saco-de-boxeo-rdx-x1-negro-4-pies\\\/#primaryimage\"},\"thumbnailUrl\":\"https:\\\/\\\/megafitness.cl\\\/store\\\/wp-content\\\/uploads\\\/sites\\\/3\\\/2024\\\/12\\\/4pc-black-red-silver-punching-bag-with-mitts_10_d521b8b6-66f3-4156-8dbb-8bf5bb4fcddf_640x_crop_center.webp\",\"datePublished\":\"2024-12-18T15:07:12+00:00\",\"dateModified\":\"2025-08-28T21:36:14+00:00\",\"breadcrumb\":{\"@id\":\"https:\\\/\\\/megafitness.cl\\\/store\\\/producto\\\/saco-de-boxeo-rdx-x1-negro-4-pies\\\/#breadcrumb\"},\"inLanguage\":\"es\",\"potentialAction\":[{\"@type\":\"ReadAction\",\"target\":[\"https:\\\/\\\/megafitness.cl\\\/store\\\/producto\\\/saco-de-boxeo-rdx-x1-negro-4-pies\\\/\"]}]},{\"@type\":\"ImageObject\",\"inLanguage\":\"es\",\"@id\":\"https:\\\/\\\/megafitness.cl\\\/store\\\/producto\\\/saco-de-boxeo-rdx-x1-negro-4-pies\\\/#primaryimage\",\"url\":\"https:\\\/\\\/megafitness.cl\\\/store\\\/wp-content\\\/uploads\\\/sites\\\/3\\\/2024\\\/12\\\/4pc-black-red-silver-punching-bag-with-mitts_10_d521b8b6-66f3-4156-8dbb-8bf5bb4fcddf_640x_crop_center.webp\",\"contentUrl\":\"https:\\\/\\\/megafitness.cl\\\/store\\\/wp-content\\\/uploads\\\/sites\\\/3\\\/2024\\\/12\\\/4pc-black-red-silver-punching-bag-with-mitts_10_d521b8b6-66f3-4156-8dbb-8bf5bb4fcddf_640x_crop_center.webp\",\"width\":640,\"height\":640},{\"@type\":\"BreadcrumbList\",\"@id\":\"https:\\\/\\\/megafitness.cl\\\/store\\\/producto\\\/saco-de-boxeo-rdx-x1-negro-4-pies\\\/#breadcrumb\",\"itemListElement\":[{\"@type\":\"ListItem\",\"position\":1,\"name\":\"Portada\",\"item\":\"https:\\\/\\\/megafitness.cl\\\/store\\\/\"},{\"@type\":\"ListItem\",\"position\":2,\"name\":\"Shop\",\"item\":\"https:\\\/\\\/megafitness.cl\\\/store\\\/shop\\\/\"},{\"@type\":\"ListItem\",\"position\":3,\"name\":\"Saco De Boxeo Rdx X1 &#8211; Negro 4 Pies\"}]},{\"@type\":\"WebSite\",\"@id\":\"https:\\\/\\\/megafitness.cl\\\/store\\\/#website\",\"url\":\"https:\\\/\\\/megafitness.cl\\\/store\\\/\",\"name\":\"Mega Fitness | Tienda\",\"description\":\"Tu Gimnasio en Providencia\",\"publisher\":{\"@id\":\"https:\\\/\\\/megafitness.cl\\\/store\\\/#organization\"},\"potentialAction\":[{\"@type\":\"SearchAction\",\"target\":{\"@type\":\"EntryPoint\",\"urlTemplate\":\"https:\\\/\\\/megafitness.cl\\\/store\\\/?s={search_term_string}\"},\"query-input\":{\"@type\":\"PropertyValueSpecification\",\"valueRequired\":true,\"valueName\":\"search_term_string\"}}],\"inLanguage\":\"es\"},{\"@type\":\"Organization\",\"@id\":\"https:\\\/\\\/megafitness.cl\\\/store\\\/#organization\",\"name\":\"Mega Fitness | Tienda\",\"url\":\"https:\\\/\\\/megafitness.cl\\\/store\\\/\",\"logo\":{\"@type\":\"ImageObject\",\"inLanguage\":\"es\",\"@id\":\"https:\\\/\\\/megafitness.cl\\\/store\\\/#\\\/schema\\\/logo\\\/image\\\/\",\"url\":\"https:\\\/\\\/megafitness.cl\\\/store\\\/wp-content\\\/uploads\\\/sites\\\/3\\\/2024\\\/08\\\/megafitnessLogo1Simple.svg\",\"contentUrl\":\"https:\\\/\\\/megafitness.cl\\\/store\\\/wp-content\\\/uploads\\\/sites\\\/3\\\/2024\\\/08\\\/megafitnessLogo1Simple.svg\",\"width\":197,\"height\":27,\"caption\":\"Mega Fitness | Tienda\"},\"image\":{\"@id\":\"https:\\\/\\\/megafitness.cl\\\/store\\\/#\\\/schema\\\/logo\\\/image\\\/\"}}]}<\/script>\n<!-- \/ Yoast SEO plugin. -->","yoast_head_json":{"title":"Saco De Boxeo Rdx X1 - Negro 4 Pies | Mega Fitness | Tienda","robots":{"index":"index","follow":"follow","max-snippet":"max-snippet:-1","max-image-preview":"max-image-preview:large","max-video-preview":"max-video-preview:-1"},"canonical":"https:\/\/megafitness.cl\/store\/producto\/saco-de-boxeo-rdx-x1-negro-4-pies\/","og_locale":"es_ES","og_type":"article","og_title":"Saco De Boxeo Rdx X1 - Negro 4 Pies | Mega Fitness | Tienda","og_description":"RDX Presenta ahora saco de arena de \u00e9lite calidad con caracter\u00edsticas mejoradas para permitir dominio ideal y resistencia. La bolsa cil\u00edndrica que est\u00e1 destinado a ser golpeado por los alumnos est\u00e1 disponible ahora con una mejor funcionalidad. Ponche RDX Superior Bolsa no s\u00f3lo puede soportar los entrenamientos m\u00e1s duros pero permite la dispersi\u00f3n fuerza maximizada...","og_url":"https:\/\/megafitness.cl\/store\/producto\/saco-de-boxeo-rdx-x1-negro-4-pies\/","og_site_name":"Mega Fitness | Tienda","article_modified_time":"2025-08-28T21:36:14+00:00","og_image":[{"width":640,"height":640,"url":"https:\/\/megafitness.cl\/store\/wp-content\/uploads\/sites\/3\/2024\/12\/4pc-black-red-silver-punching-bag-with-mitts_10_d521b8b6-66f3-4156-8dbb-8bf5bb4fcddf_640x_crop_center.webp","type":"image\/webp"}],"twitter_card":"summary_large_image","twitter_misc":{"Tiempo de lectura":"2 minutos"},"schema":{"@context":"https:\/\/schema.org","@graph":[{"@type":["WebPage","ItemPage"],"@id":"https:\/\/megafitness.cl\/store\/producto\/saco-de-boxeo-rdx-x1-negro-4-pies\/","url":"https:\/\/megafitness.cl\/store\/producto\/saco-de-boxeo-rdx-x1-negro-4-pies\/","name":"Saco De Boxeo Rdx X1 - Negro 4 Pies | Mega Fitness | Tienda","isPartOf":{"@id":"https:\/\/megafitness.cl\/store\/#website"},"primaryImageOfPage":{"@id":"https:\/\/megafitness.cl\/store\/producto\/saco-de-boxeo-rdx-x1-negro-4-pies\/#primaryimage"},"image":{"@id":"https:\/\/megafitness.cl\/store\/producto\/saco-de-boxeo-rdx-x1-negro-4-pies\/#primaryimage"},"thumbnailUrl":"https:\/\/megafitness.cl\/store\/wp-content\/uploads\/sites\/3\/2024\/12\/4pc-black-red-silver-punching-bag-with-mitts_10_d521b8b6-66f3-4156-8dbb-8bf5bb4fcddf_640x_crop_center.webp","datePublished":"2024-12-18T15:07:12+00:00","dateModified":"2025-08-28T21:36:14+00:00","breadcrumb":{"@id":"https:\/\/megafitness.cl\/store\/producto\/saco-de-boxeo-rdx-x1-negro-4-pies\/#breadcrumb"},"inLanguage":"es","potentialAction":[{"@type":"ReadAction","target":["https:\/\/megafitness.cl\/store\/producto\/saco-de-boxeo-rdx-x1-negro-4-pies\/"]}]},{"@type":"ImageObject","inLanguage":"es","@id":"https:\/\/megafitness.cl\/store\/producto\/saco-de-boxeo-rdx-x1-negro-4-pies\/#primaryimage","url":"https:\/\/megafitness.cl\/store\/wp-content\/uploads\/sites\/3\/2024\/12\/4pc-black-red-silver-punching-bag-with-mitts_10_d521b8b6-66f3-4156-8dbb-8bf5bb4fcddf_640x_crop_center.webp","contentUrl":"https:\/\/megafitness.cl\/store\/wp-content\/uploads\/sites\/3\/2024\/12\/4pc-black-red-silver-punching-bag-with-mitts_10_d521b8b6-66f3-4156-8dbb-8bf5bb4fcddf_640x_crop_center.webp","width":640,"height":640},{"@type":"BreadcrumbList","@id":"https:\/\/megafitness.cl\/store\/producto\/saco-de-boxeo-rdx-x1-negro-4-pies\/#breadcrumb","itemListElement":[{"@type":"ListItem","position":1,"name":"Portada","item":"https:\/\/megafitness.cl\/store\/"},{"@type":"ListItem","position":2,"name":"Shop","item":"https:\/\/megafitness.cl\/store\/shop\/"},{"@type":"ListItem","position":3,"name":"Saco De Boxeo Rdx X1 &#8211; Negro 4 Pies"}]},{"@type":"WebSite","@id":"https:\/\/megafitness.cl\/store\/#website","url":"https:\/\/megafitness.cl\/store\/","name":"Mega Fitness | Tienda","description":"Tu Gimnasio en Providencia","publisher":{"@id":"https:\/\/megafitness.cl\/store\/#organization"},"potentialAction":[{"@type":"SearchAction","target":{"@type":"EntryPoint","urlTemplate":"https:\/\/megafitness.cl\/store\/?s={search_term_string}"},"query-input":{"@type":"PropertyValueSpecification","valueRequired":true,"valueName":"search_term_string"}}],"inLanguage":"es"},{"@type":"Organization","@id":"https:\/\/megafitness.cl\/store\/#organization","name":"Mega Fitness | Tienda","url":"https:\/\/megafitness.cl\/store\/","logo":{"@type":"ImageObject","inLanguage":"es","@id":"https:\/\/megafitness.cl\/store\/#\/schema\/logo\/image\/","url":"https:\/\/megafitness.cl\/store\/wp-content\/uploads\/sites\/3\/2024\/08\/megafitnessLogo1Simple.svg","contentUrl":"https:\/\/megafitness.cl\/store\/wp-content\/uploads\/sites\/3\/2024\/08\/megafitnessLogo1Simple.svg","width":197,"height":27,"caption":"Mega Fitness | Tienda"},"image":{"@id":"https:\/\/megafitness.cl\/store\/#\/schema\/logo\/image\/"}}]}},"_links":{"self":[{"href":"https:\/\/megafitness.cl\/store\/wp-json\/wp\/v2\/product\/1906","targetHints":{"allow":["GET"]}}],"collection":[{"href":"https:\/\/megafitness.cl\/store\/wp-json\/wp\/v2\/product"}],"about":[{"href":"https:\/\/megafitness.cl\/store\/wp-json\/wp\/v2\/types\/product"}],"replies":[{"embeddable":true,"href":"https:\/\/megafitness.cl\/store\/wp-json\/wp\/v2\/comments?post=1906"}],"wp:featuredmedia":[{"embeddable":true,"href":"https:\/\/megafitness.cl\/store\/wp-json\/wp\/v2\/media\/1907"}],"wp:attachment":[{"href":"https:\/\/megafitness.cl\/store\/wp-json\/wp\/v2\/media?parent=1906"}],"wp:term":[{"taxonomy":"product_brand","embeddable":true,"href":"https:\/\/megafitness.cl\/store\/wp-json\/wp\/v2\/product_brand?post=1906"},{"taxonomy":"product_cat","embeddable":true,"href":"https:\/\/megafitness.cl\/store\/wp-json\/wp\/v2\/product_cat?post=1906"},{"taxonomy":"product_tag","embeddable":true,"href":"https:\/\/megafitness.cl\/store\/wp-json\/wp\/v2\/product_tag?post=1906"}],"curies":[{"name":"wp","href":"https:\/\/api.w.org\/{rel}","templated":true}]}}