{"id":1928,"date":"2025-01-08T20:57:41","date_gmt":"2025-01-08T19:57:41","guid":{"rendered":"https:\/\/megafitness.cl\/store\/?post_type=product&#038;p=1928"},"modified":"2025-01-08T20:59:07","modified_gmt":"2025-01-08T19:59:07","slug":"rdx-correas-de-tobillo-para-maquina-de-cables-de-gimnasio-a4-militar-rosado","status":"publish","type":"product","link":"https:\/\/megafitness.cl\/store\/producto\/rdx-correas-de-tobillo-para-maquina-de-cables-de-gimnasio-a4-militar-rosado\/","title":{"rendered":"RDX Correas de tobillo para m\u00e1quina de cables de gimnasio &#8211; A4 (Militar Rosado)"},"content":{"rendered":"<p>La facilidad de movimiento es clave en el entrenamiento de resistencia. Las tobilleras RDX A4 para m\u00e1quinas de cable son exactamente lo que necesitas para aprovechar al m\u00e1ximo el d\u00eda de piernas en el gimnasio. Fabricados para brindar durabilidad, comodidad y facilidad, los A4 con anillos en D dobles con recubrimiento en polvo inoxidables se pueden usar en m\u00faltiples ejercicios con m\u00e1quinas de cable dirigidos a varios m\u00fasculos de las piernas. Las costuras y ribetes reforzados garantizan un uso duradero y la capacidad de soportar cargas pesadas, ya que el sistema de cierre de correa de gancho y bucle r\u00e1pido y f\u00e1cil le ayuda a ajustar las correas seg\u00fan sus necesidades. Un acolchado adecuado y unas dimensiones \u00f3ptimas mejoran tu rendimiento y conducen a un entrenamiento satisfactorio.<\/p>\n<p>&nbsp;<\/p>\n<p>La combinaci\u00f3n de nailon y poli\u00e9ster hace que estas tobilleras sean duraderas para soportar largos entrenamientos en el gimnasio.<\/p>\n<p>El acolchado de neopreno de 10 pulgadas de largo y 4 pulgadas de alto garantiza comodidad, facilidad y versatilidad de ejercicios y diversas m\u00e1quinas.<\/p>\n<p>Sistema de cierre de correa Quick-EZ de 9 pulgadas de largo y 2 pulgadas de ancho.<\/p>\n<p>Anillos en D resistentes y libres de \u00f3xido hechos de acero con recubrimiento en polvo para un entrenamiento con m\u00e1quina de cable sin estr\u00e9s.<\/p>\n<p>Acolchado de neopreno de 4 pulgadas de alto y correa de 9 pulgadas de largo para un ajuste y comodidad \u00f3ptimos.<\/p>\n","protected":false},"excerpt":{"rendered":"<p>La facilidad de movimiento es clave en el entrenamiento de resistencia. Las tobilleras RDX A4 para m\u00e1quinas de cable son exactamente lo que necesitas para aprovechar al m\u00e1ximo el d\u00eda de piernas en el gimnasio. Fabricados para brindar durabilidad, comodidad y facilidad, los A4 con anillos en D dobles con recubrimiento en polvo inoxidables se&#8230;<\/p>\n","protected":false},"featured_media":1929,"comment_status":"open","ping_status":"closed","template":"","meta":{"_kad_post_transparent":"default","_kad_post_title":"","_kad_post_layout":"default","_kad_post_sidebar_id":"","_kad_post_content_style":"default","_kad_post_vertical_padding":"default","_kad_post_feature":"","_kad_post_feature_position":"","_kad_post_header":false,"_kad_post_footer":false,"_kad_post_classname":""},"product_brand":[],"product_cat":[29],"product_tag":[],"class_list":{"0":"post-1928","1":"product","2":"type-product","3":"status-publish","4":"has-post-thumbnail","6":"product_cat-otros","8":"first","9":"instock","10":"shipping-taxable","11":"purchasable","12":"product-type-simple","13":"entry","14":"content-bg","15":"loop-entry"},"yoast_head":"<!-- This site is optimized with the Yoast SEO plugin v27.4 - https:\/\/yoast.com\/product\/yoast-seo-wordpress\/ -->\n<title>RDX Correas de tobillo para m\u00e1quina de cables de gimnasio - A4 (Militar Rosado) | Mega Fitness | Tienda<\/title>\n<meta name=\"robots\" content=\"index, follow, max-snippet:-1, max-image-preview:large, max-video-preview:-1\" \/>\n<link rel=\"canonical\" href=\"https:\/\/megafitness.cl\/store\/producto\/rdx-correas-de-tobillo-para-maquina-de-cables-de-gimnasio-a4-militar-rosado\/\" \/>\n<meta property=\"og:locale\" content=\"es_ES\" \/>\n<meta property=\"og:type\" content=\"article\" \/>\n<meta property=\"og:title\" content=\"RDX Correas de tobillo para m\u00e1quina de cables de gimnasio - A4 (Militar Rosado) | Mega Fitness | Tienda\" \/>\n<meta property=\"og:description\" content=\"La facilidad de movimiento es clave en el entrenamiento de resistencia. Las tobilleras RDX A4 para m\u00e1quinas de cable son exactamente lo que necesitas para aprovechar al m\u00e1ximo el d\u00eda de piernas en el gimnasio. Fabricados para brindar durabilidad, comodidad y facilidad, los A4 con anillos en D dobles con recubrimiento en polvo inoxidables se...\" \/>\n<meta property=\"og:url\" content=\"https:\/\/megafitness.cl\/store\/producto\/rdx-correas-de-tobillo-para-maquina-de-cables-de-gimnasio-a4-militar-rosado\/\" \/>\n<meta property=\"og:site_name\" content=\"Mega Fitness | Tienda\" \/>\n<meta property=\"article:modified_time\" content=\"2025-01-08T19:59:07+00:00\" \/>\n<meta property=\"og:image\" content=\"https:\/\/megafitness.cl\/store\/wp-content\/uploads\/sites\/3\/2025\/01\/a4_ankle_straps_for_gym_cable_machine_pink_3__1_4759ac96-cb69-4d8e-9580-cfc60350c516_640x_crop_center.webp\" \/>\n\t<meta property=\"og:image:width\" content=\"640\" \/>\n\t<meta property=\"og:image:height\" content=\"640\" \/>\n\t<meta property=\"og:image:type\" content=\"image\/webp\" \/>\n<meta name=\"twitter:card\" content=\"summary_large_image\" \/>\n<meta name=\"twitter:label1\" content=\"Tiempo de lectura\" \/>\n\t<meta name=\"twitter:data1\" content=\"2 minutos\" \/>\n<script type=\"application\/ld+json\" class=\"yoast-schema-graph\">{\"@context\":\"https:\\\/\\\/schema.org\",\"@graph\":[{\"@type\":[\"WebPage\",\"ItemPage\"],\"@id\":\"https:\\\/\\\/megafitness.cl\\\/store\\\/producto\\\/rdx-correas-de-tobillo-para-maquina-de-cables-de-gimnasio-a4-militar-rosado\\\/\",\"url\":\"https:\\\/\\\/megafitness.cl\\\/store\\\/producto\\\/rdx-correas-de-tobillo-para-maquina-de-cables-de-gimnasio-a4-militar-rosado\\\/\",\"name\":\"RDX Correas de tobillo para m\u00e1quina de cables de gimnasio - A4 (Militar Rosado) | Mega Fitness | Tienda\",\"isPartOf\":{\"@id\":\"https:\\\/\\\/megafitness.cl\\\/store\\\/#website\"},\"primaryImageOfPage\":{\"@id\":\"https:\\\/\\\/megafitness.cl\\\/store\\\/producto\\\/rdx-correas-de-tobillo-para-maquina-de-cables-de-gimnasio-a4-militar-rosado\\\/#primaryimage\"},\"image\":{\"@id\":\"https:\\\/\\\/megafitness.cl\\\/store\\\/producto\\\/rdx-correas-de-tobillo-para-maquina-de-cables-de-gimnasio-a4-militar-rosado\\\/#primaryimage\"},\"thumbnailUrl\":\"https:\\\/\\\/megafitness.cl\\\/store\\\/wp-content\\\/uploads\\\/sites\\\/3\\\/2025\\\/01\\\/a4_ankle_straps_for_gym_cable_machine_pink_3__1_4759ac96-cb69-4d8e-9580-cfc60350c516_640x_crop_center.webp\",\"datePublished\":\"2025-01-08T19:57:41+00:00\",\"dateModified\":\"2025-01-08T19:59:07+00:00\",\"breadcrumb\":{\"@id\":\"https:\\\/\\\/megafitness.cl\\\/store\\\/producto\\\/rdx-correas-de-tobillo-para-maquina-de-cables-de-gimnasio-a4-militar-rosado\\\/#breadcrumb\"},\"inLanguage\":\"es\",\"potentialAction\":[{\"@type\":\"ReadAction\",\"target\":[\"https:\\\/\\\/megafitness.cl\\\/store\\\/producto\\\/rdx-correas-de-tobillo-para-maquina-de-cables-de-gimnasio-a4-militar-rosado\\\/\"]}]},{\"@type\":\"ImageObject\",\"inLanguage\":\"es\",\"@id\":\"https:\\\/\\\/megafitness.cl\\\/store\\\/producto\\\/rdx-correas-de-tobillo-para-maquina-de-cables-de-gimnasio-a4-militar-rosado\\\/#primaryimage\",\"url\":\"https:\\\/\\\/megafitness.cl\\\/store\\\/wp-content\\\/uploads\\\/sites\\\/3\\\/2025\\\/01\\\/a4_ankle_straps_for_gym_cable_machine_pink_3__1_4759ac96-cb69-4d8e-9580-cfc60350c516_640x_crop_center.webp\",\"contentUrl\":\"https:\\\/\\\/megafitness.cl\\\/store\\\/wp-content\\\/uploads\\\/sites\\\/3\\\/2025\\\/01\\\/a4_ankle_straps_for_gym_cable_machine_pink_3__1_4759ac96-cb69-4d8e-9580-cfc60350c516_640x_crop_center.webp\",\"width\":640,\"height\":640},{\"@type\":\"BreadcrumbList\",\"@id\":\"https:\\\/\\\/megafitness.cl\\\/store\\\/producto\\\/rdx-correas-de-tobillo-para-maquina-de-cables-de-gimnasio-a4-militar-rosado\\\/#breadcrumb\",\"itemListElement\":[{\"@type\":\"ListItem\",\"position\":1,\"name\":\"Portada\",\"item\":\"https:\\\/\\\/megafitness.cl\\\/store\\\/\"},{\"@type\":\"ListItem\",\"position\":2,\"name\":\"Shop\",\"item\":\"https:\\\/\\\/megafitness.cl\\\/store\\\/shop\\\/\"},{\"@type\":\"ListItem\",\"position\":3,\"name\":\"RDX Correas de tobillo para m\u00e1quina de cables de gimnasio &#8211; A4 (Militar Rosado)\"}]},{\"@type\":\"WebSite\",\"@id\":\"https:\\\/\\\/megafitness.cl\\\/store\\\/#website\",\"url\":\"https:\\\/\\\/megafitness.cl\\\/store\\\/\",\"name\":\"Mega Fitness | Tienda\",\"description\":\"Tu Gimnasio en Providencia\",\"publisher\":{\"@id\":\"https:\\\/\\\/megafitness.cl\\\/store\\\/#organization\"},\"potentialAction\":[{\"@type\":\"SearchAction\",\"target\":{\"@type\":\"EntryPoint\",\"urlTemplate\":\"https:\\\/\\\/megafitness.cl\\\/store\\\/?s={search_term_string}\"},\"query-input\":{\"@type\":\"PropertyValueSpecification\",\"valueRequired\":true,\"valueName\":\"search_term_string\"}}],\"inLanguage\":\"es\"},{\"@type\":\"Organization\",\"@id\":\"https:\\\/\\\/megafitness.cl\\\/store\\\/#organization\",\"name\":\"Mega Fitness | Tienda\",\"url\":\"https:\\\/\\\/megafitness.cl\\\/store\\\/\",\"logo\":{\"@type\":\"ImageObject\",\"inLanguage\":\"es\",\"@id\":\"https:\\\/\\\/megafitness.cl\\\/store\\\/#\\\/schema\\\/logo\\\/image\\\/\",\"url\":\"https:\\\/\\\/megafitness.cl\\\/store\\\/wp-content\\\/uploads\\\/sites\\\/3\\\/2024\\\/08\\\/megafitnessLogo1Simple.svg\",\"contentUrl\":\"https:\\\/\\\/megafitness.cl\\\/store\\\/wp-content\\\/uploads\\\/sites\\\/3\\\/2024\\\/08\\\/megafitnessLogo1Simple.svg\",\"width\":197,\"height\":27,\"caption\":\"Mega Fitness | Tienda\"},\"image\":{\"@id\":\"https:\\\/\\\/megafitness.cl\\\/store\\\/#\\\/schema\\\/logo\\\/image\\\/\"}}]}<\/script>\n<!-- \/ Yoast SEO plugin. -->","yoast_head_json":{"title":"RDX Correas de tobillo para m\u00e1quina de cables de gimnasio - A4 (Militar Rosado) | Mega Fitness | Tienda","robots":{"index":"index","follow":"follow","max-snippet":"max-snippet:-1","max-image-preview":"max-image-preview:large","max-video-preview":"max-video-preview:-1"},"canonical":"https:\/\/megafitness.cl\/store\/producto\/rdx-correas-de-tobillo-para-maquina-de-cables-de-gimnasio-a4-militar-rosado\/","og_locale":"es_ES","og_type":"article","og_title":"RDX Correas de tobillo para m\u00e1quina de cables de gimnasio - A4 (Militar Rosado) | Mega Fitness | Tienda","og_description":"La facilidad de movimiento es clave en el entrenamiento de resistencia. Las tobilleras RDX A4 para m\u00e1quinas de cable son exactamente lo que necesitas para aprovechar al m\u00e1ximo el d\u00eda de piernas en el gimnasio. Fabricados para brindar durabilidad, comodidad y facilidad, los A4 con anillos en D dobles con recubrimiento en polvo inoxidables se...","og_url":"https:\/\/megafitness.cl\/store\/producto\/rdx-correas-de-tobillo-para-maquina-de-cables-de-gimnasio-a4-militar-rosado\/","og_site_name":"Mega Fitness | Tienda","article_modified_time":"2025-01-08T19:59:07+00:00","og_image":[{"width":640,"height":640,"url":"https:\/\/megafitness.cl\/store\/wp-content\/uploads\/sites\/3\/2025\/01\/a4_ankle_straps_for_gym_cable_machine_pink_3__1_4759ac96-cb69-4d8e-9580-cfc60350c516_640x_crop_center.webp","type":"image\/webp"}],"twitter_card":"summary_large_image","twitter_misc":{"Tiempo de lectura":"2 minutos"},"schema":{"@context":"https:\/\/schema.org","@graph":[{"@type":["WebPage","ItemPage"],"@id":"https:\/\/megafitness.cl\/store\/producto\/rdx-correas-de-tobillo-para-maquina-de-cables-de-gimnasio-a4-militar-rosado\/","url":"https:\/\/megafitness.cl\/store\/producto\/rdx-correas-de-tobillo-para-maquina-de-cables-de-gimnasio-a4-militar-rosado\/","name":"RDX Correas de tobillo para m\u00e1quina de cables de gimnasio - A4 (Militar Rosado) | Mega Fitness | Tienda","isPartOf":{"@id":"https:\/\/megafitness.cl\/store\/#website"},"primaryImageOfPage":{"@id":"https:\/\/megafitness.cl\/store\/producto\/rdx-correas-de-tobillo-para-maquina-de-cables-de-gimnasio-a4-militar-rosado\/#primaryimage"},"image":{"@id":"https:\/\/megafitness.cl\/store\/producto\/rdx-correas-de-tobillo-para-maquina-de-cables-de-gimnasio-a4-militar-rosado\/#primaryimage"},"thumbnailUrl":"https:\/\/megafitness.cl\/store\/wp-content\/uploads\/sites\/3\/2025\/01\/a4_ankle_straps_for_gym_cable_machine_pink_3__1_4759ac96-cb69-4d8e-9580-cfc60350c516_640x_crop_center.webp","datePublished":"2025-01-08T19:57:41+00:00","dateModified":"2025-01-08T19:59:07+00:00","breadcrumb":{"@id":"https:\/\/megafitness.cl\/store\/producto\/rdx-correas-de-tobillo-para-maquina-de-cables-de-gimnasio-a4-militar-rosado\/#breadcrumb"},"inLanguage":"es","potentialAction":[{"@type":"ReadAction","target":["https:\/\/megafitness.cl\/store\/producto\/rdx-correas-de-tobillo-para-maquina-de-cables-de-gimnasio-a4-militar-rosado\/"]}]},{"@type":"ImageObject","inLanguage":"es","@id":"https:\/\/megafitness.cl\/store\/producto\/rdx-correas-de-tobillo-para-maquina-de-cables-de-gimnasio-a4-militar-rosado\/#primaryimage","url":"https:\/\/megafitness.cl\/store\/wp-content\/uploads\/sites\/3\/2025\/01\/a4_ankle_straps_for_gym_cable_machine_pink_3__1_4759ac96-cb69-4d8e-9580-cfc60350c516_640x_crop_center.webp","contentUrl":"https:\/\/megafitness.cl\/store\/wp-content\/uploads\/sites\/3\/2025\/01\/a4_ankle_straps_for_gym_cable_machine_pink_3__1_4759ac96-cb69-4d8e-9580-cfc60350c516_640x_crop_center.webp","width":640,"height":640},{"@type":"BreadcrumbList","@id":"https:\/\/megafitness.cl\/store\/producto\/rdx-correas-de-tobillo-para-maquina-de-cables-de-gimnasio-a4-militar-rosado\/#breadcrumb","itemListElement":[{"@type":"ListItem","position":1,"name":"Portada","item":"https:\/\/megafitness.cl\/store\/"},{"@type":"ListItem","position":2,"name":"Shop","item":"https:\/\/megafitness.cl\/store\/shop\/"},{"@type":"ListItem","position":3,"name":"RDX Correas de tobillo para m\u00e1quina de cables de gimnasio &#8211; A4 (Militar Rosado)"}]},{"@type":"WebSite","@id":"https:\/\/megafitness.cl\/store\/#website","url":"https:\/\/megafitness.cl\/store\/","name":"Mega Fitness | Tienda","description":"Tu Gimnasio en Providencia","publisher":{"@id":"https:\/\/megafitness.cl\/store\/#organization"},"potentialAction":[{"@type":"SearchAction","target":{"@type":"EntryPoint","urlTemplate":"https:\/\/megafitness.cl\/store\/?s={search_term_string}"},"query-input":{"@type":"PropertyValueSpecification","valueRequired":true,"valueName":"search_term_string"}}],"inLanguage":"es"},{"@type":"Organization","@id":"https:\/\/megafitness.cl\/store\/#organization","name":"Mega Fitness | Tienda","url":"https:\/\/megafitness.cl\/store\/","logo":{"@type":"ImageObject","inLanguage":"es","@id":"https:\/\/megafitness.cl\/store\/#\/schema\/logo\/image\/","url":"https:\/\/megafitness.cl\/store\/wp-content\/uploads\/sites\/3\/2024\/08\/megafitnessLogo1Simple.svg","contentUrl":"https:\/\/megafitness.cl\/store\/wp-content\/uploads\/sites\/3\/2024\/08\/megafitnessLogo1Simple.svg","width":197,"height":27,"caption":"Mega Fitness | Tienda"},"image":{"@id":"https:\/\/megafitness.cl\/store\/#\/schema\/logo\/image\/"}}]}},"_links":{"self":[{"href":"https:\/\/megafitness.cl\/store\/wp-json\/wp\/v2\/product\/1928","targetHints":{"allow":["GET"]}}],"collection":[{"href":"https:\/\/megafitness.cl\/store\/wp-json\/wp\/v2\/product"}],"about":[{"href":"https:\/\/megafitness.cl\/store\/wp-json\/wp\/v2\/types\/product"}],"replies":[{"embeddable":true,"href":"https:\/\/megafitness.cl\/store\/wp-json\/wp\/v2\/comments?post=1928"}],"wp:featuredmedia":[{"embeddable":true,"href":"https:\/\/megafitness.cl\/store\/wp-json\/wp\/v2\/media\/1929"}],"wp:attachment":[{"href":"https:\/\/megafitness.cl\/store\/wp-json\/wp\/v2\/media?parent=1928"}],"wp:term":[{"taxonomy":"product_brand","embeddable":true,"href":"https:\/\/megafitness.cl\/store\/wp-json\/wp\/v2\/product_brand?post=1928"},{"taxonomy":"product_cat","embeddable":true,"href":"https:\/\/megafitness.cl\/store\/wp-json\/wp\/v2\/product_cat?post=1928"},{"taxonomy":"product_tag","embeddable":true,"href":"https:\/\/megafitness.cl\/store\/wp-json\/wp\/v2\/product_tag?post=1928"}],"curies":[{"name":"wp","href":"https:\/\/api.w.org\/{rel}","templated":true}]}}