{"id":1941,"date":"2025-01-08T21:33:17","date_gmt":"2025-01-08T20:33:17","guid":{"rendered":"https:\/\/megafitness.cl\/store\/?post_type=product&#038;p=1941"},"modified":"2025-01-08T21:33:37","modified_gmt":"2025-01-08T20:33:37","slug":"rdx-protector-de-ingle-aura-plus-t-17-talla-l","status":"publish","type":"product","link":"https:\/\/megafitness.cl\/store\/producto\/rdx-protector-de-ingle-aura-plus-t-17-talla-l\/","title":{"rendered":"RDX Protector de Ingle AURA PLUS T-17 &#8211; Talla L"},"content":{"rendered":"<p>Mejora tu equipo de protecci\u00f3n con el GROIN GUARD AURA PLUS T-17 de RDX. Fabricado con Maya Hide, piel Kalix Skin, garantiza durabilidad. El protector de ingle cuenta con EVA-LUTION, l\u00e1mina y acolchado Sponge X para una absorci\u00f3n de impactos \u00f3ptima y copa de PVC para mayor seguridad. El forro interior de tela Dazzle que cumple con REACH mejora la transpirabilidad y la absorci\u00f3n de humedad. Experimenta comodidad, movilidad y seguridad con su ajuste ajustable. El dise\u00f1o liviano garantiza un movimiento sin restricciones.<\/p>\n<p>Maya Hide, piel Kalix Skin para un exterior resistente<br \/>\nEl protector de ingle cuenta con EVA-LUTION, l\u00e1mina y acolchado Sponge X para absorci\u00f3n de impactos, con copa de PVC para mayor seguridad.<br \/>\nForro interior de tela Dazzle que cumple con REACH para transpirabilidad<br \/>\nFusi\u00f3n ideal de comodidad y movilidad<br \/>\nAjuste ajustable y seguro<br \/>\nLigero para un movimiento sin restricciones<\/p>\n","protected":false},"excerpt":{"rendered":"<p>Mejora tu equipo de protecci\u00f3n con el GROIN GUARD AURA PLUS T-17 de RDX. Fabricado con Maya Hide, piel Kalix Skin, garantiza durabilidad. El protector de ingle cuenta con EVA-LUTION, l\u00e1mina y acolchado Sponge X para una absorci\u00f3n de impactos \u00f3ptima y copa de PVC para mayor seguridad. El forro interior de tela Dazzle que&#8230;<\/p>\n","protected":false},"featured_media":1924,"comment_status":"open","ping_status":"closed","template":"","meta":{"_kad_post_transparent":"default","_kad_post_title":"","_kad_post_layout":"default","_kad_post_sidebar_id":"","_kad_post_content_style":"default","_kad_post_vertical_padding":"default","_kad_post_feature":"","_kad_post_feature_position":"","_kad_post_header":false,"_kad_post_footer":false,"_kad_post_classname":""},"product_brand":[],"product_cat":[29],"product_tag":[],"class_list":{"0":"post-1941","1":"product","2":"type-product","3":"status-publish","4":"has-post-thumbnail","6":"product_cat-otros","8":"first","9":"instock","10":"shipping-taxable","11":"purchasable","12":"product-type-simple","13":"entry","14":"content-bg","15":"loop-entry"},"yoast_head":"<!-- This site is optimized with the Yoast SEO plugin v27.5 - https:\/\/yoast.com\/product\/yoast-seo-wordpress\/ -->\n<title>RDX Protector de Ingle AURA PLUS T-17 - Talla L | Mega Fitness | Tienda<\/title>\n<meta name=\"robots\" content=\"index, follow, max-snippet:-1, max-image-preview:large, max-video-preview:-1\" \/>\n<link rel=\"canonical\" href=\"https:\/\/megafitness.cl\/store\/producto\/rdx-protector-de-ingle-aura-plus-t-17-talla-l\/\" \/>\n<meta property=\"og:locale\" content=\"es_ES\" \/>\n<meta property=\"og:type\" content=\"article\" \/>\n<meta property=\"og:title\" content=\"RDX Protector de Ingle AURA PLUS T-17 - Talla L | Mega Fitness | Tienda\" \/>\n<meta property=\"og:description\" content=\"Mejora tu equipo de protecci\u00f3n con el GROIN GUARD AURA PLUS T-17 de RDX. Fabricado con Maya Hide, piel Kalix Skin, garantiza durabilidad. El protector de ingle cuenta con EVA-LUTION, l\u00e1mina y acolchado Sponge X para una absorci\u00f3n de impactos \u00f3ptima y copa de PVC para mayor seguridad. El forro interior de tela Dazzle que...\" \/>\n<meta property=\"og:url\" content=\"https:\/\/megafitness.cl\/store\/producto\/rdx-protector-de-ingle-aura-plus-t-17-talla-l\/\" \/>\n<meta property=\"og:site_name\" content=\"Mega Fitness | Tienda\" \/>\n<meta property=\"article:modified_time\" content=\"2025-01-08T20:33:37+00:00\" \/>\n<meta property=\"og:image\" content=\"https:\/\/megafitness.cl\/store\/wp-content\/uploads\/sites\/3\/2025\/01\/groing_guard_aura_plus_golden_1_9a887ad6-49a1-44dd-99c5-5f03f99ebf4b_640x_crop_center.webp\" \/>\n\t<meta property=\"og:image:width\" content=\"640\" \/>\n\t<meta property=\"og:image:height\" content=\"640\" \/>\n\t<meta property=\"og:image:type\" content=\"image\/webp\" \/>\n<meta name=\"twitter:card\" content=\"summary_large_image\" \/>\n<meta name=\"twitter:label1\" content=\"Tiempo de lectura\" \/>\n\t<meta name=\"twitter:data1\" content=\"1 minuto\" \/>\n<script type=\"application\/ld+json\" class=\"yoast-schema-graph\">{\"@context\":\"https:\\\/\\\/schema.org\",\"@graph\":[{\"@type\":[\"WebPage\",\"ItemPage\"],\"@id\":\"https:\\\/\\\/megafitness.cl\\\/store\\\/producto\\\/rdx-protector-de-ingle-aura-plus-t-17-talla-l\\\/\",\"url\":\"https:\\\/\\\/megafitness.cl\\\/store\\\/producto\\\/rdx-protector-de-ingle-aura-plus-t-17-talla-l\\\/\",\"name\":\"RDX Protector de Ingle AURA PLUS T-17 - Talla L | Mega Fitness | Tienda\",\"isPartOf\":{\"@id\":\"https:\\\/\\\/megafitness.cl\\\/store\\\/#website\"},\"primaryImageOfPage\":{\"@id\":\"https:\\\/\\\/megafitness.cl\\\/store\\\/producto\\\/rdx-protector-de-ingle-aura-plus-t-17-talla-l\\\/#primaryimage\"},\"image\":{\"@id\":\"https:\\\/\\\/megafitness.cl\\\/store\\\/producto\\\/rdx-protector-de-ingle-aura-plus-t-17-talla-l\\\/#primaryimage\"},\"thumbnailUrl\":\"https:\\\/\\\/megafitness.cl\\\/store\\\/wp-content\\\/uploads\\\/sites\\\/3\\\/2025\\\/01\\\/groing_guard_aura_plus_golden_1_9a887ad6-49a1-44dd-99c5-5f03f99ebf4b_640x_crop_center.webp\",\"datePublished\":\"2025-01-08T20:33:17+00:00\",\"dateModified\":\"2025-01-08T20:33:37+00:00\",\"breadcrumb\":{\"@id\":\"https:\\\/\\\/megafitness.cl\\\/store\\\/producto\\\/rdx-protector-de-ingle-aura-plus-t-17-talla-l\\\/#breadcrumb\"},\"inLanguage\":\"es\",\"potentialAction\":[{\"@type\":\"ReadAction\",\"target\":[\"https:\\\/\\\/megafitness.cl\\\/store\\\/producto\\\/rdx-protector-de-ingle-aura-plus-t-17-talla-l\\\/\"]}]},{\"@type\":\"ImageObject\",\"inLanguage\":\"es\",\"@id\":\"https:\\\/\\\/megafitness.cl\\\/store\\\/producto\\\/rdx-protector-de-ingle-aura-plus-t-17-talla-l\\\/#primaryimage\",\"url\":\"https:\\\/\\\/megafitness.cl\\\/store\\\/wp-content\\\/uploads\\\/sites\\\/3\\\/2025\\\/01\\\/groing_guard_aura_plus_golden_1_9a887ad6-49a1-44dd-99c5-5f03f99ebf4b_640x_crop_center.webp\",\"contentUrl\":\"https:\\\/\\\/megafitness.cl\\\/store\\\/wp-content\\\/uploads\\\/sites\\\/3\\\/2025\\\/01\\\/groing_guard_aura_plus_golden_1_9a887ad6-49a1-44dd-99c5-5f03f99ebf4b_640x_crop_center.webp\",\"width\":640,\"height\":640},{\"@type\":\"BreadcrumbList\",\"@id\":\"https:\\\/\\\/megafitness.cl\\\/store\\\/producto\\\/rdx-protector-de-ingle-aura-plus-t-17-talla-l\\\/#breadcrumb\",\"itemListElement\":[{\"@type\":\"ListItem\",\"position\":1,\"name\":\"Portada\",\"item\":\"https:\\\/\\\/megafitness.cl\\\/store\\\/\"},{\"@type\":\"ListItem\",\"position\":2,\"name\":\"Shop\",\"item\":\"https:\\\/\\\/megafitness.cl\\\/store\\\/shop\\\/\"},{\"@type\":\"ListItem\",\"position\":3,\"name\":\"RDX Protector de Ingle AURA PLUS T-17 &#8211; Talla L\"}]},{\"@type\":\"WebSite\",\"@id\":\"https:\\\/\\\/megafitness.cl\\\/store\\\/#website\",\"url\":\"https:\\\/\\\/megafitness.cl\\\/store\\\/\",\"name\":\"Mega Fitness | Tienda\",\"description\":\"Tu Gimnasio en Providencia\",\"publisher\":{\"@id\":\"https:\\\/\\\/megafitness.cl\\\/store\\\/#organization\"},\"potentialAction\":[{\"@type\":\"SearchAction\",\"target\":{\"@type\":\"EntryPoint\",\"urlTemplate\":\"https:\\\/\\\/megafitness.cl\\\/store\\\/?s={search_term_string}\"},\"query-input\":{\"@type\":\"PropertyValueSpecification\",\"valueRequired\":true,\"valueName\":\"search_term_string\"}}],\"inLanguage\":\"es\"},{\"@type\":\"Organization\",\"@id\":\"https:\\\/\\\/megafitness.cl\\\/store\\\/#organization\",\"name\":\"Mega Fitness | Tienda\",\"url\":\"https:\\\/\\\/megafitness.cl\\\/store\\\/\",\"logo\":{\"@type\":\"ImageObject\",\"inLanguage\":\"es\",\"@id\":\"https:\\\/\\\/megafitness.cl\\\/store\\\/#\\\/schema\\\/logo\\\/image\\\/\",\"url\":\"https:\\\/\\\/megafitness.cl\\\/store\\\/wp-content\\\/uploads\\\/sites\\\/3\\\/2024\\\/08\\\/megafitnessLogo1Simple.svg\",\"contentUrl\":\"https:\\\/\\\/megafitness.cl\\\/store\\\/wp-content\\\/uploads\\\/sites\\\/3\\\/2024\\\/08\\\/megafitnessLogo1Simple.svg\",\"width\":197,\"height\":27,\"caption\":\"Mega Fitness | Tienda\"},\"image\":{\"@id\":\"https:\\\/\\\/megafitness.cl\\\/store\\\/#\\\/schema\\\/logo\\\/image\\\/\"}}]}<\/script>\n<!-- \/ Yoast SEO plugin. -->","yoast_head_json":{"title":"RDX Protector de Ingle AURA PLUS T-17 - Talla L | Mega Fitness | Tienda","robots":{"index":"index","follow":"follow","max-snippet":"max-snippet:-1","max-image-preview":"max-image-preview:large","max-video-preview":"max-video-preview:-1"},"canonical":"https:\/\/megafitness.cl\/store\/producto\/rdx-protector-de-ingle-aura-plus-t-17-talla-l\/","og_locale":"es_ES","og_type":"article","og_title":"RDX Protector de Ingle AURA PLUS T-17 - Talla L | Mega Fitness | Tienda","og_description":"Mejora tu equipo de protecci\u00f3n con el GROIN GUARD AURA PLUS T-17 de RDX. Fabricado con Maya Hide, piel Kalix Skin, garantiza durabilidad. El protector de ingle cuenta con EVA-LUTION, l\u00e1mina y acolchado Sponge X para una absorci\u00f3n de impactos \u00f3ptima y copa de PVC para mayor seguridad. El forro interior de tela Dazzle que...","og_url":"https:\/\/megafitness.cl\/store\/producto\/rdx-protector-de-ingle-aura-plus-t-17-talla-l\/","og_site_name":"Mega Fitness | Tienda","article_modified_time":"2025-01-08T20:33:37+00:00","og_image":[{"width":640,"height":640,"url":"https:\/\/megafitness.cl\/store\/wp-content\/uploads\/sites\/3\/2025\/01\/groing_guard_aura_plus_golden_1_9a887ad6-49a1-44dd-99c5-5f03f99ebf4b_640x_crop_center.webp","type":"image\/webp"}],"twitter_card":"summary_large_image","twitter_misc":{"Tiempo de lectura":"1 minuto"},"schema":{"@context":"https:\/\/schema.org","@graph":[{"@type":["WebPage","ItemPage"],"@id":"https:\/\/megafitness.cl\/store\/producto\/rdx-protector-de-ingle-aura-plus-t-17-talla-l\/","url":"https:\/\/megafitness.cl\/store\/producto\/rdx-protector-de-ingle-aura-plus-t-17-talla-l\/","name":"RDX Protector de Ingle AURA PLUS T-17 - Talla L | Mega Fitness | Tienda","isPartOf":{"@id":"https:\/\/megafitness.cl\/store\/#website"},"primaryImageOfPage":{"@id":"https:\/\/megafitness.cl\/store\/producto\/rdx-protector-de-ingle-aura-plus-t-17-talla-l\/#primaryimage"},"image":{"@id":"https:\/\/megafitness.cl\/store\/producto\/rdx-protector-de-ingle-aura-plus-t-17-talla-l\/#primaryimage"},"thumbnailUrl":"https:\/\/megafitness.cl\/store\/wp-content\/uploads\/sites\/3\/2025\/01\/groing_guard_aura_plus_golden_1_9a887ad6-49a1-44dd-99c5-5f03f99ebf4b_640x_crop_center.webp","datePublished":"2025-01-08T20:33:17+00:00","dateModified":"2025-01-08T20:33:37+00:00","breadcrumb":{"@id":"https:\/\/megafitness.cl\/store\/producto\/rdx-protector-de-ingle-aura-plus-t-17-talla-l\/#breadcrumb"},"inLanguage":"es","potentialAction":[{"@type":"ReadAction","target":["https:\/\/megafitness.cl\/store\/producto\/rdx-protector-de-ingle-aura-plus-t-17-talla-l\/"]}]},{"@type":"ImageObject","inLanguage":"es","@id":"https:\/\/megafitness.cl\/store\/producto\/rdx-protector-de-ingle-aura-plus-t-17-talla-l\/#primaryimage","url":"https:\/\/megafitness.cl\/store\/wp-content\/uploads\/sites\/3\/2025\/01\/groing_guard_aura_plus_golden_1_9a887ad6-49a1-44dd-99c5-5f03f99ebf4b_640x_crop_center.webp","contentUrl":"https:\/\/megafitness.cl\/store\/wp-content\/uploads\/sites\/3\/2025\/01\/groing_guard_aura_plus_golden_1_9a887ad6-49a1-44dd-99c5-5f03f99ebf4b_640x_crop_center.webp","width":640,"height":640},{"@type":"BreadcrumbList","@id":"https:\/\/megafitness.cl\/store\/producto\/rdx-protector-de-ingle-aura-plus-t-17-talla-l\/#breadcrumb","itemListElement":[{"@type":"ListItem","position":1,"name":"Portada","item":"https:\/\/megafitness.cl\/store\/"},{"@type":"ListItem","position":2,"name":"Shop","item":"https:\/\/megafitness.cl\/store\/shop\/"},{"@type":"ListItem","position":3,"name":"RDX Protector de Ingle AURA PLUS T-17 &#8211; Talla L"}]},{"@type":"WebSite","@id":"https:\/\/megafitness.cl\/store\/#website","url":"https:\/\/megafitness.cl\/store\/","name":"Mega Fitness | Tienda","description":"Tu Gimnasio en Providencia","publisher":{"@id":"https:\/\/megafitness.cl\/store\/#organization"},"potentialAction":[{"@type":"SearchAction","target":{"@type":"EntryPoint","urlTemplate":"https:\/\/megafitness.cl\/store\/?s={search_term_string}"},"query-input":{"@type":"PropertyValueSpecification","valueRequired":true,"valueName":"search_term_string"}}],"inLanguage":"es"},{"@type":"Organization","@id":"https:\/\/megafitness.cl\/store\/#organization","name":"Mega Fitness | Tienda","url":"https:\/\/megafitness.cl\/store\/","logo":{"@type":"ImageObject","inLanguage":"es","@id":"https:\/\/megafitness.cl\/store\/#\/schema\/logo\/image\/","url":"https:\/\/megafitness.cl\/store\/wp-content\/uploads\/sites\/3\/2024\/08\/megafitnessLogo1Simple.svg","contentUrl":"https:\/\/megafitness.cl\/store\/wp-content\/uploads\/sites\/3\/2024\/08\/megafitnessLogo1Simple.svg","width":197,"height":27,"caption":"Mega Fitness | Tienda"},"image":{"@id":"https:\/\/megafitness.cl\/store\/#\/schema\/logo\/image\/"}}]}},"_links":{"self":[{"href":"https:\/\/megafitness.cl\/store\/wp-json\/wp\/v2\/product\/1941","targetHints":{"allow":["GET"]}}],"collection":[{"href":"https:\/\/megafitness.cl\/store\/wp-json\/wp\/v2\/product"}],"about":[{"href":"https:\/\/megafitness.cl\/store\/wp-json\/wp\/v2\/types\/product"}],"replies":[{"embeddable":true,"href":"https:\/\/megafitness.cl\/store\/wp-json\/wp\/v2\/comments?post=1941"}],"wp:featuredmedia":[{"embeddable":true,"href":"https:\/\/megafitness.cl\/store\/wp-json\/wp\/v2\/media\/1924"}],"wp:attachment":[{"href":"https:\/\/megafitness.cl\/store\/wp-json\/wp\/v2\/media?parent=1941"}],"wp:term":[{"taxonomy":"product_brand","embeddable":true,"href":"https:\/\/megafitness.cl\/store\/wp-json\/wp\/v2\/product_brand?post=1941"},{"taxonomy":"product_cat","embeddable":true,"href":"https:\/\/megafitness.cl\/store\/wp-json\/wp\/v2\/product_cat?post=1941"},{"taxonomy":"product_tag","embeddable":true,"href":"https:\/\/megafitness.cl\/store\/wp-json\/wp\/v2\/product_tag?post=1941"}],"curies":[{"name":"wp","href":"https:\/\/api.w.org\/{rel}","templated":true}]}}