{"id":1988,"date":"2025-06-04T00:51:32","date_gmt":"2025-06-03T22:51:32","guid":{"rendered":"https:\/\/megafitness.cl\/store\/?post_type=product&#038;p=1988"},"modified":"2025-06-04T00:51:50","modified_gmt":"2025-06-03T22:51:50","slug":"rdx-guantillas-de-gel-is-rojo-talla-xl","status":"publish","type":"product","link":"https:\/\/megafitness.cl\/store\/producto\/rdx-guantillas-de-gel-is-rojo-talla-xl\/","title":{"rendered":"RDX Guantillas de Gel &#8211; IS &#8211; Rojo &#8211; Talla XL"},"content":{"rendered":"<p>Estas vendas para manos para entrenamiento de boxeo, MMA, Muay Thai y deportes de contacto ofrecen un soporte incre\u00edble para su mu\u00f1eca, al tiempo que garantizan la m\u00e1xima comodidad para un entrenamiento exitoso. Hecho de una tela resistente con agarre antideslizante, un orificio para el pulgar para mayor seguridad, acolchado integrado de gel y espuma para reducir el impacto y tecnolog\u00eda de control t\u00e9rmico para mantener sus manos c\u00f3modas, saludables y secas. Y con un dise\u00f1o envolvente extendido de 75 cm, puedes obtener el soporte adecuado para mantener tus huesos en su lugar en todo momento. La protecci\u00f3n perfecta para principiantes o profesionales. Disponible en varios tama\u00f1os. (TALLAS PEQUE\u00d1AS Y MEDIANAS RECOMENDADAS PARA NI\u00d1OS DE 10 A 14 A\u00d1OS)<\/p>\n<p>&nbsp;<\/p>\n<p>Hecho de tejido de fibra de carbono para una envoltura fuerte y flexible que conserva su forma.<\/p>\n<p>Shell Shock GEL y acolchado de espuma para proteger las manos y disipar los golpes.<\/p>\n<p>Tecnolog\u00eda de regulaci\u00f3n t\u00e9rmica para mantener el confort y la sequedad.<\/p>\n<p>Dise\u00f1o el\u00e1stico \u00fanico para que no se deslice y un orificio para el pulgar para mayor seguridad.<\/p>\n<p>Vendaje extralargo con cierre de gancho y bucle Quick-EZ para un soporte \u00f3ptimo de la mu\u00f1eca<\/p>\n<p>Certificado OEKO-TEX\u00ae Standard 100<\/p>\n","protected":false},"excerpt":{"rendered":"<p>Estas vendas para manos para entrenamiento de boxeo, MMA, Muay Thai y deportes de contacto ofrecen un soporte incre\u00edble para su mu\u00f1eca, al tiempo que garantizan la m\u00e1xima comodidad para un entrenamiento exitoso. Hecho de una tela resistente con agarre antideslizante, un orificio para el pulgar para mayor seguridad, acolchado integrado de gel y espuma&#8230;<\/p>\n","protected":false},"featured_media":1735,"comment_status":"open","ping_status":"closed","template":"","meta":{"_kad_post_transparent":"default","_kad_post_title":"","_kad_post_layout":"default","_kad_post_sidebar_id":"","_kad_post_content_style":"default","_kad_post_vertical_padding":"default","_kad_post_feature":"","_kad_post_feature_position":"","_kad_post_header":false,"_kad_post_footer":false,"_kad_post_classname":""},"product_brand":[],"product_cat":[24],"product_tag":[],"class_list":{"0":"post-1988","1":"product","2":"type-product","3":"status-publish","4":"has-post-thumbnail","6":"product_cat-guantes","8":"first","9":"instock","10":"shipping-taxable","11":"purchasable","12":"product-type-simple","13":"entry","14":"content-bg","15":"loop-entry"},"yoast_head":"<!-- This site is optimized with the Yoast SEO plugin v27.5 - https:\/\/yoast.com\/product\/yoast-seo-wordpress\/ -->\n<title>RDX Guantillas de Gel - IS - Rojo - Talla XL | Mega Fitness | Tienda<\/title>\n<meta name=\"robots\" content=\"index, follow, max-snippet:-1, max-image-preview:large, max-video-preview:-1\" \/>\n<link rel=\"canonical\" href=\"https:\/\/megafitness.cl\/store\/producto\/rdx-guantillas-de-gel-is-rojo-talla-xl\/\" \/>\n<meta property=\"og:locale\" content=\"es_ES\" \/>\n<meta property=\"og:type\" content=\"article\" \/>\n<meta property=\"og:title\" content=\"RDX Guantillas de Gel - IS - Rojo - Talla XL | Mega Fitness | Tienda\" \/>\n<meta property=\"og:description\" content=\"Estas vendas para manos para entrenamiento de boxeo, MMA, Muay Thai y deportes de contacto ofrecen un soporte incre\u00edble para su mu\u00f1eca, al tiempo que garantizan la m\u00e1xima comodidad para un entrenamiento exitoso. Hecho de una tela resistente con agarre antideslizante, un orificio para el pulgar para mayor seguridad, acolchado integrado de gel y espuma...\" \/>\n<meta property=\"og:url\" content=\"https:\/\/megafitness.cl\/store\/producto\/rdx-guantillas-de-gel-is-rojo-talla-xl\/\" \/>\n<meta property=\"og:site_name\" content=\"Mega Fitness | Tienda\" \/>\n<meta property=\"article:modified_time\" content=\"2025-06-03T22:51:50+00:00\" \/>\n<meta property=\"og:image\" content=\"https:\/\/megafitness.cl\/store\/wp-content\/uploads\/sites\/3\/2024\/08\/red-hoisery-inner-step_1_d2f078d1-9193-42da-9a2d-7550a28cc37b_960x_crop_center.webp\" \/>\n\t<meta property=\"og:image:width\" content=\"800\" \/>\n\t<meta property=\"og:image:height\" content=\"800\" \/>\n\t<meta property=\"og:image:type\" content=\"image\/webp\" \/>\n<meta name=\"twitter:card\" content=\"summary_large_image\" \/>\n<meta name=\"twitter:label1\" content=\"Tiempo de lectura\" \/>\n\t<meta name=\"twitter:data1\" content=\"2 minutos\" \/>\n<script type=\"application\/ld+json\" class=\"yoast-schema-graph\">{\"@context\":\"https:\\\/\\\/schema.org\",\"@graph\":[{\"@type\":[\"WebPage\",\"ItemPage\"],\"@id\":\"https:\\\/\\\/megafitness.cl\\\/store\\\/producto\\\/rdx-guantillas-de-gel-is-rojo-talla-xl\\\/\",\"url\":\"https:\\\/\\\/megafitness.cl\\\/store\\\/producto\\\/rdx-guantillas-de-gel-is-rojo-talla-xl\\\/\",\"name\":\"RDX Guantillas de Gel - IS - Rojo - Talla XL | Mega Fitness | Tienda\",\"isPartOf\":{\"@id\":\"https:\\\/\\\/megafitness.cl\\\/store\\\/#website\"},\"primaryImageOfPage\":{\"@id\":\"https:\\\/\\\/megafitness.cl\\\/store\\\/producto\\\/rdx-guantillas-de-gel-is-rojo-talla-xl\\\/#primaryimage\"},\"image\":{\"@id\":\"https:\\\/\\\/megafitness.cl\\\/store\\\/producto\\\/rdx-guantillas-de-gel-is-rojo-talla-xl\\\/#primaryimage\"},\"thumbnailUrl\":\"https:\\\/\\\/megafitness.cl\\\/store\\\/wp-content\\\/uploads\\\/sites\\\/3\\\/2024\\\/08\\\/red-hoisery-inner-step_1_d2f078d1-9193-42da-9a2d-7550a28cc37b_960x_crop_center.webp\",\"datePublished\":\"2025-06-03T22:51:32+00:00\",\"dateModified\":\"2025-06-03T22:51:50+00:00\",\"breadcrumb\":{\"@id\":\"https:\\\/\\\/megafitness.cl\\\/store\\\/producto\\\/rdx-guantillas-de-gel-is-rojo-talla-xl\\\/#breadcrumb\"},\"inLanguage\":\"es\",\"potentialAction\":[{\"@type\":\"ReadAction\",\"target\":[\"https:\\\/\\\/megafitness.cl\\\/store\\\/producto\\\/rdx-guantillas-de-gel-is-rojo-talla-xl\\\/\"]}]},{\"@type\":\"ImageObject\",\"inLanguage\":\"es\",\"@id\":\"https:\\\/\\\/megafitness.cl\\\/store\\\/producto\\\/rdx-guantillas-de-gel-is-rojo-talla-xl\\\/#primaryimage\",\"url\":\"https:\\\/\\\/megafitness.cl\\\/store\\\/wp-content\\\/uploads\\\/sites\\\/3\\\/2024\\\/08\\\/red-hoisery-inner-step_1_d2f078d1-9193-42da-9a2d-7550a28cc37b_960x_crop_center.webp\",\"contentUrl\":\"https:\\\/\\\/megafitness.cl\\\/store\\\/wp-content\\\/uploads\\\/sites\\\/3\\\/2024\\\/08\\\/red-hoisery-inner-step_1_d2f078d1-9193-42da-9a2d-7550a28cc37b_960x_crop_center.webp\",\"width\":800,\"height\":800},{\"@type\":\"BreadcrumbList\",\"@id\":\"https:\\\/\\\/megafitness.cl\\\/store\\\/producto\\\/rdx-guantillas-de-gel-is-rojo-talla-xl\\\/#breadcrumb\",\"itemListElement\":[{\"@type\":\"ListItem\",\"position\":1,\"name\":\"Portada\",\"item\":\"https:\\\/\\\/megafitness.cl\\\/store\\\/\"},{\"@type\":\"ListItem\",\"position\":2,\"name\":\"Shop\",\"item\":\"https:\\\/\\\/megafitness.cl\\\/store\\\/shop\\\/\"},{\"@type\":\"ListItem\",\"position\":3,\"name\":\"RDX Guantillas de Gel &#8211; IS &#8211; Rojo &#8211; Talla XL\"}]},{\"@type\":\"WebSite\",\"@id\":\"https:\\\/\\\/megafitness.cl\\\/store\\\/#website\",\"url\":\"https:\\\/\\\/megafitness.cl\\\/store\\\/\",\"name\":\"Mega Fitness | Tienda\",\"description\":\"Tu Gimnasio en Providencia\",\"publisher\":{\"@id\":\"https:\\\/\\\/megafitness.cl\\\/store\\\/#organization\"},\"potentialAction\":[{\"@type\":\"SearchAction\",\"target\":{\"@type\":\"EntryPoint\",\"urlTemplate\":\"https:\\\/\\\/megafitness.cl\\\/store\\\/?s={search_term_string}\"},\"query-input\":{\"@type\":\"PropertyValueSpecification\",\"valueRequired\":true,\"valueName\":\"search_term_string\"}}],\"inLanguage\":\"es\"},{\"@type\":\"Organization\",\"@id\":\"https:\\\/\\\/megafitness.cl\\\/store\\\/#organization\",\"name\":\"Mega Fitness | Tienda\",\"url\":\"https:\\\/\\\/megafitness.cl\\\/store\\\/\",\"logo\":{\"@type\":\"ImageObject\",\"inLanguage\":\"es\",\"@id\":\"https:\\\/\\\/megafitness.cl\\\/store\\\/#\\\/schema\\\/logo\\\/image\\\/\",\"url\":\"https:\\\/\\\/megafitness.cl\\\/store\\\/wp-content\\\/uploads\\\/sites\\\/3\\\/2024\\\/08\\\/megafitnessLogo1Simple.svg\",\"contentUrl\":\"https:\\\/\\\/megafitness.cl\\\/store\\\/wp-content\\\/uploads\\\/sites\\\/3\\\/2024\\\/08\\\/megafitnessLogo1Simple.svg\",\"width\":197,\"height\":27,\"caption\":\"Mega Fitness | Tienda\"},\"image\":{\"@id\":\"https:\\\/\\\/megafitness.cl\\\/store\\\/#\\\/schema\\\/logo\\\/image\\\/\"}}]}<\/script>\n<!-- \/ Yoast SEO plugin. -->","yoast_head_json":{"title":"RDX Guantillas de Gel - IS - Rojo - Talla XL | Mega Fitness | Tienda","robots":{"index":"index","follow":"follow","max-snippet":"max-snippet:-1","max-image-preview":"max-image-preview:large","max-video-preview":"max-video-preview:-1"},"canonical":"https:\/\/megafitness.cl\/store\/producto\/rdx-guantillas-de-gel-is-rojo-talla-xl\/","og_locale":"es_ES","og_type":"article","og_title":"RDX Guantillas de Gel - IS - Rojo - Talla XL | Mega Fitness | Tienda","og_description":"Estas vendas para manos para entrenamiento de boxeo, MMA, Muay Thai y deportes de contacto ofrecen un soporte incre\u00edble para su mu\u00f1eca, al tiempo que garantizan la m\u00e1xima comodidad para un entrenamiento exitoso. Hecho de una tela resistente con agarre antideslizante, un orificio para el pulgar para mayor seguridad, acolchado integrado de gel y espuma...","og_url":"https:\/\/megafitness.cl\/store\/producto\/rdx-guantillas-de-gel-is-rojo-talla-xl\/","og_site_name":"Mega Fitness | Tienda","article_modified_time":"2025-06-03T22:51:50+00:00","og_image":[{"width":800,"height":800,"url":"https:\/\/megafitness.cl\/store\/wp-content\/uploads\/sites\/3\/2024\/08\/red-hoisery-inner-step_1_d2f078d1-9193-42da-9a2d-7550a28cc37b_960x_crop_center.webp","type":"image\/webp"}],"twitter_card":"summary_large_image","twitter_misc":{"Tiempo de lectura":"2 minutos"},"schema":{"@context":"https:\/\/schema.org","@graph":[{"@type":["WebPage","ItemPage"],"@id":"https:\/\/megafitness.cl\/store\/producto\/rdx-guantillas-de-gel-is-rojo-talla-xl\/","url":"https:\/\/megafitness.cl\/store\/producto\/rdx-guantillas-de-gel-is-rojo-talla-xl\/","name":"RDX Guantillas de Gel - IS - Rojo - Talla XL | Mega Fitness | Tienda","isPartOf":{"@id":"https:\/\/megafitness.cl\/store\/#website"},"primaryImageOfPage":{"@id":"https:\/\/megafitness.cl\/store\/producto\/rdx-guantillas-de-gel-is-rojo-talla-xl\/#primaryimage"},"image":{"@id":"https:\/\/megafitness.cl\/store\/producto\/rdx-guantillas-de-gel-is-rojo-talla-xl\/#primaryimage"},"thumbnailUrl":"https:\/\/megafitness.cl\/store\/wp-content\/uploads\/sites\/3\/2024\/08\/red-hoisery-inner-step_1_d2f078d1-9193-42da-9a2d-7550a28cc37b_960x_crop_center.webp","datePublished":"2025-06-03T22:51:32+00:00","dateModified":"2025-06-03T22:51:50+00:00","breadcrumb":{"@id":"https:\/\/megafitness.cl\/store\/producto\/rdx-guantillas-de-gel-is-rojo-talla-xl\/#breadcrumb"},"inLanguage":"es","potentialAction":[{"@type":"ReadAction","target":["https:\/\/megafitness.cl\/store\/producto\/rdx-guantillas-de-gel-is-rojo-talla-xl\/"]}]},{"@type":"ImageObject","inLanguage":"es","@id":"https:\/\/megafitness.cl\/store\/producto\/rdx-guantillas-de-gel-is-rojo-talla-xl\/#primaryimage","url":"https:\/\/megafitness.cl\/store\/wp-content\/uploads\/sites\/3\/2024\/08\/red-hoisery-inner-step_1_d2f078d1-9193-42da-9a2d-7550a28cc37b_960x_crop_center.webp","contentUrl":"https:\/\/megafitness.cl\/store\/wp-content\/uploads\/sites\/3\/2024\/08\/red-hoisery-inner-step_1_d2f078d1-9193-42da-9a2d-7550a28cc37b_960x_crop_center.webp","width":800,"height":800},{"@type":"BreadcrumbList","@id":"https:\/\/megafitness.cl\/store\/producto\/rdx-guantillas-de-gel-is-rojo-talla-xl\/#breadcrumb","itemListElement":[{"@type":"ListItem","position":1,"name":"Portada","item":"https:\/\/megafitness.cl\/store\/"},{"@type":"ListItem","position":2,"name":"Shop","item":"https:\/\/megafitness.cl\/store\/shop\/"},{"@type":"ListItem","position":3,"name":"RDX Guantillas de Gel &#8211; IS &#8211; Rojo &#8211; Talla XL"}]},{"@type":"WebSite","@id":"https:\/\/megafitness.cl\/store\/#website","url":"https:\/\/megafitness.cl\/store\/","name":"Mega Fitness | Tienda","description":"Tu Gimnasio en Providencia","publisher":{"@id":"https:\/\/megafitness.cl\/store\/#organization"},"potentialAction":[{"@type":"SearchAction","target":{"@type":"EntryPoint","urlTemplate":"https:\/\/megafitness.cl\/store\/?s={search_term_string}"},"query-input":{"@type":"PropertyValueSpecification","valueRequired":true,"valueName":"search_term_string"}}],"inLanguage":"es"},{"@type":"Organization","@id":"https:\/\/megafitness.cl\/store\/#organization","name":"Mega Fitness | Tienda","url":"https:\/\/megafitness.cl\/store\/","logo":{"@type":"ImageObject","inLanguage":"es","@id":"https:\/\/megafitness.cl\/store\/#\/schema\/logo\/image\/","url":"https:\/\/megafitness.cl\/store\/wp-content\/uploads\/sites\/3\/2024\/08\/megafitnessLogo1Simple.svg","contentUrl":"https:\/\/megafitness.cl\/store\/wp-content\/uploads\/sites\/3\/2024\/08\/megafitnessLogo1Simple.svg","width":197,"height":27,"caption":"Mega Fitness | Tienda"},"image":{"@id":"https:\/\/megafitness.cl\/store\/#\/schema\/logo\/image\/"}}]}},"_links":{"self":[{"href":"https:\/\/megafitness.cl\/store\/wp-json\/wp\/v2\/product\/1988","targetHints":{"allow":["GET"]}}],"collection":[{"href":"https:\/\/megafitness.cl\/store\/wp-json\/wp\/v2\/product"}],"about":[{"href":"https:\/\/megafitness.cl\/store\/wp-json\/wp\/v2\/types\/product"}],"replies":[{"embeddable":true,"href":"https:\/\/megafitness.cl\/store\/wp-json\/wp\/v2\/comments?post=1988"}],"wp:featuredmedia":[{"embeddable":true,"href":"https:\/\/megafitness.cl\/store\/wp-json\/wp\/v2\/media\/1735"}],"wp:attachment":[{"href":"https:\/\/megafitness.cl\/store\/wp-json\/wp\/v2\/media?parent=1988"}],"wp:term":[{"taxonomy":"product_brand","embeddable":true,"href":"https:\/\/megafitness.cl\/store\/wp-json\/wp\/v2\/product_brand?post=1988"},{"taxonomy":"product_cat","embeddable":true,"href":"https:\/\/megafitness.cl\/store\/wp-json\/wp\/v2\/product_cat?post=1988"},{"taxonomy":"product_tag","embeddable":true,"href":"https:\/\/megafitness.cl\/store\/wp-json\/wp\/v2\/product_tag?post=1988"}],"curies":[{"name":"wp","href":"https:\/\/api.w.org\/{rel}","templated":true}]}}