{"id":2016,"date":"2025-07-08T20:53:28","date_gmt":"2025-07-08T18:53:28","guid":{"rendered":"https:\/\/megafitness.cl\/store\/?post_type=product&#038;p=2016"},"modified":"2025-07-17T03:49:23","modified_gmt":"2025-07-17T01:49:23","slug":"cinturon-de-inmersion-para-entrenamiento-con-pesas-rdx-t7-con-cadena","status":"publish","type":"product","link":"https:\/\/megafitness.cl\/store\/producto\/cinturon-de-inmersion-para-entrenamiento-con-pesas-rdx-t7-con-cadena\/","title":{"rendered":"Cintur\u00f3n de inmersi\u00f3n para entrenamiento con pesas RDX T7 con cadena"},"content":{"rendered":"<p>Descripci\u00f3n del Producto<br \/>\nPara garantizar la tranquilidad y la seguridad de los levantadores aficionados y profesionales por igual, el cintur\u00f3n de inmersi\u00f3n T7 Pro con su construcci\u00f3n c\u00f3nica est\u00e1 equipado con una capa gruesa de relleno de espuma EVA, tela de poli\u00e9ster resistente y agarre mejorado para satisfacer sus necesidades de acondicionamiento f\u00edsico. A\u00f1adido con dos capas de polipropileno, este producto puede soportar cargas m\u00e1ximas de hasta 600 libras. Una cadena de acero extra larga de 36 pulgadas proporciona al usuario la oportunidad de lograr enormes ganancias con m\u00e1s placas de peso para aumentar la intensidad de su entrenamiento. La ayuda perfecta para el entrenamiento para mantener una postura adecuada de la espalda baja durante ejercicios como fondos con peso, dominadas con peso, sentadillas con cintur\u00f3n y elevaciones de pantorrillas.<\/p>\n<p>La estructura c\u00f3nica permite que las caderas se muevan libremente durante los recorridos m\u00e1s largos. Una capa gruesa de l\u00e1mina de EVA, revestida con tela de poli\u00e9ster antideslizante, proporciona un agarre m\u00e1s firme.<br \/>\nLa parte delantera del cintur\u00f3n est\u00e1 recubierta de una capa de polipropileno de trama ancha sobre la que se asienta el cintur\u00f3n superpuesto de polipropileno de trama fina. Esta doble capa garantiza la m\u00e1xima durabilidad y capacidad de carga.<br \/>\nEl cintur\u00f3n mide 32 pulgadas de largo, con un \u00e1rea de madera de 6 pulgadas de ancho y paneles laterales c\u00f3nicos de 4 pulgadas de ancho.<br \/>\nAnillos en D y mosquet\u00f3n de metal resistente con revestimiento en polvo, con cadena de acero de calibre grueso extra larga de 36 pulgadas que le permite llevar platos adicionales durante el entrenamiento.<\/p>\n","protected":false},"excerpt":{"rendered":"<p>Descripci\u00f3n del Producto Para garantizar la tranquilidad y la seguridad de los levantadores aficionados y profesionales por igual, el cintur\u00f3n de inmersi\u00f3n T7 Pro con su construcci\u00f3n c\u00f3nica est\u00e1 equipado con una capa gruesa de relleno de espuma EVA, tela de poli\u00e9ster resistente y agarre mejorado para satisfacer sus necesidades de acondicionamiento f\u00edsico. A\u00f1adido con&#8230;<\/p>\n","protected":false},"featured_media":2017,"comment_status":"open","ping_status":"closed","template":"","meta":{"_kad_post_transparent":"default","_kad_post_title":"","_kad_post_layout":"default","_kad_post_sidebar_id":"","_kad_post_content_style":"default","_kad_post_vertical_padding":"default","_kad_post_feature":"","_kad_post_feature_position":"","_kad_post_header":false,"_kad_post_footer":false,"_kad_post_classname":""},"product_brand":[],"product_cat":[26],"product_tag":[42],"class_list":{"0":"post-2016","1":"product","2":"type-product","3":"status-publish","4":"has-post-thumbnail","6":"product_cat-pesas","7":"product_tag-cinturon","9":"first","10":"outofstock","11":"featured","12":"shipping-taxable","13":"purchasable","14":"product-type-simple","15":"entry","16":"content-bg","17":"loop-entry"},"yoast_head":"<!-- This site is optimized with the Yoast SEO plugin v27.5 - https:\/\/yoast.com\/product\/yoast-seo-wordpress\/ -->\n<title>Cintur\u00f3n de inmersi\u00f3n para entrenamiento con pesas RDX T7 con cadena | Mega Fitness | Tienda<\/title>\n<meta name=\"robots\" content=\"index, follow, max-snippet:-1, max-image-preview:large, max-video-preview:-1\" \/>\n<link rel=\"canonical\" href=\"https:\/\/megafitness.cl\/store\/producto\/cinturon-de-inmersion-para-entrenamiento-con-pesas-rdx-t7-con-cadena\/\" \/>\n<meta property=\"og:locale\" content=\"es_ES\" \/>\n<meta property=\"og:type\" content=\"article\" \/>\n<meta property=\"og:title\" content=\"Cintur\u00f3n de inmersi\u00f3n para entrenamiento con pesas RDX T7 con cadena | Mega Fitness | Tienda\" \/>\n<meta property=\"og:description\" content=\"Descripci\u00f3n del Producto Para garantizar la tranquilidad y la seguridad de los levantadores aficionados y profesionales por igual, el cintur\u00f3n de inmersi\u00f3n T7 Pro con su construcci\u00f3n c\u00f3nica est\u00e1 equipado con una capa gruesa de relleno de espuma EVA, tela de poli\u00e9ster resistente y agarre mejorado para satisfacer sus necesidades de acondicionamiento f\u00edsico. A\u00f1adido con...\" \/>\n<meta property=\"og:url\" content=\"https:\/\/megafitness.cl\/store\/producto\/cinturon-de-inmersion-para-entrenamiento-con-pesas-rdx-t7-con-cadena\/\" \/>\n<meta property=\"og:site_name\" content=\"Mega Fitness | Tienda\" \/>\n<meta property=\"article:modified_time\" content=\"2025-07-17T01:49:23+00:00\" \/>\n<meta property=\"og:image\" content=\"https:\/\/megafitness.cl\/store\/wp-content\/uploads\/sites\/3\/2025\/07\/cinturon-con-cadena.jpg\" \/>\n\t<meta property=\"og:image:width\" content=\"640\" \/>\n\t<meta property=\"og:image:height\" content=\"640\" \/>\n\t<meta property=\"og:image:type\" content=\"image\/jpeg\" \/>\n<meta name=\"twitter:card\" content=\"summary_large_image\" \/>\n<meta name=\"twitter:label1\" content=\"Tiempo de lectura\" \/>\n\t<meta name=\"twitter:data1\" content=\"1 minuto\" \/>\n<script type=\"application\/ld+json\" class=\"yoast-schema-graph\">{\"@context\":\"https:\\\/\\\/schema.org\",\"@graph\":[{\"@type\":[\"WebPage\",\"ItemPage\"],\"@id\":\"https:\\\/\\\/megafitness.cl\\\/store\\\/producto\\\/cinturon-de-inmersion-para-entrenamiento-con-pesas-rdx-t7-con-cadena\\\/\",\"url\":\"https:\\\/\\\/megafitness.cl\\\/store\\\/producto\\\/cinturon-de-inmersion-para-entrenamiento-con-pesas-rdx-t7-con-cadena\\\/\",\"name\":\"Cintur\u00f3n de inmersi\u00f3n para entrenamiento con pesas RDX T7 con cadena | Mega Fitness | Tienda\",\"isPartOf\":{\"@id\":\"https:\\\/\\\/megafitness.cl\\\/store\\\/#website\"},\"primaryImageOfPage\":{\"@id\":\"https:\\\/\\\/megafitness.cl\\\/store\\\/producto\\\/cinturon-de-inmersion-para-entrenamiento-con-pesas-rdx-t7-con-cadena\\\/#primaryimage\"},\"image\":{\"@id\":\"https:\\\/\\\/megafitness.cl\\\/store\\\/producto\\\/cinturon-de-inmersion-para-entrenamiento-con-pesas-rdx-t7-con-cadena\\\/#primaryimage\"},\"thumbnailUrl\":\"https:\\\/\\\/megafitness.cl\\\/store\\\/wp-content\\\/uploads\\\/sites\\\/3\\\/2025\\\/07\\\/cinturon-con-cadena.jpg\",\"datePublished\":\"2025-07-08T18:53:28+00:00\",\"dateModified\":\"2025-07-17T01:49:23+00:00\",\"breadcrumb\":{\"@id\":\"https:\\\/\\\/megafitness.cl\\\/store\\\/producto\\\/cinturon-de-inmersion-para-entrenamiento-con-pesas-rdx-t7-con-cadena\\\/#breadcrumb\"},\"inLanguage\":\"es\",\"potentialAction\":[{\"@type\":\"ReadAction\",\"target\":[\"https:\\\/\\\/megafitness.cl\\\/store\\\/producto\\\/cinturon-de-inmersion-para-entrenamiento-con-pesas-rdx-t7-con-cadena\\\/\"]}]},{\"@type\":\"ImageObject\",\"inLanguage\":\"es\",\"@id\":\"https:\\\/\\\/megafitness.cl\\\/store\\\/producto\\\/cinturon-de-inmersion-para-entrenamiento-con-pesas-rdx-t7-con-cadena\\\/#primaryimage\",\"url\":\"https:\\\/\\\/megafitness.cl\\\/store\\\/wp-content\\\/uploads\\\/sites\\\/3\\\/2025\\\/07\\\/cinturon-con-cadena.jpg\",\"contentUrl\":\"https:\\\/\\\/megafitness.cl\\\/store\\\/wp-content\\\/uploads\\\/sites\\\/3\\\/2025\\\/07\\\/cinturon-con-cadena.jpg\",\"width\":640,\"height\":640},{\"@type\":\"BreadcrumbList\",\"@id\":\"https:\\\/\\\/megafitness.cl\\\/store\\\/producto\\\/cinturon-de-inmersion-para-entrenamiento-con-pesas-rdx-t7-con-cadena\\\/#breadcrumb\",\"itemListElement\":[{\"@type\":\"ListItem\",\"position\":1,\"name\":\"Portada\",\"item\":\"https:\\\/\\\/megafitness.cl\\\/store\\\/\"},{\"@type\":\"ListItem\",\"position\":2,\"name\":\"Shop\",\"item\":\"https:\\\/\\\/megafitness.cl\\\/store\\\/shop\\\/\"},{\"@type\":\"ListItem\",\"position\":3,\"name\":\"Cintur\u00f3n de inmersi\u00f3n para entrenamiento con pesas RDX T7 con cadena\"}]},{\"@type\":\"WebSite\",\"@id\":\"https:\\\/\\\/megafitness.cl\\\/store\\\/#website\",\"url\":\"https:\\\/\\\/megafitness.cl\\\/store\\\/\",\"name\":\"Mega Fitness | Tienda\",\"description\":\"Tu Gimnasio en Providencia\",\"publisher\":{\"@id\":\"https:\\\/\\\/megafitness.cl\\\/store\\\/#organization\"},\"potentialAction\":[{\"@type\":\"SearchAction\",\"target\":{\"@type\":\"EntryPoint\",\"urlTemplate\":\"https:\\\/\\\/megafitness.cl\\\/store\\\/?s={search_term_string}\"},\"query-input\":{\"@type\":\"PropertyValueSpecification\",\"valueRequired\":true,\"valueName\":\"search_term_string\"}}],\"inLanguage\":\"es\"},{\"@type\":\"Organization\",\"@id\":\"https:\\\/\\\/megafitness.cl\\\/store\\\/#organization\",\"name\":\"Mega Fitness | Tienda\",\"url\":\"https:\\\/\\\/megafitness.cl\\\/store\\\/\",\"logo\":{\"@type\":\"ImageObject\",\"inLanguage\":\"es\",\"@id\":\"https:\\\/\\\/megafitness.cl\\\/store\\\/#\\\/schema\\\/logo\\\/image\\\/\",\"url\":\"https:\\\/\\\/megafitness.cl\\\/store\\\/wp-content\\\/uploads\\\/sites\\\/3\\\/2024\\\/08\\\/megafitnessLogo1Simple.svg\",\"contentUrl\":\"https:\\\/\\\/megafitness.cl\\\/store\\\/wp-content\\\/uploads\\\/sites\\\/3\\\/2024\\\/08\\\/megafitnessLogo1Simple.svg\",\"width\":197,\"height\":27,\"caption\":\"Mega Fitness | Tienda\"},\"image\":{\"@id\":\"https:\\\/\\\/megafitness.cl\\\/store\\\/#\\\/schema\\\/logo\\\/image\\\/\"}}]}<\/script>\n<!-- \/ Yoast SEO plugin. -->","yoast_head_json":{"title":"Cintur\u00f3n de inmersi\u00f3n para entrenamiento con pesas RDX T7 con cadena | Mega Fitness | Tienda","robots":{"index":"index","follow":"follow","max-snippet":"max-snippet:-1","max-image-preview":"max-image-preview:large","max-video-preview":"max-video-preview:-1"},"canonical":"https:\/\/megafitness.cl\/store\/producto\/cinturon-de-inmersion-para-entrenamiento-con-pesas-rdx-t7-con-cadena\/","og_locale":"es_ES","og_type":"article","og_title":"Cintur\u00f3n de inmersi\u00f3n para entrenamiento con pesas RDX T7 con cadena | Mega Fitness | Tienda","og_description":"Descripci\u00f3n del Producto Para garantizar la tranquilidad y la seguridad de los levantadores aficionados y profesionales por igual, el cintur\u00f3n de inmersi\u00f3n T7 Pro con su construcci\u00f3n c\u00f3nica est\u00e1 equipado con una capa gruesa de relleno de espuma EVA, tela de poli\u00e9ster resistente y agarre mejorado para satisfacer sus necesidades de acondicionamiento f\u00edsico. A\u00f1adido con...","og_url":"https:\/\/megafitness.cl\/store\/producto\/cinturon-de-inmersion-para-entrenamiento-con-pesas-rdx-t7-con-cadena\/","og_site_name":"Mega Fitness | Tienda","article_modified_time":"2025-07-17T01:49:23+00:00","og_image":[{"width":640,"height":640,"url":"https:\/\/megafitness.cl\/store\/wp-content\/uploads\/sites\/3\/2025\/07\/cinturon-con-cadena.jpg","type":"image\/jpeg"}],"twitter_card":"summary_large_image","twitter_misc":{"Tiempo de lectura":"1 minuto"},"schema":{"@context":"https:\/\/schema.org","@graph":[{"@type":["WebPage","ItemPage"],"@id":"https:\/\/megafitness.cl\/store\/producto\/cinturon-de-inmersion-para-entrenamiento-con-pesas-rdx-t7-con-cadena\/","url":"https:\/\/megafitness.cl\/store\/producto\/cinturon-de-inmersion-para-entrenamiento-con-pesas-rdx-t7-con-cadena\/","name":"Cintur\u00f3n de inmersi\u00f3n para entrenamiento con pesas RDX T7 con cadena | Mega Fitness | Tienda","isPartOf":{"@id":"https:\/\/megafitness.cl\/store\/#website"},"primaryImageOfPage":{"@id":"https:\/\/megafitness.cl\/store\/producto\/cinturon-de-inmersion-para-entrenamiento-con-pesas-rdx-t7-con-cadena\/#primaryimage"},"image":{"@id":"https:\/\/megafitness.cl\/store\/producto\/cinturon-de-inmersion-para-entrenamiento-con-pesas-rdx-t7-con-cadena\/#primaryimage"},"thumbnailUrl":"https:\/\/megafitness.cl\/store\/wp-content\/uploads\/sites\/3\/2025\/07\/cinturon-con-cadena.jpg","datePublished":"2025-07-08T18:53:28+00:00","dateModified":"2025-07-17T01:49:23+00:00","breadcrumb":{"@id":"https:\/\/megafitness.cl\/store\/producto\/cinturon-de-inmersion-para-entrenamiento-con-pesas-rdx-t7-con-cadena\/#breadcrumb"},"inLanguage":"es","potentialAction":[{"@type":"ReadAction","target":["https:\/\/megafitness.cl\/store\/producto\/cinturon-de-inmersion-para-entrenamiento-con-pesas-rdx-t7-con-cadena\/"]}]},{"@type":"ImageObject","inLanguage":"es","@id":"https:\/\/megafitness.cl\/store\/producto\/cinturon-de-inmersion-para-entrenamiento-con-pesas-rdx-t7-con-cadena\/#primaryimage","url":"https:\/\/megafitness.cl\/store\/wp-content\/uploads\/sites\/3\/2025\/07\/cinturon-con-cadena.jpg","contentUrl":"https:\/\/megafitness.cl\/store\/wp-content\/uploads\/sites\/3\/2025\/07\/cinturon-con-cadena.jpg","width":640,"height":640},{"@type":"BreadcrumbList","@id":"https:\/\/megafitness.cl\/store\/producto\/cinturon-de-inmersion-para-entrenamiento-con-pesas-rdx-t7-con-cadena\/#breadcrumb","itemListElement":[{"@type":"ListItem","position":1,"name":"Portada","item":"https:\/\/megafitness.cl\/store\/"},{"@type":"ListItem","position":2,"name":"Shop","item":"https:\/\/megafitness.cl\/store\/shop\/"},{"@type":"ListItem","position":3,"name":"Cintur\u00f3n de inmersi\u00f3n para entrenamiento con pesas RDX T7 con cadena"}]},{"@type":"WebSite","@id":"https:\/\/megafitness.cl\/store\/#website","url":"https:\/\/megafitness.cl\/store\/","name":"Mega Fitness | Tienda","description":"Tu Gimnasio en Providencia","publisher":{"@id":"https:\/\/megafitness.cl\/store\/#organization"},"potentialAction":[{"@type":"SearchAction","target":{"@type":"EntryPoint","urlTemplate":"https:\/\/megafitness.cl\/store\/?s={search_term_string}"},"query-input":{"@type":"PropertyValueSpecification","valueRequired":true,"valueName":"search_term_string"}}],"inLanguage":"es"},{"@type":"Organization","@id":"https:\/\/megafitness.cl\/store\/#organization","name":"Mega Fitness | Tienda","url":"https:\/\/megafitness.cl\/store\/","logo":{"@type":"ImageObject","inLanguage":"es","@id":"https:\/\/megafitness.cl\/store\/#\/schema\/logo\/image\/","url":"https:\/\/megafitness.cl\/store\/wp-content\/uploads\/sites\/3\/2024\/08\/megafitnessLogo1Simple.svg","contentUrl":"https:\/\/megafitness.cl\/store\/wp-content\/uploads\/sites\/3\/2024\/08\/megafitnessLogo1Simple.svg","width":197,"height":27,"caption":"Mega Fitness | Tienda"},"image":{"@id":"https:\/\/megafitness.cl\/store\/#\/schema\/logo\/image\/"}}]}},"_links":{"self":[{"href":"https:\/\/megafitness.cl\/store\/wp-json\/wp\/v2\/product\/2016","targetHints":{"allow":["GET"]}}],"collection":[{"href":"https:\/\/megafitness.cl\/store\/wp-json\/wp\/v2\/product"}],"about":[{"href":"https:\/\/megafitness.cl\/store\/wp-json\/wp\/v2\/types\/product"}],"replies":[{"embeddable":true,"href":"https:\/\/megafitness.cl\/store\/wp-json\/wp\/v2\/comments?post=2016"}],"wp:featuredmedia":[{"embeddable":true,"href":"https:\/\/megafitness.cl\/store\/wp-json\/wp\/v2\/media\/2017"}],"wp:attachment":[{"href":"https:\/\/megafitness.cl\/store\/wp-json\/wp\/v2\/media?parent=2016"}],"wp:term":[{"taxonomy":"product_brand","embeddable":true,"href":"https:\/\/megafitness.cl\/store\/wp-json\/wp\/v2\/product_brand?post=2016"},{"taxonomy":"product_cat","embeddable":true,"href":"https:\/\/megafitness.cl\/store\/wp-json\/wp\/v2\/product_cat?post=2016"},{"taxonomy":"product_tag","embeddable":true,"href":"https:\/\/megafitness.cl\/store\/wp-json\/wp\/v2\/product_tag?post=2016"}],"curies":[{"name":"wp","href":"https:\/\/api.w.org\/{rel}","templated":true}]}}