{"id":2061,"date":"2025-11-14T22:02:47","date_gmt":"2025-11-14T21:02:47","guid":{"rendered":"https:\/\/megafitness.cl\/store\/?post_type=product&#038;p=2061"},"modified":"2025-11-14T22:03:28","modified_gmt":"2025-11-14T21:03:28","slug":"rdx-guantes-de-boxeo-fl5-floral-8oz","status":"publish","type":"product","link":"https:\/\/megafitness.cl\/store\/producto\/rdx-guantes-de-boxeo-fl5-floral-8oz\/","title":{"rendered":"RDX Guantes de Boxeo FL5 Floral 8oz"},"content":{"rendered":"<p>Dise\u00f1ados de forma \u00fanica para exhibir una destreza natural en todos tus entrenamientos de boxeo, ya sea con el saco, manoplas o en el sparring. Los guantes de boxeo FL 5 est\u00e1n hechos para tener un aspecto atractivo y, al mismo tiempo, picar a tus oponentes como si fueran espinas venenosas. Estos guantes de cuero Maya Hide Flora Skin est\u00e1n hechos para ser duraderos y absorber los impactos con un acolchado de Membrane Grid 1 (MG-1) de varias capas. El tejido interno de sat\u00e9n proporciona tanto una comodidad suave y lisa como un agarre firme y seguro. Adem\u00e1s, los guantes priorizan la transpirabilidad y la seguridad junto con los orificios perforados y los pu\u00f1os de espuma Denzotron. Los pu\u00f1os tienen capas para proporcionar la m\u00e1xima protecci\u00f3n a la mu\u00f1eca y al antebrazo tanto de los impactos como del desgaste por el uso.<\/p>\n<p>Dise\u00f1o de cuero Maya Hide Flora Skin hace que sean los guantes m\u00e1s naturales del mercado.<br \/>\nTejido satinado ofrece un interior suave pero absorbente y la barra de Denzotron proporciona agarre.<br \/>\nMembrane Grid 1 (MG-1), una tecnolog\u00eda de acolchado multicapa que distribuye tanto la durabilidad como la resistencia a los golpes.<br \/>\nEspuma de fusi\u00f3n poligonal para proteger el pulgar y laminado satinado para la absorci\u00f3n y la transpiraci\u00f3n.<br \/>\nPu\u00f1os con correa de gancho y bucle Quick-EZ para mantener los guantes seguros envueltos en l\u00e1minas de difusi\u00f3n de impactos calibradas y acolchado Sponge X PADDING.<\/p>\n","protected":false},"excerpt":{"rendered":"<p>Guantes de Boxeo RDX<br \/>\nModelo FL5 FLoral<br \/>\n8OZ<\/p>\n","protected":false},"featured_media":2062,"comment_status":"open","ping_status":"closed","template":"","meta":{"_kad_post_transparent":"default","_kad_post_title":"","_kad_post_layout":"default","_kad_post_sidebar_id":"","_kad_post_content_style":"default","_kad_post_vertical_padding":"default","_kad_post_feature":"","_kad_post_feature_position":"","_kad_post_header":false,"_kad_post_footer":false,"_kad_post_classname":""},"product_brand":[],"product_cat":[24],"product_tag":[],"class_list":{"0":"post-2061","1":"product","2":"type-product","3":"status-publish","4":"has-post-thumbnail","6":"product_cat-guantes","8":"first","9":"instock","10":"shipping-taxable","11":"purchasable","12":"product-type-simple","13":"entry","14":"content-bg","15":"loop-entry"},"yoast_head":"<!-- This site is optimized with the Yoast SEO plugin v27.4 - https:\/\/yoast.com\/product\/yoast-seo-wordpress\/ -->\n<title>RDX Guantes de Boxeo FL5 Floral 8oz | Mega Fitness | Tienda<\/title>\n<meta name=\"robots\" content=\"index, follow, max-snippet:-1, max-image-preview:large, max-video-preview:-1\" \/>\n<link rel=\"canonical\" href=\"https:\/\/megafitness.cl\/store\/producto\/rdx-guantes-de-boxeo-fl5-floral-8oz\/\" \/>\n<meta property=\"og:locale\" content=\"es_ES\" \/>\n<meta property=\"og:type\" content=\"article\" \/>\n<meta property=\"og:title\" content=\"RDX Guantes de Boxeo FL5 Floral 8oz | Mega Fitness | Tienda\" \/>\n<meta property=\"og:description\" content=\"Guantes de Boxeo RDX Modelo FL5 FLoral 8OZ\" \/>\n<meta property=\"og:url\" content=\"https:\/\/megafitness.cl\/store\/producto\/rdx-guantes-de-boxeo-fl5-floral-8oz\/\" \/>\n<meta property=\"og:site_name\" content=\"Mega Fitness | Tienda\" \/>\n<meta property=\"article:modified_time\" content=\"2025-11-14T21:03:28+00:00\" \/>\n<meta property=\"og:image\" content=\"https:\/\/megafitness.cl\/store\/wp-content\/uploads\/sites\/3\/2025\/11\/rdx_fl5_floral_boxing_gloves_1__3_672454a9-bbe6-45f9-9195-a1c686c7f2ba_640x_crop_center.webp\" \/>\n\t<meta property=\"og:image:width\" content=\"640\" \/>\n\t<meta property=\"og:image:height\" content=\"640\" \/>\n\t<meta property=\"og:image:type\" content=\"image\/webp\" \/>\n<meta name=\"twitter:card\" content=\"summary_large_image\" \/>\n<meta name=\"twitter:label1\" content=\"Tiempo de lectura\" \/>\n\t<meta name=\"twitter:data1\" content=\"2 minutos\" \/>\n<script type=\"application\/ld+json\" class=\"yoast-schema-graph\">{\"@context\":\"https:\\\/\\\/schema.org\",\"@graph\":[{\"@type\":[\"WebPage\",\"ItemPage\"],\"@id\":\"https:\\\/\\\/megafitness.cl\\\/store\\\/producto\\\/rdx-guantes-de-boxeo-fl5-floral-8oz\\\/\",\"url\":\"https:\\\/\\\/megafitness.cl\\\/store\\\/producto\\\/rdx-guantes-de-boxeo-fl5-floral-8oz\\\/\",\"name\":\"RDX Guantes de Boxeo FL5 Floral 8oz | Mega Fitness | Tienda\",\"isPartOf\":{\"@id\":\"https:\\\/\\\/megafitness.cl\\\/store\\\/#website\"},\"primaryImageOfPage\":{\"@id\":\"https:\\\/\\\/megafitness.cl\\\/store\\\/producto\\\/rdx-guantes-de-boxeo-fl5-floral-8oz\\\/#primaryimage\"},\"image\":{\"@id\":\"https:\\\/\\\/megafitness.cl\\\/store\\\/producto\\\/rdx-guantes-de-boxeo-fl5-floral-8oz\\\/#primaryimage\"},\"thumbnailUrl\":\"https:\\\/\\\/megafitness.cl\\\/store\\\/wp-content\\\/uploads\\\/sites\\\/3\\\/2025\\\/11\\\/rdx_fl5_floral_boxing_gloves_1__3_672454a9-bbe6-45f9-9195-a1c686c7f2ba_640x_crop_center.webp\",\"datePublished\":\"2025-11-14T21:02:47+00:00\",\"dateModified\":\"2025-11-14T21:03:28+00:00\",\"breadcrumb\":{\"@id\":\"https:\\\/\\\/megafitness.cl\\\/store\\\/producto\\\/rdx-guantes-de-boxeo-fl5-floral-8oz\\\/#breadcrumb\"},\"inLanguage\":\"es\",\"potentialAction\":[{\"@type\":\"ReadAction\",\"target\":[\"https:\\\/\\\/megafitness.cl\\\/store\\\/producto\\\/rdx-guantes-de-boxeo-fl5-floral-8oz\\\/\"]}]},{\"@type\":\"ImageObject\",\"inLanguage\":\"es\",\"@id\":\"https:\\\/\\\/megafitness.cl\\\/store\\\/producto\\\/rdx-guantes-de-boxeo-fl5-floral-8oz\\\/#primaryimage\",\"url\":\"https:\\\/\\\/megafitness.cl\\\/store\\\/wp-content\\\/uploads\\\/sites\\\/3\\\/2025\\\/11\\\/rdx_fl5_floral_boxing_gloves_1__3_672454a9-bbe6-45f9-9195-a1c686c7f2ba_640x_crop_center.webp\",\"contentUrl\":\"https:\\\/\\\/megafitness.cl\\\/store\\\/wp-content\\\/uploads\\\/sites\\\/3\\\/2025\\\/11\\\/rdx_fl5_floral_boxing_gloves_1__3_672454a9-bbe6-45f9-9195-a1c686c7f2ba_640x_crop_center.webp\",\"width\":640,\"height\":640},{\"@type\":\"BreadcrumbList\",\"@id\":\"https:\\\/\\\/megafitness.cl\\\/store\\\/producto\\\/rdx-guantes-de-boxeo-fl5-floral-8oz\\\/#breadcrumb\",\"itemListElement\":[{\"@type\":\"ListItem\",\"position\":1,\"name\":\"Portada\",\"item\":\"https:\\\/\\\/megafitness.cl\\\/store\\\/\"},{\"@type\":\"ListItem\",\"position\":2,\"name\":\"Shop\",\"item\":\"https:\\\/\\\/megafitness.cl\\\/store\\\/shop\\\/\"},{\"@type\":\"ListItem\",\"position\":3,\"name\":\"RDX Guantes de Boxeo FL5 Floral 8oz\"}]},{\"@type\":\"WebSite\",\"@id\":\"https:\\\/\\\/megafitness.cl\\\/store\\\/#website\",\"url\":\"https:\\\/\\\/megafitness.cl\\\/store\\\/\",\"name\":\"Mega Fitness | Tienda\",\"description\":\"Tu Gimnasio en Providencia\",\"publisher\":{\"@id\":\"https:\\\/\\\/megafitness.cl\\\/store\\\/#organization\"},\"potentialAction\":[{\"@type\":\"SearchAction\",\"target\":{\"@type\":\"EntryPoint\",\"urlTemplate\":\"https:\\\/\\\/megafitness.cl\\\/store\\\/?s={search_term_string}\"},\"query-input\":{\"@type\":\"PropertyValueSpecification\",\"valueRequired\":true,\"valueName\":\"search_term_string\"}}],\"inLanguage\":\"es\"},{\"@type\":\"Organization\",\"@id\":\"https:\\\/\\\/megafitness.cl\\\/store\\\/#organization\",\"name\":\"Mega Fitness | Tienda\",\"url\":\"https:\\\/\\\/megafitness.cl\\\/store\\\/\",\"logo\":{\"@type\":\"ImageObject\",\"inLanguage\":\"es\",\"@id\":\"https:\\\/\\\/megafitness.cl\\\/store\\\/#\\\/schema\\\/logo\\\/image\\\/\",\"url\":\"https:\\\/\\\/megafitness.cl\\\/store\\\/wp-content\\\/uploads\\\/sites\\\/3\\\/2024\\\/08\\\/megafitnessLogo1Simple.svg\",\"contentUrl\":\"https:\\\/\\\/megafitness.cl\\\/store\\\/wp-content\\\/uploads\\\/sites\\\/3\\\/2024\\\/08\\\/megafitnessLogo1Simple.svg\",\"width\":197,\"height\":27,\"caption\":\"Mega Fitness | Tienda\"},\"image\":{\"@id\":\"https:\\\/\\\/megafitness.cl\\\/store\\\/#\\\/schema\\\/logo\\\/image\\\/\"}}]}<\/script>\n<!-- \/ Yoast SEO plugin. -->","yoast_head_json":{"title":"RDX Guantes de Boxeo FL5 Floral 8oz | Mega Fitness | Tienda","robots":{"index":"index","follow":"follow","max-snippet":"max-snippet:-1","max-image-preview":"max-image-preview:large","max-video-preview":"max-video-preview:-1"},"canonical":"https:\/\/megafitness.cl\/store\/producto\/rdx-guantes-de-boxeo-fl5-floral-8oz\/","og_locale":"es_ES","og_type":"article","og_title":"RDX Guantes de Boxeo FL5 Floral 8oz | Mega Fitness | Tienda","og_description":"Guantes de Boxeo RDX Modelo FL5 FLoral 8OZ","og_url":"https:\/\/megafitness.cl\/store\/producto\/rdx-guantes-de-boxeo-fl5-floral-8oz\/","og_site_name":"Mega Fitness | Tienda","article_modified_time":"2025-11-14T21:03:28+00:00","og_image":[{"width":640,"height":640,"url":"https:\/\/megafitness.cl\/store\/wp-content\/uploads\/sites\/3\/2025\/11\/rdx_fl5_floral_boxing_gloves_1__3_672454a9-bbe6-45f9-9195-a1c686c7f2ba_640x_crop_center.webp","type":"image\/webp"}],"twitter_card":"summary_large_image","twitter_misc":{"Tiempo de lectura":"2 minutos"},"schema":{"@context":"https:\/\/schema.org","@graph":[{"@type":["WebPage","ItemPage"],"@id":"https:\/\/megafitness.cl\/store\/producto\/rdx-guantes-de-boxeo-fl5-floral-8oz\/","url":"https:\/\/megafitness.cl\/store\/producto\/rdx-guantes-de-boxeo-fl5-floral-8oz\/","name":"RDX Guantes de Boxeo FL5 Floral 8oz | Mega Fitness | Tienda","isPartOf":{"@id":"https:\/\/megafitness.cl\/store\/#website"},"primaryImageOfPage":{"@id":"https:\/\/megafitness.cl\/store\/producto\/rdx-guantes-de-boxeo-fl5-floral-8oz\/#primaryimage"},"image":{"@id":"https:\/\/megafitness.cl\/store\/producto\/rdx-guantes-de-boxeo-fl5-floral-8oz\/#primaryimage"},"thumbnailUrl":"https:\/\/megafitness.cl\/store\/wp-content\/uploads\/sites\/3\/2025\/11\/rdx_fl5_floral_boxing_gloves_1__3_672454a9-bbe6-45f9-9195-a1c686c7f2ba_640x_crop_center.webp","datePublished":"2025-11-14T21:02:47+00:00","dateModified":"2025-11-14T21:03:28+00:00","breadcrumb":{"@id":"https:\/\/megafitness.cl\/store\/producto\/rdx-guantes-de-boxeo-fl5-floral-8oz\/#breadcrumb"},"inLanguage":"es","potentialAction":[{"@type":"ReadAction","target":["https:\/\/megafitness.cl\/store\/producto\/rdx-guantes-de-boxeo-fl5-floral-8oz\/"]}]},{"@type":"ImageObject","inLanguage":"es","@id":"https:\/\/megafitness.cl\/store\/producto\/rdx-guantes-de-boxeo-fl5-floral-8oz\/#primaryimage","url":"https:\/\/megafitness.cl\/store\/wp-content\/uploads\/sites\/3\/2025\/11\/rdx_fl5_floral_boxing_gloves_1__3_672454a9-bbe6-45f9-9195-a1c686c7f2ba_640x_crop_center.webp","contentUrl":"https:\/\/megafitness.cl\/store\/wp-content\/uploads\/sites\/3\/2025\/11\/rdx_fl5_floral_boxing_gloves_1__3_672454a9-bbe6-45f9-9195-a1c686c7f2ba_640x_crop_center.webp","width":640,"height":640},{"@type":"BreadcrumbList","@id":"https:\/\/megafitness.cl\/store\/producto\/rdx-guantes-de-boxeo-fl5-floral-8oz\/#breadcrumb","itemListElement":[{"@type":"ListItem","position":1,"name":"Portada","item":"https:\/\/megafitness.cl\/store\/"},{"@type":"ListItem","position":2,"name":"Shop","item":"https:\/\/megafitness.cl\/store\/shop\/"},{"@type":"ListItem","position":3,"name":"RDX Guantes de Boxeo FL5 Floral 8oz"}]},{"@type":"WebSite","@id":"https:\/\/megafitness.cl\/store\/#website","url":"https:\/\/megafitness.cl\/store\/","name":"Mega Fitness | Tienda","description":"Tu Gimnasio en Providencia","publisher":{"@id":"https:\/\/megafitness.cl\/store\/#organization"},"potentialAction":[{"@type":"SearchAction","target":{"@type":"EntryPoint","urlTemplate":"https:\/\/megafitness.cl\/store\/?s={search_term_string}"},"query-input":{"@type":"PropertyValueSpecification","valueRequired":true,"valueName":"search_term_string"}}],"inLanguage":"es"},{"@type":"Organization","@id":"https:\/\/megafitness.cl\/store\/#organization","name":"Mega Fitness | Tienda","url":"https:\/\/megafitness.cl\/store\/","logo":{"@type":"ImageObject","inLanguage":"es","@id":"https:\/\/megafitness.cl\/store\/#\/schema\/logo\/image\/","url":"https:\/\/megafitness.cl\/store\/wp-content\/uploads\/sites\/3\/2024\/08\/megafitnessLogo1Simple.svg","contentUrl":"https:\/\/megafitness.cl\/store\/wp-content\/uploads\/sites\/3\/2024\/08\/megafitnessLogo1Simple.svg","width":197,"height":27,"caption":"Mega Fitness | Tienda"},"image":{"@id":"https:\/\/megafitness.cl\/store\/#\/schema\/logo\/image\/"}}]}},"_links":{"self":[{"href":"https:\/\/megafitness.cl\/store\/wp-json\/wp\/v2\/product\/2061","targetHints":{"allow":["GET"]}}],"collection":[{"href":"https:\/\/megafitness.cl\/store\/wp-json\/wp\/v2\/product"}],"about":[{"href":"https:\/\/megafitness.cl\/store\/wp-json\/wp\/v2\/types\/product"}],"replies":[{"embeddable":true,"href":"https:\/\/megafitness.cl\/store\/wp-json\/wp\/v2\/comments?post=2061"}],"wp:featuredmedia":[{"embeddable":true,"href":"https:\/\/megafitness.cl\/store\/wp-json\/wp\/v2\/media\/2062"}],"wp:attachment":[{"href":"https:\/\/megafitness.cl\/store\/wp-json\/wp\/v2\/media?parent=2061"}],"wp:term":[{"taxonomy":"product_brand","embeddable":true,"href":"https:\/\/megafitness.cl\/store\/wp-json\/wp\/v2\/product_brand?post=2061"},{"taxonomy":"product_cat","embeddable":true,"href":"https:\/\/megafitness.cl\/store\/wp-json\/wp\/v2\/product_cat?post=2061"},{"taxonomy":"product_tag","embeddable":true,"href":"https:\/\/megafitness.cl\/store\/wp-json\/wp\/v2\/product_tag?post=2061"}],"curies":[{"name":"wp","href":"https:\/\/api.w.org\/{rel}","templated":true}]}}