{"id":2073,"date":"2025-11-14T22:09:09","date_gmt":"2025-11-14T21:09:09","guid":{"rendered":"https:\/\/megafitness.cl\/store\/?post_type=product&#038;p=2073"},"modified":"2026-04-09T00:54:24","modified_gmt":"2026-04-08T22:54:24","slug":"rdx-gauntes-de-boxeo-fl6-floral-blanco-10oz","status":"publish","type":"product","link":"https:\/\/megafitness.cl\/store\/producto\/rdx-gauntes-de-boxeo-fl6-floral-blanco-10oz\/","title":{"rendered":"RDX Gauntes de Boxeo FL6 Floral Blanco 10oz"},"content":{"rendered":"<p>Los guantes de boxeo ligeros m\u00e1s fieros y r\u00e1pidos del mercado. Los guantes de boxeo FL-6 representan la delicadeza y la precisi\u00f3n en cada uno de los golpes, manteniendo una est\u00e9tica elegante. Desde la dureza del acolchado interno hasta la piel de Flora, pasando por la piel de Maya externa, todo en este guante est\u00e1 dise\u00f1ado para acertar de forma natural en cada golpe. La durabilidad de estos guantes Membrane Grid 1 (MG-1) no tiene comparaci\u00f3n, proporcionando tanto protecci\u00f3n contra los golpes a trav\u00e9s de sus espumas multicapa como de la l\u00e1mina de difusi\u00f3n de impactos calibrada. Tanto para el agarre como para la transpiraci\u00f3n, los orificios de ventilaci\u00f3n y el agarre denzotron proporcionan un rendimiento asegurado.<\/p>\n<p>Dise\u00f1o Maya Hide Flora Skin hace que sean los guantes m\u00e1s naturales del mercado.<br \/>\nTejido satinado ofrece un interior suave pero absorbente y la barra de Denzotron proporciona agarre.<br \/>\nMembrane Grid 1 (MG-1), una tecnolog\u00eda de acolchado multicapa que distribuye tanto la durabilidad como la resistencia a los golpes.<br \/>\nEspuma de fusi\u00f3n poligonal para proteger el pulgar y laminado satinado para la absorci\u00f3n y la transpiraci\u00f3n.<br \/>\nPu\u00f1os con correa de gancho y bucle Quick-EZ para mantener los guantes seguros envueltos en l\u00e1minas de difusi\u00f3n de impactos calibradas y acolchado Sponge X PADDING.<\/p>\n","protected":false},"excerpt":{"rendered":"<p>Guantes de Boxeo RDX<br \/>\nModelo FL6<br \/>\n<strong>10oz<\/strong><\/p>\n","protected":false},"featured_media":2068,"comment_status":"open","ping_status":"closed","template":"","meta":{"_kad_post_transparent":"default","_kad_post_title":"","_kad_post_layout":"default","_kad_post_sidebar_id":"","_kad_post_content_style":"default","_kad_post_vertical_padding":"default","_kad_post_feature":"","_kad_post_feature_position":"","_kad_post_header":false,"_kad_post_footer":false,"_kad_post_classname":""},"product_brand":[],"product_cat":[24],"product_tag":[],"class_list":{"0":"post-2073","1":"product","2":"type-product","3":"status-publish","4":"has-post-thumbnail","6":"product_cat-guantes","8":"first","9":"outofstock","10":"shipping-taxable","11":"purchasable","12":"product-type-simple","13":"entry","14":"content-bg","15":"loop-entry"},"yoast_head":"<!-- This site is optimized with the Yoast SEO plugin v27.5 - https:\/\/yoast.com\/product\/yoast-seo-wordpress\/ -->\n<title>RDX Gauntes de Boxeo FL6 Floral Blanco 10oz | Mega Fitness | Tienda<\/title>\n<meta name=\"robots\" content=\"index, follow, max-snippet:-1, max-image-preview:large, max-video-preview:-1\" \/>\n<link rel=\"canonical\" href=\"https:\/\/megafitness.cl\/store\/producto\/rdx-gauntes-de-boxeo-fl6-floral-blanco-10oz\/\" \/>\n<meta property=\"og:locale\" content=\"es_ES\" \/>\n<meta property=\"og:type\" content=\"article\" \/>\n<meta property=\"og:title\" content=\"RDX Gauntes de Boxeo FL6 Floral Blanco 10oz | Mega Fitness | Tienda\" \/>\n<meta property=\"og:description\" content=\"Guantes de Boxeo RDX Modelo FL6 10oz\" \/>\n<meta property=\"og:url\" content=\"https:\/\/megafitness.cl\/store\/producto\/rdx-gauntes-de-boxeo-fl6-floral-blanco-10oz\/\" \/>\n<meta property=\"og:site_name\" content=\"Mega Fitness | Tienda\" \/>\n<meta property=\"article:modified_time\" content=\"2026-04-08T22:54:24+00:00\" \/>\n<meta property=\"og:image\" content=\"https:\/\/megafitness.cl\/store\/wp-content\/uploads\/sites\/3\/2025\/11\/rdx_fl6_floral_boxing_gloves_1_762e7b29-4d77-40a4-a297-f1aca652bb65_640x_crop_center.webp\" \/>\n\t<meta property=\"og:image:width\" content=\"640\" \/>\n\t<meta property=\"og:image:height\" content=\"640\" \/>\n\t<meta property=\"og:image:type\" content=\"image\/webp\" \/>\n<meta name=\"twitter:card\" content=\"summary_large_image\" \/>\n<meta name=\"twitter:label1\" content=\"Tiempo de lectura\" \/>\n\t<meta name=\"twitter:data1\" content=\"2 minutos\" \/>\n<script type=\"application\/ld+json\" class=\"yoast-schema-graph\">{\"@context\":\"https:\\\/\\\/schema.org\",\"@graph\":[{\"@type\":[\"WebPage\",\"ItemPage\"],\"@id\":\"https:\\\/\\\/megafitness.cl\\\/store\\\/producto\\\/rdx-gauntes-de-boxeo-fl6-floral-blanco-10oz\\\/\",\"url\":\"https:\\\/\\\/megafitness.cl\\\/store\\\/producto\\\/rdx-gauntes-de-boxeo-fl6-floral-blanco-10oz\\\/\",\"name\":\"RDX Gauntes de Boxeo FL6 Floral Blanco 10oz | Mega Fitness | Tienda\",\"isPartOf\":{\"@id\":\"https:\\\/\\\/megafitness.cl\\\/store\\\/#website\"},\"primaryImageOfPage\":{\"@id\":\"https:\\\/\\\/megafitness.cl\\\/store\\\/producto\\\/rdx-gauntes-de-boxeo-fl6-floral-blanco-10oz\\\/#primaryimage\"},\"image\":{\"@id\":\"https:\\\/\\\/megafitness.cl\\\/store\\\/producto\\\/rdx-gauntes-de-boxeo-fl6-floral-blanco-10oz\\\/#primaryimage\"},\"thumbnailUrl\":\"https:\\\/\\\/megafitness.cl\\\/store\\\/wp-content\\\/uploads\\\/sites\\\/3\\\/2025\\\/11\\\/rdx_fl6_floral_boxing_gloves_1_762e7b29-4d77-40a4-a297-f1aca652bb65_640x_crop_center.webp\",\"datePublished\":\"2025-11-14T21:09:09+00:00\",\"dateModified\":\"2026-04-08T22:54:24+00:00\",\"breadcrumb\":{\"@id\":\"https:\\\/\\\/megafitness.cl\\\/store\\\/producto\\\/rdx-gauntes-de-boxeo-fl6-floral-blanco-10oz\\\/#breadcrumb\"},\"inLanguage\":\"es\",\"potentialAction\":[{\"@type\":\"ReadAction\",\"target\":[\"https:\\\/\\\/megafitness.cl\\\/store\\\/producto\\\/rdx-gauntes-de-boxeo-fl6-floral-blanco-10oz\\\/\"]}]},{\"@type\":\"ImageObject\",\"inLanguage\":\"es\",\"@id\":\"https:\\\/\\\/megafitness.cl\\\/store\\\/producto\\\/rdx-gauntes-de-boxeo-fl6-floral-blanco-10oz\\\/#primaryimage\",\"url\":\"https:\\\/\\\/megafitness.cl\\\/store\\\/wp-content\\\/uploads\\\/sites\\\/3\\\/2025\\\/11\\\/rdx_fl6_floral_boxing_gloves_1_762e7b29-4d77-40a4-a297-f1aca652bb65_640x_crop_center.webp\",\"contentUrl\":\"https:\\\/\\\/megafitness.cl\\\/store\\\/wp-content\\\/uploads\\\/sites\\\/3\\\/2025\\\/11\\\/rdx_fl6_floral_boxing_gloves_1_762e7b29-4d77-40a4-a297-f1aca652bb65_640x_crop_center.webp\",\"width\":640,\"height\":640},{\"@type\":\"BreadcrumbList\",\"@id\":\"https:\\\/\\\/megafitness.cl\\\/store\\\/producto\\\/rdx-gauntes-de-boxeo-fl6-floral-blanco-10oz\\\/#breadcrumb\",\"itemListElement\":[{\"@type\":\"ListItem\",\"position\":1,\"name\":\"Portada\",\"item\":\"https:\\\/\\\/megafitness.cl\\\/store\\\/\"},{\"@type\":\"ListItem\",\"position\":2,\"name\":\"Shop\",\"item\":\"https:\\\/\\\/megafitness.cl\\\/store\\\/shop\\\/\"},{\"@type\":\"ListItem\",\"position\":3,\"name\":\"RDX Gauntes de Boxeo FL6 Floral Blanco 10oz\"}]},{\"@type\":\"WebSite\",\"@id\":\"https:\\\/\\\/megafitness.cl\\\/store\\\/#website\",\"url\":\"https:\\\/\\\/megafitness.cl\\\/store\\\/\",\"name\":\"Mega Fitness | Tienda\",\"description\":\"Tu Gimnasio en Providencia\",\"publisher\":{\"@id\":\"https:\\\/\\\/megafitness.cl\\\/store\\\/#organization\"},\"potentialAction\":[{\"@type\":\"SearchAction\",\"target\":{\"@type\":\"EntryPoint\",\"urlTemplate\":\"https:\\\/\\\/megafitness.cl\\\/store\\\/?s={search_term_string}\"},\"query-input\":{\"@type\":\"PropertyValueSpecification\",\"valueRequired\":true,\"valueName\":\"search_term_string\"}}],\"inLanguage\":\"es\"},{\"@type\":\"Organization\",\"@id\":\"https:\\\/\\\/megafitness.cl\\\/store\\\/#organization\",\"name\":\"Mega Fitness | Tienda\",\"url\":\"https:\\\/\\\/megafitness.cl\\\/store\\\/\",\"logo\":{\"@type\":\"ImageObject\",\"inLanguage\":\"es\",\"@id\":\"https:\\\/\\\/megafitness.cl\\\/store\\\/#\\\/schema\\\/logo\\\/image\\\/\",\"url\":\"https:\\\/\\\/megafitness.cl\\\/store\\\/wp-content\\\/uploads\\\/sites\\\/3\\\/2024\\\/08\\\/megafitnessLogo1Simple.svg\",\"contentUrl\":\"https:\\\/\\\/megafitness.cl\\\/store\\\/wp-content\\\/uploads\\\/sites\\\/3\\\/2024\\\/08\\\/megafitnessLogo1Simple.svg\",\"width\":197,\"height\":27,\"caption\":\"Mega Fitness | Tienda\"},\"image\":{\"@id\":\"https:\\\/\\\/megafitness.cl\\\/store\\\/#\\\/schema\\\/logo\\\/image\\\/\"}}]}<\/script>\n<!-- \/ Yoast SEO plugin. -->","yoast_head_json":{"title":"RDX Gauntes de Boxeo FL6 Floral Blanco 10oz | Mega Fitness | Tienda","robots":{"index":"index","follow":"follow","max-snippet":"max-snippet:-1","max-image-preview":"max-image-preview:large","max-video-preview":"max-video-preview:-1"},"canonical":"https:\/\/megafitness.cl\/store\/producto\/rdx-gauntes-de-boxeo-fl6-floral-blanco-10oz\/","og_locale":"es_ES","og_type":"article","og_title":"RDX Gauntes de Boxeo FL6 Floral Blanco 10oz | Mega Fitness | Tienda","og_description":"Guantes de Boxeo RDX Modelo FL6 10oz","og_url":"https:\/\/megafitness.cl\/store\/producto\/rdx-gauntes-de-boxeo-fl6-floral-blanco-10oz\/","og_site_name":"Mega Fitness | Tienda","article_modified_time":"2026-04-08T22:54:24+00:00","og_image":[{"width":640,"height":640,"url":"https:\/\/megafitness.cl\/store\/wp-content\/uploads\/sites\/3\/2025\/11\/rdx_fl6_floral_boxing_gloves_1_762e7b29-4d77-40a4-a297-f1aca652bb65_640x_crop_center.webp","type":"image\/webp"}],"twitter_card":"summary_large_image","twitter_misc":{"Tiempo de lectura":"2 minutos"},"schema":{"@context":"https:\/\/schema.org","@graph":[{"@type":["WebPage","ItemPage"],"@id":"https:\/\/megafitness.cl\/store\/producto\/rdx-gauntes-de-boxeo-fl6-floral-blanco-10oz\/","url":"https:\/\/megafitness.cl\/store\/producto\/rdx-gauntes-de-boxeo-fl6-floral-blanco-10oz\/","name":"RDX Gauntes de Boxeo FL6 Floral Blanco 10oz | Mega Fitness | Tienda","isPartOf":{"@id":"https:\/\/megafitness.cl\/store\/#website"},"primaryImageOfPage":{"@id":"https:\/\/megafitness.cl\/store\/producto\/rdx-gauntes-de-boxeo-fl6-floral-blanco-10oz\/#primaryimage"},"image":{"@id":"https:\/\/megafitness.cl\/store\/producto\/rdx-gauntes-de-boxeo-fl6-floral-blanco-10oz\/#primaryimage"},"thumbnailUrl":"https:\/\/megafitness.cl\/store\/wp-content\/uploads\/sites\/3\/2025\/11\/rdx_fl6_floral_boxing_gloves_1_762e7b29-4d77-40a4-a297-f1aca652bb65_640x_crop_center.webp","datePublished":"2025-11-14T21:09:09+00:00","dateModified":"2026-04-08T22:54:24+00:00","breadcrumb":{"@id":"https:\/\/megafitness.cl\/store\/producto\/rdx-gauntes-de-boxeo-fl6-floral-blanco-10oz\/#breadcrumb"},"inLanguage":"es","potentialAction":[{"@type":"ReadAction","target":["https:\/\/megafitness.cl\/store\/producto\/rdx-gauntes-de-boxeo-fl6-floral-blanco-10oz\/"]}]},{"@type":"ImageObject","inLanguage":"es","@id":"https:\/\/megafitness.cl\/store\/producto\/rdx-gauntes-de-boxeo-fl6-floral-blanco-10oz\/#primaryimage","url":"https:\/\/megafitness.cl\/store\/wp-content\/uploads\/sites\/3\/2025\/11\/rdx_fl6_floral_boxing_gloves_1_762e7b29-4d77-40a4-a297-f1aca652bb65_640x_crop_center.webp","contentUrl":"https:\/\/megafitness.cl\/store\/wp-content\/uploads\/sites\/3\/2025\/11\/rdx_fl6_floral_boxing_gloves_1_762e7b29-4d77-40a4-a297-f1aca652bb65_640x_crop_center.webp","width":640,"height":640},{"@type":"BreadcrumbList","@id":"https:\/\/megafitness.cl\/store\/producto\/rdx-gauntes-de-boxeo-fl6-floral-blanco-10oz\/#breadcrumb","itemListElement":[{"@type":"ListItem","position":1,"name":"Portada","item":"https:\/\/megafitness.cl\/store\/"},{"@type":"ListItem","position":2,"name":"Shop","item":"https:\/\/megafitness.cl\/store\/shop\/"},{"@type":"ListItem","position":3,"name":"RDX Gauntes de Boxeo FL6 Floral Blanco 10oz"}]},{"@type":"WebSite","@id":"https:\/\/megafitness.cl\/store\/#website","url":"https:\/\/megafitness.cl\/store\/","name":"Mega Fitness | Tienda","description":"Tu Gimnasio en Providencia","publisher":{"@id":"https:\/\/megafitness.cl\/store\/#organization"},"potentialAction":[{"@type":"SearchAction","target":{"@type":"EntryPoint","urlTemplate":"https:\/\/megafitness.cl\/store\/?s={search_term_string}"},"query-input":{"@type":"PropertyValueSpecification","valueRequired":true,"valueName":"search_term_string"}}],"inLanguage":"es"},{"@type":"Organization","@id":"https:\/\/megafitness.cl\/store\/#organization","name":"Mega Fitness | Tienda","url":"https:\/\/megafitness.cl\/store\/","logo":{"@type":"ImageObject","inLanguage":"es","@id":"https:\/\/megafitness.cl\/store\/#\/schema\/logo\/image\/","url":"https:\/\/megafitness.cl\/store\/wp-content\/uploads\/sites\/3\/2024\/08\/megafitnessLogo1Simple.svg","contentUrl":"https:\/\/megafitness.cl\/store\/wp-content\/uploads\/sites\/3\/2024\/08\/megafitnessLogo1Simple.svg","width":197,"height":27,"caption":"Mega Fitness | Tienda"},"image":{"@id":"https:\/\/megafitness.cl\/store\/#\/schema\/logo\/image\/"}}]}},"_links":{"self":[{"href":"https:\/\/megafitness.cl\/store\/wp-json\/wp\/v2\/product\/2073","targetHints":{"allow":["GET"]}}],"collection":[{"href":"https:\/\/megafitness.cl\/store\/wp-json\/wp\/v2\/product"}],"about":[{"href":"https:\/\/megafitness.cl\/store\/wp-json\/wp\/v2\/types\/product"}],"replies":[{"embeddable":true,"href":"https:\/\/megafitness.cl\/store\/wp-json\/wp\/v2\/comments?post=2073"}],"wp:featuredmedia":[{"embeddable":true,"href":"https:\/\/megafitness.cl\/store\/wp-json\/wp\/v2\/media\/2068"}],"wp:attachment":[{"href":"https:\/\/megafitness.cl\/store\/wp-json\/wp\/v2\/media?parent=2073"}],"wp:term":[{"taxonomy":"product_brand","embeddable":true,"href":"https:\/\/megafitness.cl\/store\/wp-json\/wp\/v2\/product_brand?post=2073"},{"taxonomy":"product_cat","embeddable":true,"href":"https:\/\/megafitness.cl\/store\/wp-json\/wp\/v2\/product_cat?post=2073"},{"taxonomy":"product_tag","embeddable":true,"href":"https:\/\/megafitness.cl\/store\/wp-json\/wp\/v2\/product_tag?post=2073"}],"curies":[{"name":"wp","href":"https:\/\/api.w.org\/{rel}","templated":true}]}}